{"id":5517,"date":"2021-05-06T17:43:11","date_gmt":"2021-05-06T20:43:11","guid":{"rendered":"https:\/\/ies1-caba.infd.edu.ar\/sitio\/?page_id=5517"},"modified":"2026-03-27T09:14:44","modified_gmt":"2026-03-27T12:14:44","slug":"asistencia-declaracion-jurada-online-2021","status":"publish","type":"page","link":"https:\/\/ies1-caba.infd.edu.ar\/sitio\/asistencia-declaracion-jurada-online-2021\/","title":{"rendered":"Asistencia DECLARACI\u00d3N JURADA ONLINE &#8212; 2026 &#8212;"},"content":{"rendered":"\n<style> \/* Ocultar \u00edconos de redes sociales *\/ .a2a_kit, .a2a_button_facebook, .a2a_button_twitter, .a2a_button_whatsapp, .a2a_dd, [class*=\"a2a_button_\"] { display: none !important; } <\/style>\n\n\n<p style=\"text-align: center;\">Declaraci\u00f3n\u00a0<strong>Jurada de\u00a0Actividades, Cargos,\u00a0M\u00f3dulos y Horas en L\u00ednea<\/strong><\/p>\n<h1><b>Declaraci\u00f3n Jurada ONLINE \u2013 DDJJ online 2026<\/b><\/h1>\n<p>Este nuevo m\u00f3dulo de Declaraci\u00f3n Jurada en L\u00ednea (DJL) tiene por objetivo brindar\u00a0\u00a0una herramienta digital para la realizaci\u00f3n de la Declaraci\u00f3n Jurada, facilitando esta tarea al personal docente.<br \/>La DJL\u00a0 reemplaza a la Declaraci\u00f3n Jurada papel, haciendo que puedas cargar tus datos de forma m\u00e1s \u00e1gil, f\u00e1cil y precisa.<\/p>\n<p>Para ingresar al m\u00f3dulo de DJL deber\u00e1s acceder al Sistema de Gesti\u00f3n Educativa\u00a0(<a href=\"http:\/\/sistemas1.buenosaires.edu.ar\/wsad\">http:\/\/sistemas1.buenosaires.edu.ar\/wsad<\/a>) usando tu cuenta @bue.edu.ar<\/p>\n<p><a href=\"https:\/\/ens6-caba.infd.edu.ar\/sitio\/wp-content\/uploads\/2021\/02\/Instructivo-de-DDJJ-en-L%C3%ADnea.pdf\">Instructivo de DDJJ en L\u00ednea<\/a><\/p>\n<p><a href=\"https:\/\/www.youtube.com\/watch?v=6QLR1wABqAc&amp;feature=emb_logo\">Video tutorial<\/a><\/p>\n<p><b>Si necesit\u00e1s realizar una Declaraci\u00f3n Jurada en L\u00ednea porque tomaste un cargo este 2023 por favor complet\u00e1 el siguiente formulario para que te contestemos lo antes posible<\/b>:\u00a0<a href=\"https:\/\/forms.gle\/fpDzeH6ejw92mhp19\" target=\"_blank\" rel=\"noopener\" data-saferedirecturl=\"https:\/\/www.google.com\/url?q=https:\/\/forms.gle\/fpDzeH6ejw92mhp19&amp;source=gmail&amp;ust=1621367576213000&amp;usg=AFQjCNG7JeKEx8H7UWmNPrQgc4Uf4kV5Yw\">https:\/\/forms.gle\/<wbr \/>fpDzeH6ejw92mhp19<\/a><\/p>\n<p><a href=\"https:\/\/drive.google.com\/file\/d\/1rY2B_xDgvLPXZcZiEuGyWIwjGstPqp8s\/view\">Preguntas Frecuentes<\/a><\/p>\n<p style=\"text-align: left;\"><strong><img decoding=\"async\" loading=\"lazy\" class=\"alignnone wp-image-5522\" src=\"https:\/\/ies1-caba.infd.edu.ar\/sitio\/wp-content\/uploads\/2021\/05\/CUENTA-BUE.jpeg\" alt=\"\" width=\"527\" height=\"303\" \/><img decoding=\"async\" loading=\"lazy\" class=\"alignnone wp-image-5523\" src=\"https:\/\/ies1-caba.infd.edu.ar\/sitio\/wp-content\/uploads\/2021\/05\/DJONLINE-1.jpeg\" alt=\"\" width=\"421\" height=\"301\" \/><\/strong><\/p>\n<p style=\"text-align: left;\"><strong>1. Mesa de ayuda DJL<\/strong><\/p>\n<p style=\"text-align: left;\">\u25cf Correo electr\u00f3nico: consultas.djl@bue.edu.ar<br \/>\u25cf Tel\u00e9fonos:<br \/>Lunes a Viernes de 8 a 16 horas 6076 6000 int 4022\/4023\/4029\/4034<br \/>Lunes a Viernes de 13 a 20 horas 6076 6000 interno 4017<br \/>2. Canales virtuales fijos durante todo Mayo a cargo de los Referentes Capacitadores espec\u00edficos por cada\u00a0\u00e1rea, de lunes a viernes.<br \/>La Salas de Consulta para docentes brindada por la Direcci\u00f3n General de Personal Docente y No Docente, estar\u00e1 disponible de 9 a 12 horas, de 13 a 16 horas y de 17 a 20 horas a trav\u00e9s de los siguientes canales de comunicaci\u00f3n:<\/p>\n<p style=\"text-align: left;\"><strong>Asesoramiento a trav\u00e9s del equipo de Delegaciones administrativas.<\/strong><br \/>DISTRITO ESCOLAR 1: 4811-1125 delegadm01@bue.edu.ar<br \/>DISTRITO ESCOLAR 2: 4961-5971 delegadm02@bue.edu.ar<br \/>DISTRITO ESCOLAR 3: 4305-4193 delegadm03@bue.edu.ar<br \/>DISTRITO ESCOLAR 4: 4301-2503 delegadm04@bue.edu.ar<br \/>DISTRITO ESCOLAR 5: 4307- 2435\/4676 delegadm05@bue.edu.ar<br \/>DISTRITO ESCOLAR 6: 4957-4351 delegadm06@bue.edu.ar<br \/>DISTRITO ESCOLAR 7: 4581-0301 delegadm07@bue.edu.ar<br \/>DISTRITO ESCOLAR 8: 4924-3394 delegadm08@bue.edu.ar<br \/>DISTRITO ESCOLAR 9 :4774-8030 delegadm09@bue.edu.ar<br \/>DISTRITO ESCOLAR 10: 4783-0099 delegadm10@bue.edu.ar<br \/>DISTRITO ESCOLAR 11: 4631- 6290\/4632- 3493 delegadm11@bue.edu.ar<br \/>DISTRITO ESCOLAR 12 :4613-9880 delegadm12@bue.edu.ar<br \/>DISTRITO ESCOLAR 13: 4682-0295 delegadm13@bue.edu.ar<br \/>DISTRITO ESCOLAR 14: 4581- 0614\/6248 delegadm14@bue.edu.ar<br \/>DISTRITO ESCOLAR 15:5197-6116 delegadm15@bue.edu.ar<br \/>DISTRITO ESCOLAR 16: 4502-2165 delegadm16@bue.edu.ar<br \/>DISTRITO ESCOLAR 17: 4503-6369 delegadm17@bue.edu.ar<br \/>DISTRITO ESCOLAR 18: 4648-0415 delegadm18@bue.edu.ar<br \/>DISTRITO ESCOLAR 19:4923-6228 delegadm19@bue.edu.ar<br \/>DISTRITO ESCOLAR 20: 4644-4623 delegadm20@bue.edu.ar<br \/>DISTRITO ESCOLAR 21: 4605- 5965\/1597 delegadm21@bue.edu.ar<br \/>EDUCACI\u00d3N ESPECIAL ESCALAF\u00d3N . A &#8211; B y ACDM: 5197-6395 delegadmespecial@bue.edu.ar<br \/>EDUCACI\u00d3N ESPECIAL &#8211; ESCALAF\u00d3N C: 5197-6368 delegadmespecial@bue.edu.ar<\/p>\n<p style=\"text-align: left;\">DISTRITOESCOLAR DEL ADULTO Y DEL ADOLESCENTE (NIVEL PRIMARIO): 4643-9585<br \/>delegadmadultos@bue.edu.ar<br \/>REGI\u00d3N I: 4371-1670 delegadmI@bue.edu.ar<br \/>REGI\u00d3N II: 4303- 0634\/4301- 7626 delegadmII@bue.edu.ar<br \/>REGI\u00d3N III: 4866-3252 \/ 4861- 2347 delegadmIII@bue.edu.ar<br \/>REGI\u00d3N IV: 4901-6358 delegadmIV@bue.edu.ar<br \/>REGI\u00d3N V: 4674-0387 delegadmV@bue.edu.ar<br \/>REGI\u00d3N VI: 4633-6746 delegadmVI@bue.edu.ar<br \/>REGI\u00d3N VII: 5197-6474 delegadmVII@bue.edu.ar<br \/>REGI\u00d3N VIII: 4519-0433 delegadmVIII@bue.edu.ar<br \/>REGI\u00d3N IX (IFTS y CFP): 4962-0367 deleg.admix@bue.edu.ar<br \/><strong>Asesoramiento del Equipo de Auxiliares Administrativos Itinerantes en establecimientos educativos que<\/strong><br \/><strong>cuentan con personal AAI presencial y\/o virtual.<\/strong><\/p>\n<p style=\"text-align: left;\">Asimismo, a trav\u00e9s del siguiente link podr\u00e1n acceder al video tutorial interactivo de uso:<br \/><a href=\"https:\/\/www.youtube.com\/watch?v=6QLR1wABqAc&amp;t=2s\">https:\/\/www.youtube.com\/watch?v=6QLR1wABqAc&amp;t=2s<\/a><\/p>","protected":false},"excerpt":{"rendered":"<p>Declaraci\u00f3n\u00a0Jurada de\u00a0Actividades, Cargos,\u00a0M\u00f3dulos y Horas en L\u00ednea Declaraci\u00f3n Jurada ONLINE \u2013 DDJJ online 2026 Este nuevo m\u00f3dulo de Declaraci\u00f3n Jurada en L\u00ednea (DJL) tiene por objetivo brindar\u00a0\u00a0una herramienta digital para la realizaci\u00f3n de la Declaraci\u00f3n Jurada, facilitando esta tarea al personal docente.La DJL\u00a0 reemplaza a la Declaraci\u00f3n Jurada papel, haciendo que puedas cargar tus datos &#8230; <a title=\"Asistencia DECLARACI\u00d3N JURADA ONLINE &#8212; 2026 &#8212;\" class=\"read-more\" href=\"https:\/\/ies1-caba.infd.edu.ar\/sitio\/asistencia-declaracion-jurada-online-2021\/\" aria-label=\"More on Asistencia DECLARACI\u00d3N JURADA ONLINE &#8212; 2026 &#8212;\">[+]<\/a><\/p>\n","protected":false},"author":1174,"featured_media":0,"parent":0,"menu_order":0,"comment_status":"closed","ping_status":"closed","template":"","meta":[],"acf":[],"_links":{"self":[{"href":"https:\/\/ies1-caba.infd.edu.ar\/sitio\/wp-json\/wp\/v2\/pages\/5517"}],"collection":[{"href":"https:\/\/ies1-caba.infd.edu.ar\/sitio\/wp-json\/wp\/v2\/pages"}],"about":[{"href":"https:\/\/ies1-caba.infd.edu.ar\/sitio\/wp-json\/wp\/v2\/types\/page"}],"author":[{"embeddable":true,"href":"https:\/\/ies1-caba.infd.edu.ar\/sitio\/wp-json\/wp\/v2\/users\/1174"}],"replies":[{"embeddable":true,"href":"https:\/\/ies1-caba.infd.edu.ar\/sitio\/wp-json\/wp\/v2\/comments?post=5517"}],"version-history":[{"count":11,"href":"https:\/\/ies1-caba.infd.edu.ar\/sitio\/wp-json\/wp\/v2\/pages\/5517\/revisions"}],"predecessor-version":[{"id":16237,"href":"https:\/\/ies1-caba.infd.edu.ar\/sitio\/wp-json\/wp\/v2\/pages\/5517\/revisions\/16237"}],"wp:attachment":[{"href":"https:\/\/ies1-caba.infd.edu.ar\/sitio\/wp-json\/wp\/v2\/media?parent=5517"}],"curies":[{"name":"wp","href":"https:\/\/api.w.org\/{rel}","templated":true}]}}