{"id":3549,"date":"2019-09-18T21:16:54","date_gmt":"2019-09-19T00:16:54","guid":{"rendered":"https:\/\/ies1-caba.infd.edu.ar\/sitio\/?page_id=3549"},"modified":"2024-03-08T10:08:28","modified_gmt":"2024-03-08T13:08:28","slug":"pronunciamiento-gps-aerolineas-2024","status":"publish","type":"page","link":"https:\/\/ies1-caba.infd.edu.ar\/sitio\/pronunciamiento-gps-aerolineas-2024\/","title":{"rendered":"Pronunciamiento por despido de trabajadores de GPS"},"content":{"rendered":"<div style=\"color: black ; font-weight: bold; border: 1px solid black; padding: 15px;\">CABA, 05 de marzo de 2024<\/p>\n<p>Considerando:<\/p>\n<p>Que el d\u00eda jueves 29\/02\/2024 se dieron a conocer 40 despidos de trabajadores<br \/>\naeron\u00e1uticos de GPS la empresa tercerizada m\u00e1s grande de Aerol\u00edneas<br \/>\nArgentinas.<br \/>\nQue la\/os mismos se encuentran exigiendo la reincorporaci\u00f3n inmediata de los despidos as\u00ed como tambi\u00e9n rechazan la privatizaci\u00f3n de Aerol\u00edneas Argentinas.<br \/>\nQue entre ellos se encuentra el despido de Kely Castro, estudiante del profesorado de Filosof\u00eda del I.E.S N\u00b01 Dra. Alicia Moreau de Justo.<br \/>\nQue despidieron trabajadores\/as con hijos con discapacidad, a otra\/os con problemas de salud, dejando 40 familias en la calle.<br \/>\nQue a esto se agrega la denuncia del congelamiento salarial de los trabajadores efectivos que deriv\u00f3 hace unos d\u00edas en un paro nacional de todos los aeropuertos. El mismo d\u00eda de los despidos, denunciaron el plan de retiros voluntarios en Aerol\u00edneas Argentinas donde  el gobierno de Javier Milei planea avanzar con el vaciamiento de la empresa.<br \/>\nQue el d\u00eda viernes realizaron una enorme asamblea entre trabajadores\/as de GPS, de Intercargo, efectivos de Aerol\u00edneas Argentinas, y sectores solidarios como docentes, trabajadores estatales, telef\u00f3nicos, del subte y asambleas barriales, en la cual resolvieron un plan de lucha para derrotar este brutal ataque.<br \/>\nEl Consejo Directivo del I.E.S N\u00b01 Dra. Alicia Moreau de Justo se solidariza con la lucha de los trabajadores de GPS.<br \/>\nDecimos: \u00a1Todo el apoyo a la\/os trabajadores despedidos de GPS empresa tercerizada de Aerol\u00edneas Argentinas!<\/p>\n<\/div>\n","protected":false},"excerpt":{"rendered":"<p>CABA, 05 de marzo de 2024 Considerando: Que el d\u00eda jueves 29\/02\/2024 se dieron a conocer 40 despidos de trabajadores aeron\u00e1uticos de GPS la empresa tercerizada m\u00e1s grande de Aerol\u00edneas Argentinas. Que la\/os mismos se encuentran exigiendo la reincorporaci\u00f3n inmediata de los despidos as\u00ed como tambi\u00e9n rechazan la privatizaci\u00f3n de Aerol\u00edneas Argentinas. Que entre ellos &#8230; <a title=\"Pronunciamiento por despido de trabajadores de GPS\" class=\"read-more\" href=\"https:\/\/ies1-caba.infd.edu.ar\/sitio\/pronunciamiento-gps-aerolineas-2024\/\" aria-label=\"More on Pronunciamiento por despido de trabajadores de GPS\">[+]<\/a><\/p>\n","protected":false},"author":522,"featured_media":0,"parent":0,"menu_order":0,"comment_status":"closed","ping_status":"closed","template":"","meta":[],"acf":[],"_links":{"self":[{"href":"https:\/\/ies1-caba.infd.edu.ar\/sitio\/wp-json\/wp\/v2\/pages\/3549"}],"collection":[{"href":"https:\/\/ies1-caba.infd.edu.ar\/sitio\/wp-json\/wp\/v2\/pages"}],"about":[{"href":"https:\/\/ies1-caba.infd.edu.ar\/sitio\/wp-json\/wp\/v2\/types\/page"}],"author":[{"embeddable":true,"href":"https:\/\/ies1-caba.infd.edu.ar\/sitio\/wp-json\/wp\/v2\/users\/522"}],"replies":[{"embeddable":true,"href":"https:\/\/ies1-caba.infd.edu.ar\/sitio\/wp-json\/wp\/v2\/comments?post=3549"}],"version-history":[{"count":5,"href":"https:\/\/ies1-caba.infd.edu.ar\/sitio\/wp-json\/wp\/v2\/pages\/3549\/revisions"}],"predecessor-version":[{"id":11761,"href":"https:\/\/ies1-caba.infd.edu.ar\/sitio\/wp-json\/wp\/v2\/pages\/3549\/revisions\/11761"}],"wp:attachment":[{"href":"https:\/\/ies1-caba.infd.edu.ar\/sitio\/wp-json\/wp\/v2\/media?parent=3549"}],"curies":[{"name":"wp","href":"https:\/\/api.w.org\/{rel}","templated":true}]}}