{"id":1749,"date":"2018-08-29T14:22:01","date_gmt":"2018-08-29T17:22:01","guid":{"rendered":"https:\/\/ies1-caba.infd.edu.ar\/sitio\/oferta-horaria-2016\/"},"modified":"2024-05-29T19:12:46","modified_gmt":"2024-05-29T22:12:46","slug":"pronucniamiento-cd-ley-bases-senado-2024","status":"publish","type":"page","link":"https:\/\/ies1-caba.infd.edu.ar\/sitio\/pronucniamiento-cd-ley-bases-senado-2024\/","title":{"rendered":"Pronunciamiento del CD &#8211; Proyecto de Ley Bases en el Senado"},"content":{"rendered":"<style> .footer { position: fixed; left: 0; bottom: 0; width: 100%; background-color: #3399ff; color: white; text-align: center; }<\/style>\n<div style=\"border: 1px solid black; background: #ae9e9e; width: 250px; padding: 20px;\"><button class=\"boton3Dfondazos\" style=\"position: relative; left: 4%; height: 8%; color: white;\" type=\"text\" onclick=\"cierraNuevaHora1();\">Volver a pronunciamientos<\/button><\/div>\n<div style=\"color: black ; font-weight: bold; border: 1px solid black; padding: 15px;\">PRONUNCIAMIENTO CONSEJO DIRECTIVO IES N\u00b01<\/p>\n<p>Considerando:<\/p>\n<p>El texto del Proyecto de Ley Bases en el Senado<\/p>\n<p>El inminente tratamiento del Proyecto de Ley Bases en el Senado<\/p>\n<p>Que es de p\u00fablico conocimiento que esta ley es una reforma integral del Estado, degradando el mismo a su m\u00ednima expresi\u00f3n y le otorga facultades extraordinarias al presidente Javier Milei<\/p>\n<p>Que la reforma laboral y previsional presentada atrasa las legislaciones vigentes poniendo en peligro miles de puestos de trabajo en el sector p\u00fablico y privado, y vulnera principalmente los derechos de las mujeres, afectando a un gran n\u00famero de estudiantes de nuestra instituci\u00f3n<\/p>\n<p>Que la ley en su conjunto es un ataque a las condiciones de vida de las mayor\u00edas que se encuentran sumergidas en una de las peores crisis econ\u00f3mico sociales de la historia argentina<\/p>\n<p>Que como instituto de formaci\u00f3n docente es necesario la difusi\u00f3n del contenido y sus posibles consecuencias ante la aprobaci\u00f3n de la ley y la necesidad de favorecer una movilizaci\u00f3n masiva de toda la comunidad educativa para el d\u00eda que se trate.<\/p>\n<p>El consejo directivo resuelve:<\/p>\n<p>Art. 1: acompa\u00f1ar a la convocatoria a movilizar el d\u00eda que se concrete el tratamiento en el senado de la Ley Bases<\/p>\n<p>Art. 2 El d\u00eda que se trate la ley no se computara la falta, para que los estudiantes que quieran puedan movilizar<\/p>\n<p>Art. 3: Reg\u00edstrese, comun\u00edquese y cumplido, arch\u00edvese.<\/p>\n<\/div>\n<div class=\"footer\">2024 &#8211;  Laboratorio de F\u00edsica e Inform\u00e1tica IES N\u00ba 1 &#8211; Correo electr\u00f3nico:   <a href=\"mailto: laboratorio.ies1amju@bue.edu.ar\">laboratorio.ies1amju@bue.edu.ar <\/a><\/div>\n<p><script> let slideIndex = 1; showSlides(slideIndex); function plusSlides(n) { showSlides(slideIndex += n); } function currentSlide(n) { showSlides(slideIndex = n); } function showSlides(n) { let i;  let slides = document.getElementsByClassName(\"mySlides\"); let dots = document.getElementsByClassName(\"dot\"); if (n > slides.length) {slideIndex = 1} if (n < 1) {slideIndex = slides.length} for (i = 0; i < slides.length; i++) { slides[i].style.display = \"none\"; } for (i = 0; i < dots.length; i++) { dots[i].className = dots[i].className.replace(\" active\", \"\"); } slides[slideIndex-1].style.display = \"none\";  dots[slideIndex-1].className += \" active\"; } <\/script><br \/>\n<!-- <script> let indiceDiapo = 0;  muestraDiapo(); function muestraDiapo() { let i; let slides = document.getElementsByClassName(\"mySlides\"); let dots = document.getElementsByClassName(\"dot\"); for (i = 0; i < slides.length; i++) { slides[i].style.display = \"none\"; } indiceDiapo++; if (indiceDiapo > slides.length) {indiceDiapo = 1} for (i = 0; i < dots.length; i++) { dots[i].className = dots[i].className.replace(\" active\", \"\"); } slides[indiceDiapo-1].style.display = \"block\"; dots[indiceDiapo-1].className += \" active\"; setTimeout(muestraDiapo, 3000); }<\/script> --><br \/>\n<script>function cierraNuevaHora1() { window.location.href = \"https:\/\/ies1-caba.infd.edu.ar\/sitio\/pronunciamientos-ies1-2023\/\"; } <\/script><br \/>\n<script>document.getElementsByClassName(\"lista\")[0].style.display = \"none\"<\/script><br \/>\n<script>document.getElementsByClassName(\"lista\")[1].style.display = \"none\"<\/script><br \/>\n<script>document.getElementsByClassName(\"lista\")[2].style.display = \"none\"<\/script><br \/>\n<script>document.getElementsByClassName(\"grid-container grid-parent\")[0].style.display = \"none\"<\/script><br \/>\n<script>document.getElementsByClassName(\"grid-container grid-parent\")[1].style.display = \"none\"<\/script><br \/>\n<script>document.getElementsByClassName(\"grid-container grid-parent\")[2].style.display = \"none\"<\/script> --&gt;<br \/>\n<script>document.getElementsByClassName(\"noticias_redinfod\")[0].style.display = \"none\"<\/script><br \/>\n<script>document.getElementsByClassName(\"noticias_redinfod\")[1].style.display = \"none\"<\/script><br \/>\n<script>document.getElementsByClassName(\"noticias_redinfod\")[2].style.display = \"none\"<\/script><br \/>\n<!-- <script>document.getElementsByClassName(\"grid-container grid-parent\")[3].style.display = \"none\"<\/script>\n<script>document.getElementsByClassName(\"grid-container grid-parent\")[5].style.display = \"none\"<\/script> --><br \/>\n<script> let slideIndex = 1; showSlides(slideIndex); function plusSlides(n) { showSlides(slideIndex += n); } function currentSlide(n) { showSlides(slideIndex = n); } function showSlides(n) { let i;  let slides = document.getElementsByClassName(\"mySlides\"); let dots = document.getElementsByClassName(\"dot\"); if (n > slides.length) {slideIndex = 1} if (n < 1) {slideIndex = slides.length} for (i = 0; i < slides.length; i++) { slides[i].style.display = \"none\"; } for (i = 0; i < dots.length; i++) { dots[i].className = dots[i].className.replace(\" active\", \"\"); } slides[slideIndex-1].style.display = \"none\";  dots[slideIndex-1].className += \" active\"; } <\/script><br \/>\n<script> let indiceDiapo = 0;  muestraDiapo(); function muestraDiapo() { let i; let slides = document.getElementsByClassName(\"mySlides\"); let dots = document.getElementsByClassName(\"dot\"); for (i = 0; i < slides.length; i++) { slides[i].style.display = \"none\"; } indiceDiapo++; if (indiceDiapo > slides.length) {indiceDiapo = 1} for (i = 0; i < dots.length; i++) { dots[i].className = dots[i].className.replace(\" active\", \"\"); } slides[indiceDiapo-1].style.display = \"block\"; dots[indiceDiapo-1].className += \" active\"; setTimeout(muestraDiapo, 3000); }<\/script><\/p>\n<p><script>document.getElementsByClassName(\"lista\")[0].style.display = \"none\"<\/script><br \/>\n<script>document.getElementsByClassName(\"lista\")[1].style.display = \"none\"<\/script><br \/>\n<script>document.getElementsByClassName(\"lista\")[2].style.display = \"none\"<\/script><br \/>\n<!-- <script>document.getElementsByClassName(\"grid-container grid-parent\")[0].style.display = \"none\"<\/script>\n<script>document.getElementsByClassName(\"grid-container grid-parent\")[1].style.display = \"none\"<\/script>\n<script>document.getElementsByClassName(\"grid-container grid-parent\")[2].style.display = \"none\"<\/script> --><br \/>\n<script>document.getElementsByClassName(\"noticias_redinfod\")[0].style.display = \"none\"<\/script><br \/>\n<script>document.getElementsByClassName(\"noticias_redinfod\")[1].style.display = \"none\"<\/script><br \/>\n<script>document.getElementsByClassName(\"noticias_redinfod\")[2].style.display = \"none\"<\/script><br \/>\n<!-- <script>document.getElementsByClassName(\"grid-container grid-parent\")[3].style.display = \"none\"<\/script>\n<script>document.getElementsByClassName(\"grid-container grid-parent\")[5].style.display = \"none\"<\/script>\n\n--><\/p>\n","protected":false},"excerpt":{"rendered":"<p>Volver a pronunciamientos PRONUNCIAMIENTO CONSEJO DIRECTIVO IES N\u00b01 Considerando: El texto del Proyecto de Ley Bases en el Senado El inminente tratamiento del Proyecto de Ley Bases en el Senado Que es de p\u00fablico conocimiento que esta ley es una reforma integral del Estado, degradando el mismo a su m\u00ednima expresi\u00f3n y le otorga facultades &#8230; <a title=\"Pronunciamiento del CD &#8211; Proyecto de Ley Bases en el Senado\" class=\"read-more\" href=\"https:\/\/ies1-caba.infd.edu.ar\/sitio\/pronucniamiento-cd-ley-bases-senado-2024\/\" aria-label=\"More on Pronunciamiento del CD &#8211; Proyecto de Ley Bases en el Senado\">[+]<\/a><\/p>\n","protected":false},"author":522,"featured_media":0,"parent":0,"menu_order":0,"comment_status":"closed","ping_status":"closed","template":"","meta":[],"acf":[],"_links":{"self":[{"href":"https:\/\/ies1-caba.infd.edu.ar\/sitio\/wp-json\/wp\/v2\/pages\/1749"}],"collection":[{"href":"https:\/\/ies1-caba.infd.edu.ar\/sitio\/wp-json\/wp\/v2\/pages"}],"about":[{"href":"https:\/\/ies1-caba.infd.edu.ar\/sitio\/wp-json\/wp\/v2\/types\/page"}],"author":[{"embeddable":true,"href":"https:\/\/ies1-caba.infd.edu.ar\/sitio\/wp-json\/wp\/v2\/users\/522"}],"replies":[{"embeddable":true,"href":"https:\/\/ies1-caba.infd.edu.ar\/sitio\/wp-json\/wp\/v2\/comments?post=1749"}],"version-history":[{"count":6,"href":"https:\/\/ies1-caba.infd.edu.ar\/sitio\/wp-json\/wp\/v2\/pages\/1749\/revisions"}],"predecessor-version":[{"id":12237,"href":"https:\/\/ies1-caba.infd.edu.ar\/sitio\/wp-json\/wp\/v2\/pages\/1749\/revisions\/12237"}],"wp:attachment":[{"href":"https:\/\/ies1-caba.infd.edu.ar\/sitio\/wp-json\/wp\/v2\/media?parent=1749"}],"curies":[{"name":"wp","href":"https:\/\/api.w.org\/{rel}","templated":true}]}}