{"id":1656,"date":"2018-08-29T14:21:26","date_gmt":"2018-08-29T17:21:26","guid":{"rendered":"https:\/\/ies1-caba.infd.edu.ar\/sitio\/plan-de-estudio-3\/"},"modified":"2024-06-15T18:43:05","modified_gmt":"2024-06-15T21:43:05","slug":"pronunciamiento-cd-2024-liberacion-inmediata-basta-de-represion","status":"publish","type":"page","link":"https:\/\/ies1-caba.infd.edu.ar\/sitio\/pronunciamiento-cd-2024-liberacion-inmediata-basta-de-represion\/","title":{"rendered":"pronunciamiento CD 2024 &#8211; liberaci\u00f3n inmediata &#8211; \u00a1Basta de represi\u00f3n!"},"content":{"rendered":"<style> .footer { position: fixed; left: 0; bottom: 0; width: 100%; background-color: #3399ff; color: white; text-align: center; }<\/style>\n<div style=\"border: 1px solid black; background: #ae9e9e; width: 250px; padding: 20px;\"><button class=\"boton3Dfondazos\" style=\"position: relative; left: 4%; height: 8%; color: white;\" type=\"text\" onclick=\"cierraNuevaHora1();\">Volver a pronunciamientos<\/button><\/div>\n<div style=\"color: black ; font-weight: bold; border: 1px solid black; padding: 15px;\">El d\u00eda mi\u00e9rcoles en el marco de la votaci\u00f3n de la Ley Bases en el Congreso Miles de personas junto a asambleas barriales, centros de estudiantes y distintos sindicatos ejercieron su derecho a protesta ante semejante ley que priva de derechos important\u00edsimos para el com\u00fan del pueblo.<\/p>\n<p>En ese marco las Fuerzas Policiales  comandadas por la Ministra Patricia Bullrich despleg\u00f3 una descomunal represi\u00f3n sobre los manifestantes. Las tres fuerzas reprimieron con gases, balas de goma y cami\u00f3n hidrante a nuestros jubilados, mujeres, estudiantes y trabajadores.<\/p>\n<p>C\u00f3mo no fue suficiente todo este operativo para tapar el enorme ataque que se estaba votando, empezaron una cacer\u00eda y persecuci\u00f3n ilegal en los alrededores de la movilizaci\u00f3n. Siendo 39 los detenidos, entre ellos estudiantes de la UNSAM Sasha Iyardet, Nicol\u00e1s Mayorga, Camila Ju\u00e1rez Oliva y Mateo Dettore estudiante de la Facultad de Derecho UBA militante de la Juventud del PTS y del Centros de profesionales por los derechos humanos (Ceprodh) As\u00ed como tambi\u00e9n el docente Juan Ignacio Spinetto.<\/p>\n<p>Los organismos de derechos humanos y familiares de los detenidos denunciaron que los tuvieron incomunicados por m\u00e1s de 12hs, las condiciones de detenci\u00f3n son inhumanas, los pasearon por la ciudad sin decir a donde los llevaban, y luego los dejaron en los pasillos de las comisar\u00edas esposados por largas horas.<\/p>\n<p>En el dia de ayer se dio a conocer un pedido del fiscal Stornelli para que estas causas pasaran al \u00e1mbito de la justicia federal  con el objetivo de agravar las imputaci\u00f3n, que sin ning\u00fan fundamento  empiezan por los delitos de sedici\u00f3n, de intimidaci\u00f3n p\u00fablica, incluso los de incendio y estrago, que son la absoluta mayor\u00eda de detenciones realizadas \u00abal voleo\u00bb, a muchas cuadras del Congreso y que despu\u00e9s de esas indagatorias se resolver\u00e1 la excarcelaci\u00f3n o no de cada uno de los imputados.<\/p>\n<p>Por todo lo antes mencionado el Consejo Directivo se pronuncia por la liberaci\u00f3n inmediata de todos los detenidos. Repudio total al accionar del Gobierno de Milei, las fuerzas armadas y del Protocolo Ministra Patricia Bullrich. \u00a1Libertad a los presos por luchar! \u00a1Basta de represi\u00f3n!<\/p>\n<\/div>\n<div class=\"footer\">2024 &#8211;  Laboratorio de F\u00edsica e Inform\u00e1tica IES N\u00ba 1 &#8211; Correo electr\u00f3nico:   <a href=\"mailto: laboratorio.ies1amju@bue.edu.ar\">laboratorio.ies1amju@bue.edu.ar <\/a><\/div>\n<p><script> let slideIndex = 1; showSlides(slideIndex); function plusSlides(n) { showSlides(slideIndex += n); } function currentSlide(n) { showSlides(slideIndex = n); } function showSlides(n) { let i;  let slides = document.getElementsByClassName(\"mySlides\"); let dots = document.getElementsByClassName(\"dot\"); if (n > slides.length) {slideIndex = 1} if (n < 1) {slideIndex = slides.length} for (i = 0; i < slides.length; i++) { slides[i].style.display = \"none\"; } for (i = 0; i < dots.length; i++) { dots[i].className = dots[i].className.replace(\" active\", \"\"); } slides[slideIndex-1].style.display = \"none\";  dots[slideIndex-1].className += \" active\"; } <\/script><br \/>\n<!-- <script> let indiceDiapo = 0;  muestraDiapo(); function muestraDiapo() { let i; let slides = document.getElementsByClassName(\"mySlides\"); let dots = document.getElementsByClassName(\"dot\"); for (i = 0; i < slides.length; i++) { slides[i].style.display = \"none\"; } indiceDiapo++; if (indiceDiapo > slides.length) {indiceDiapo = 1} for (i = 0; i < dots.length; i++) { dots[i].className = dots[i].className.replace(\" active\", \"\"); } slides[indiceDiapo-1].style.display = \"block\"; dots[indiceDiapo-1].className += \" active\"; setTimeout(muestraDiapo, 3000); }<\/script> --><br \/>\n<script>function cierraNuevaHora1() { window.location.href = \"https:\/\/ies1-caba.infd.edu.ar\/sitio\/pronunciamientos-ies1-2023\/\"; } <\/script><br \/>\n<script>document.getElementsByClassName(\"lista\")[0].style.display = \"none\"<\/script><br \/>\n<script>document.getElementsByClassName(\"lista\")[1].style.display = \"none\"<\/script><br \/>\n<script>document.getElementsByClassName(\"lista\")[2].style.display = \"none\"<\/script><br \/>\n<script>document.getElementsByClassName(\"grid-container grid-parent\")[0].style.display = \"none\"<\/script><br \/>\n<script>document.getElementsByClassName(\"grid-container grid-parent\")[1].style.display = \"none\"<\/script><br \/>\n<script>document.getElementsByClassName(\"grid-container grid-parent\")[2].style.display = \"none\"<\/script> --&gt;<br \/>\n<script>document.getElementsByClassName(\"noticias_redinfod\")[0].style.display = \"none\"<\/script><br \/>\n<script>document.getElementsByClassName(\"noticias_redinfod\")[1].style.display = \"none\"<\/script><br \/>\n<script>document.getElementsByClassName(\"noticias_redinfod\")[2].style.display = \"none\"<\/script><br \/>\n<!-- <script>document.getElementsByClassName(\"grid-container grid-parent\")[3].style.display = \"none\"<\/script>\n<script>document.getElementsByClassName(\"grid-container grid-parent\")[5].style.display = \"none\"<\/script> --><br \/>\n<script> let slideIndex = 1; showSlides(slideIndex); function plusSlides(n) { showSlides(slideIndex += n); } function currentSlide(n) { showSlides(slideIndex = n); } function showSlides(n) { let i;  let slides = document.getElementsByClassName(\"mySlides\"); let dots = document.getElementsByClassName(\"dot\"); if (n > slides.length) {slideIndex = 1} if (n < 1) {slideIndex = slides.length} for (i = 0; i < slides.length; i++) { slides[i].style.display = \"none\"; } for (i = 0; i < dots.length; i++) { dots[i].className = dots[i].className.replace(\" active\", \"\"); } slides[slideIndex-1].style.display = \"none\";  dots[slideIndex-1].className += \" active\"; } <\/script><br \/>\n<script> let indiceDiapo = 0;  muestraDiapo(); function muestraDiapo() { let i; let slides = document.getElementsByClassName(\"mySlides\"); let dots = document.getElementsByClassName(\"dot\"); for (i = 0; i < slides.length; i++) { slides[i].style.display = \"none\"; } indiceDiapo++; if (indiceDiapo > slides.length) {indiceDiapo = 1} for (i = 0; i < dots.length; i++) { dots[i].className = dots[i].className.replace(\" active\", \"\"); } slides[indiceDiapo-1].style.display = \"block\"; dots[indiceDiapo-1].className += \" active\"; setTimeout(muestraDiapo, 3000); }<\/script><\/p>\n<p><script>document.getElementsByClassName(\"lista\")[0].style.display = \"none\"<\/script><br \/>\n<script>document.getElementsByClassName(\"lista\")[1].style.display = \"none\"<\/script><br \/>\n<script>document.getElementsByClassName(\"lista\")[2].style.display = \"none\"<\/script><br \/>\n<!-- <script>document.getElementsByClassName(\"grid-container grid-parent\")[0].style.display = \"none\"<\/script>\n<script>document.getElementsByClassName(\"grid-container grid-parent\")[1].style.display = \"none\"<\/script>\n<script>document.getElementsByClassName(\"grid-container grid-parent\")[2].style.display = \"none\"<\/script> --><br \/>\n<script>document.getElementsByClassName(\"noticias_redinfod\")[0].style.display = \"none\"<\/script><br \/>\n<script>document.getElementsByClassName(\"noticias_redinfod\")[1].style.display = \"none\"<\/script><br \/>\n<script>document.getElementsByClassName(\"noticias_redinfod\")[2].style.display = \"none\"<\/script><br \/>\n<!-- <script>document.getElementsByClassName(\"grid-container grid-parent\")[3].style.display = \"none\"<\/script>\n<script>document.getElementsByClassName(\"grid-container grid-parent\")[5].style.display = \"none\"<\/script>\n\n--><\/p>\n","protected":false},"excerpt":{"rendered":"<p>Volver a pronunciamientos El d\u00eda mi\u00e9rcoles en el marco de la votaci\u00f3n de la Ley Bases en el Congreso Miles de personas junto a asambleas barriales, centros de estudiantes y distintos sindicatos ejercieron su derecho a protesta ante semejante ley que priva de derechos important\u00edsimos para el com\u00fan del pueblo. En ese marco las Fuerzas &#8230; <a title=\"pronunciamiento CD 2024 &#8211; liberaci\u00f3n inmediata &#8211; \u00a1Basta de represi\u00f3n!\" class=\"read-more\" href=\"https:\/\/ies1-caba.infd.edu.ar\/sitio\/pronunciamiento-cd-2024-liberacion-inmediata-basta-de-represion\/\" aria-label=\"More on pronunciamiento CD 2024 &#8211; liberaci\u00f3n inmediata &#8211; \u00a1Basta de represi\u00f3n!\">[+]<\/a><\/p>\n","protected":false},"author":522,"featured_media":0,"parent":0,"menu_order":0,"comment_status":"closed","ping_status":"closed","template":"","meta":[],"acf":[],"_links":{"self":[{"href":"https:\/\/ies1-caba.infd.edu.ar\/sitio\/wp-json\/wp\/v2\/pages\/1656"}],"collection":[{"href":"https:\/\/ies1-caba.infd.edu.ar\/sitio\/wp-json\/wp\/v2\/pages"}],"about":[{"href":"https:\/\/ies1-caba.infd.edu.ar\/sitio\/wp-json\/wp\/v2\/types\/page"}],"author":[{"embeddable":true,"href":"https:\/\/ies1-caba.infd.edu.ar\/sitio\/wp-json\/wp\/v2\/users\/522"}],"replies":[{"embeddable":true,"href":"https:\/\/ies1-caba.infd.edu.ar\/sitio\/wp-json\/wp\/v2\/comments?post=1656"}],"version-history":[{"count":2,"href":"https:\/\/ies1-caba.infd.edu.ar\/sitio\/wp-json\/wp\/v2\/pages\/1656\/revisions"}],"predecessor-version":[{"id":12333,"href":"https:\/\/ies1-caba.infd.edu.ar\/sitio\/wp-json\/wp\/v2\/pages\/1656\/revisions\/12333"}],"wp:attachment":[{"href":"https:\/\/ies1-caba.infd.edu.ar\/sitio\/wp-json\/wp\/v2\/media?parent=1656"}],"curies":[{"name":"wp","href":"https:\/\/api.w.org\/{rel}","templated":true}]}}