{"id":16291,"date":"2026-04-16T19:41:27","date_gmt":"2026-04-16T22:41:27","guid":{"rendered":"https:\/\/ies1-caba.infd.edu.ar\/sitio\/?page_id=16291"},"modified":"2026-04-16T20:08:17","modified_gmt":"2026-04-16T23:08:17","slug":"boleto-estudiantil-2","status":"publish","type":"page","link":"https:\/\/ies1-caba.infd.edu.ar\/sitio\/boleto-estudiantil-2\/","title":{"rendered":"Boleto Estudiantil"},"content":{"rendered":"\n<style> \/* Ocultar \u00edconos de redes sociales *\/ .a2a_kit, .a2a_button_facebook, .a2a_button_twitter, .a2a_button_whatsapp, .a2a_dd, [class*=\"a2a_button_\"] { display: none !important; } <\/style>\n\n\n\n<hr class=\"wp-block-separator has-alpha-channel-opacity\"\/>\n\n\n\n<p>Si sos estudiante del IES N.\u00b0 1 pod\u00e9s solicitar el <strong>Boleto Educativo para estudiantes de Nivel Superior Terciario, Universitario y Formaci\u00f3n T\u00e9cnico Profesional,<\/strong>&nbsp;en instituciones educativas locales o nacionales con asiento&nbsp;<strong>en la Ciudad Aut\u00f3noma de Buenos Aires<\/strong>, tanto de gesti\u00f3n estatal, gesti\u00f3n social, como de gesti\u00f3n privada con subsidio estatal del cien por ciento (100%), con cuota cero.&nbsp;<br><br>El boleto educativo&nbsp;<strong>tendr\u00e1 vigencia operativa de lunes a s\u00e1bado entre las 5:00 y las 23:59 &nbsp;horas, durante el per\u00edodo lectivo<\/strong>&nbsp;efectivo informado por la instituci\u00f3n educativa correspondiente y&nbsp;<strong>se limitar\u00e1 a los d\u00edas de cursada presencial<\/strong>. &nbsp;El beneficio no se encontrar\u00e1 disponible los d\u00edas domingos ni feriados, ni durante los per\u00edodos de receso invernal y estival.<\/p>\n\n\n\n<p><br>La asignaci\u00f3n del beneficio es personal e intransferible.<br>&nbsp;<\/p>\n\n\n\n<p><strong>Requisitos&nbsp;para solicitar el beneficio del Boleto Educativo<\/strong><\/p>\n\n\n\n<ol>\n<li>Revestir calidad de&nbsp;<strong>alumno regular<\/strong>.<\/li>\n\n\n\n<li>Tener&nbsp;<strong>residencia dentro de la Ciudad<\/strong>&nbsp;Aut\u00f3noma de Buenos Aires.<\/li>\n\n\n\n<li>Pertenecer a un hogar encuadrado en las categor\u00edas de hogar pobre, clase media vulnerable, clase media fr\u00e1gil, seg\u00fan la clasificaci\u00f3n actualizada por el Instituto de Estad\u00edstica y Censos de la Ciudad Aut\u00f3noma de Buenos Aires (IDECBA).<\/li>\n<\/ol>\n\n\n\n<p><strong>Documentaci\u00f3n necesaria<\/strong><\/p>\n\n\n\n<ul>\n<li><em>Frente y dorso del DNI<\/em><\/li>\n\n\n\n<li><em>Certificado de alumno regular<\/em><\/li>\n\n\n\n<li><em>Documentaci\u00f3n Complementaria ingresos grupo familiar&nbsp;<\/em>(de cada uno, recibo de sueldo\/Constancia de monotributo). De no tener ingresos, adjuntar negativa de ANSES o desempleo)<\/li>\n<\/ul>\n\n\n\n<p><\/p>\n\n\n\n<h5 class=\"wp-block-heading\"><strong>Presentar los siguientes formularios impresos y completos en el Departamento de alumnos de lunes a viernes de 9 a 12 H o de 18:30 a 20:30 H:<\/strong><\/h5>\n\n\n\n<ul>\n<li><a rel=\"noreferrer noopener\" href=\"https:\/\/drive.google.com\/file\/d\/1EOqKb2lNA80_XzSrf7PhS6Du4Wc5Syjj\/view\" data-type=\"URL\" data-id=\"https:\/\/drive.google.com\/file\/d\/1EOqKb2lNA80_XzSrf7PhS6Du4Wc5Syjj\/view\" target=\"_blank\">CERTIFICADO DE ALUMNO REGULAR<\/a><\/li>\n\n\n\n<li><a rel=\"noreferrer noopener\" href=\"https:\/\/ies1-caba.infd.edu.ar\/sitio\/wp-content\/uploads\/2026\/04\/CERTIFICADO-CON-HORARIOS-DE-CURSADA.pdf\" data-type=\"URL\" data-id=\"https:\/\/ies1-caba.infd.edu.ar\/sitio\/wp-content\/uploads\/2026\/04\/CERTIFICADO-CON-HORARIOS-DE-CURSADA.pdf\" target=\"_blank\">CERTIFICADO CON HORARIOS DE CURSADA<\/a><\/li>\n<\/ul>\n\n\n\n<p><\/p>\n\n\n\n<p><a href=\"https:\/\/ies1-caba.infd.edu.ar\/sitio\/wp-content\/uploads\/2026\/04\/Brief-Boleto-Educativo-2026-_260409_182025.pdf\" data-type=\"URL\" data-id=\"https:\/\/ies1-caba.infd.edu.ar\/sitio\/wp-content\/uploads\/2026\/04\/Brief-Boleto-Educativo-2026-_260409_182025.pdf\" target=\"_blank\" rel=\"noreferrer noopener\">M\u00e1s informaci\u00f3n sobre el boleto educativo<\/a><\/p>\n\n\n\n<p class=\"has-text-align-center\"><strong>. . .<\/strong><\/p>\n\n\n\n<div class=\"wp-block-columns is-layout-flex wp-container-2\">\n<div class=\"wp-block-column is-layout-flow\">\n<figure class=\"wp-block-image size-full is-style-default\"><img decoding=\"async\" loading=\"lazy\" width=\"476\" height=\"440\" src=\"https:\/\/ies1-caba.infd.edu.ar\/sitio\/wp-content\/uploads\/2026\/04\/sube-2.png\" alt=\"\" class=\"wp-image-16298\"\/><\/figure>\n<\/div>\n<\/div>\n\n\n\n<div style=\"height:46px\" aria-hidden=\"true\" class=\"wp-block-spacer\"><\/div>\n","protected":false},"excerpt":{"rendered":"<p>Si sos estudiante del IES N.\u00b0 1 pod\u00e9s solicitar el Boleto Educativo para estudiantes de Nivel Superior Terciario, Universitario y Formaci\u00f3n T\u00e9cnico Profesional,&nbsp;en instituciones educativas locales o nacionales con asiento&nbsp;en la Ciudad Aut\u00f3noma de Buenos Aires, tanto de gesti\u00f3n estatal, gesti\u00f3n social, como de gesti\u00f3n privada con subsidio estatal del cien por ciento (100%), con &#8230; <a title=\"Boleto Estudiantil\" class=\"read-more\" href=\"https:\/\/ies1-caba.infd.edu.ar\/sitio\/boleto-estudiantil-2\/\" aria-label=\"More on Boleto Estudiantil\">[+]<\/a><\/p>\n","protected":false},"author":11703,"featured_media":0,"parent":0,"menu_order":0,"comment_status":"closed","ping_status":"closed","template":"","meta":[],"acf":[],"_links":{"self":[{"href":"https:\/\/ies1-caba.infd.edu.ar\/sitio\/wp-json\/wp\/v2\/pages\/16291"}],"collection":[{"href":"https:\/\/ies1-caba.infd.edu.ar\/sitio\/wp-json\/wp\/v2\/pages"}],"about":[{"href":"https:\/\/ies1-caba.infd.edu.ar\/sitio\/wp-json\/wp\/v2\/types\/page"}],"author":[{"embeddable":true,"href":"https:\/\/ies1-caba.infd.edu.ar\/sitio\/wp-json\/wp\/v2\/users\/11703"}],"replies":[{"embeddable":true,"href":"https:\/\/ies1-caba.infd.edu.ar\/sitio\/wp-json\/wp\/v2\/comments?post=16291"}],"version-history":[{"count":6,"href":"https:\/\/ies1-caba.infd.edu.ar\/sitio\/wp-json\/wp\/v2\/pages\/16291\/revisions"}],"predecessor-version":[{"id":16306,"href":"https:\/\/ies1-caba.infd.edu.ar\/sitio\/wp-json\/wp\/v2\/pages\/16291\/revisions\/16306"}],"wp:attachment":[{"href":"https:\/\/ies1-caba.infd.edu.ar\/sitio\/wp-json\/wp\/v2\/media?parent=16291"}],"curies":[{"name":"wp","href":"https:\/\/api.w.org\/{rel}","templated":true}]}}