{"id":16195,"date":"2026-03-09T20:46:42","date_gmt":"2026-03-09T23:46:42","guid":{"rendered":"https:\/\/ies1-caba.infd.edu.ar\/sitio\/?page_id=16195"},"modified":"2026-03-09T20:55:27","modified_gmt":"2026-03-09T23:55:27","slug":"seguros-art","status":"publish","type":"page","link":"https:\/\/ies1-caba.infd.edu.ar\/sitio\/seguros-art\/","title":{"rendered":"Seguros ART"},"content":{"rendered":"\n<div style=\"border:2px solid #f08c3c; padding:22px; margin:25px 0; background:#fff; border-radius:6px;\">\n\n<h3 style=\"text-align:center; margin-top:0;\">\nSeguro \u2013 ART (R\u00e9gimen de Autoseguro GCBA)\n<\/h3>\n\n<p>\n<strong>Nuevo r\u00e9gimen de autoseguro del GCBA<\/strong> que comenz\u00f3 a regir el \n<strong>30\/01\/2026<\/strong>.\n<\/p>\n\n<p>\nEl Gobierno de la Ciudad asume de manera directa la cobertura de los \n<strong>accidentes de trabajo y enfermedades profesionales<\/strong>, a trav\u00e9s de la \n<strong>Unidad de Autoseguro<\/strong>, dependiente de la Subsecretar\u00eda de Gesti\u00f3n de Recursos Humanos.\n<\/p>\n\n<p>\nSe solicita tener esta informaci\u00f3n como marco de referencia para la gesti\u00f3n de \nsituaciones vinculadas a accidentes laborales y enfermedades profesionales.\n<\/p>\n\n<div style=\"text-align:center; margin-top:20px;\">\n<a href=\"https:\/\/ies1-caba.infd.edu.ar\/sitio\/wp-content\/uploads\/2026\/03\/Autoseguro-GCABA-Manual-Trabajador.pdf\" target=\"_blank\" style=\"background:#f08c3c; color:white; padding:10px 18px; text-decoration:none; border-radius:4px; font-weight:bold;\" rel=\"noopener\">\n&#x1f4c4; Ver Manual del R\u00e9gimen de Autoseguro\n<\/a>\n<\/div>\n\n<\/div>\n\n\n\n<figure class=\"wp-block-image size-full\"><img decoding=\"async\" loading=\"lazy\" width=\"1004\" height=\"650\" src=\"https:\/\/ies1-caba.infd.edu.ar\/sitio\/wp-content\/uploads\/2026\/03\/Autoseguro-GCABA-Credencial-2.jpg\" alt=\"\" class=\"wp-image-16199\" srcset=\"https:\/\/ies1-caba.infd.edu.ar\/sitio\/wp-content\/uploads\/2026\/03\/Autoseguro-GCABA-Credencial-2.jpg 1004w, https:\/\/ies1-caba.infd.edu.ar\/sitio\/wp-content\/uploads\/2026\/03\/Autoseguro-GCABA-Credencial-2-1000x647.jpg 1000w, https:\/\/ies1-caba.infd.edu.ar\/sitio\/wp-content\/uploads\/2026\/03\/Autoseguro-GCABA-Credencial-2-768x497.jpg 768w\" sizes=\"(max-width: 1004px) 100vw, 1004px\" \/><\/figure>\n","protected":false},"excerpt":{"rendered":"<p>Seguro \u2013 ART (R\u00e9gimen de Autoseguro GCBA) Nuevo r\u00e9gimen de autoseguro del GCBA que comenz\u00f3 a regir el 30\/01\/2026. El Gobierno de la Ciudad asume de manera directa la cobertura de los accidentes de trabajo y enfermedades profesionales, a trav\u00e9s de la Unidad de Autoseguro, dependiente de la Subsecretar\u00eda de Gesti\u00f3n de Recursos Humanos. Se &#8230; <a title=\"Seguros ART\" class=\"read-more\" href=\"https:\/\/ies1-caba.infd.edu.ar\/sitio\/seguros-art\/\" aria-label=\"More on Seguros ART\">[+]<\/a><\/p>\n","protected":false},"author":11700,"featured_media":0,"parent":0,"menu_order":0,"comment_status":"closed","ping_status":"closed","template":"","meta":[],"acf":[],"_links":{"self":[{"href":"https:\/\/ies1-caba.infd.edu.ar\/sitio\/wp-json\/wp\/v2\/pages\/16195"}],"collection":[{"href":"https:\/\/ies1-caba.infd.edu.ar\/sitio\/wp-json\/wp\/v2\/pages"}],"about":[{"href":"https:\/\/ies1-caba.infd.edu.ar\/sitio\/wp-json\/wp\/v2\/types\/page"}],"author":[{"embeddable":true,"href":"https:\/\/ies1-caba.infd.edu.ar\/sitio\/wp-json\/wp\/v2\/users\/11700"}],"replies":[{"embeddable":true,"href":"https:\/\/ies1-caba.infd.edu.ar\/sitio\/wp-json\/wp\/v2\/comments?post=16195"}],"version-history":[{"count":2,"href":"https:\/\/ies1-caba.infd.edu.ar\/sitio\/wp-json\/wp\/v2\/pages\/16195\/revisions"}],"predecessor-version":[{"id":16200,"href":"https:\/\/ies1-caba.infd.edu.ar\/sitio\/wp-json\/wp\/v2\/pages\/16195\/revisions\/16200"}],"wp:attachment":[{"href":"https:\/\/ies1-caba.infd.edu.ar\/sitio\/wp-json\/wp\/v2\/media?parent=16195"}],"curies":[{"name":"wp","href":"https:\/\/api.w.org\/{rel}","templated":true}]}}