{"id":16142,"date":"2026-03-05T19:02:47","date_gmt":"2026-03-05T22:02:47","guid":{"rendered":"https:\/\/ies1-caba.infd.edu.ar\/sitio\/?page_id=16142"},"modified":"2026-03-05T20:37:46","modified_gmt":"2026-03-05T23:37:46","slug":"licencias","status":"publish","type":"page","link":"https:\/\/ies1-caba.infd.edu.ar\/sitio\/licencias\/","title":{"rendered":"Licencias"},"content":{"rendered":"\n<p><\/p>\n\n\n\n<style> \/* Ocultar \u00edconos de redes sociales *\/ .a2a_kit, .a2a_button_facebook, .a2a_button_twitter, .a2a_button_whatsapp, .a2a_dd, [class*=\"a2a_button_\"] { display: none !important; } <\/style>\n\n\n\n<hr class=\"wp-block-separator has-alpha-channel-opacity\"\/>\n\n\n\n<p><strong>Informaci\u00f3n importante<\/strong><\/p>\n\n\n\n<p>A partir del 5 de marzo las gestiones vinculadas a licencias m\u00e9dicas y administrativas *dejar\u00e1n derealizarse por MIA y comenzar\u00e1n a gestionarse <strong>exclusivamente <\/strong>a trav\u00e9s de la<strong> plataforma Equipo BA<\/strong>*.<br>Enlace:&nbsp;<a rel=\"noreferrer noopener\" href=\"https:\/\/equipoba.buenosaires.gob.ar\/\" target=\"_blank\">https:\/\/equipoba.buenosaires.gob.ar<\/a><\/p>\n\n\n\n<p>* Las *licencias m\u00e9dicas y administrativas deber\u00e1n cargarse desde la nueva plataforma.*<br>* Desde all\u00ed tambi\u00e9n se podr\u00e1 realizar la *descarga y visualizaci\u00f3n de recibos que se realizaba desde la web BA<br>Desde Adentro.*<br>* Adem\u00e1s, podr\u00e1n acceder a la secci\u00f3n de informaci\u00f3n sobre *Carrera, Cartelera y comunicaci\u00f3n institucional*.<br>En cuanto al procedimiento como ver\u00e1n es muy similar al que se realizaba hasta hoy.<br><br><a rel=\"noreferrer noopener\" href=\"https:\/\/drive.google.com\/drive\/folders\/1Jc21eCuvNNl-V6WHqCmLLzs-dXkTH25i\" data-type=\"URL\" data-id=\"https:\/\/drive.google.com\/drive\/folders\/1Jc21eCuvNNl-V6WHqCmLLzs-dXkTH25i\" target=\"_blank\">Instructivo y Preguntas Frecuentes<\/a><\/p>\n","protected":false},"excerpt":{"rendered":"<p>Informaci\u00f3n importante A partir del 5 de marzo las gestiones vinculadas a licencias m\u00e9dicas y administrativas *dejar\u00e1n derealizarse por MIA y comenzar\u00e1n a gestionarse exclusivamente a trav\u00e9s de la plataforma Equipo BA*.Enlace:&nbsp;https:\/\/equipoba.buenosaires.gob.ar * Las *licencias m\u00e9dicas y administrativas deber\u00e1n cargarse desde la nueva plataforma.** Desde all\u00ed tambi\u00e9n se podr\u00e1 realizar la *descarga y visualizaci\u00f3n de &#8230; <a title=\"Licencias\" class=\"read-more\" href=\"https:\/\/ies1-caba.infd.edu.ar\/sitio\/licencias\/\" aria-label=\"More on Licencias\">[+]<\/a><\/p>\n","protected":false},"author":11703,"featured_media":0,"parent":0,"menu_order":0,"comment_status":"closed","ping_status":"closed","template":"","meta":[],"acf":[],"_links":{"self":[{"href":"https:\/\/ies1-caba.infd.edu.ar\/sitio\/wp-json\/wp\/v2\/pages\/16142"}],"collection":[{"href":"https:\/\/ies1-caba.infd.edu.ar\/sitio\/wp-json\/wp\/v2\/pages"}],"about":[{"href":"https:\/\/ies1-caba.infd.edu.ar\/sitio\/wp-json\/wp\/v2\/types\/page"}],"author":[{"embeddable":true,"href":"https:\/\/ies1-caba.infd.edu.ar\/sitio\/wp-json\/wp\/v2\/users\/11703"}],"replies":[{"embeddable":true,"href":"https:\/\/ies1-caba.infd.edu.ar\/sitio\/wp-json\/wp\/v2\/comments?post=16142"}],"version-history":[{"count":4,"href":"https:\/\/ies1-caba.infd.edu.ar\/sitio\/wp-json\/wp\/v2\/pages\/16142\/revisions"}],"predecessor-version":[{"id":16162,"href":"https:\/\/ies1-caba.infd.edu.ar\/sitio\/wp-json\/wp\/v2\/pages\/16142\/revisions\/16162"}],"wp:attachment":[{"href":"https:\/\/ies1-caba.infd.edu.ar\/sitio\/wp-json\/wp\/v2\/media?parent=16142"}],"curies":[{"name":"wp","href":"https:\/\/api.w.org\/{rel}","templated":true}]}}