{"id":15972,"date":"2025-11-28T10:49:15","date_gmt":"2025-11-28T13:49:15","guid":{"rendered":"https:\/\/ies1-caba.infd.edu.ar\/sitio\/?page_id=15972"},"modified":"2025-11-28T10:50:02","modified_gmt":"2025-11-28T13:50:02","slug":"historia-de-la-biblioteca-dra-alicia-moreau-de-justo","status":"publish","type":"page","link":"https:\/\/ies1-caba.infd.edu.ar\/sitio\/historia-de-la-biblioteca-dra-alicia-moreau-de-justo\/","title":{"rendered":"Historia de la Biblioteca Dra. Alicia Moreau de Justo"},"content":{"rendered":"\n<style> \/* Ocultar \u00edconos de redes sociales *\/ .a2a_kit, .a2a_button_facebook, .a2a_button_twitter, .a2a_button_whatsapp, .a2a_dd, [class*=\"a2a_button_\"] { display: none !important; } <\/style>\n\n\n\n<hr class=\"wp-block-separator has-alpha-channel-opacity\"\/>\n\n\n\n<p>La Biblioteca \u00abDra. Alicia Moreau de Justo\u00bb inicia su actividad en el a\u00f1o 1874 compartiendo el espacio de trabajo con la biblioteca de la Escuela Normal de Maestras, actual Escuela Normal de Profesores N.\u00ba 1 \u201cPte. Roque S\u00e1enz pe\u00f1a\u201d.<\/p>\n\n\n\n<p> En el a\u00f1o 1991 los cuatro profesorados especializados: Castellano, Literatura y Lat\u00edn; Filosof\u00eda y Pedagog\u00eda; Matem\u00e1tica, F\u00edsica y Cosmograf\u00eda e Historia, que funcionaban en el Normal N\u00ba1, se trasladan al edificio de Av. C\u00f3rdoba 2016 y, junto a esta mudanza, la biblioteca adquiere su espacio f\u00edsico en la planta baja del Instituto de Educaci\u00f3n Superior N\u00ba1 \u201cDra. Alicia Moreau de Justo\u201d. <\/p>\n\n\n\n<p>En la actualidad, la unidad de informaci\u00f3n deposita en sus instalaciones aproximadamente 10300 \u00edtems, entre los que se pueden encontrar: libros, monograf\u00edas, publicaciones peri\u00f3dicas, test psicol\u00f3gicos y materiales did\u00e1cticos. Las tem\u00e1ticas que abarca son: educaci\u00f3n, filosof\u00eda, f\u00edsica, historia, lengua y literatura, matem\u00e1ticas psicolog\u00eda y psicopedagog\u00eda, adem\u00e1s de otras tem\u00e1ticas vinculadas a las carreras que se dictan en la Instituci\u00f3n y obras literarias de diversos autores y estilos. Tambi\u00e9n contamos con una recientemente inaugurada historieteca. <\/p>\n\n\n\n<p>La colecci\u00f3n est\u00e1 compuesta por libros que datan del siglo XIX hasta la actualidad, la mayor\u00eda de las obras se adquirieron por donaciones de organismos nacionales y de particulares y, por compra de la cooperadora de la instituci\u00f3n. <\/p>\n\n\n\n<p>La Biblioteca ofrece sus servicios a toda la comunidad del I.E.S N\u00ba1. Es la unidad de apoyo a la gesti\u00f3n acad\u00e9mica responsable de la organizaci\u00f3n, conservaci\u00f3n y distribuci\u00f3n de bibliograf\u00eda, documentaci\u00f3n e informaci\u00f3n vinculada a las actividades de docencia, investigaci\u00f3n y extensi\u00f3n. Funciona bajo la dependencia de la Secretar\u00eda Acad\u00e9mica. <\/p>\n\n\n\n<p>El funcionamiento de la Biblioteca y del Centro de Documentaci\u00f3n ser\u00e1 reglamentado por el Consejo Directivo.<\/p>\n","protected":false},"excerpt":{"rendered":"<p>La Biblioteca \u00abDra. Alicia Moreau de Justo\u00bb inicia su actividad en el a\u00f1o 1874 compartiendo el espacio de trabajo con la biblioteca de la Escuela Normal de Maestras, actual Escuela Normal de Profesores N.\u00ba 1 \u201cPte. Roque S\u00e1enz pe\u00f1a\u201d. En el a\u00f1o 1991 los cuatro profesorados especializados: Castellano, Literatura y Lat\u00edn; Filosof\u00eda y Pedagog\u00eda; Matem\u00e1tica, &#8230; <a title=\"Historia de la Biblioteca Dra. Alicia Moreau de Justo\" class=\"read-more\" href=\"https:\/\/ies1-caba.infd.edu.ar\/sitio\/historia-de-la-biblioteca-dra-alicia-moreau-de-justo\/\" aria-label=\"More on Historia de la Biblioteca Dra. Alicia Moreau de Justo\">[+]<\/a><\/p>\n","protected":false},"author":11703,"featured_media":0,"parent":0,"menu_order":0,"comment_status":"closed","ping_status":"closed","template":"","meta":[],"acf":[],"_links":{"self":[{"href":"https:\/\/ies1-caba.infd.edu.ar\/sitio\/wp-json\/wp\/v2\/pages\/15972"}],"collection":[{"href":"https:\/\/ies1-caba.infd.edu.ar\/sitio\/wp-json\/wp\/v2\/pages"}],"about":[{"href":"https:\/\/ies1-caba.infd.edu.ar\/sitio\/wp-json\/wp\/v2\/types\/page"}],"author":[{"embeddable":true,"href":"https:\/\/ies1-caba.infd.edu.ar\/sitio\/wp-json\/wp\/v2\/users\/11703"}],"replies":[{"embeddable":true,"href":"https:\/\/ies1-caba.infd.edu.ar\/sitio\/wp-json\/wp\/v2\/comments?post=15972"}],"version-history":[{"count":2,"href":"https:\/\/ies1-caba.infd.edu.ar\/sitio\/wp-json\/wp\/v2\/pages\/15972\/revisions"}],"predecessor-version":[{"id":15975,"href":"https:\/\/ies1-caba.infd.edu.ar\/sitio\/wp-json\/wp\/v2\/pages\/15972\/revisions\/15975"}],"wp:attachment":[{"href":"https:\/\/ies1-caba.infd.edu.ar\/sitio\/wp-json\/wp\/v2\/media?parent=15972"}],"curies":[{"name":"wp","href":"https:\/\/api.w.org\/{rel}","templated":true}]}}