{"id":1583,"date":"2018-08-29T14:20:52","date_gmt":"2018-08-29T17:20:52","guid":{"rendered":"https:\/\/ies1-caba.infd.edu.ar\/sitio\/residencia\/"},"modified":"2024-03-22T10:27:57","modified_gmt":"2024-03-22T13:27:57","slug":"pronunciamientocd-3-24","status":"publish","type":"page","link":"https:\/\/ies1-caba.infd.edu.ar\/sitio\/pronunciamientocd-3-24\/","title":{"rendered":"Pronunciamiento del CD del IES Nro 1 &#8211; 3\/2024"},"content":{"rendered":"<p>Pronunciamiento del CD del IESN1<br \/>\n21 de marzo de 2024<\/p>\n<p>El Consejo Directivo del IES N1 adhiere al comunicado de H.I.J.O.S. y manifiesta profunda preocupaci\u00f3n por los hechos que all\u00ed se denuncian.<br \/>\nEl Consejo Directivo del IES N1 adhiere al comunicado de H.I.J.O.S. y manifiesta profunda preocupaci\u00f3n por los hechos que all\u00ed se denuncian. Como comunidad educativa llamamos enf\u00e1ticamente a manifestar el domingo 24\/03 en el aniversario del \u00faltimo golpe de Estado, para repudiar cualquier intento de ataque a la democracia y seguir exigiendo memoria, verdad y justicia.<br \/>\nYa dijimos Nunca M\u00e1s.<br \/>\n&#8212;&#8212;-<\/p>\n<p>Comunicado de la Red Nacional de H.I.J.O.S.<br \/>\n20 de marzo de 2024<\/p>\n<p>Denunciamos el atentado pol\u00edtico contra nuestra compa\u00f1era militante de H.l.J.0.S, cuya identidad preservamos, que fue atacada por dos individuos que la esperaban dentro de su domicilio. Luego de forzar la puerta e ingresar ilegalmente ella fue atada, golpeada, abusada sexualmente. Nuestra hermana sufri\u00f3 amenazas de muerte de parte de sus captores. Los atacantes, la amenazaron con armas de fuego y le transmitieron con claridad el mensaje: \u00abNo vinimos a robarte, vinimos a matarte. A nosotros nos pagan para esto\u201d.<\/p>\n<p>Este atentado contra su vida es un ataque pol\u00edtico motivado por su militancia en derechos humanos y feminista. Nada de valor econ\u00f3mico fue robado, s\u00f3lo se llevaron carpetas con informaci\u00f3n de nuestra agrupaci\u00f3n, HIJOS. Los autores materiales del hecho pintaron en la pared la sigla\u00bbVLLC- (Viva la libertad carajo).<\/p>\n<p>Estos hechos tienen un claro correlato con las acciones y discursos de odio que las m\u00e1ximas autoridades del pa\u00eds expresan cotidianamente e incitan a la violencia contra quienes militamos por los Derechos Humanos. Desde la Red Nacional de HIJOS exigimos el inmediato esclarecimiento del hecho por parte del Poder Judicial y hacemos responsable al gobierno nacional de los hechos ocurridos.<\/p>\n<p>A d\u00edas de cumplirse un nuevo aniversario del golpe de Estado, afirmamos que nuestro pueblo dijo: Nunca M\u00e1s. Memoria, Verdad y Justicia, siempre..<strong><font face=\"Arial\" color=\"#cc6600\" size=\"3\"><\/font><\/strong><\/p>\n","protected":false},"excerpt":{"rendered":"<p>Pronunciamiento del CD del IESN1 21 de marzo de 2024 El Consejo Directivo del IES N1 adhiere al comunicado de H.I.J.O.S. y manifiesta profunda preocupaci\u00f3n por los hechos que all\u00ed se denuncian. El Consejo Directivo del IES N1 adhiere al comunicado de H.I.J.O.S. y manifiesta profunda preocupaci\u00f3n por los hechos que all\u00ed se denuncian. Como &#8230; <a title=\"Pronunciamiento del CD del IES Nro 1 &#8211; 3\/2024\" class=\"read-more\" href=\"https:\/\/ies1-caba.infd.edu.ar\/sitio\/pronunciamientocd-3-24\/\" aria-label=\"More on Pronunciamiento del CD del IES Nro 1 &#8211; 3\/2024\">[+]<\/a><\/p>\n","protected":false},"author":522,"featured_media":0,"parent":0,"menu_order":0,"comment_status":"closed","ping_status":"closed","template":"","meta":[],"acf":[],"_links":{"self":[{"href":"https:\/\/ies1-caba.infd.edu.ar\/sitio\/wp-json\/wp\/v2\/pages\/1583"}],"collection":[{"href":"https:\/\/ies1-caba.infd.edu.ar\/sitio\/wp-json\/wp\/v2\/pages"}],"about":[{"href":"https:\/\/ies1-caba.infd.edu.ar\/sitio\/wp-json\/wp\/v2\/types\/page"}],"author":[{"embeddable":true,"href":"https:\/\/ies1-caba.infd.edu.ar\/sitio\/wp-json\/wp\/v2\/users\/522"}],"replies":[{"embeddable":true,"href":"https:\/\/ies1-caba.infd.edu.ar\/sitio\/wp-json\/wp\/v2\/comments?post=1583"}],"version-history":[{"count":2,"href":"https:\/\/ies1-caba.infd.edu.ar\/sitio\/wp-json\/wp\/v2\/pages\/1583\/revisions"}],"predecessor-version":[{"id":11814,"href":"https:\/\/ies1-caba.infd.edu.ar\/sitio\/wp-json\/wp\/v2\/pages\/1583\/revisions\/11814"}],"wp:attachment":[{"href":"https:\/\/ies1-caba.infd.edu.ar\/sitio\/wp-json\/wp\/v2\/media?parent=1583"}],"curies":[{"name":"wp","href":"https:\/\/api.w.org\/{rel}","templated":true}]}}