{"id":15807,"date":"2025-10-17T11:40:39","date_gmt":"2025-10-17T14:40:39","guid":{"rendered":"https:\/\/ies1-caba.infd.edu.ar\/sitio\/?page_id=15807"},"modified":"2025-12-18T19:29:11","modified_gmt":"2025-12-18T22:29:11","slug":"prestamo-de-netbooks-a-domicilio","status":"publish","type":"page","link":"https:\/\/ies1-caba.infd.edu.ar\/sitio\/prestamo-de-netbooks-a-domicilio\/","title":{"rendered":"PR\u00c9STAMO DE NETBOOKS A DOMICILIO"},"content":{"rendered":"\n<style> \/* Ocultar \u00edconos de redes sociales *\/ .a2a_kit, .a2a_button_facebook, .a2a_button_twitter, .a2a_button_whatsapp, .a2a_dd, [class*=\"a2a_button_\"] { display: none !important; } <\/style>\n\n\n\n<hr class=\"wp-block-separator has-alpha-channel-opacity\"\/>\n\n\n\n<p><strong>Requisitos<\/strong><\/p>\n\n\n\n<ul>\n<li>1 a\u00f1o como m\u00ednimo de cursada en la instituci\u00f3n<\/li>\n\n\n\n<li>Ser alumno\/a regular<\/li>\n\n\n\n<li>Estar cursando al menos 1 materia en el cuatrimestre que se solicita la netbook<\/li>\n<\/ul>\n\n\n\n<p><strong>Para poder solicitar una netbook es necesario que completes el siguiente formulario con tus datos actualizados: <\/strong><a rel=\"noreferrer noopener\" href=\"https:\/\/docs.google.com\/forms\/d\/e\/1FAIpQLScNJwt6ZGSMWFRvF-M9DY89lrqqDJndLKo-x3sZHrBl6ManLQ\/viewform?pli=1\" data-type=\"URL\" data-id=\"https:\/\/docs.google.com\/forms\/d\/e\/1FAIpQLScNJwt6ZGSMWFRvF-M9DY89lrqqDJndLKo-x3sZHrBl6ManLQ\/viewform?pli=1\" target=\"_blank\">Link al formulario<\/a><br><\/p>\n\n\n\n<p>En caso de <strong>aplicar <\/strong>para el pr\u00e9stamo de la computadora y que haya un <strong>dispositivo disponible<\/strong> para el pr\u00e9stamo, se te estar\u00e1 enviando una notificaci\u00f3n por mail para coordinar el d\u00eda y horario de la entrega.<\/p>\n\n\n\n<p>El per\u00edodo de pr\u00e9stamo es de <strong>15 d\u00edas corridos<\/strong>, con posibilidad de renovaci\u00f3n. Al t\u00e9rmino del pr\u00e9stamo los equipos deber\u00e1n ser <strong>devueltos <\/strong>al Instituto en las <strong>condiciones en las que se le entreg\u00f3 el mismo<\/strong>, haci\u00e9ndose responsables ante cualquier desperfecto por mal uso o situaci\u00f3n que ocurriere. &nbsp;&nbsp;<\/p>\n\n\n\n<p><a href=\"https:\/\/ies1-caba.infd.edu.ar\/sitio\/wp-content\/uploads\/2025\/12\/Comodato-Prestamo-de-Netbooks-2026-2.pdf\" data-type=\"URL\" data-id=\"https:\/\/ies1-caba.infd.edu.ar\/sitio\/wp-content\/uploads\/2025\/12\/Comodato-Prestamo-de-Netbooks-2026-2.pdf\" target=\"_blank\" rel=\"noreferrer noopener\">Comodato\u00a0Pr\u00e9stamo de Netbooks IES N.\u00b0 1 \u00abDra. Alicia Moreau de Justo\u00bb<\/a><\/p>\n\n\n\n<p><em>Tambi\u00e9n es requisito estar registrado en la Biblioteca \u00abDra. Alicia Moreau de Justo\u00bb. Si el estudiante aplica para el pr\u00e9stamo y no se encuentra asociado, se lo asociar\u00e1 autom\u00e1ticamente.<\/em><\/p>\n","protected":false},"excerpt":{"rendered":"<p>Requisitos Para poder solicitar una netbook es necesario que completes el siguiente formulario con tus datos actualizados: Link al formulario En caso de aplicar para el pr\u00e9stamo de la computadora y que haya un dispositivo disponible para el pr\u00e9stamo, se te estar\u00e1 enviando una notificaci\u00f3n por mail para coordinar el d\u00eda y horario de la &#8230; <a title=\"PR\u00c9STAMO DE NETBOOKS A DOMICILIO\" class=\"read-more\" href=\"https:\/\/ies1-caba.infd.edu.ar\/sitio\/prestamo-de-netbooks-a-domicilio\/\" aria-label=\"More on PR\u00c9STAMO DE NETBOOKS A DOMICILIO\">[+]<\/a><\/p>\n","protected":false},"author":11703,"featured_media":0,"parent":0,"menu_order":0,"comment_status":"closed","ping_status":"closed","template":"","meta":[],"acf":[],"_links":{"self":[{"href":"https:\/\/ies1-caba.infd.edu.ar\/sitio\/wp-json\/wp\/v2\/pages\/15807"}],"collection":[{"href":"https:\/\/ies1-caba.infd.edu.ar\/sitio\/wp-json\/wp\/v2\/pages"}],"about":[{"href":"https:\/\/ies1-caba.infd.edu.ar\/sitio\/wp-json\/wp\/v2\/types\/page"}],"author":[{"embeddable":true,"href":"https:\/\/ies1-caba.infd.edu.ar\/sitio\/wp-json\/wp\/v2\/users\/11703"}],"replies":[{"embeddable":true,"href":"https:\/\/ies1-caba.infd.edu.ar\/sitio\/wp-json\/wp\/v2\/comments?post=15807"}],"version-history":[{"count":22,"href":"https:\/\/ies1-caba.infd.edu.ar\/sitio\/wp-json\/wp\/v2\/pages\/15807\/revisions"}],"predecessor-version":[{"id":16019,"href":"https:\/\/ies1-caba.infd.edu.ar\/sitio\/wp-json\/wp\/v2\/pages\/15807\/revisions\/16019"}],"wp:attachment":[{"href":"https:\/\/ies1-caba.infd.edu.ar\/sitio\/wp-json\/wp\/v2\/media?parent=15807"}],"curies":[{"name":"wp","href":"https:\/\/api.w.org\/{rel}","templated":true}]}}