{"id":15792,"date":"2025-10-16T21:17:22","date_gmt":"2025-10-17T00:17:22","guid":{"rendered":"https:\/\/ies1-caba.infd.edu.ar\/sitio\/?page_id=15792"},"modified":"2026-02-23T21:54:11","modified_gmt":"2026-02-24T00:54:11","slug":"biblioteca-dra-alicia-moreau-de-justo","status":"publish","type":"page","link":"https:\/\/ies1-caba.infd.edu.ar\/sitio\/biblioteca-dra-alicia-moreau-de-justo\/","title":{"rendered":"Biblioteca \u00abDra. Alicia Moreau de Justo\u00bb"},"content":{"rendered":"\n<style> \/* Ocultar \u00edconos de redes sociales *\/ .a2a_kit, .a2a_button_facebook, .a2a_button_twitter, .a2a_button_whatsapp, .a2a_dd, [class*=\"a2a_button_\"] { display: none !important; } <\/style>\n\n\n\n<hr class=\"wp-block-separator has-alpha-channel-opacity\"\/>\n\n\n\n<p><strong>Horario de atenci\u00f3n<br><\/strong>lunes a viernes de 9 a 13 h y de 18:30 a 22:30 h. <\/p>\n\n\n\n<p><strong>Mail<\/strong><br>ies1biblioteca@gmail.com<\/p>\n\n\n\n<p><\/p>\n\n\n\n<p><strong>Redes Sociales<\/strong><br><a rel=\"noreferrer noopener\" href=\"https:\/\/www.google.com\/url?q=https%3A%2F%2Fwww.instagram.com%2Fbiblioaliciamoreauies1%2F&amp;sa=D&amp;sntz=1&amp;usg=AOvVaw36Y3QD5BMK-TV2hG3uBExn\" data-type=\"URL\" data-id=\"https:\/\/www.google.com\/url?q=https%3A%2F%2Fwww.instagram.com%2Fbiblioaliciamoreauies1%2F&amp;sa=D&amp;sntz=1&amp;usg=AOvVaw36Y3QD5BMK-TV2hG3uBExn\" target=\"_blank\">Instagram <\/a>y <a rel=\"noreferrer noopener\" href=\"https:\/\/www.google.com\/url?q=https%3A%2F%2Fwww.facebook.com%2Fbiblio.alicia.ies1&amp;sa=D&amp;sntz=1&amp;usg=AOvVaw0tj3Ee10C9_2ltol8HfSZb\" data-type=\"URL\" data-id=\"https:\/\/www.google.com\/url?q=https%3A%2F%2Fwww.facebook.com%2Fbiblio.alicia.ies1&amp;sa=D&amp;sntz=1&amp;usg=AOvVaw0tj3Ee10C9_2ltol8HfSZb\" target=\"_blank\">Facebook <\/a><\/p>\n\n\n\n<p><strong>Cat\u00e1logo en l\u00ednea<br><\/strong><a rel=\"noreferrer noopener\" href=\"http:\/\/10.120.0.225:8081\/\" target=\"_blank\">Acceso al cat\u00e1logo<\/a><\/p>\n\n\n\n<p class=\"has-text-align-center\"> . . . <\/p>\n\n\n\n<p><strong>Servicios disponibles <\/strong><\/p>\n\n\n\n<ul>\n<li>Pr\u00e9stamo de documentos de la colecci\u00f3n general en sala y a domicilio<\/li>\n\n\n\n<li>Cat\u00e1logo bibliogr\u00e1fico en l\u00ednea<\/li>\n\n\n\n<li>Pr\u00e9stamo de Netbooks<\/li>\n\n\n\n<li>Programas y planes de estudio<\/li>\n\n\n\n<li>Constancia Libre deuda<\/li>\n\n\n\n<li>Pr\u00e9stamo de PC<\/li>\n\n\n\n<li>Servicio de referencia virtual<\/li>\n<\/ul>\n\n\n\n<p><\/p>\n\n\n\n<p class=\"has-text-align-center\">. . .<\/p>\n\n\n\n<p class=\"has-text-align-center\">Lxs estudiantes que no est\u00e9n registradxs en la biblioteca, pueden realizar el tr\u00e1mite presencialmente <br>en nuestros horarios de atenci\u00f3n o a trav\u00e9s del siguiente formulario: <a rel=\"noreferrer noopener\" href=\"https:\/\/forms.gle\/zcf5qKrTFJB8DF7F6\" target=\"_blank\">https:\/\/forms.gle\/zcf5qKrTFJB8DF7F6 <\/a><br>Tanto la inscripci\u00f3n como los servicios que se brindan son gratuitos.<\/p>\n\n\n\n<p class=\"has-text-align-center\">. . .<\/p>\n\n\n\n<div class=\"wp-block-buttons is-content-justification-center is-layout-flex wp-container-1\">\n<div class=\"wp-block-button\"><a class=\"wp-block-button__link has-text-align-center wp-element-button\" href=\"https:\/\/ies1-caba.infd.edu.ar\/sitio\/recursos-y-materiales-de-estudio\/\" target=\"_blank\" rel=\"noreferrer noopener\">Otros recursos<\/a><\/div>\n\n\n\n<div class=\"wp-block-button\"><a class=\"wp-block-button__link has-text-align-center wp-element-button\" href=\"https:\/\/ies1-caba.infd.edu.ar\/sitio\/historia-de-la-biblioteca-dra-alicia-moreau-de-justo\/\">Historia<\/a><\/div>\n<\/div>\n\n\n\n<div style=\"height:43px\" aria-hidden=\"true\" class=\"wp-block-spacer\"><\/div>\n\n\n\n<hr class=\"wp-block-separator has-alpha-channel-opacity\"\/>\n\n\n\n<pre class=\"wp-block-verse\"><strong>Pr\u00e9stamo de documentos de la colecci\u00f3n general en sala y a domicilio<\/strong><\/pre>\n\n\n\n<ul>\n<li><strong>Los pr\u00e9stamos domiciliarios de material bibliogr\u00e1fico son por el plazo de <\/strong><strong>15 d\u00edas<\/strong><strong>. Pasada la fecha, el\/la usuario\/a&nbsp; puede optar por renovar su pr\u00e9stamo en forma presencial o por mail (ies1biblioteca@gmail.com) o bien devolver los documentos.<\/strong><\/li>\n\n\n\n<li><strong>De nuestro Reglamento de Biblioteca, recordamos que: <\/strong><em>\u00abLas sanciones por mora consisten en suspensi\u00f3n de 1 d\u00eda por cada d\u00eda de mora. Si alg\u00fan usuario se encuentra en condici\u00f3n de moroso al finalizar el per\u00edodo de clases, <\/em><em>no podr\u00e1 realizar ning\u00fan tr\u00e1mite<\/em><em> en Secretar\u00eda (inscripci\u00f3n a ex\u00e1menes o a materias, solicitudes de certificados, etc.).\u00bb<\/em><\/li>\n<\/ul>\n\n\n\n<p><strong>L<\/strong><strong>xs alumnxs que inician el primer a\u00f1o del profesorado\/carrera&nbsp; podr\u00e1n solicitar el pr\u00e9stamo a domicilio&nbsp; a partir de su segundo cuatrimestre de cursada.<\/strong><\/p>\n\n\n\n<div style=\"height:6px\" aria-hidden=\"true\" class=\"wp-block-spacer\"><\/div>\n\n\n\n<pre class=\"wp-block-verse\"><strong>Cat\u00e1logo bibliogr\u00e1fico en l\u00ednea<\/strong><\/pre>\n\n\n\n<p>Pod\u00e9s ingresar al cat\u00e1logo para navegar nuestra biblioteca desde cualquier dispositivo (PC de biblioteca, Netbook, Celular) dentro del Alicia. <\/p>\n\n\n\n<p>Ten\u00e9s que ingresar en la barra del navegador este n\u00famero 10.120.0.225. <\/p>\n\n\n\n<p>Visitar el enlace: <a href=\"http:\/\/10.120.0.225:8081\/\" data-type=\"URL\" data-id=\"http:\/\/10.120.0.225:8081\/\" target=\"_blank\" rel=\"noreferrer noopener\">Acceso al cat\u00e1logo en l\u00ednea <\/a><\/p>\n\n\n\n<p>Luego pas\u00e1 por biblioteca para solicitar tu selecci\u00f3n.<\/p>\n\n\n\n<div style=\"height:6px\" aria-hidden=\"true\" class=\"wp-block-spacer\"><\/div>\n\n\n\n<pre class=\"wp-block-verse\"><strong>Pr\u00e9stamo de Netbooks<\/strong><\/pre>\n\n\n\n<p>Los dispositivos se prestan para usar dentro del recinto de la instituci\u00f3n presentando DNI.&nbsp;<\/p>\n\n\n\n<div style=\"height:7px\" aria-hidden=\"true\" class=\"wp-block-spacer\"><\/div>\n\n\n\n<pre class=\"wp-block-verse\"><strong>Programas y planes de estudio<\/strong><\/pre>\n\n\n\n<p>Para consultar los programas, pueden comunicarse por mail a&nbsp;&nbsp;<a rel=\"noreferrer noopener\" href=\"mailto:ies1biblioteca@gmail.com\" target=\"_blank\">ies1biblioteca@gmail.com<\/a>, indicar&nbsp;carrera\/profesorado,&nbsp;detalle de los programas (nombre de la asignatura, a\u00f1o de aprobaci\u00f3n, docente)&nbsp;y motivo de la consulta del programa. <\/p>\n\n\n\n<p><strong>Tambi\u00e9n, pueden <\/strong>consultar <strong>en forma presencial, en los d\u00edas y horarios de atenci\u00f3n.&nbsp;<\/strong><\/p>\n\n\n\n<div style=\"height:9px\" aria-hidden=\"true\" class=\"wp-block-spacer\"><\/div>\n\n\n\n<pre class=\"wp-block-verse\"><strong>Constancia Libre deuda<\/strong><\/pre>\n\n\n\n<p>El comprobante se emite <strong>presencialmente <\/strong>en la biblioteca. <\/p>\n\n\n\n<p>El\/la solicitante debe presentar su DNI y no debe registrar material en pr\u00e9stamo. El tr\u00e1mite es <strong>personal <\/strong>y <strong>gratuito<\/strong>.<\/p>\n\n\n\n<div style=\"height:9px\" aria-hidden=\"true\" class=\"wp-block-spacer\"><\/div>\n\n\n\n<pre class=\"wp-block-verse\"><strong>Pr\u00e9stamo de PC<\/strong><\/pre>\n\n\n\n<p>Computadora de escritorio disponible para trabajar en la biblioteca.<\/p>\n\n\n\n<div style=\"height:9px\" aria-hidden=\"true\" class=\"wp-block-spacer\"><\/div>\n\n\n\n<pre class=\"wp-block-verse\"><strong>Servicio de referencia virtual<\/strong><\/pre>\n\n\n\n<p><strong>El servicio de referencia virtual ofrece la b\u00fasqueda y provisi\u00f3n de art\u00edculos acad\u00e9micos, publicaciones peri\u00f3dicas, o cualquier material, en formato impreso o electr\u00f3nico, seg\u00fan lo que solicite el estudiante. Tambi\u00e9n, la provisi\u00f3n de libros electr\u00f3nicos. <\/strong><\/p>\n\n\n\n<p>Para utilizar el servicio, deber\u00e1n completar el siguiente formulario<a href=\"https:\/\/bit.ly\/3fMdzhm\" target=\"_blank\" rel=\"noreferrer noopener\"> https:\/\/bit.ly\/3fMdzhm<\/a><\/p>\n","protected":false},"excerpt":{"rendered":"<p>Horario de atenci\u00f3nlunes a viernes de 9 a 13 h y de 18:30 a 22:30 h. Mailies1biblioteca@gmail.com Redes SocialesInstagram y Facebook Cat\u00e1logo en l\u00edneaAcceso al cat\u00e1logo . . . Servicios disponibles . . . Lxs estudiantes que no est\u00e9n registradxs en la biblioteca, pueden realizar el tr\u00e1mite presencialmente en nuestros horarios de atenci\u00f3n o a &#8230; <a title=\"Biblioteca \u00abDra. Alicia Moreau de Justo\u00bb\" class=\"read-more\" href=\"https:\/\/ies1-caba.infd.edu.ar\/sitio\/biblioteca-dra-alicia-moreau-de-justo\/\" aria-label=\"More on Biblioteca \u00abDra. Alicia Moreau de Justo\u00bb\">[+]<\/a><\/p>\n","protected":false},"author":11703,"featured_media":0,"parent":0,"menu_order":0,"comment_status":"closed","ping_status":"closed","template":"","meta":[],"acf":[],"_links":{"self":[{"href":"https:\/\/ies1-caba.infd.edu.ar\/sitio\/wp-json\/wp\/v2\/pages\/15792"}],"collection":[{"href":"https:\/\/ies1-caba.infd.edu.ar\/sitio\/wp-json\/wp\/v2\/pages"}],"about":[{"href":"https:\/\/ies1-caba.infd.edu.ar\/sitio\/wp-json\/wp\/v2\/types\/page"}],"author":[{"embeddable":true,"href":"https:\/\/ies1-caba.infd.edu.ar\/sitio\/wp-json\/wp\/v2\/users\/11703"}],"replies":[{"embeddable":true,"href":"https:\/\/ies1-caba.infd.edu.ar\/sitio\/wp-json\/wp\/v2\/comments?post=15792"}],"version-history":[{"count":24,"href":"https:\/\/ies1-caba.infd.edu.ar\/sitio\/wp-json\/wp\/v2\/pages\/15792\/revisions"}],"predecessor-version":[{"id":16097,"href":"https:\/\/ies1-caba.infd.edu.ar\/sitio\/wp-json\/wp\/v2\/pages\/15792\/revisions\/16097"}],"wp:attachment":[{"href":"https:\/\/ies1-caba.infd.edu.ar\/sitio\/wp-json\/wp\/v2\/media?parent=15792"}],"curies":[{"name":"wp","href":"https:\/\/api.w.org\/{rel}","templated":true}]}}