{"id":15381,"date":"2025-08-07T21:11:08","date_gmt":"2025-08-08T00:11:08","guid":{"rendered":"https:\/\/ies1-caba.infd.edu.ar\/sitio\/?page_id=15381"},"modified":"2025-08-18T09:16:55","modified_gmt":"2025-08-18T12:16:55","slug":"solicitud-de-equivalencias","status":"publish","type":"page","link":"https:\/\/ies1-caba.infd.edu.ar\/sitio\/solicitud-de-equivalencias\/","title":{"rendered":"Solicitud de equivalencias"},"content":{"rendered":"\n<style> \/* Ocultar \u00edconos de redes sociales *\/ .a2a_kit, .a2a_button_facebook, .a2a_button_twitter, .a2a_button_whatsapp, .a2a_dd, [class*=\"a2a_button_\"] { display: none !important; } <\/style>\n\n\n\n<hr class=\"wp-block-separator has-alpha-channel-opacity\"\/>\n\n\n\n<pre class=\"wp-block-code\"><code><\/code><\/pre>\n\n\n\n<p><\/p>\n\n\n\n<h4 class=\"wp-block-heading has-text-align-center\"><strong>Procedimiento para solicitar equivalencias en el IES N.\u00ba1 \u201cDra. Alicia Moreau de Justo\u201d<\/strong><\/h4>\n\n\n\n<ul>\n<li>Para solicitar equivalencias, es necesario haber realizado previamente la inscripci\u00f3n a la carrera elegida en el IES n\u00ba1.<\/li>\n\n\n\n<li>Se sugiere a les estudiantes inscribirse en la\/s materia\/s que solicitar\u00e1n por equivalencia, para no perder la cursada del espacio curricular en caso de que la resoluci\u00f3n no sea favorable.<\/li>\n\n\n\n<li>La solicitud deber\u00e1 presentarse en el per\u00edodo indicado en el calendario acad\u00e9mico<\/li>\n\n\n\n<li>Toda la documentaci\u00f3n se presentar\u00e1 foliada (p\u00e1g 1\/x, 2\/x, 3\/x, etc) \u2013los programas, certificados an\u00e1l\u00edticos, t\u00edtulos y las certificaciones de servicio en caso de corresponder\u2013 en una carpeta o un folio agarrada con nepaco junto con el formulario de solicitud.<\/li>\n\n\n\n<li>La cantidad de folios se asentar\u00e1 en el formulario entregado por la o el estudiante junto con la documentaci\u00f3n en el Departamento de alumnos; quien la reciba firmar\u00e1 el formulario y el tal\u00f3n indicando fecha de recepci\u00f3n.\u00a0<\/li>\n\n\n\n<li>Luego de un primer control administrativo, la documentaci\u00f3n ser\u00e1 evaluada por la coordinaci\u00f3n de trayecto o direcci\u00f3n de carrera, teniendo en cuenta lo indicado en la disposici\u00f3n vigente (ver disposici\u00f3n a continuaci\u00f3n).<\/li>\n\n\n\n<li>Una vez que el responsable acad\u00e9mico del trayecto o carrera haya evaluado la solicitud, decidir\u00e1 si otorga o no cada una de las materias solicitadas por equivalencia.<\/li>\n\n\n\n<li>En base a la decisi\u00f3n del referente acad\u00e9mico, se armar\u00e1 la disposici\u00f3n de otorgamiento de las materias que se consideren aprobadas por este mecanismo que firmar\u00e1 el Secretario\/a y el Rector\/a o\u00a0 Vicerrector\/a.<\/li>\n\n\n\n<li> Una vez completado el proceso, el Departamento de Alumnos avisar\u00e1 a la o el estudiante la resoluci\u00f3n respecto a su solicitud.<\/li>\n<\/ul>\n\n\n\n<div style=\"height:25px\" aria-hidden=\"true\" class=\"wp-block-spacer\"><\/div>\n\n\n\n<p><\/p>\n\n\n\n<h5 class=\"wp-block-heading\"><strong>Disposici\u00f3n de Rectorado 01\/2021<\/strong><\/h5>\n\n\n\n<p><strong>R\u00e9gimen de equivalencias<\/strong><\/p>\n\n\n\n<p><em>Generalidades<\/em><\/p>\n\n\n\n<p><br>El r\u00e9gimen de equivalencias se refiere a la posibilidad de acreditar unidades curriculares pertenecientes a planes anteriores al vigente o de otras carreras, ya sea en la misma instituci\u00f3n o entre distintas instituciones educativas de nivel superior universitario y\/o no universitario reconocidas oficialmente. Las unidades curriculares cuya equivalencia se solicite deber\u00e1n ser similares en extensi\u00f3n y complejidad a la que se est\u00e1 desarrollando en el plan de estudios que el alumno\/a est\u00e1 cursando, requisito que se juzgar\u00e1 comparando los planes de estudio y los programas. <\/p>\n\n\n\n<p>Corresponde a los departamentos acad\u00e9micos dictaminar sobre la concesi\u00f3n de equivalencias. La decisi\u00f3n debe ser convalidada por la Secretar\u00eda Acad\u00e9mica y el Rectorado.<a href=\"#_edn1\" id=\"_ednref1\">[i]<\/a><\/p>\n\n\n\n<p><strong><em>Especificidades<\/em><\/strong><\/p>\n\n\n\n<p><strong><u>De la presentaci\u00f3n<\/u><\/strong><\/p>\n\n\n\n<p>El\/la estudiante iniciar\u00e1 el tr\u00e1mite en los departamentos de alumnxs correspondientes entregando:<\/p>\n\n\n\n<ul>\n<li>Solicitud de equivalencias.<\/li>\n\n\n\n<li>Programas debidamente legalizados donde conste: contenidos m\u00ednimos, car\u00e1cter del espacio (asignatura, taller, seminario) tipo de cursada (anual, cuatrimestral, presencial, semipresencial, virtual), carga horaria, objetivos y bibliograf\u00eda.<\/li>\n\n\n\n<li>Certificado anal\u00edtico de materias aprobadas debidamente legalizado.<\/li>\n<\/ul>\n\n\n\n<div style=\"height:39px\" aria-hidden=\"true\" class=\"wp-block-spacer\"><\/div>\n\n\n\n<p><strong><u>De la actuaci\u00f3n para el tratamiento de la solicitud<\/u><\/strong><\/p>\n\n\n\n<p>El\/la coordinador\/a de los profesorados y Director\/a de carrera de Psicopedagog\u00eda emitir\u00e1 opini\u00f3n sobre la solicitud de equivalencia de las unidades curriculares de acuerdo a los siguientes orientaciones:<\/p>\n\n\n\n<ul>\n<li> Se podr\u00e1 presentar m\u00e1s de una materia aprobada para solicitar una instancia curricular;<\/li>\n\n\n\n<li> Se otorgar\u00e1 solo una instancia curricular por materia presentada.<\/li>\n\n\n\n<li>Se debe respetar la modalidad entre la instancia presentada y la otorgada (por ejemplo no puede otorgarse una materia por presentaci\u00f3n de seminario y\/o un taller).<\/li>\n\n\n\n<li>El programa presentado debe contemplar los contenidos m\u00ednimos estipulados en el plan de estudio.<\/li>\n\n\n\n<li>Se considerar\u00e1 la pertinencia de la bibliograf\u00eda al nivel y a los contenidos m\u00ednimos<\/li>\n\n\n\n<li>Se considerar\u00e1n los objetivos relacionados con la formaci\u00f3n de profesores de nivel secundario y superior.<\/li>\n\n\n\n<li>Los talleres, seminarios tanto de la disciplina como de las Pr\u00e1cticas no se otorgan por equivalencias.<\/li>\n\n\n\n<li>Se podr\u00e1 otorgar equivalencia de una materia cuatrimestral aprobada en una Universidad Nacional por una anual en nuestra Instituci\u00f3n, siempre que contemple los contenidos m\u00ednimos del plan de estudios vigente.<\/li>\n\n\n\n<li>El Taller de Lectura, Escritura y Oralidad I se otorgar\u00e1 por equivalencia a las\/los estudiantes con T\u00edtulo Terciario y\/o Universitario. Asimismo, se les otorgar\u00e1 a quienes lo hayan aprobado en Instituciones Terciarias y la fecha no supere los 10 a\u00f1os.<\/li>\n\n\n\n<li>En caso de que el\/la peticionante haya abandonado sus estudios, la\/s materia\/s presentada\/s no puede tener m\u00e1s de diez a\u00f1os de que se haya aprobado.<\/li>\n\n\n\n<li>Una vez aprobada la solicitud, el Departamento de Alumnos lo elevar\u00e1 con el informe correspondiente a Secretar\u00eda quien deber\u00e1 completarlo con fecha, n\u00famero de resoluci\u00f3n y firma de secretar\u00eda y rectorado.<\/li>\n\n\n\n<li>En caso de considerarlo necesario el\/la coordinador\/a podr\u00e1 solicitar un coloquio u otra forma de evaluaci\u00f3n para decidir el otorgamiento de la instancia curricular peticionada. Este no ir\u00e1 con nota sino que solo definir\u00e1 la aprobaci\u00f3n o reprobaci\u00f3n de la equivalencia.<\/li>\n<\/ul>\n\n\n\n<p><\/p>\n\n\n\n<hr class=\"wp-block-separator has-alpha-channel-opacity\"\/>\n\n\n\n<p><a href=\"#_ednref1\" id=\"_edn1\">[i]<\/a> Texto tomado y modificado del art 29 del REGLAMENTO ACAD\u00c9MICO INSTITUCIONAL.<\/p>\n\n\n\n<p><\/p>\n","protected":false},"excerpt":{"rendered":"<p>Procedimiento para solicitar equivalencias en el IES N.\u00ba1 \u201cDra. Alicia Moreau de Justo\u201d Disposici\u00f3n de Rectorado 01\/2021 R\u00e9gimen de equivalencias Generalidades El r\u00e9gimen de equivalencias se refiere a la posibilidad de acreditar unidades curriculares pertenecientes a planes anteriores al vigente o de otras carreras, ya sea en la misma instituci\u00f3n o entre distintas instituciones educativas &#8230; <a title=\"Solicitud de equivalencias\" class=\"read-more\" href=\"https:\/\/ies1-caba.infd.edu.ar\/sitio\/solicitud-de-equivalencias\/\" aria-label=\"More on Solicitud de equivalencias\">[+]<\/a><\/p>\n","protected":false},"author":11703,"featured_media":0,"parent":0,"menu_order":0,"comment_status":"closed","ping_status":"closed","template":"","meta":[],"acf":[],"_links":{"self":[{"href":"https:\/\/ies1-caba.infd.edu.ar\/sitio\/wp-json\/wp\/v2\/pages\/15381"}],"collection":[{"href":"https:\/\/ies1-caba.infd.edu.ar\/sitio\/wp-json\/wp\/v2\/pages"}],"about":[{"href":"https:\/\/ies1-caba.infd.edu.ar\/sitio\/wp-json\/wp\/v2\/types\/page"}],"author":[{"embeddable":true,"href":"https:\/\/ies1-caba.infd.edu.ar\/sitio\/wp-json\/wp\/v2\/users\/11703"}],"replies":[{"embeddable":true,"href":"https:\/\/ies1-caba.infd.edu.ar\/sitio\/wp-json\/wp\/v2\/comments?post=15381"}],"version-history":[{"count":6,"href":"https:\/\/ies1-caba.infd.edu.ar\/sitio\/wp-json\/wp\/v2\/pages\/15381\/revisions"}],"predecessor-version":[{"id":15398,"href":"https:\/\/ies1-caba.infd.edu.ar\/sitio\/wp-json\/wp\/v2\/pages\/15381\/revisions\/15398"}],"wp:attachment":[{"href":"https:\/\/ies1-caba.infd.edu.ar\/sitio\/wp-json\/wp\/v2\/media?parent=15381"}],"curies":[{"name":"wp","href":"https:\/\/api.w.org\/{rel}","templated":true}]}}