{"id":14881,"date":"2025-05-20T09:51:59","date_gmt":"2025-05-20T12:51:59","guid":{"rendered":"https:\/\/ies1-caba.infd.edu.ar\/sitio\/?page_id=14881"},"modified":"2026-02-27T12:03:15","modified_gmt":"2026-02-27T15:03:15","slug":"inscripciones","status":"publish","type":"page","link":"https:\/\/ies1-caba.infd.edu.ar\/sitio\/inscripciones\/","title":{"rendered":""},"content":{"rendered":"\n<style> \/* Ocultar \u00edconos de redes sociales *\/ .a2a_kit, .a2a_button_facebook, .a2a_button_twitter, .a2a_button_whatsapp, .a2a_dd, [class*=\"a2a_button_\"] { display: none !important; } <\/style>\n\n\n\n<!-- Estilo base para los bloques -->\n<style>\n  .bloque-inscripcion {\n    border: 2px solid #10314e;\n    border-radius: 12px;\n    padding: 20px;\n    background-color: #f9f9f9;\n    margin-bottom: 30px;\n    font-family: Arial, sans-serif;\n  }\n  .bloque-inscripcion h3 {\n    color: #10314e;\n    margin-top: 0;\n  }\n  .bloque-inscripcion ul {\n    padding-left: 20px;\n  }\n  .boton-enlace {\n    display: inline-block;\n    background-color: #e1752d;\n    color: #fff;\n    padding: 10px 16px;\n    margin: 5px 5px 5px 0;\n    border-radius: 6px;\n    text-decoration: none;\n    font-weight: bold;\n  }\n  .bloque-encabezado {\n    text-align: center;\n    font-weight: bold;\n    font-size: 1.6em;\n    line-height: 1.8;\n    margin-bottom: 30px;\n    color: #10314e;\n  }\n<\/style>\n\n<!-- Encabezado centrado, grande y en negrita -->\n<div class=\"bloque-inscripcion bloque-encabezado\">\n  &#x1f4dd; Inscripci\u00f3n a Profesorados y Carrera de Psicopedagog\u00eda<br>\n  IES N.\u00b01 \u201cDra. Alicia Moreau de Justo\u201d<br>\n  Primer cuatrimestre 2026\n\n<\/div>\n\n<!-- Paso 1 -->\n<div class=\"bloque-inscripcion\">\n  <h3>&#x1f539; El curso de ingreso 2026 se desarrollar\u00e1 entre los d\u00edas 2 y 6 de marzo. Accede al horario <\/h3>\n   \n<\/div>\n\n<\/div>\n\n<!-- Paso 1 -->\n<div class=\"bloque-inscripcion\">\n  <h3>&#x1f539; Paso 1: Preinscripci\u00f3n Online<\/h3>\n  <p><strong>Fechas:<\/strong> del <strong>6 de octubre<\/strong> al <strong>6 de diciembre de 2025<\/strong><br>\n<strong>Per\u00edodo complementario<\/strong> a partir del <strong>15 de diciembre de 2025<\/strong><br> al <strong> 20 de febrero de 2026<\/strong><br> \n  \n\n  <p>La preinscripci\u00f3n se realiza en la plataforma <strong>Siu Guaran\u00ed<\/strong> seg\u00fan tu situaci\u00f3n:<\/p>\n\n  <ul>\n    <li><strong>Si no est\u00e1s inscripto en ninguna carrera del GCBA:<\/strong><br>\n      Ingres\u00e1 al <a href=\"https:\/\/guarani-autogestionfdocente.bue.edu.ar\/preinscripcion\/caba\/acceso\" target=\"_blank\" rel=\"noopener\">M\u00f3dulo de Preinscripci\u00f3n<\/a>. Finaliz\u00e1 el tr\u00e1mite haciendo clic en \u201cFinalizar\u201d y guard\u00e1\/imprim\u00ed el formulario.<\/li>\n    <li><strong>Si ya sos estudiante del GCBA:<\/strong><br>\n      Ingres\u00e1 al <a href=\"https:\/\/guarani-autogestionfdocente.bue.edu.ar\/\" target=\"_blank\" rel=\"noopener\">M\u00f3dulo de Autogesti\u00f3n<\/a>. Ir a \u00abTr\u00e1mites\u00bb \u2192 \u00abPreinscripci\u00f3n a propuestas\u00bb. No necesit\u00e1s imprimir formulario.<\/li>\n  <\/ul>\n\n \n\n  <p>&#x1f4da; Consult\u00e1 los instructivos y preguntas frecuentes:<\/p>\n  <a href=\"https:\/\/drive.google.com\/file\/d\/1zu1j-fn--i37Nj65bNOkgirWpaMWOXMO\/view\" class=\"boton-enlace\" target=\"_blank\" rel=\"noopener\">Preinscripci\u00f3n para Aspirantes<\/a>\n  <a href=\"https:\/\/drive.google.com\/file\/d\/1f1lAXNPZCrgM2sSl013CR_BOro8qxXn9\/view\" class=\"boton-enlace\" target=\"_blank\" rel=\"noopener\">Preinscripci\u00f3n para Estudiantes<\/a>\n  <a href=\"https:\/\/drive.google.com\/file\/d\/18GIt1zpm9DXg1crR6spg0xO1jj1DUYkw\/view\" class=\"boton-enlace\" target=\"_blank\" rel=\"noopener\">Preguntas frecuentes<\/a>\n<\/div>\n\n<!-- Paso 2 -->\n<div class=\"bloque-inscripcion\">\n  <h3>&#x1f4c4; Paso 2: Entrega de Documentaci\u00f3n<\/h3>\n  <p><strong>Lugar:<\/strong> Departamento de Alumnos \u2013 C\u00f3rdoba 2016, CABA (1er piso)<br>\n  <strong>Horarios:<\/strong> Lunes a Viernes de 9 a 12 hs y de 18:30 a 20:30 hs<\/p>\n\n  <p><strong>Fechas de entrega:<\/strong><\/p>\n  <ul>\n    <li>Del <strong>20 de octubre<\/strong> al <strong>20 de noviembre de 2025<\/strong> y del <strong>1\u00b0 al 12 de diciembre de 2025<\/strong><\/li>\n<li>Para el <strong>per\u00edodo complemetario<\/strong> ser\u00e1 hasta el <strong> 27 febrero de 2026<\/strong><\/li>\n   \n  <\/ul>\n\n  <p><strong>Documentaci\u00f3n a presentar:<\/strong><\/p>\n  <ul>\n\n    <li><strong>Fotocopia del DNI<\/strong><\/li>\n    <li><strong>T\u00edtulo secundario<\/strong> (original y copia) o constancia de t\u00edtulo en tr\u00e1mite <\/li>\n    <li><strong>Constancia de preinscripci\u00f3n<\/strong> (si es tu primer ingreso al Siu)<\/li>\n    <li><a href=\"https:\/\/ies1-caba.infd.edu.ar\/sitio\/wp-content\/uploads\/2025\/09\/Formulario_inscripcion_2026.pdf\" target=\"_blank\" rel=\"noopener\"><strong>Formulario de inscripci\u00f3n 2026<\/a><\/strong> (imprimir y completar)<\/li>\n    <li>Partida de nacimiento (opcional)<\/li>\n    <li><a href=\"https:\/\/drive.google.com\/file\/d\/1uhVQ2zyYtW-d_Jp_BYn0-OYuqg-u12Iz\/view?usp=sharing\" target=\"_blank\" rel=\"noopener\">Ficha de salud<\/a> (opcionan en esta instancia, no requiere firma m\u00e9dica)<\/li>\n  <\/ul>\n<\/div>\n\n<!-- Paso 3 -->\n<div class=\"bloque-inscripcion\">\n  <h3>&#x1f4da; Paso 3: Curso de Ingreso<\/h3>\n  <p><strong>El Curso de Ingreso<\/strong> es de car\u00e1cter <strong>obligatorio<\/strong> para todas las carreras que se dictan en nuestro instituto. Est\u00e1 destinado a todas las personas que inician su formaci\u00f3n acad\u00e9mica en el nivel superior, y se dicta al comienzo de cada cuatrimestre, previo al inicio de las clases regulares.<\/p>\n\n<a href=\"https:\/\/drive.google.com\/drive\/folders\/1NYgtg6aooWKraMTS1XEfx5WxBeTthmu-\" target=\"_blank\" rel=\"noopener\"><strong>Horarios y fechas del Curso de Ingreso 2026<\/strong> <\/a><\/li>\n<p>Te invitamos a seguir nuestras actualizaciones para no perderte ninguna novedad.<\/p>\n<\/p>\n","protected":false},"excerpt":{"rendered":"<p>&#x1f4dd; Inscripci\u00f3n a Profesorados y Carrera de Psicopedagog\u00eda IES N.\u00b01 \u201cDra. Alicia Moreau de Justo\u201d Primer cuatrimestre 2026 &#x1f539; El curso de ingreso 2026 se desarrollar\u00e1 entre los d\u00edas 2 y 6 de marzo. Accede al horario &#x1f539; Paso 1: Preinscripci\u00f3n Online Fechas: del 6 de octubre al 6 de diciembre de 2025 Per\u00edodo complementario &#8230; <a title=\"\" class=\"read-more\" href=\"https:\/\/ies1-caba.infd.edu.ar\/sitio\/inscripciones\/\" aria-label=\"More on \">[+]<\/a><\/p>\n","protected":false},"author":11700,"featured_media":0,"parent":0,"menu_order":0,"comment_status":"closed","ping_status":"closed","template":"","meta":[],"acf":[],"_links":{"self":[{"href":"https:\/\/ies1-caba.infd.edu.ar\/sitio\/wp-json\/wp\/v2\/pages\/14881"}],"collection":[{"href":"https:\/\/ies1-caba.infd.edu.ar\/sitio\/wp-json\/wp\/v2\/pages"}],"about":[{"href":"https:\/\/ies1-caba.infd.edu.ar\/sitio\/wp-json\/wp\/v2\/types\/page"}],"author":[{"embeddable":true,"href":"https:\/\/ies1-caba.infd.edu.ar\/sitio\/wp-json\/wp\/v2\/users\/11700"}],"replies":[{"embeddable":true,"href":"https:\/\/ies1-caba.infd.edu.ar\/sitio\/wp-json\/wp\/v2\/comments?post=14881"}],"version-history":[{"count":49,"href":"https:\/\/ies1-caba.infd.edu.ar\/sitio\/wp-json\/wp\/v2\/pages\/14881\/revisions"}],"predecessor-version":[{"id":16114,"href":"https:\/\/ies1-caba.infd.edu.ar\/sitio\/wp-json\/wp\/v2\/pages\/14881\/revisions\/16114"}],"wp:attachment":[{"href":"https:\/\/ies1-caba.infd.edu.ar\/sitio\/wp-json\/wp\/v2\/media?parent=14881"}],"curies":[{"name":"wp","href":"https:\/\/api.w.org\/{rel}","templated":true}]}}