{"id":14761,"date":"2025-05-13T11:07:39","date_gmt":"2025-05-13T14:07:39","guid":{"rendered":"https:\/\/ies1-caba.infd.edu.ar\/sitio\/?page_id=14761"},"modified":"2025-05-29T20:23:07","modified_gmt":"2025-05-29T23:23:07","slug":"lenguaje-inclusivo","status":"publish","type":"page","link":"https:\/\/ies1-caba.infd.edu.ar\/sitio\/lenguaje-inclusivo\/","title":{"rendered":"Lenguaje Inclusivo"},"content":{"rendered":"\n<style> \/* Ocultar \u00edconos de redes sociales *\/ .a2a_kit, .a2a_button_facebook, .a2a_button_twitter, .a2a_button_whatsapp, .a2a_dd, [class*=\"a2a_button_\"] { display: none !important; } <\/style>\n\n\n\n<h3 class=\"wp-block-heading\"><strong>Solicitud de aprobaci\u00f3n del uso del lenguaje inclusivo<\/strong><\/h3>\n\n\n\n<p><strong>\u00c1rea de G\u00e9nero \u2013 IES N.\u00ba 1 \u201cDra. Alicia Moreau de Justo\u201d<\/strong><\/p>\n\n\n\n<hr class=\"wp-block-separator has-alpha-channel-opacity\"\/>\n\n\n\n<h4 class=\"wp-block-heading\">Una de las demandas sociales m\u00e1s significativas desde la perspectiva de la <strong>equidad de g\u00e9nero<\/strong> es la incorporaci\u00f3n del <strong>lenguaje inclusivo y no sexista<\/strong> en la comunicaci\u00f3n institucional, tanto oral como escrita.<\/h4>\n\n\n\n<hr class=\"wp-block-separator has-alpha-channel-opacity\"\/>\n\n\n\n<h4 class=\"wp-block-heading\">&#x1f4cc; \u00bfQu\u00e9 entendemos por lenguaje inclusivo?<\/h4>\n\n\n\n<p>Es una forma de expresi\u00f3n que:<\/p>\n\n\n\n<ul>\n<li>Reconoce la <strong>diversidad de g\u00e9nero<\/strong><\/li>\n\n\n\n<li>Evita reforzar <strong>estereotipos sexistas<\/strong><\/li>\n\n\n\n<li>Visibiliza identidades hist\u00f3ricamente marginadas<\/li>\n<\/ul>\n\n\n\n<p>El lenguaje no es neutro: <strong>construye y transforma la realidad<\/strong>. Por eso, es una herramienta clave para avanzar hacia una sociedad m\u00e1s equitativa.<\/p>\n\n\n\n<hr class=\"wp-block-separator has-alpha-channel-opacity\"\/>\n\n\n\n<h4 class=\"wp-block-heading\">&#x1f9e0; \u00bfPor qu\u00e9 es importante?<\/h4>\n\n\n\n<p>Porque el lenguaje tradicionalmente utilizado:<\/p>\n\n\n\n<ul>\n<li>Reproduce una visi\u00f3n <strong>androc\u00e9ntrica<\/strong> del mundo<\/li>\n\n\n\n<li>Invisibiliza a mujeres, personas LGBTIQ+ e identidades no binarias<\/li>\n\n\n\n<li>Limita la representaci\u00f3n de la diversidad en el discurso cotidiano y acad\u00e9mico<\/li>\n<\/ul>\n\n\n\n<p>Cambiar el lenguaje <strong>es tambi\u00e9n cambiar la cultura<\/strong>.<\/p>\n\n\n\n<hr class=\"wp-block-separator has-alpha-channel-opacity\"\/>\n\n\n\n<h4 class=\"wp-block-heading\">&#x1f4da; Marco normativo y pol\u00edtico<\/h4>\n\n\n\n<ul>\n<li><strong>Programa Nacional y de CABA de Educaci\u00f3n Sexual Integral (ESI)<\/strong>: promueven el lenguaje inclusivo.<\/li>\n\n\n\n<li><strong>Ley de Identidad de G\u00e9nero<\/strong>: garantiza el derecho a ser nombradx conforme a la identidad autopercibida.<\/li>\n\n\n\n<li>Instituciones que ya lo aprobaron:\n<ul>\n<li>Instituto Mariano Acosta<\/li>\n\n\n\n<li>UNPSJB (Humanidades y Cs. Sociales)<\/li>\n\n\n\n<li>UNR (Psicolog\u00eda)<\/li>\n\n\n\n<li>UBA (Cs. Sociales)<\/li>\n\n\n\n<li>Universidad Nacional de R\u00edo Negro<\/li>\n\n\n\n<li>C\u00e1mara de Diputados (Manual de lenguaje no sexista)<\/li>\n<\/ul>\n<\/li>\n<\/ul>\n\n\n\n<hr class=\"wp-block-separator has-alpha-channel-opacity\"\/>\n\n\n\n<h4 class=\"wp-block-heading\">&#x1f393; Rol de las instituciones de formaci\u00f3n docente<\/h4>\n\n\n\n<blockquote class=\"wp-block-quote\">\n<p><strong>Educar es tambi\u00e9n transformar.<\/strong><\/p>\n<\/blockquote>\n\n\n\n<p>Las instituciones educativas tienen la responsabilidad de:<\/p>\n\n\n\n<ul>\n<li>Garantizar la <strong>igualdad y no discriminaci\u00f3n<\/strong><\/li>\n\n\n\n<li>Promover pr\u00e1cticas pedag\u00f3gicas <strong>inclusivas y respetuosas<\/strong><\/li>\n\n\n\n<li>Reconocer la diversidad como valor educativo<\/li>\n<\/ul>\n\n\n\n<hr class=\"wp-block-separator has-alpha-channel-opacity\"\/>\n\n\n\n<h4 class=\"wp-block-heading\">&#x2705; Propuesta<\/h4>\n\n\n\n<p><strong>Solicitamos al Consejo Directivo:<\/strong><\/p>\n\n\n\n<blockquote class=\"wp-block-quote\">\n<p>Aprobar el uso del lenguaje inclusivo y no sexista<br><strong>en cualquiera de sus formas y modalidades<\/strong>, en:<\/p>\n<\/blockquote>\n\n\n\n<ul>\n<li>Clases te\u00f3ricas y pr\u00e1cticas<\/li>\n\n\n\n<li>Mesas de examen<\/li>\n\n\n\n<li>Trabajos acad\u00e9micos escritos<\/li>\n\n\n\n<li>Comunicaci\u00f3n administrativa e interna<\/li>\n<\/ul>\n\n\n\n<p>&#x1f4cc; Esta medida <strong>no es obligatoria<\/strong>, sino que <strong>habilita su uso libremente<\/strong> para quienes as\u00ed lo deseen, sin penalizaci\u00f3n ni censura.<\/p>\n\n\n\n<hr class=\"wp-block-separator has-alpha-channel-opacity\"\/>\n\n\n\n<h4 class=\"wp-block-heading\">&#x1f4ac; Consideraci\u00f3n final<\/h4>\n\n\n\n<p>El uso del lenguaje inclusivo es:<\/p>\n\n\n\n<ul>\n<li>Una elecci\u00f3n \u00e9tica y pol\u00edtica<\/li>\n\n\n\n<li>Una herramienta para construir una comunidad educativa m\u00e1s justa<\/li>\n\n\n\n<li>Un paso m\u00e1s hacia una <strong>educaci\u00f3n con perspectiva de g\u00e9nero y derechos<\/strong><\/li>\n<\/ul>\n\n\n\n<hr class=\"wp-block-separator has-alpha-channel-opacity\"\/>\n\n\n\n<p>&#x1f4e9; <strong>Contacto<\/strong><br>\u00c1rea de G\u00e9nero del Alicia<br>&#x1f4e7; <a>areadegenerodelalicia@gmail.com<\/a><\/p>\n\n\n\n<p><\/p>\n","protected":false},"excerpt":{"rendered":"<p>Solicitud de aprobaci\u00f3n del uso del lenguaje inclusivo \u00c1rea de G\u00e9nero \u2013 IES N.\u00ba 1 \u201cDra. Alicia Moreau de Justo\u201d Una de las demandas sociales m\u00e1s significativas desde la perspectiva de la equidad de g\u00e9nero es la incorporaci\u00f3n del lenguaje inclusivo y no sexista en la comunicaci\u00f3n institucional, tanto oral como escrita. &#x1f4cc; \u00bfQu\u00e9 entendemos &#8230; <a title=\"Lenguaje Inclusivo\" class=\"read-more\" href=\"https:\/\/ies1-caba.infd.edu.ar\/sitio\/lenguaje-inclusivo\/\" aria-label=\"More on Lenguaje Inclusivo\">[+]<\/a><\/p>\n","protected":false},"author":11700,"featured_media":0,"parent":0,"menu_order":0,"comment_status":"closed","ping_status":"closed","template":"","meta":[],"acf":[],"_links":{"self":[{"href":"https:\/\/ies1-caba.infd.edu.ar\/sitio\/wp-json\/wp\/v2\/pages\/14761"}],"collection":[{"href":"https:\/\/ies1-caba.infd.edu.ar\/sitio\/wp-json\/wp\/v2\/pages"}],"about":[{"href":"https:\/\/ies1-caba.infd.edu.ar\/sitio\/wp-json\/wp\/v2\/types\/page"}],"author":[{"embeddable":true,"href":"https:\/\/ies1-caba.infd.edu.ar\/sitio\/wp-json\/wp\/v2\/users\/11700"}],"replies":[{"embeddable":true,"href":"https:\/\/ies1-caba.infd.edu.ar\/sitio\/wp-json\/wp\/v2\/comments?post=14761"}],"version-history":[{"count":5,"href":"https:\/\/ies1-caba.infd.edu.ar\/sitio\/wp-json\/wp\/v2\/pages\/14761\/revisions"}],"predecessor-version":[{"id":15047,"href":"https:\/\/ies1-caba.infd.edu.ar\/sitio\/wp-json\/wp\/v2\/pages\/14761\/revisions\/15047"}],"wp:attachment":[{"href":"https:\/\/ies1-caba.infd.edu.ar\/sitio\/wp-json\/wp\/v2\/media?parent=14761"}],"curies":[{"name":"wp","href":"https:\/\/api.w.org\/{rel}","templated":true}]}}