{"id":14670,"date":"2025-05-09T10:26:57","date_gmt":"2025-05-09T13:26:57","guid":{"rendered":"https:\/\/ies1-caba.infd.edu.ar\/sitio\/?page_id=14670"},"modified":"2026-04-29T18:33:35","modified_gmt":"2026-04-29T21:33:35","slug":"espacio-de-tutoria","status":"publish","type":"page","link":"https:\/\/ies1-caba.infd.edu.ar\/sitio\/espacio-de-tutoria\/","title":{"rendered":"Espacio de Tutor\u00eda"},"content":{"rendered":"\n<style> \/* Ocultar \u00edconos de redes sociales *\/ .a2a_kit, .a2a_button_facebook, .a2a_button_twitter, .a2a_button_whatsapp, .a2a_dd, [class*=\"a2a_button_\"] { display: none !important; } <\/style>\n\n\n\n<hr class=\"wp-block-separator has-alpha-channel-opacity\"\/>\n\n\n\n<div style=\"max-width: 900px; margin: 0 auto; font-family: Arial, sans-serif; color: #222; line-height: 1.5;\">\n\n  <!-- Enlace -->\n  <div style=\"background: #f5f7fa; border-left: 5px solid #e1752d; padding: 16px; border-radius: 8px; margin-bottom: 28px;\">\n    <strong style=\"font-size: 18px;\">Espacio de Tutor\u00edas<\/strong><br>\n    <span>M\u00e1s informaci\u00f3n en el sitio web:<\/span><br>\n    <a href=\"https:\/\/sites.google.com\/view\/espaciodetutoriaies1\/inicio?authuser=0\" target=\"_blank\" style=\"color: #10314e; font-weight: bold; text-decoration: none;\" rel=\"noopener\">\n      Acceder al sitio de Tutor\u00edas\n    <\/a>\n  <\/div>\n\n  <!-- TURNO MA\u00d1ANA -->\n  <h2 style=\"background: #10314e; color: #fff; padding: 12px 16px; border-radius: 8px; margin-bottom: 18px;\">\n    Turno ma\u00f1ana\n  <\/h2>\n\n  <div style=\"display: grid; gap: 16px; margin-bottom: 32px;\">\n\n    <!-- MIRANDA -->\n    <div style=\"border: 1px solid #dbe3ea; border-radius: 10px; padding: 18px; background: #fff;\">\n      <div style=\"font-size: 20px; font-weight: bold; color: #10314e; margin-bottom: 8px;\">\n        Profesora tutora: Miranda Gonz\u00e1lez Martin\n      <\/div>\n      <div style=\"margin-bottom: 10px;\">\n        <strong>Correo:<\/strong>\n        <a href=\"mailto:miranda.espaciotutorias@gmail.com\" style=\"color: #e1752d; text-decoration: none;\">\n          miranda.espaciotutorias@gmail.com\n        <\/a>\n      <\/div>\n      <div><strong>Horarios de consulta:<\/strong><\/div>\n      <div>Lunes de 8:40 a 13:20 hs.<\/div>\n      <div>Martes de 8:40 a 10:40 hs.<\/div>\n    <\/div>\n\n    <!-- RAMAS -->\n    <div style=\"border: 1px solid #dbe3ea; border-radius: 10px; padding: 18px; background: #fff;\">\n      <div style=\"font-size: 20px; font-weight: bold; color: #10314e; margin-bottom: 8px;\">\n        Profesora tutora: Mar\u00eda Fernanda Ramas\n      <\/div>\n      <div style=\"margin-bottom: 10px;\">\n        <strong>Correo:<\/strong>\n        <a href=\"mailto:ramas.tutoria.ies1tm@gmail.com\" style=\"color: #e1752d; text-decoration: none;\">\n          ramas.tutoria.ies1tm@gmail.com\n        <\/a>\n      <\/div>\n      <div><strong>Horarios de consulta:<\/strong><\/div>\n      <div>Mi\u00e9rcoles de 8:00 a 12:00 hs.<\/div>\n      <div>Jueves de 8:00 a 10:40 hs.<\/div>\n    <\/div>\n\n  <\/div>\n\n  <!-- TURNO VESPERTINO -->\n  <h2 style=\"background: #e1752d; color: #fff; padding: 12px 16px; border-radius: 8px; margin-bottom: 18px;\">\n    Turno vespertino\n  <\/h2>\n\n  <div style=\"display: grid; gap: 16px;\">\n\n    <!-- ERIKA -->\n    <div style=\"border: 1px solid #dbe3ea; border-radius: 10px; padding: 18px; background: #fff;\">\n      <div style=\"font-size: 20px; font-weight: bold; color: #10314e; margin-bottom: 8px;\">\n        Profesora tutora: Erika Grisol\u00eda\n      <\/div>\n      <div style=\"margin-bottom: 10px;\">\n        <strong>Correo:<\/strong>\n        <a href=\"mailto:evgrisolia@gmail.com\" style=\"color: #e1752d; text-decoration: none;\">\n          evgrisolia@gmail.com\n        <\/a>\n      <\/div>\n      <div><strong>Horarios de consulta:<\/strong><\/div>\n      <div>Martes de 17:00 a 20:20 hs.<\/div>\n      <div>Mi\u00e9rcoles de 17:00 a 20:20 hs.<\/div>\n    <\/div>\n\n    <!-- RAMAS VESPERTINO -->\n    <div style=\"border: 1px solid #dbe3ea; border-radius: 10px; padding: 18px; background: #fff;\">\n      <div style=\"font-size: 20px; font-weight: bold; color: #10314e; margin-bottom: 8px;\">\n        Profesora tutora: Mar\u00eda Fernanda Ramas\n      <\/div>\n      <div style=\"margin-bottom: 10px;\">\n        <strong>Correo:<\/strong>\n        <a href=\"mailto:miranda.espaciotutorias@gmail.com\" style=\"color: #e1752d; text-decoration: none;\">\n          ramas.tutoria.ies1tm@gmail.com\n        <\/a>\n      <\/div>\n      \n    <\/div>\n\n  <\/div>\n\n<\/div>\n\n\n\n<p><strong>&nbsp;<\/strong><\/p>\n","protected":false},"excerpt":{"rendered":"<p>Espacio de Tutor\u00edas M\u00e1s informaci\u00f3n en el sitio web: Acceder al sitio de Tutor\u00edas Turno ma\u00f1ana Profesora tutora: Miranda Gonz\u00e1lez Martin Correo: miranda.espaciotutorias@gmail.com Horarios de consulta: Lunes de 8:40 a 13:20 hs. Martes de 8:40 a 10:40 hs. Profesora tutora: Mar\u00eda Fernanda Ramas Correo: ramas.tutoria.ies1tm@gmail.com Horarios de consulta: Mi\u00e9rcoles de 8:00 a 12:00 hs. Jueves &#8230; <a title=\"Espacio de Tutor\u00eda\" class=\"read-more\" href=\"https:\/\/ies1-caba.infd.edu.ar\/sitio\/espacio-de-tutoria\/\" aria-label=\"More on Espacio de Tutor\u00eda\">[+]<\/a><\/p>\n","protected":false},"author":11703,"featured_media":0,"parent":0,"menu_order":0,"comment_status":"closed","ping_status":"closed","template":"","meta":[],"acf":[],"_links":{"self":[{"href":"https:\/\/ies1-caba.infd.edu.ar\/sitio\/wp-json\/wp\/v2\/pages\/14670"}],"collection":[{"href":"https:\/\/ies1-caba.infd.edu.ar\/sitio\/wp-json\/wp\/v2\/pages"}],"about":[{"href":"https:\/\/ies1-caba.infd.edu.ar\/sitio\/wp-json\/wp\/v2\/types\/page"}],"author":[{"embeddable":true,"href":"https:\/\/ies1-caba.infd.edu.ar\/sitio\/wp-json\/wp\/v2\/users\/11703"}],"replies":[{"embeddable":true,"href":"https:\/\/ies1-caba.infd.edu.ar\/sitio\/wp-json\/wp\/v2\/comments?post=14670"}],"version-history":[{"count":9,"href":"https:\/\/ies1-caba.infd.edu.ar\/sitio\/wp-json\/wp\/v2\/pages\/14670\/revisions"}],"predecessor-version":[{"id":16334,"href":"https:\/\/ies1-caba.infd.edu.ar\/sitio\/wp-json\/wp\/v2\/pages\/14670\/revisions\/16334"}],"wp:attachment":[{"href":"https:\/\/ies1-caba.infd.edu.ar\/sitio\/wp-json\/wp\/v2\/media?parent=14670"}],"curies":[{"name":"wp","href":"https:\/\/api.w.org\/{rel}","templated":true}]}}