{"id":14626,"date":"2025-05-07T18:32:36","date_gmt":"2025-05-07T21:32:36","guid":{"rendered":"https:\/\/ies1-caba.infd.edu.ar\/sitio\/?page_id=14626"},"modified":"2025-05-29T19:33:34","modified_gmt":"2025-05-29T22:33:34","slug":"graduados-2","status":"publish","type":"page","link":"https:\/\/ies1-caba.infd.edu.ar\/sitio\/graduados-2\/","title":{"rendered":"Graduados"},"content":{"rendered":"\n<style> \/* Ocultar \u00edconos de redes sociales *\/ .a2a_kit, .a2a_button_facebook, .a2a_button_twitter, .a2a_button_whatsapp, .a2a_dd, [class*=\"a2a_button_\"] { display: none !important; } <\/style>\n\n\n\n<hr class=\"wp-block-separator has-alpha-channel-opacity\"\/>\n\n\n\n<h4 class=\"wp-block-heading\">Informaci\u00f3n para graduados<\/h4>\n\n\n\n<p><\/p>\n\n\n\n<p>Incorporaci\u00f3n de Graduadxs al Padr\u00f3n Electoral: <a rel=\"noreferrer noopener\" href=\"https:\/\/forms.gle\/YEHJsprvRagseuu46\" data-type=\"URL\" data-id=\"https:\/\/forms.gle\/YEHJsprvRagseuu46\" target=\"_blank\">Formulario<\/a><\/p>\n\n\n\n<p>*Los padrones est\u00e1n disponibles para su consulta en la biblioteca.<\/p>\n\n\n\n<p><\/p>\n\n\n\n<p><strong>Consulta de haberes docentes<br><\/strong><a rel=\"noreferrer noopener\" href=\"https:\/\/badesdeadentro.gob.ar\/\" target=\"_blank\">https:\/\/badesdeadentro.gob.ar\/<\/a><\/p>\n\n\n\n<p><strong>Enlaces con sindicatos<br><\/strong><a rel=\"noreferrer noopener\" href=\"https:\/\/sedeba.org.ar\/\" target=\"_blank\">https:\/\/sedeba.org.ar\/<br><\/a><a rel=\"noreferrer noopener\" href=\"https:\/\/ute.org.ar\/datos-utiles\/\" target=\"_blank\">https:\/\/ute.org.ar\/datos-utiles\/<\/a><br><a href=\"https:\/\/www.ademys.org.ar\/v2\/\" target=\"_blank\" rel=\"noreferrer noopener\">https:\/\/www.ademys.org.ar\/v2\/<\/a><\/p>\n\n\n\n<p><strong>Otros sitios de inter\u00e9s<br><\/strong><a rel=\"noreferrer noopener\" href=\"https:\/\/fundacionluminis.org.ar\/becas-formador-de-formadores\" target=\"_blank\">Fundaci\u00f3n Luminis<\/a><br><a href=\"https:\/\/www.educ.ar\/\" target=\"_blank\" rel=\"noreferrer noopener\">Educar<\/a><\/p>\n","protected":false},"excerpt":{"rendered":"<p>Informaci\u00f3n para graduados Incorporaci\u00f3n de Graduadxs al Padr\u00f3n Electoral: Formulario *Los padrones est\u00e1n disponibles para su consulta en la biblioteca. Consulta de haberes docenteshttps:\/\/badesdeadentro.gob.ar\/ Enlaces con sindicatoshttps:\/\/sedeba.org.ar\/https:\/\/ute.org.ar\/datos-utiles\/https:\/\/www.ademys.org.ar\/v2\/ Otros sitios de inter\u00e9sFundaci\u00f3n LuminisEducar<\/p>\n","protected":false},"author":11703,"featured_media":0,"parent":0,"menu_order":0,"comment_status":"closed","ping_status":"closed","template":"","meta":[],"acf":[],"_links":{"self":[{"href":"https:\/\/ies1-caba.infd.edu.ar\/sitio\/wp-json\/wp\/v2\/pages\/14626"}],"collection":[{"href":"https:\/\/ies1-caba.infd.edu.ar\/sitio\/wp-json\/wp\/v2\/pages"}],"about":[{"href":"https:\/\/ies1-caba.infd.edu.ar\/sitio\/wp-json\/wp\/v2\/types\/page"}],"author":[{"embeddable":true,"href":"https:\/\/ies1-caba.infd.edu.ar\/sitio\/wp-json\/wp\/v2\/users\/11703"}],"replies":[{"embeddable":true,"href":"https:\/\/ies1-caba.infd.edu.ar\/sitio\/wp-json\/wp\/v2\/comments?post=14626"}],"version-history":[{"count":5,"href":"https:\/\/ies1-caba.infd.edu.ar\/sitio\/wp-json\/wp\/v2\/pages\/14626\/revisions"}],"predecessor-version":[{"id":15029,"href":"https:\/\/ies1-caba.infd.edu.ar\/sitio\/wp-json\/wp\/v2\/pages\/14626\/revisions\/15029"}],"wp:attachment":[{"href":"https:\/\/ies1-caba.infd.edu.ar\/sitio\/wp-json\/wp\/v2\/media?parent=14626"}],"curies":[{"name":"wp","href":"https:\/\/api.w.org\/{rel}","templated":true}]}}