{"id":14116,"date":"2025-03-21T10:38:37","date_gmt":"2025-03-21T13:38:37","guid":{"rendered":"https:\/\/ies1-caba.infd.edu.ar\/sitio\/?page_id=14116"},"modified":"2025-05-29T20:17:47","modified_gmt":"2025-05-29T23:17:47","slug":"14116-2","status":"publish","type":"page","link":"https:\/\/ies1-caba.infd.edu.ar\/sitio\/14116-2\/","title":{"rendered":""},"content":{"rendered":"\n<style> \/* Ocultar \u00edconos de redes sociales *\/ .a2a_kit, .a2a_button_facebook, .a2a_button_twitter, .a2a_button_whatsapp, .a2a_dd, [class*=\"a2a_button_\"] { display: none !important; } <\/style>\n\n\n\n<link rel=\"stylesheet\" href=\"https:\/\/ies1-caba.infd.edu.ar\/sitio\/wp-content\/uploads\/2019\/10\/imagenci.css\"\r\n  type=\"text\/css\" media=\"screen\">\r\n\r\n<link rel=\"stylesheet\" href=\"https:\/\/cdn.jsdelivr.net\/npm\/bootstrap@5.3.3\/dist\/css\/bootstrap.min.css\"\r\n  integrity=\"sha384-QWTKZyjpPEjISv5WaRU9OFeRpok6YctnYmDr5pNlyT2bRjXh0JMhjY6hW+ALEwIH\" crossorigin=\"anonymous\">\r\n<link href=\"https:\/\/cdn.jsdelivr.net\/npm\/bootstrap-icons\/font\/bootstrap-icons.css\" rel=\"stylesheet\">\r\n\r\n<meta name=\"viewport\" content=\"width=device-width, initial-scale=1\">\r\n\r\n\r\n\r\n  <style>\r\n    #page {\r\n        background-color: #FFFFFF.;\r\n    }\r\n    #site-navigation {\r\n        background: #e1752d;\r\n    }\r\n    #menu-item-720 {\r\n        cursor: pointer;\r\n    }\r\n    .a2a_kit .a2a_kit_size_22 .a2a_follow addtoany_list {\r\n        display: none !important;\r\n    }\r\n    .contenedor_noticia_menu {\r\n        background-color: #d5eced !important;\r\n    }\r\n    .edupress .site-header {\r\n        background-color: #004467;\r\n        \r\n    }\r\n    .contenedor-horizontal-menu {\r\n        width: 100%;\r\n        overflow-wrap: break-word;\r\n    }\r\n    .header {\r\n        text-align: center;\r\n        \r\n        \r\n    }\r\n    div.gallery {\r\n        border: 0px solid #ccc;\r\n        display: inline-block;\r\n        margin-bottom: 0px;\r\n    }\r\n    .noticia_hipervinculo {\r\n        text-decoration: none;\r\n    }\r\n    .noticia {\r\n        display: block;\r\n        text-align: center;\r\n        width: 100%;\r\n    }\r\n    div.gallery:hover {\r\n        border: 0px solid #777;\r\n    }\r\n    .site-main .gallery {\r\n        height: 23vw;\r\n        margin-bottom: 0px;\r\n    }\r\n    div.gallery img {\r\n        height: 100%;\r\n    }\r\n    div.desc {\r\n        padding: 15px;\r\n        text-align: center;\r\n    }\r\n    .footer {\r\n        position: fixed;\r\n        left: 0;\r\n        bottom: 0;\r\n        width: 100%;\r\n        background-color:  #FFFFFF.;\r\n        color: white;\r\n        text-align: center;\r\n    }\r\n    .primera_seccion{\r\n        display: flex;\r\n        margin-bottom: 3vw;\r\n        gap: 1vw;\r\n        background-color:  #FFFFFF. !important;\r\n    }\r\n\r\n    .color-adaptable{\r\n       background-color:  #FFFFFF. !important;\r\n\r\n    }\r\n    div.horizontal-menu {\r\n        border: 1px solid #d5eced;\r\n        border-radius: 5px;\r\n        background-color: #004467.;\r\n        font-family: 'Roboto', sans-serif;\r\n        font-size: 14px;\r\n        color: #e6f6fa;\r\n        padding: 15px 20px;\r\n        justify-content: space-around;\r\n        align-items: center;\r\n        justify-content: start;\r\n        display: flex;\r\n        flex-direction: column;\r\n        align-items: start;\r\n        gap: 1.2vw;\r\n        padding: 1vw 1vw 1vw 1.4vw;\r\n        border-radius: 18px;\r\n    }\r\n    div.horizontal-menu a {\r\n        display: flex;\r\n        flex-direction: column;\r\n        text-decoration: none;\r\n        color: #e1e8ec;\r\n        margin: 0 15px;\r\n        margin-left: -3px;\r\n        transition: color 0.3s;\r\n    }\r\n    div.horizontal-menu a:hover {\r\n        color: #3097e6;\r\n    }\r\n    div.horizontal-menu a.active {\r\n        background-color: #D3E1FF;\r\n        font-weight: bold;\r\n    }\r\n    * {\r\n        box-sizing: border-box;\r\n    }\r\n    body {\r\n        font-family: 'Helvetica'\r\n        margin: 0;\r\n    }\r\n    .mySlides {\r\n        display: none;\r\n    }\r\n    img {\r\n        vertical-align: middle;\r\n    }\r\n    #mensaje_bienvenida {\r\n        font-size: 1.8vw;\r\n    }\r\n    .mensaje_bienvenida_container {\r\n        text-shadow: 2px 2px 5px black;\r\n        border: solid transparent 1px;\r\n        font-weight: regular;\r\n        text-align: justify;\r\n        color: #fcee4c;\r\n        display: flex;\r\n        justify-content: center;\r\n    }\r\n    .mensaje_contenedor {\r\n        max-width: 100%;\r\n        padding: 20px;\r\n        border-radius: 5px;\r\n        margin: 20px;\r\n        background-color: #940681;\r\n    }\r\n    .addtoany_share_save_container {\r\n        margin: 0px;\r\n    }\r\n    .entry-content {\r\n        display: flex;\r\n        flex-direction: column;\r\n    }\r\n    #content {\r\n        padding-top: 0px;\r\n    }\r\n    .entry-content:not(:first-child),\r\n    .entry {\r\n        margin-top: 0px;\r\n    }\r\n    .slideshow-container {\r\n        max-width: 1000px;\r\n        position: relative;\r\n        margin: auto;\r\n    }\r\n    .prev,\r\n    .next {\r\n        cursor: pointer;\r\n        position: absolute;\r\n        top: 50%;\r\n        width: auto;\r\n        padding: 16px;\r\n        margin-top: -22px;\r\n        color: black;\r\n        font-weight: bold;\r\n        font-size: 18px;\r\n        transition: 0.6s ease;\r\n        border-radius: 0 3px 3px 0;\r\n        user-select: none;\r\n    }\r\n    .next {\r\n        right: 0;\r\n        border-radius: 3px 0 0 3px;\r\n    }\r\n    .prev:hover,\r\n    .next:hover {\r\n        background-color: rgba(0, 0, 0, 0.8);\r\n    }\r\n    .gallery {\r\n        background-color: #d5eced;\r\n    }\r\n    .text {\r\n        color: #f2f2f2;\r\n        font-size: 15px;\r\n        padding: 8px 12px;\r\n        position: absolute;\r\n        bottom: 8px;\r\n        width: 100%;\r\n        text-align: center;\r\n    }\r\n    .numbertext {\r\n        color: #f2f2f2;\r\n        font-size: 12px;\r\n        padding: 8px 12px;\r\n        position: absolute;\r\n        top: 0;\r\n    }\r\n    .dot {\r\n        cursor: pointer;\r\n        height: 15px;\r\n        width: 15px;\r\n        margin: 0 2px;\r\n        background-color: #bbb;\r\n        border-radius: 50%;\r\n        display: inline-block;\r\n        transition: background-color 0.6s ease;\r\n    }\r\n    .inside-header.grid-container.grid-parent {\r\n        height: 12vw;\r\n    }\r\n    .noticia {\r\n        height: 85%;\r\n    }\r\n    .active,\r\n    .dot:hover {\r\n        background-color: #717171;\r\n    }\r\n    .fade {\r\n        animation-name: fade;\r\n        animation-duration: 1.5s;\r\n    }\r\n    .search-item {\r\n        display: none;\r\n    }\r\n    @keyframes fade {\r\n        from {\r\n            opacity: .4;\r\n        }\r\n        to {\r\n            opacity: 1;\r\n        }\r\n    }\r\n    @media only screen and (max-width: 300px) {\r\n        .prev,\r\n        .next,\r\n        .text {\r\n            font-size: 11px;\r\n        }\r\n    }\r\n    @media (max-width: 800px) {\r\n        .inside-header.grid-container.grid-parent {\r\n            height: 50vw;\r\n        }\r\n        #mensaje_bienvenida {\r\n            font-size: 5vw;\r\n        }\r\n        .main-title a {\r\n            display: none;\r\n        }\r\n        .primera_seccion {\r\n            flex-direction: column;\r\n            gap: 3vh;\r\n        }\r\n        .site-main .gallery {\r\n            height: 80vw;\r\n        }\r\n        .entry-content:not(:first-child) {\r\n            gap: 0;\r\n        }\r\n    }\r\n\r\n\r\n  .contenedor {\r\n  position: relative;\r\n  width: 100%; \/* Ancho del contenedor *\/\r\n  \r\n  text-align: center;\r\n  aspect-ratio: 28 \/ 9;\r\n\r\n}\r\n\r\n.caja {\r\n  position: absolute;\r\n  \r\n  height: 100%; \/* Alto del cuadrado *\/\r\n  background-position: center;\r\n  background-size: cover;\r\n  border: solid 3px #e1752d;\r\n\r\n  \r\n\r\n}\r\n\r\n.caja2 {\r\n  position: absolute;\r\n  \r\n  height: 100%; \/* Alto del cuadrado *\/  \r\n  background-color: #2c3e50; \/* Color de fondo del segundo cuadrado *\/\r\n  opacity: 1; \/* Hace el segundo cuadrado transparente *\/\r\n  border: solid 3px #e1752d;\r\n\r\n  \r\n  transition: ease 1.0s;\r\n}\r\n\r\n.caja2:hover{\r\n opacity:0;\r\n\r\n}\r\n\r\n.caja3 {\r\n  position: absolute;\r\n  \r\n  height: 100%; \/* Alto del cuadrado *\/\r\n\r\n  border: solid 3px #e1752d;\r\n  display: flex;\r\n  justify-content: center; \/* Centra el texto horizontalmente *\/\r\n  align-items: center; \/* Centra el texto verticalmente *\/\r\n  pointer-events: none; \/* Hace que no reciba eventos de puntero *\/\r\n}\r\n\r\n.texto{\r\n  font-size:24px;\r\n  color:white;\r\n  font-weight: bold;\r\n  font-family: var(--bs-body-font-family);\r\n\r\n}\r\n\r\n#foto1{\r\n  background-image: url(\"https:\/\/ies1-caba.infd.edu.ar\/sitio\/wp-content\/uploads\/2024\/12\/foto1Alicia.jpg\");\r\n}\r\n\r\n#foto2{\r\n  background-image: url(\"https:\/\/ies1-caba.infd.edu.ar\/sitio\/wp-content\/uploads\/2024\/12\/foto2Alicia.jpg\");\r\n}\r\n\r\n#foto3{\r\n  background-image: url(\"https:\/\/ies1-caba.infd.edu.ar\/sitio\/wp-content\/uploads\/2024\/12\/foto3Alicia.jpg\");\r\n}\r\n\r\n#foto4{\r\n  background-image: url(\"https:\/\/ies1-caba.infd.edu.ar\/sitio\/wp-content\/uploads\/2024\/12\/foto4Aliciab-1.jpg\");\r\n}\r\n\r\n.color-p1{\r\n\r\n  background-color: black;\r\n}\r\n\r\n.fondo-gris{\r\n\r\n  background-color: #dcdcdc;\r\n  display: flex;\r\n  align-items: center;\r\n  justify-content: center;\r\n  height: 150px; \/* Ajusta la altura seg\u00fan sea necesario *\/\r\n  transition: 0.5s;\r\n}\r\n\r\n.fondo-gris img{\r\n\r\n  width: 50px;\r\n  \r\n\r\n}\r\n.fondo-gris a {\r\n  font-size: 2rem;\r\n  text-decoration: none;\r\n  color: #000;\r\n}\r\n.fondo-gris:hover {\r\n  background-color: #a3a1a1; \/* Cambia el color al pasar el mouse *\/\r\n}\r\n\r\n.imagen-card{\r\n  position: center;\r\n  size: cover;\r\n  height: 150px; \r\n  object-fit: cover;\r\n  transition: 0.5s;\r\n}\r\n\r\n.imagen-card:hover{\r\n  opacity: 0.5;\r\n  \r\n}\r\n\r\n.calendario{\r\n  border-left: solid 3px #e1752d;\r\n  padding-left: 1%;\r\n  \r\n}\r\n\r\n.calendario h1{\r\n  font-family:Verdana, Geneva, Tahoma, sans-serif;\r\n  font-size: 1.5rem;\r\n  font-weight: bold;\r\n  color: #2c3e50;\r\n}\r\n\r\n.calendario h2{\r\n  font-family:Verdana, Geneva, Tahoma, sans-serif;\r\n  font-size: 18px;\r\n  font-weight: 400;\r\n  padding-left: 40px;\r\n  padding-top: 20px;\r\n  transition: 0.5s; \r\n}\r\n\r\n.calendario h2:hover{\r\n  color: rgb(107, 140, 169);\r\n}\r\n\r\n.calendario h4{\r\n\r\n  font-size: 14px;\r\n  font-weight: 200;\r\n  font-family: sans-serif;\r\n  color: #808080;\r\n  padding-left: 40px;\r\n  \r\n\r\n}\r\n\r\n@import url('https:\/\/fonts.googleapis.com\/css?family=Roboto');\r\n\r\n.container-menu{\r\n  padding: 50px;\r\n}\r\n\r\n.card-propio{\r\n\r\n  background-color: #1E2B32;\r\n  border-radius: 10px 10px;\r\n}\r\n\r\n.encabezado-botonera{\r\n  border-radius: 10px 10px 0px 0px;\r\n  padding: 5px;\r\n  \r\n  background-color: #2A3942;\r\n  align-content: left;\r\n  align-items: left;\r\n  text-align: left;\r\n}\r\n\r\n.encabezado-botonera h3{\r\n  margin-left: 0rem;\r\n  margin-bottom: 0rem;\r\n  text-align: center;\r\n}\r\n\r\nh3{\r\n  color: #FFFFFF;\r\n  font-family: 'Roboto', sans-serif;\r\n  margin-left: 1rem;\r\n}\r\n\r\n.iconM{\r\n  font-size: 18px;\r\n  margin-left: 170px;\r\n  color: #2f89fc;\r\n}\r\n\r\n.icon{\r\n  margin-right: 8px;\r\n}\r\n\r\n.body li{\r\n  transition: 1s all;\r\n  font-family: 'Roboto', sans-serif;\r\n  font-size: 18px;\r\n  padding: 5px;\r\n  margin-left: 0px;\r\n  margin-top: 0px;\r\n  padding-bottom: 10px;\r\n  padding-top: 10px;\r\n  color: #fff;\r\n  list-style: none;\r\n  display: block;\r\n  border-top-right-radius: 10px 10px;\r\n  border-bottom-right-radius: 10px 10px;\r\n}\r\n\r\n.body a{\r\n    text-decoration: none;\r\n}\r\n\r\n.body li:hover{\r\n  transition: 0.5s all;\r\n  color: #2A3942;\r\n  background-color: #E1752D;\r\n  border-radius: 10px;\r\n  cursor: pointer;\r\n  margin-left: 0px;\r\n  padding-left: 20px;\r\n}\r\n\r\n.body > li{\r\n  float: left;\r\n}\r\n\r\n.body ul{\r\n  margin-left: 0rem;\r\n  padding-left: 1rem;\r\n}\r\n\r\n.body li ul{\r\n  background: #1E2B32;\r\n  margin-left: 8em;\r\n  margin-top: -38px;\r\n  display: none;\r\n  position: absolute;\r\n  border-radius: 15px;\r\n  z-index: 10;\r\n  \r\n}\r\n\r\n.body li:hover > ul{\r\n  display: block;\r\n  cursor: pointer;\r\n}\r\n\r\n.recordatorio{\r\n  border: solid 3px #e1752d;\r\n  border-radius: 10px;\r\n  padding: 15px;\r\n  background-color: white;\r\n}\r\n\r\n.imagen-card{\r\n  position: center;\r\n  size: cover;\r\n  height: 150px; \r\n  object-fit: cover;\r\n  transition: 0.5s;\r\n}\r\n\r\n.imagen-card:hover{\r\n  opacity: 0.5;\r\n}\r\n\r\n.cajacarousel{\r\n\r\nwidth: 4vw;\r\nmargin: 20px;\r\noverflow: hidden; \/* Ocultar el desbordamiento *\/\r\ndisplay: flex;\r\nalign-content: center;\r\n}\r\n\r\n.carousel-inner{\r\n    width: 100%;\r\n    aspect-ratio: 38\/9;\r\n    display: flex;\r\n    align-content: center;\r\n    object-fit: cover;\r\n    object-position: center;\r\n  }\r\n\r\n  .active{\r\n    display:flex;\r\n    align-items:center;\r\n    justify-content:center\r\n  }\r\n\r\n  .fondo-color{\r\n    background-color: #F6FDFD;\r\n  }\r\n\r\n  .card-personalizado{\r\n    width: 16em;\r\n    height: 34rem;\r\n    align-content: center; \r\n    \r\n    justify-content: center;\r\n  }\r\n\r\n  .centrar{\r\n    align-content: center;\r\n    align-items: center;\r\n    justify-content: center;\r\n  }\r\n\r\n    <\/style>\n\n\n\n<div style=\"height:17px\" aria-hidden=\"true\" class=\"wp-block-spacer\"><\/div>\n\n\n\n<h5 class=\"wp-block-heading has-text-align-center has-x-large-font-size\">Equipo de acompa\u00f1amiento al protocolo de <br>acci\u00f3n institucional contra las violencias de g\u00e9nero<\/h5>\n\n\n\n<div style=\"height:14px\" aria-hidden=\"true\" class=\"wp-block-spacer\"><\/div>\n\n\n\n<div class=\"wp-block-file alignwide\"><object class=\"wp-block-file__embed\" data=\"https:\/\/ies1-caba.infd.edu.ar\/sitio\/wp-content\/uploads\/2025\/05\/protocolo-institucional-contra-las-violencias-de-genero.pdf\" type=\"application\/pdf\" style=\"width:100%;height:600px\" aria-label=\"Incrustado de <br&gt;protocolo-institucional-contra-las-violencias-de-genero.\"><\/object><a id=\"wp-block-file--media-e964084e-7558-4f58-af8e-00a80cc621ee\" href=\"https:\/\/ies1-caba.infd.edu.ar\/sitio\/wp-content\/uploads\/2025\/05\/protocolo-institucional-contra-las-violencias-de-genero.pdf\"><br>protocolo-institucional-contra-las-violencias-de-genero<\/a><a href=\"https:\/\/ies1-caba.infd.edu.ar\/sitio\/wp-content\/uploads\/2025\/05\/protocolo-institucional-contra-las-violencias-de-genero.pdf\" class=\"wp-block-file__button wp-element-button\" download aria-describedby=\"wp-block-file--media-e964084e-7558-4f58-af8e-00a80cc621ee\">Descarga<\/a><\/div>\n","protected":false},"excerpt":{"rendered":"<p>Equipo de acompa\u00f1amiento al protocolo de acci\u00f3n institucional contra las violencias de g\u00e9nero<\/p>\n","protected":false},"author":11700,"featured_media":0,"parent":0,"menu_order":0,"comment_status":"closed","ping_status":"closed","template":"","meta":[],"acf":[],"_links":{"self":[{"href":"https:\/\/ies1-caba.infd.edu.ar\/sitio\/wp-json\/wp\/v2\/pages\/14116"}],"collection":[{"href":"https:\/\/ies1-caba.infd.edu.ar\/sitio\/wp-json\/wp\/v2\/pages"}],"about":[{"href":"https:\/\/ies1-caba.infd.edu.ar\/sitio\/wp-json\/wp\/v2\/types\/page"}],"author":[{"embeddable":true,"href":"https:\/\/ies1-caba.infd.edu.ar\/sitio\/wp-json\/wp\/v2\/users\/11700"}],"replies":[{"embeddable":true,"href":"https:\/\/ies1-caba.infd.edu.ar\/sitio\/wp-json\/wp\/v2\/comments?post=14116"}],"version-history":[{"count":20,"href":"https:\/\/ies1-caba.infd.edu.ar\/sitio\/wp-json\/wp\/v2\/pages\/14116\/revisions"}],"predecessor-version":[{"id":15045,"href":"https:\/\/ies1-caba.infd.edu.ar\/sitio\/wp-json\/wp\/v2\/pages\/14116\/revisions\/15045"}],"wp:attachment":[{"href":"https:\/\/ies1-caba.infd.edu.ar\/sitio\/wp-json\/wp\/v2\/media?parent=14116"}],"curies":[{"name":"wp","href":"https:\/\/api.w.org\/{rel}","templated":true}]}}