{"id":13718,"date":"2025-03-04T15:34:58","date_gmt":"2025-03-04T18:34:58","guid":{"rendered":"https:\/\/ies1-caba.infd.edu.ar\/sitio\/?page_id=13718"},"modified":"2025-10-30T19:00:07","modified_gmt":"2025-10-30T22:00:07","slug":"actividades-2","status":"publish","type":"page","link":"https:\/\/ies1-caba.infd.edu.ar\/sitio\/actividades-2\/","title":{"rendered":"Actividades Anteriores"},"content":{"rendered":"\n<style> \/* Ocultar \u00edconos de redes sociales *\/ .a2a_kit, .a2a_button_facebook, .a2a_button_twitter, .a2a_button_whatsapp, .a2a_dd, [class*=\"a2a_button_\"] { display: none !important; } <\/style>\n\n\n\n<hr class=\"wp-block-separator has-alpha-channel-opacity\"\/>\n\n\n\n<div style=\"height:29px\" aria-hidden=\"true\" class=\"wp-block-spacer\"><\/div>\n\n\n\n<h1 class=\"wp-block-heading has-x-large-font-size\" style=\"font-style:normal;font-weight:800\"><strong>2025<\/strong><\/h1>\n\n\n\n<div class=\"wp-block-media-text alignwide is-stacked-on-mobile\" style=\"grid-template-columns:35% auto\"><figure class=\"wp-block-media-text__media\"><img decoding=\"async\" loading=\"lazy\" width=\"408\" height=\"353\" src=\"https:\/\/ies1-caba.infd.edu.ar\/sitio\/wp-content\/uploads\/2025\/10\/Captura-de-pantalla-2025-10-30-185849.png\" alt=\"\" class=\"wp-image-15931 size-full\"\/><\/figure><div class=\"wp-block-media-text__content\">\n<p><strong>Jornadas de Psicopedagog\u00eda<\/strong><br>Entramando Miradas<\/p>\n\n\n\n<p><\/p>\n\n\n\n<p><\/p>\n\n\n\n<p><strong>Sal\u00f3n de Actos<\/strong><\/p>\n\n\n\n<p><strong>18 h I Sal\u00f3n de acto<\/strong><\/p>\n\n\n\n<p><\/p>\n<\/div><\/div>\n\n\n\n<div style=\"height:16px\" aria-hidden=\"true\" class=\"wp-block-spacer\"><\/div>\n\n\n\n<div class=\"wp-block-media-text alignwide is-stacked-on-mobile\" style=\"grid-template-columns:35% auto\"><figure class=\"wp-block-media-text__media\"><img decoding=\"async\" loading=\"lazy\" width=\"404\" height=\"339\" src=\"https:\/\/ies1-caba.infd.edu.ar\/sitio\/wp-content\/uploads\/2025\/10\/Captura-de-pantalla-2025-10-30-185654.png\" alt=\"\" class=\"wp-image-15930 size-full\"\/><\/figure><div class=\"wp-block-media-text__content\">\n<p><strong>Jornadas de Psicopedagog\u00eda<\/strong><br>Educaci\u00f3n Bajo Cero<\/p>\n\n\n\n<p><\/p>\n\n\n\n<p><\/p>\n\n\n\n<p><\/p>\n\n\n\n<p><strong>18 a 20 h I Sal\u00f3n de actos<\/strong><\/p>\n\n\n\n<p><\/p>\n<\/div><\/div>\n\n\n\n<div style=\"height:16px\" aria-hidden=\"true\" class=\"wp-block-spacer\"><\/div>\n\n\n\n<h2 class=\"wp-block-heading\">23\/10<\/h2>\n\n\n\n<div class=\"wp-block-media-text alignwide is-stacked-on-mobile\" style=\"grid-template-columns:35% auto\"><figure class=\"wp-block-media-text__media\"><img decoding=\"async\" loading=\"lazy\" width=\"386\" height=\"342\" src=\"https:\/\/ies1-caba.infd.edu.ar\/sitio\/wp-content\/uploads\/2025\/10\/entramando-miradas.png\" alt=\"\" class=\"wp-image-15885 size-full\"\/><\/figure><div class=\"wp-block-media-text__content\">\n<p><strong>Jornadas de Psicopedagog\u00eda<\/strong><br>Entramando Miradas<\/p>\n\n\n\n<p><\/p>\n\n\n\n<p><\/p>\n\n\n\n<p><strong>Sal\u00f3n de Actos<\/strong><\/p>\n\n\n\n<p><\/p>\n\n\n\n<p><\/p>\n<\/div><\/div>\n\n\n\n<hr class=\"wp-block-separator has-alpha-channel-opacity\"\/>\n\n\n\n<h2 class=\"wp-block-heading\"><strong>2 y 3\/10<\/strong><\/h2>\n\n\n\n<div class=\"wp-block-media-text alignwide is-stacked-on-mobile\" style=\"grid-template-columns:35% auto\"><figure class=\"wp-block-media-text__media\"><img decoding=\"async\" loading=\"lazy\" width=\"533\" height=\"574\" src=\"https:\/\/ies1-caba.infd.edu.ar\/sitio\/wp-content\/uploads\/2025\/10\/educacionygenero.png\" alt=\"\" class=\"wp-image-15741 size-full\"\/><\/figure><div class=\"wp-block-media-text__content\">\n<p><strong>VI Jornadas de Educaci\u00f3n y G\u00e9nero del Alicia<\/strong><br>Conquistas, experiencias y propuestas para imaginar futuros posibles<\/p>\n\n\n\n<p><\/p>\n\n\n\n<p><\/p>\n\n\n\n<p><strong>Sal\u00f3n de Actos<\/strong><\/p>\n\n\n\n<p><\/p>\n\n\n\n<p><\/p>\n<\/div><\/div>\n\n\n\n<hr class=\"wp-block-separator has-alpha-channel-opacity\"\/>\n\n\n\n<p><\/p>\n\n\n\n<h2 class=\"wp-block-heading\">1\/<strong>10<\/strong><\/h2>\n\n\n\n<div class=\"wp-block-media-text alignwide is-stacked-on-mobile\" style=\"grid-template-columns:35% auto\"><figure class=\"wp-block-media-text__media\"><img decoding=\"async\" loading=\"lazy\" width=\"667\" height=\"592\" src=\"https:\/\/ies1-caba.infd.edu.ar\/sitio\/wp-content\/uploads\/2025\/10\/Lego.png\" alt=\"\" class=\"wp-image-15742 size-full\"\/><\/figure><div class=\"wp-block-media-text__content\">\n<p><strong>Taller de Lego<\/strong><br>C\u00e1tedra de Psicopedagog\u00eda Laboral<\/p>\n\n\n\n<p><\/p>\n\n\n\n<p><\/p>\n\n\n\n<p><strong>Aula<\/strong><\/p>\n\n\n\n<p><\/p>\n\n\n\n<p><\/p>\n<\/div><\/div>\n\n\n\n<p><\/p>\n\n\n\n<hr class=\"wp-block-separator has-alpha-channel-opacity\"\/>\n\n\n\n<p><\/p>\n\n\n\n<h2 class=\"wp-block-heading\"><strong>24, 25 y 26\/9<\/strong><\/h2>\n\n\n\n<div class=\"wp-block-media-text alignwide is-stacked-on-mobile\" style=\"grid-template-columns:35% auto\"><figure class=\"wp-block-media-text__media\"><img decoding=\"async\" loading=\"lazy\" width=\"384\" height=\"411\" src=\"https:\/\/ies1-caba.infd.edu.ar\/sitio\/wp-content\/uploads\/2025\/10\/jornadas-1.png\" alt=\"\" class=\"wp-image-15738 size-full\"\/><\/figure><div class=\"wp-block-media-text__content\">\n<p><strong>XVIII Jornadas de historia<\/strong><br>Justicia y Derechos Humanos: A 70 a\u00f1os del golpe del `55 y 40 a\u00f1os del juicio a las Juntas<\/p>\n\n\n\n<p><\/p>\n\n\n\n<p><\/p>\n\n\n\n<p><strong>Sal\u00f3n de Actos<\/strong><\/p>\n\n\n\n<p><\/p>\n\n\n\n<p><\/p>\n<\/div><\/div>\n\n\n\n<hr class=\"wp-block-separator has-alpha-channel-opacity\"\/>\n\n\n\n<h2 class=\"wp-block-heading\">8\/<strong>9<\/strong><\/h2>\n\n\n\n<div class=\"wp-block-media-text alignwide is-stacked-on-mobile\" style=\"grid-template-columns:35% auto\"><figure class=\"wp-block-media-text__media\"><img decoding=\"async\" loading=\"lazy\" width=\"383\" height=\"411\" src=\"https:\/\/ies1-caba.infd.edu.ar\/sitio\/wp-content\/uploads\/2025\/09\/El-futuro-llego.jpg\" alt=\"\" class=\"wp-image-15640 size-full\"\/><\/figure><div class=\"wp-block-media-text__content\">\n<p><strong>Charla<\/strong><br>El futuro lleg\u00f3. Del grito al silencio en la voz de Susana Th\u00e9non.<\/p>\n\n\n\n<p><\/p>\n\n\n\n<p><\/p>\n\n\n\n<p><strong>20.30 h I Aula 201<\/strong><\/p>\n<\/div><\/div>\n\n\n\n<hr class=\"wp-block-separator has-alpha-channel-opacity\"\/>\n\n\n\n<h2 class=\"wp-block-heading\"><strong>28\/08<\/strong><\/h2>\n\n\n\n<div class=\"wp-block-media-text alignwide is-stacked-on-mobile\" style=\"grid-template-columns:35% auto\"><figure class=\"wp-block-media-text__media\"><img decoding=\"async\" loading=\"lazy\" width=\"451\" height=\"507\" src=\"https:\/\/ies1-caba.infd.edu.ar\/sitio\/wp-content\/uploads\/2025\/08\/Salon-Actos.jpg\" alt=\"\" class=\"wp-image-15454 size-full\"\/><\/figure><div class=\"wp-block-media-text__content\">\n<p><strong>Jornada<\/strong><br>Alianza VIH-ESI. Desaf\u00edos de hoy<\/p>\n\n\n\n<p><\/p>\n\n\n\n<p><\/p>\n\n\n\n<p><strong>19 h I Sal\u00f3n de actos<\/strong><\/p>\n<\/div><\/div>\n\n\n\n<div style=\"height:0px\" aria-hidden=\"true\" class=\"wp-block-spacer\"><\/div>\n\n\n\n<hr class=\"wp-block-separator has-alpha-channel-opacity\"\/>\n\n\n\n<h2 class=\"wp-block-heading\"><strong>28\/05. 11\/06, 25\/06 y 16\/7<\/strong><\/h2>\n\n\n\n<div class=\"wp-block-media-text alignwide is-stacked-on-mobile\" style=\"grid-template-columns:34% auto\"><figure class=\"wp-block-media-text__media\"><img decoding=\"async\" loading=\"lazy\" width=\"1080\" height=\"1080\" src=\"https:\/\/ies1-caba.infd.edu.ar\/sitio\/wp-content\/uploads\/2025\/07\/escritura-taller.png\" alt=\"\" class=\"wp-image-15308 size-full\" srcset=\"https:\/\/ies1-caba.infd.edu.ar\/sitio\/wp-content\/uploads\/2025\/07\/escritura-taller.png 1080w, https:\/\/ies1-caba.infd.edu.ar\/sitio\/wp-content\/uploads\/2025\/07\/escritura-taller-1000x1000.png 1000w, https:\/\/ies1-caba.infd.edu.ar\/sitio\/wp-content\/uploads\/2025\/07\/escritura-taller-500x500.png 500w, https:\/\/ies1-caba.infd.edu.ar\/sitio\/wp-content\/uploads\/2025\/07\/escritura-taller-768x768.png 768w\" sizes=\"(max-width: 1080px) 100vw, 1080px\" \/><\/figure><div class=\"wp-block-media-text__content\">\n<p><strong>Taller de Escritura Acad\u00e9mica<\/strong><br>4 encuentros <\/p>\n\n\n\n<p><\/p>\n\n\n\n<p><strong>28\/05. 11\/06, 25\/06 y 16\/7<\/strong><\/p>\n<\/div><\/div>\n\n\n\n<hr class=\"wp-block-separator has-alpha-channel-opacity\"\/>\n\n\n\n<h2 class=\"wp-block-heading\">30\/5\/2025<\/h2>\n\n\n\n<div class=\"wp-block-media-text alignwide is-stacked-on-mobile\" style=\"grid-template-columns:33% auto\"><figure class=\"wp-block-media-text__media\"><img decoding=\"async\" loading=\"lazy\" width=\"381\" height=\"376\" src=\"https:\/\/ies1-caba.infd.edu.ar\/sitio\/wp-content\/uploads\/2025\/06\/emi.png\" alt=\"\" class=\"wp-image-15061 size-full\"\/><\/figure><div class=\"wp-block-media-text__content\">\n<p><strong>Jornada EMI<br><\/strong>La comunidad educativa debate respecto a los formatos h\u00edbridos de los espacios curriculares.<br><\/p>\n\n\n\n<p><strong>10 y 19 h I Sal\u00f3n de actos<\/strong><\/p>\n<\/div><\/div>\n\n\n\n<hr class=\"wp-block-separator has-alpha-channel-opacity\"\/>\n\n\n\n<h2 class=\"wp-block-heading\">29\/5\/2025<\/h2>\n\n\n\n<div class=\"wp-block-media-text alignwide is-stacked-on-mobile\" style=\"grid-template-columns:33% auto\"><figure class=\"wp-block-media-text__media\"><img decoding=\"async\" loading=\"lazy\" width=\"615\" height=\"522\" src=\"https:\/\/ies1-caba.infd.edu.ar\/sitio\/wp-content\/uploads\/2025\/06\/ESI.png\" alt=\"\" class=\"wp-image-15062 size-full\"\/><\/figure><div class=\"wp-block-media-text__content\">\n<p><strong>Jornada ESI<br><\/strong>La comunidad educativa debate respecto a los formatos h\u00edbridos de los espacios curriculares.<br><\/p>\n\n\n\n<p><strong>19.30 h I Hall central<\/strong><\/p>\n<\/div><\/div>\n\n\n\n<hr class=\"wp-block-separator has-alpha-channel-opacity\"\/>\n\n\n\n<h2 class=\"wp-block-heading\">29\/4\/2025<\/h2>\n\n\n\n<div class=\"wp-block-media-text alignwide is-stacked-on-mobile\" style=\"grid-template-columns:33% auto\"><figure class=\"wp-block-media-text__media\"><img decoding=\"async\" loading=\"lazy\" width=\"470\" height=\"369\" src=\"https:\/\/ies1-caba.infd.edu.ar\/sitio\/wp-content\/uploads\/2025\/04\/Captura2-1.jpg\" alt=\"\" class=\"wp-image-14590 size-full\"\/><\/figure><div class=\"wp-block-media-text__content\">\n<p><strong>Actividad abierta<br><\/strong>Educaci\u00f3n intercultural desde las vivencias cercanas<br><\/p>\n\n\n\n<p><strong>11.30 h I Aula 301<\/strong><\/p>\n<\/div><\/div>\n\n\n\n<hr class=\"wp-block-separator has-alpha-channel-opacity\"\/>\n\n\n\n<h2 class=\"wp-block-heading\"><strong>25\/4\/2025<\/strong><\/h2>\n\n\n\n<div class=\"wp-block-media-text alignwide is-stacked-on-mobile\" style=\"grid-template-columns:34% auto\"><figure class=\"wp-block-media-text__media\"><img decoding=\"async\" loading=\"lazy\" width=\"481\" height=\"331\" src=\"https:\/\/ies1-caba.infd.edu.ar\/sitio\/wp-content\/uploads\/2025\/04\/Captura-2.jpg\" alt=\"\" class=\"wp-image-14586 size-full\"\/><\/figure><div class=\"wp-block-media-text__content\">\n<p><strong>Conferencia<br><\/strong>Dr. Waldo Ansaldi<br>Una actividad abierta para reflexionar sobre procesos hist\u00f3ricos clave en Am\u00e9rica Latina<\/p>\n\n\n\n<p><strong>18.00 h I Sal\u00f3n de actos<\/strong><\/p>\n<\/div><\/div>\n\n\n\n<hr class=\"wp-block-separator has-alpha-channel-opacity\"\/>\n\n\n\n<h2 class=\"wp-block-heading\"><strong>24\/4\/2025<\/strong><\/h2>\n\n\n\n<div class=\"wp-block-media-text alignwide is-stacked-on-mobile\" style=\"grid-template-columns:33% auto\"><figure class=\"wp-block-media-text__media\"><img decoding=\"async\" loading=\"lazy\" width=\"1748\" height=\"1240\" src=\"https:\/\/ies1-caba.infd.edu.ar\/sitio\/wp-content\/uploads\/2025\/04\/Captura2.jpg\" alt=\"\" class=\"wp-image-14210 size-full\" srcset=\"https:\/\/ies1-caba.infd.edu.ar\/sitio\/wp-content\/uploads\/2025\/04\/Captura2.jpg 1748w, https:\/\/ies1-caba.infd.edu.ar\/sitio\/wp-content\/uploads\/2025\/04\/Captura2-1000x709.jpg 1000w, https:\/\/ies1-caba.infd.edu.ar\/sitio\/wp-content\/uploads\/2025\/04\/Captura2-768x545.jpg 768w, https:\/\/ies1-caba.infd.edu.ar\/sitio\/wp-content\/uploads\/2025\/04\/Captura2-1536x1090.jpg 1536w\" sizes=\"(max-width: 1748px) 100vw, 1748px\" \/><\/figure><div class=\"wp-block-media-text__content\">\n<p><strong>Conferencia<\/strong><br>Experimentos de f\u00edsica con im\u00e1genes<\/p>\n\n\n\n<p><strong>10.00 h I Sal\u00f3n de actos<\/strong><\/p>\n<\/div><\/div>\n\n\n\n<hr class=\"wp-block-separator has-alpha-channel-opacity\"\/>\n\n\n\n<h2 class=\"wp-block-heading\"><strong>23\/4\/2025<\/strong><\/h2>\n\n\n\n<div class=\"wp-block-media-text alignwide is-stacked-on-mobile\" style=\"grid-template-columns:34% auto\"><figure class=\"wp-block-media-text__media\"><img decoding=\"async\" loading=\"lazy\" width=\"476\" height=\"300\" src=\"https:\/\/ies1-caba.infd.edu.ar\/sitio\/wp-content\/uploads\/2025\/04\/Captura3-2.jpg\" alt=\"\" class=\"wp-image-14594 size-full\"\/><\/figure><div class=\"wp-block-media-text__content\">\n<p><strong>Actividad abierta<br><\/strong>Educaci\u00f3n en movimiento. Experiencias populares <\/p>\n\n\n\n<p><strong>19.30 h I <strong>Sal\u00f3n de actos<\/strong><\/strong><\/p>\n<\/div><\/div>\n\n\n\n<hr class=\"wp-block-separator has-alpha-channel-opacity\"\/>\n\n\n\n<h2 class=\"wp-block-heading\">16\/4\/2025<\/h2>\n\n\n\n<div class=\"wp-block-media-text alignwide is-stacked-on-mobile\" style=\"grid-template-columns:34% auto\"><figure class=\"wp-block-media-text__media\"><img decoding=\"async\" loading=\"lazy\" width=\"1748\" height=\"1240\" src=\"https:\/\/ies1-caba.infd.edu.ar\/sitio\/wp-content\/uploads\/2025\/04\/Charla-sobre-Duelo-en-la-infancia-Maria-Laura-Diaz.jpg\" alt=\"\" class=\"wp-image-14208 size-full\" srcset=\"https:\/\/ies1-caba.infd.edu.ar\/sitio\/wp-content\/uploads\/2025\/04\/Charla-sobre-Duelo-en-la-infancia-Maria-Laura-Diaz.jpg 1748w, https:\/\/ies1-caba.infd.edu.ar\/sitio\/wp-content\/uploads\/2025\/04\/Charla-sobre-Duelo-en-la-infancia-Maria-Laura-Diaz-1000x709.jpg 1000w, https:\/\/ies1-caba.infd.edu.ar\/sitio\/wp-content\/uploads\/2025\/04\/Charla-sobre-Duelo-en-la-infancia-Maria-Laura-Diaz-768x545.jpg 768w, https:\/\/ies1-caba.infd.edu.ar\/sitio\/wp-content\/uploads\/2025\/04\/Charla-sobre-Duelo-en-la-infancia-Maria-Laura-Diaz-1536x1090.jpg 1536w\" sizes=\"(max-width: 1748px) 100vw, 1748px\" \/><\/figure><div class=\"wp-block-media-text__content\">\n<p><strong>Clase abierta<br><\/strong>Infancias en duelo.<br>P\u00e9rdidas significativas en la ni\u00f1ez y sus afectaciones en tiempos constitutivos<\/p>\n\n\n\n<p><strong>20.30 h I Aula 403<\/strong><\/p>\n<\/div><\/div>\n\n\n\n<hr class=\"wp-block-separator has-alpha-channel-opacity\"\/>\n\n\n\n<h2 class=\"wp-block-heading\">3\/4\/2025<\/h2>\n\n\n\n<div class=\"wp-block-media-text alignwide is-stacked-on-mobile\" style=\"grid-template-columns:34% auto\"><figure class=\"wp-block-media-text__media\"><img decoding=\"async\" loading=\"lazy\" width=\"1748\" height=\"1240\" src=\"https:\/\/ies1-caba.infd.edu.ar\/sitio\/wp-content\/uploads\/2025\/04\/Captura3.jpg\" alt=\"\" class=\"wp-image-14219 size-full\" srcset=\"https:\/\/ies1-caba.infd.edu.ar\/sitio\/wp-content\/uploads\/2025\/04\/Captura3.jpg 1748w, https:\/\/ies1-caba.infd.edu.ar\/sitio\/wp-content\/uploads\/2025\/04\/Captura3-1000x709.jpg 1000w, https:\/\/ies1-caba.infd.edu.ar\/sitio\/wp-content\/uploads\/2025\/04\/Captura3-768x545.jpg 768w, https:\/\/ies1-caba.infd.edu.ar\/sitio\/wp-content\/uploads\/2025\/04\/Captura3-1536x1090.jpg 1536w\" sizes=\"(max-width: 1748px) 100vw, 1748px\" \/><\/figure><div class=\"wp-block-media-text__content\">\n<p><strong>Reconocimiento<\/strong><br>Homenaje en el Alicia a Nora Corti\u00f1as<\/p>\n\n\n\n<p>Votado en el Consejo Directivo<br>Se realizar\u00e1 el descubrimiento de placa homenaje<\/p>\n\n\n\n<p>19.00 hs. I Sal\u00f3n de actos<\/p>\n<\/div><\/div>\n\n\n\n<div style=\"height:100px\" aria-hidden=\"true\" class=\"wp-block-spacer\"><\/div>\n","protected":false},"excerpt":{"rendered":"<p>2025 Jornadas de Psicopedagog\u00edaEntramando Miradas Sal\u00f3n de Actos 18 h I Sal\u00f3n de acto Jornadas de Psicopedagog\u00edaEducaci\u00f3n Bajo Cero 18 a 20 h I Sal\u00f3n de actos 23\/10 Jornadas de Psicopedagog\u00edaEntramando Miradas Sal\u00f3n de Actos 2 y 3\/10 VI Jornadas de Educaci\u00f3n y G\u00e9nero del AliciaConquistas, experiencias y propuestas para imaginar futuros posibles Sal\u00f3n de &#8230; <a title=\"Actividades Anteriores\" class=\"read-more\" href=\"https:\/\/ies1-caba.infd.edu.ar\/sitio\/actividades-2\/\" aria-label=\"More on Actividades Anteriores\">[+]<\/a><\/p>\n","protected":false},"author":11700,"featured_media":0,"parent":0,"menu_order":0,"comment_status":"closed","ping_status":"closed","template":"","meta":[],"acf":[],"_links":{"self":[{"href":"https:\/\/ies1-caba.infd.edu.ar\/sitio\/wp-json\/wp\/v2\/pages\/13718"}],"collection":[{"href":"https:\/\/ies1-caba.infd.edu.ar\/sitio\/wp-json\/wp\/v2\/pages"}],"about":[{"href":"https:\/\/ies1-caba.infd.edu.ar\/sitio\/wp-json\/wp\/v2\/types\/page"}],"author":[{"embeddable":true,"href":"https:\/\/ies1-caba.infd.edu.ar\/sitio\/wp-json\/wp\/v2\/users\/11700"}],"replies":[{"embeddable":true,"href":"https:\/\/ies1-caba.infd.edu.ar\/sitio\/wp-json\/wp\/v2\/comments?post=13718"}],"version-history":[{"count":38,"href":"https:\/\/ies1-caba.infd.edu.ar\/sitio\/wp-json\/wp\/v2\/pages\/13718\/revisions"}],"predecessor-version":[{"id":15932,"href":"https:\/\/ies1-caba.infd.edu.ar\/sitio\/wp-json\/wp\/v2\/pages\/13718\/revisions\/15932"}],"wp:attachment":[{"href":"https:\/\/ies1-caba.infd.edu.ar\/sitio\/wp-json\/wp\/v2\/media?parent=13718"}],"curies":[{"name":"wp","href":"https:\/\/api.w.org\/{rel}","templated":true}]}}