{"id":13513,"date":"2025-02-24T19:47:01","date_gmt":"2025-02-24T22:47:01","guid":{"rendered":"https:\/\/ies1-caba.infd.edu.ar\/sitio\/?page_id=13513"},"modified":"2025-05-29T20:21:23","modified_gmt":"2025-05-29T23:21:23","slug":"area-de-genero-en-el-alicia","status":"publish","type":"page","link":"https:\/\/ies1-caba.infd.edu.ar\/sitio\/area-de-genero-en-el-alicia\/","title":{"rendered":"\u00c1rea de G\u00e9nero en el Alicia"},"content":{"rendered":"\n<style> \/* Ocultar \u00edconos de redes sociales *\/ .a2a_kit, .a2a_button_facebook, .a2a_button_twitter, .a2a_button_whatsapp, .a2a_dd, [class*=\"a2a_button_\"] { display: none !important; } <\/style>\n\n\n\n<hr class=\"wp-block-separator has-alpha-channel-opacity\"\/>\n\n\n\n<p><strong>\u00c1rea de G\u00e9nero del IES N.\u00b0 1 \u201cDra. Alicia Moreau de Justo\u201d<\/strong><\/p>\n\n\n\n<p>El \u00c1rea de G\u00e9nero del Alicia es un espacio institucional cuya creaci\u00f3n fue aprobada en el a\u00f1o 2018 por el Consejo Directivo, a propuesta de estudiantes, graduades y docentes que ven\u00edan impulsando iniciativas previas en materia de g\u00e9nero y Educaci\u00f3n Sexual Integral (ESI).<\/p>\n\n\n\n<p>La creaci\u00f3n de esta \u00e1rea tiene como principales objetivos:<\/p>\n\n\n\n<ul>\n<li>Favorecer la aplicaci\u00f3n transversal de la ESI en la formaci\u00f3n docente y en la carrera de Psicopedagog\u00eda, en consonancia con lo establecido por el Programa Nacional de ESI, la Ley 2.110 de la Ciudad Aut\u00f3noma de Buenos Aires y sus lineamientos curriculares.<\/li>\n\n\n\n<li>Garantizar la existencia de espacios de formaci\u00f3n, jornadas, encuentros y charlas-debate sobre temas de g\u00e9nero y ESI, con la participaci\u00f3n de estudiantes, docentes y profesionales de diversas disciplinas.<\/li>\n\n\n\n<li>Adecuar e implementar el <strong>\u201cProtocolo de acci\u00f3n institucional para la prevenci\u00f3n e intervenci\u00f3n en situaciones de violencia de g\u00e9nero y discriminaci\u00f3n por orientaci\u00f3n sexual, identidad de g\u00e9nero o su expresi\u00f3n\u201d<\/strong>.<\/li>\n\n\n\n<li>Posicionar al IES N.\u00b0 1 \u201cDra. Alicia Moreau de Justo\u201d como una instituci\u00f3n de referencia en el abordaje de tem\u00e1ticas de g\u00e9nero y ESI.<\/li>\n\n\n\n<li>Promover actividades de investigaci\u00f3n vinculadas a estas problem\u00e1ticas, con participaci\u00f3n activa de docentes y estudiantes, tendiendo a incorporar dichas experiencias en las trayectorias formativas de lxs estudiantes de todas las carreras.<\/li>\n<\/ul>\n\n\n\n<p>El \u00c1rea est\u00e1 integrada por un equipo interdisciplinario de graduadas, docentes, tutoras y estudiantes del Instituto.<\/p>\n\n\n\n<p>Desde su creaci\u00f3n, el \u00c1rea ha llevado adelante m\u00faltiples acciones, entre las que se destacan:<\/p>\n\n\n\n<ul>\n<li>Capacitaciones dirigidas tanto a integrantes del \u00c1rea como al conjunto del personal institucional.<\/li>\n\n\n\n<li>Cursos de formaci\u00f3n en ESI abiertos a la comunidad.<\/li>\n\n\n\n<li>Organizaci\u00f3n de jornadas institucionales sobre ESI y conferencias con especialistas.<\/li>\n\n\n\n<li>Coordinaci\u00f3n de diversas ediciones de las <strong>Jornadas de Educaci\u00f3n y G\u00e9nero<\/strong>.<\/li>\n\n\n\n<li>Formaci\u00f3n de un equipo de acompa\u00f1amiento para la aplicaci\u00f3n del protocolo institucional en casos de violencia de g\u00e9nero y discriminaci\u00f3n por motivos de identidad u orientaci\u00f3n sexual.<\/li>\n<\/ul>\n\n\n\n<p>Si te interesa conocer m\u00e1s sobre el \u00c1rea, sugerir acciones, o participar activamente, pod\u00e9s contactarnos a trav\u00e9s del correo electr\u00f3nico: <strong><a>areadegenerodelalicia@gmail.com<\/a><\/strong><\/p>\n\n\n\n<div style=\"height:100px\" aria-hidden=\"true\" class=\"wp-block-spacer\"><\/div>\n\n\n\n<div class=\"wp-block-cover alignfull\" style=\"min-height:197px\"><span aria-hidden=\"true\" class=\"wp-block-cover__background has-background-dim-0 has-background-dim\"><\/span><img decoding=\"async\" loading=\"lazy\" width=\"1100\" height=\"185\" class=\"wp-block-cover__image-background wp-image-13666\" alt=\"\" src=\"https:\/\/ies1-caba.infd.edu.ar\/sitio\/wp-content\/uploads\/2025\/03\/bannerinf-2.png\" data-object-fit=\"cover\" srcset=\"https:\/\/ies1-caba.infd.edu.ar\/sitio\/wp-content\/uploads\/2025\/03\/bannerinf-2.png 1100w, https:\/\/ies1-caba.infd.edu.ar\/sitio\/wp-content\/uploads\/2025\/03\/bannerinf-2-1000x168.png 1000w, https:\/\/ies1-caba.infd.edu.ar\/sitio\/wp-content\/uploads\/2025\/03\/bannerinf-2-768x129.png 768w\" sizes=\"(max-width: 1100px) 100vw, 1100px\" \/><div class=\"wp-block-cover__inner-container\">\n<div class=\"wp-block-group alignfull has-background-color is-layout-constrained\" style=\"margin-top:0;margin-bottom:0;padding-top:var(--wp--preset--spacing--40);padding-right:var(--wp--preset--spacing--30);padding-bottom:var(--wp--preset--spacing--40);padding-left:var(--wp--preset--spacing--30)\"><div class=\"wp-block-group__inner-container\">\n<p class=\"has-text-align-center\"><a href=\"https:\/\/ies1-caba.infd.edu.ar\/sitio\/wp-admin\/post.php?post=12571&amp;action=edit#site-title-pseudo-link\">IES N\u00b01 \u00abDra. Alicia Moreau de Justo\u00bb<\/a><\/p>\n\n\n\n<p class=\"has-text-align-center has-small-font-size\"><strong> Av. C\u00f3rdoba 2016, CABA&nbsp;<br><a href=\"iesamjusto@bue.edu.ar\">iesamjusto@bue.edu.ar<\/a> <\/strong><\/p>\n\n\n\n<p class=\"has-text-align-center\">Educaci\u00f3n P\u00fablica y Gratuita <\/p>\n<\/div><\/div>\n<\/div><\/div>\n","protected":false},"excerpt":{"rendered":"<p>\u00c1rea de G\u00e9nero del IES N.\u00b0 1 \u201cDra. Alicia Moreau de Justo\u201d El \u00c1rea de G\u00e9nero del Alicia es un espacio institucional cuya creaci\u00f3n fue aprobada en el a\u00f1o 2018 por el Consejo Directivo, a propuesta de estudiantes, graduades y docentes que ven\u00edan impulsando iniciativas previas en materia de g\u00e9nero y Educaci\u00f3n Sexual Integral (ESI). &#8230; <a title=\"\u00c1rea de G\u00e9nero en el Alicia\" class=\"read-more\" href=\"https:\/\/ies1-caba.infd.edu.ar\/sitio\/area-de-genero-en-el-alicia\/\" aria-label=\"More on \u00c1rea de G\u00e9nero en el Alicia\">[+]<\/a><\/p>\n","protected":false},"author":11703,"featured_media":0,"parent":0,"menu_order":0,"comment_status":"closed","ping_status":"closed","template":"","meta":[],"acf":[],"_links":{"self":[{"href":"https:\/\/ies1-caba.infd.edu.ar\/sitio\/wp-json\/wp\/v2\/pages\/13513"}],"collection":[{"href":"https:\/\/ies1-caba.infd.edu.ar\/sitio\/wp-json\/wp\/v2\/pages"}],"about":[{"href":"https:\/\/ies1-caba.infd.edu.ar\/sitio\/wp-json\/wp\/v2\/types\/page"}],"author":[{"embeddable":true,"href":"https:\/\/ies1-caba.infd.edu.ar\/sitio\/wp-json\/wp\/v2\/users\/11703"}],"replies":[{"embeddable":true,"href":"https:\/\/ies1-caba.infd.edu.ar\/sitio\/wp-json\/wp\/v2\/comments?post=13513"}],"version-history":[{"count":5,"href":"https:\/\/ies1-caba.infd.edu.ar\/sitio\/wp-json\/wp\/v2\/pages\/13513\/revisions"}],"predecessor-version":[{"id":15046,"href":"https:\/\/ies1-caba.infd.edu.ar\/sitio\/wp-json\/wp\/v2\/pages\/13513\/revisions\/15046"}],"wp:attachment":[{"href":"https:\/\/ies1-caba.infd.edu.ar\/sitio\/wp-json\/wp\/v2\/media?parent=13513"}],"curies":[{"name":"wp","href":"https:\/\/api.w.org\/{rel}","templated":true}]}}