{"id":13471,"date":"2025-02-21T11:39:02","date_gmt":"2025-02-21T14:39:02","guid":{"rendered":"https:\/\/ies1-caba.infd.edu.ar\/sitio\/?page_id=13471"},"modified":"2025-09-23T20:11:41","modified_gmt":"2025-09-23T23:11:41","slug":"plan-de-estudio-del-profesorado-en-psicologia","status":"publish","type":"page","link":"https:\/\/ies1-caba.infd.edu.ar\/sitio\/plan-de-estudio-del-profesorado-en-psicologia\/","title":{"rendered":"Plan de estudio del Profesorado en Psicolog\u00eda"},"content":{"rendered":"\n<hr class=\"wp-block-separator has-alpha-channel-opacity\"\/>\n\n\n\n<p class=\"has-text-align-center\"><strong><a href=\"https:\/\/ies1-caba.infd.edu.ar\/sitio\/profesorado-en-psicologia-2\/upload\/Formulario_PCI_FD_CABA_ULTIMO_9-7_2.doc\" data-type=\"URL\" target=\"_blank\" rel=\"noreferrer noopener\">TEXTO COMPLETO DEL PLAN DE ESTUDIOS<\/a><\/strong><\/p>\n\n\n\n<p><\/p>\n\n\n\n<figure class=\"wp-block-table\"><table><tbody><tr><td><strong>Trayectos<\/strong><\/td><td><strong>Nombre de las Materias<\/strong><\/td><td><strong>Duraci\u00f3n<\/strong><\/td><td><strong>Horas<\/strong><\/td><td>&nbsp;<\/td><\/tr><tr><td>C.F.G.<\/td><td>Pedagog\u00eda<\/td><td>Anual<\/td><td>96<\/td><td>&nbsp;<\/td><\/tr><tr><td>C.F.G.<\/td><td>Did\u00e1ctica General<\/td><td>Anual<\/td><td>96<\/td><td>&nbsp;<\/td><\/tr><tr><td>C.F.G.<\/td><td>*Filosof\u00eda<\/td><td>Anual<\/td><td>128<\/td><td>&nbsp;<\/td><\/tr><tr><td>C.F.G..<\/td><td>*Sistema y pol\u00edtica educativa<\/td><td>Cuatr.<\/td><td>64<\/td><td>&nbsp;<\/td><\/tr><tr><td>C.F.G.<\/td><td>Lectura, escritura y oralidad<\/td><td>Anual<\/td><td>96<\/td><td>&nbsp;<\/td><\/tr><tr><td>C.F.G.<\/td><td>Nuevas tecnolog\u00edas<\/td><td>Cuatr.<\/td><td>64<\/td><td>&nbsp;<\/td><\/tr><tr><td>C.F.G..<\/td><td>*Educaci\u00f3n sexual integral<\/td><td>Cuatr.<\/td><td>32<\/td><td>&nbsp;<\/td><\/tr><tr><td>C.F.G.<\/td><td>**Instituciones educativas<\/td><td>Cuatr.<\/td><td>64<\/td><td>Optativa<\/td><\/tr><tr><td>C.F.G.<\/td><td>**Nuevos escenarios: cultura, tecnolog\u00eda y subjetividad<\/td><td>Cuatr.<\/td><td>64<\/td><td>Optativa<\/td><\/tr><tr><td>C.F.G.<\/td><td>**Historia de la educaci\u00f3n argentina<\/td><td>Cuatr.<\/td><td>64<\/td><td>Optativa<\/td><\/tr><tr><td>C.F.G.<\/td><td>**Derechos humanos, sociedad y estado.<\/td><td>Cuatr.<\/td><td>64<\/td><td>Optativa<\/td><\/tr><tr><td>C.F.G.<\/td><td>**Trabajo\/profesionalizaci\u00f3n docente<\/td><td>Cuatr.<\/td><td>64<\/td><td>Optativa<\/td><\/tr><tr><td>C.F.G.<\/td><td>Taller de lectura, escritura y oralidad II.<\/td><td>Cuatr.<\/td><td>48<\/td><td>&nbsp;<\/td><\/tr><tr><td>C.F.G<\/td><td>Teor\u00edas del aprendizaje<\/td><td>Cuatr.<\/td><td>64<\/td><td>&nbsp;<\/td><\/tr><tr><td>C.F.G<\/td><td>*Semiolog\u00eda<\/td><td>Cuatr.<\/td><td>48<\/td><td>&nbsp;<\/td><\/tr><tr><td>C.F.G<\/td><td>*Historia social de la educaci\u00f3n latinoamericana<\/td><td>Cuatr.<\/td><td>48<\/td><td>&nbsp;<\/td><\/tr><tr><td>C.F.G<\/td><td>Sociolog\u00eda Pol\u00edtica<\/td><td>Cuatr.<\/td><td>48<\/td><td>&nbsp;<\/td><\/tr><tr><td colspan=\"5\">De 5 materias optativas se cursan 2.<\/td><\/tr><tr><td>C.F.E.<\/td><td>Psicolog\u00eda de la ni\u00f1ez&nbsp;<\/td><td>Anual&nbsp;<\/td><td>128<\/td><td>&nbsp;<\/td><\/tr><tr><td>C.F.E.<\/td><td>Psicolog\u00eda de la adolescencia y la adultez&nbsp;<\/td><td>&nbsp;Anual&nbsp;<\/td><td>160<\/td><td>&nbsp;<\/td><\/tr><tr><td>C.F.E.<\/td><td>Psicopatolog\u00eda&nbsp;<\/td><td>Anual&nbsp;<\/td><td>128<\/td><td>&nbsp;<\/td><\/tr><tr><td>C.F.E.<\/td><td>Subjetividad, grupos, instituci\u00f3n y sociedad<\/td><td>Anual<\/td><td>96<\/td><td>&nbsp;<\/td><\/tr><tr><td>C.F.E.<\/td><td>*Did\u00e1ctica de nivel medio y superior<\/td><td>Anual&nbsp;<\/td><td>128<\/td><td>&nbsp;<\/td><\/tr><tr><td>C.F.E.<\/td><td>Psicolog\u00eda orientada a sujetos con problemas de aprendizaje&nbsp;<\/td><td>Cuatr.<\/td><td>64<\/td><td>&nbsp;<\/td><\/tr><tr><td>C.F.E.<\/td><td>Seminario de problem\u00e1ticas relativas a la ense\u00f1anza superior<\/td><td>Cuatr.<\/td><td>64<\/td><td>&nbsp;<\/td><\/tr><tr><td>C.F.E.<\/td><td>Taller de abordaje de las problem\u00e1ticas psicosociales juveniles en la actualidad<\/td><td>&nbsp;Cuatr.<\/td><td>64<\/td><td>&nbsp;<\/td><\/tr><tr><td>C.F.E.<\/td><td>*Estrategias para la resoluci\u00f3n de conflictos\u00a0<\/td><td>&nbsp;Cuatr.<\/td><td>48<\/td><td>&nbsp;<\/td><\/tr><tr><td>C.F.E.<\/td><td>*Taller de evaluaci\u00f3n<\/td><td>&nbsp;Cuatr.<\/td><td>48<\/td><td>&nbsp;<\/td><\/tr><tr><td>C:F:E:<\/td><td>*Historia de la Psicolog\u00eda<\/td><td>Cuatr.<\/td><td>64<\/td><td>&nbsp;<\/td><\/tr><tr><td>C.F.E.<\/td><td>Fundamentos de la psicolog\u00eda&nbsp;<\/td><td>Anual<\/td><td>128<\/td><td>&nbsp;<\/td><\/tr><tr><td>C.F.E.<\/td><td>Teor\u00eda y epistemolog\u00eda psicoanal\u00edtica I&nbsp;<\/td><td>Anual<\/td><td>128<\/td><td>&nbsp;<\/td><\/tr><tr><td>C.F.E.<\/td><td>*Teor\u00eda y epistemolog\u00eda psicoanal\u00edtica II<\/td><td>Anual<\/td><td>96<\/td><td>&nbsp;<\/td><\/tr><tr><td>C.F.E.<\/td><td>Psicolog\u00eda comprensiva<\/td><td>Cuatr.<\/td><td>64<\/td><td>&nbsp;<\/td><\/tr><tr><td>C.F.E.<\/td><td>*Psicolog\u00eda sist\u00e9mica<\/td><td>Cuatr.<\/td><td>64<\/td><td>&nbsp;<\/td><\/tr><tr><td>C.F.E.<\/td><td>Psicolog\u00eda de la educaci\u00f3n<\/td><td>Anual<\/td><td>128<\/td><td>&nbsp;<\/td><\/tr><tr><td>C.F.E.<\/td><td>Epistemolog\u00eda y psicolog\u00eda gen\u00e9tica I&nbsp;<\/td><td>&nbsp;Cuatr.<\/td><td>64<\/td><td>&nbsp;<\/td><\/tr><tr><td>C.F.E.<\/td><td>Epistemolog\u00eda y psicolog\u00eda gen\u00e9tica II<\/td><td>Cuatr.<\/td><td>64<\/td><td>&nbsp;<\/td><\/tr><tr><td>C.F.E.<\/td><td>T\u00e9cnicas psicom\u00e9tricas de diagnostico aplicadas a la problem\u00e1tica educativa<\/td><td>Cuatr.<\/td><td>64<\/td><td>&nbsp;<\/td><\/tr><tr><td>C.F.E.<\/td><td>T\u00e9cnicas proyectivas&nbsp;de diagnostico aplicadas a la problem\u00e1tica educativa<\/td><td>Cuatr.<\/td><td>64<\/td><td>&nbsp;<\/td><\/tr><tr><td>C.F.E.<\/td><td>Orientaci\u00f3n vocacional&nbsp;<\/td><td>&nbsp;Cuatr.<\/td><td>64<\/td><td>&nbsp;<\/td><\/tr><tr><td>C.F.E.<\/td><td>T\u00e9cnicas cuantitativas de investigaci\u00f3n aplicadas a la problem\u00e1tica educativa<\/td><td>&nbsp;Cuatr.<\/td><td>64<\/td><td>&nbsp;<\/td><\/tr><tr><td>C.F.E.<\/td><td>T\u00e9cnicas cualitativas de investigaci\u00f3n aplicadas a la problem\u00e1tica educativa<\/td><td>Cuatr.<\/td><td>64<\/td><td>&nbsp;<\/td><\/tr><tr><td>C.F.E.<\/td><td>Cartograf\u00edas sociales e investigaci\u00f3n participativa<\/td><td>Cuatr.<\/td><td>64<\/td><td>&nbsp;<\/td><\/tr><tr><td>C.F.E.<\/td><td>Biolog\u00eda&nbsp;<\/td><td>Cuatr.<\/td><td>48<\/td><td>&nbsp;<\/td><\/tr><tr><td>C.F.E.<\/td><td>Anatom\u00eda y fisiolog\u00eda del sistema nervioso&nbsp;<\/td><td>Cuatr.<\/td><td>48<\/td><td>&nbsp;<\/td><\/tr><tr><td>C.F.E.<\/td><td>Psicolog\u00eda Cognitiva&nbsp;<\/td><td>Cuatr.<\/td><td>64<\/td><td>&nbsp;<\/td><\/tr><tr><td>C.F.E.<\/td><td>Neurociencia y educaci\u00f3n<\/td><td>Cuatr.<\/td><td>64<\/td><td>&nbsp;<\/td><\/tr><tr><td>C.F.E.<\/td><td>Antropolog\u00eda cultural&nbsp;<\/td><td>Cuatr.<\/td><td>64<\/td><td>&nbsp;<\/td><\/tr><tr><td>C.F.E.<\/td><td>*An\u00e1lisis del discurso<\/td><td>Cuatr.<\/td><td>48<\/td><td>&nbsp;<\/td><\/tr><tr><td>C.F.E.<\/td><td>Filosof\u00eda de la educaci\u00f3n&nbsp;<\/td><td>Anual<\/td><td>96<\/td><td>&nbsp;<\/td><\/tr><tr><td>C.F.E.<\/td><td>Psicolog\u00eda comunitaria<\/td><td>Cuatr.<\/td><td>64<\/td><td>&nbsp;<\/td><\/tr><tr><td>C.F.E.<\/td><td>*Estudios de g\u00e9nero<\/td><td>Cuatr.<\/td><td>48<\/td><td>&nbsp;<\/td><\/tr><tr><td>C.F.E.<\/td><td>Taller acerca de las nuevas tecnolog\u00edas en el mundo contempor\u00e1neo<\/td><td>Cuatr.<\/td><td>64<\/td><td>&nbsp;<\/td><\/tr><tr><td>C:F:P:P:<\/td><td>Sujetos y contextos de la pr\u00e1ctica<\/td><td>Anual<\/td><td>128<\/td><td>&nbsp;<\/td><\/tr><tr><td>C:F:P:P:<\/td><td>Aproximaci\u00f3n a la intervenci\u00f3n docente en contextos reales<\/td><td>Anual<\/td><td>128<\/td><td>&nbsp;<\/td><\/tr><tr><td>C:F:P:P:<\/td><td>Residencia pedag\u00f3gica<\/td><td>Anual<\/td><td>128<\/td><td>&nbsp;<\/td><\/tr><\/tbody><\/table><\/figure>\n\n\n\n<div class=\"wp-block-cover alignfull\" style=\"min-height:197px\"><span aria-hidden=\"true\" class=\"wp-block-cover__background has-background-dim-0 has-background-dim\"><\/span><img decoding=\"async\" loading=\"lazy\" width=\"1100\" height=\"185\" class=\"wp-block-cover__image-background wp-image-13666\" alt=\"\" src=\"https:\/\/ies1-caba.infd.edu.ar\/sitio\/wp-content\/uploads\/2025\/03\/bannerinf-2.png\" data-object-fit=\"cover\" srcset=\"https:\/\/ies1-caba.infd.edu.ar\/sitio\/wp-content\/uploads\/2025\/03\/bannerinf-2.png 1100w, https:\/\/ies1-caba.infd.edu.ar\/sitio\/wp-content\/uploads\/2025\/03\/bannerinf-2-1000x168.png 1000w, https:\/\/ies1-caba.infd.edu.ar\/sitio\/wp-content\/uploads\/2025\/03\/bannerinf-2-768x129.png 768w\" sizes=\"(max-width: 1100px) 100vw, 1100px\" \/><div class=\"wp-block-cover__inner-container\">\n<div class=\"wp-block-group alignfull has-background-color is-layout-constrained\" style=\"margin-top:0;margin-bottom:0;padding-top:var(--wp--preset--spacing--40);padding-right:var(--wp--preset--spacing--30);padding-bottom:var(--wp--preset--spacing--40);padding-left:var(--wp--preset--spacing--30)\"><div class=\"wp-block-group__inner-container\">\n<p class=\"has-text-align-center\"><a href=\"https:\/\/ies1-caba.infd.edu.ar\/sitio\/wp-admin\/post.php?post=12571&amp;action=edit#site-title-pseudo-link\">IES N\u00b01 \u00abDra. Alicia Moreau de Justo\u00bb<\/a><\/p>\n\n\n\n<p class=\"has-text-align-center has-small-font-size\"><strong> Av. C\u00f3rdoba 2016, CABA&nbsp;<br><a href=\"iesamjusto@bue.edu.ar\">iesamjusto@bue.edu.ar<\/a> <\/strong><\/p>\n\n\n\n<p class=\"has-text-align-center\">Educaci\u00f3n P\u00fablica y Gratuita <\/p>\n<\/div><\/div>\n<\/div><\/div>\n","protected":false},"excerpt":{"rendered":"<p>TEXTO COMPLETO DEL PLAN DE ESTUDIOS Trayectos Nombre de las Materias Duraci\u00f3n Horas &nbsp; C.F.G. Pedagog\u00eda Anual 96 &nbsp; C.F.G. Did\u00e1ctica General Anual 96 &nbsp; C.F.G. *Filosof\u00eda Anual 128 &nbsp; C.F.G.. *Sistema y pol\u00edtica educativa Cuatr. 64 &nbsp; C.F.G. Lectura, escritura y oralidad Anual 96 &nbsp; C.F.G. Nuevas tecnolog\u00edas Cuatr. 64 &nbsp; C.F.G.. *Educaci\u00f3n sexual &#8230; <a title=\"Plan de estudio del Profesorado en Psicolog\u00eda\" class=\"read-more\" href=\"https:\/\/ies1-caba.infd.edu.ar\/sitio\/plan-de-estudio-del-profesorado-en-psicologia\/\" aria-label=\"More on Plan de estudio del Profesorado en Psicolog\u00eda\">[+]<\/a><\/p>\n","protected":false},"author":11703,"featured_media":0,"parent":0,"menu_order":0,"comment_status":"closed","ping_status":"closed","template":"","meta":[],"acf":[],"_links":{"self":[{"href":"https:\/\/ies1-caba.infd.edu.ar\/sitio\/wp-json\/wp\/v2\/pages\/13471"}],"collection":[{"href":"https:\/\/ies1-caba.infd.edu.ar\/sitio\/wp-json\/wp\/v2\/pages"}],"about":[{"href":"https:\/\/ies1-caba.infd.edu.ar\/sitio\/wp-json\/wp\/v2\/types\/page"}],"author":[{"embeddable":true,"href":"https:\/\/ies1-caba.infd.edu.ar\/sitio\/wp-json\/wp\/v2\/users\/11703"}],"replies":[{"embeddable":true,"href":"https:\/\/ies1-caba.infd.edu.ar\/sitio\/wp-json\/wp\/v2\/comments?post=13471"}],"version-history":[{"count":4,"href":"https:\/\/ies1-caba.infd.edu.ar\/sitio\/wp-json\/wp\/v2\/pages\/13471\/revisions"}],"predecessor-version":[{"id":15699,"href":"https:\/\/ies1-caba.infd.edu.ar\/sitio\/wp-json\/wp\/v2\/pages\/13471\/revisions\/15699"}],"wp:attachment":[{"href":"https:\/\/ies1-caba.infd.edu.ar\/sitio\/wp-json\/wp\/v2\/media?parent=13471"}],"curies":[{"name":"wp","href":"https:\/\/api.w.org\/{rel}","templated":true}]}}