{"id":13422,"date":"2025-02-21T09:26:45","date_gmt":"2025-02-21T12:26:45","guid":{"rendered":"https:\/\/ies1-caba.infd.edu.ar\/sitio\/?page_id=13422"},"modified":"2025-03-10T19:25:29","modified_gmt":"2025-03-10T22:25:29","slug":"plan-de-estudio-carrera-de-psicopedagogia","status":"publish","type":"page","link":"https:\/\/ies1-caba.infd.edu.ar\/sitio\/plan-de-estudio-carrera-de-psicopedagogia\/","title":{"rendered":"Plan de estudio de la Carrera de Psicopedagog\u00eda"},"content":{"rendered":"\n<hr class=\"wp-block-separator has-alpha-channel-opacity\"\/>\n\n\n\n<p><\/p>\n\n\n\n<p class=\"has-text-align-center\"><strong><a href=\"https:\/\/ies1-caba.infd.edu.ar\/sitio\/wp-content\/uploads\/2021\/04\/Plan_aprobado_Psicopedagogia_146-2014.pdf\" target=\"_blank\" rel=\"noreferrer noopener\">TEXTO COMPLETO DEL PLAN DE ESTUDIOS<\/a><\/strong><\/p>\n\n\n\n<p><\/p>\n\n\n\n<p class=\"has-text-align-center\"><strong>Organizaci\u00f3n del Plan de Estudios (146\/14)<\/strong><\/p>\n\n\n\n<figure class=\"wp-block-table\"><table><tbody><tr><td><strong>\u00c1rea<br>Formativa<\/strong><\/td><td><strong>Instancias <\/strong><strong>Curriculares<\/strong><\/td><td><strong>Unidad<br>curricular<\/strong><\/td><td><strong>Duraci\u00f3n<\/strong><\/td><td>&nbsp;<strong>Carga<br>horariasemanal<\/strong><br><strong>(horas<br>c\u00e1tedra)<\/strong><\/td><\/tr><tr><td rowspan=\"5\">\u00c1rea<br>de Formaci\u00f3n General<\/td><td>Filosof\u00eda<br>de la educaci\u00f3n<\/td><td>Materia<\/td><td>Anual<\/td><td>3<\/td><\/tr><tr><td>Pedagog\u00eda<\/td><td>Materia<\/td><td>Anual<\/td><td>5<\/td><\/tr><tr><td>Sociolog\u00eda<\/td><td>Materia<\/td><td>Cuatrimestral<\/td><td>4<\/td><\/tr><tr><td>Antropolog\u00eda<\/td><td>Materia<\/td><td>Cuatrimestral<\/td><td>4<\/td><\/tr><tr><td>\u00c9tica<br>y deontolog\u00eda profesional<\/td><td>Materia<\/td><td>Cuatrimestral<\/td><td>4<\/td><\/tr><tr><td rowspan=\"12\">\u00c1rea<br>de Formaci\u00f3n de Fundamento<\/td><td>Bases<br>neurofisiol\u00f3gicas del aprendizaje<\/td><td>Materia<\/td><td>Anual<\/td><td>4<\/td><\/tr><tr><td>Psicolog\u00eda<br>General<\/td><td>Materia<\/td><td>Anual<\/td><td>5<\/td><\/tr><tr><td>Did\u00e1ctica<br>General<\/td><td>Materia<\/td><td>Anual<\/td><td>3<\/td><\/tr><tr><td>Estad\u00edstica<\/td><td>Materia<\/td><td>Cuatrimestral<\/td><td>6<\/td><\/tr><tr><td>Psicolog\u00eda<br>Social<\/td><td>Materia<\/td><td>Cuatrimestral<\/td><td>4<\/td><\/tr><tr><td>Teor\u00eda<br>y Din\u00e1mica de Grupos<\/td><td>Materia<\/td><td>Cuatrimestral<\/td><td>4<\/td><\/tr><tr><td>Neuropsicopatolog\u00eda<\/td><td>Materia<\/td><td>Anual<\/td><td>4<\/td><\/tr><tr><td>Psicoan\u00e1lisis<\/td><td>Materia<\/td><td>Anual<\/td><td>4<\/td><\/tr><tr><td>Psicopatolog\u00eda<\/td><td>Materia<\/td><td>Anual<\/td><td>4<\/td><\/tr><tr><td>Metodolog\u00eda<br>de la Investigaci\u00f3n<\/td><td>Materia<\/td><td>Cuatrimestral<\/td><td>4<\/td><\/tr><tr><td>Psicolog\u00eda<br>de la Ni\u00f1ez<\/td><td>Materia<\/td><td>Cuatrimestral<\/td><td>6<\/td><\/tr><tr><td>Psicolog\u00eda<br>de la Adolescencia y la Adultez&nbsp;&nbsp;<\/td><td>Materia<\/td><td>Cuatrimestral<\/td><td>6<\/td><\/tr><tr><td rowspan=\"13\">\u00c1rea<br>de Formaci\u00f3n Espec\u00edfica<\/td><td>Psicolog\u00eda<br>Gen\u00e9tica<\/td><td>Materia<\/td><td>Cuatrimestral<\/td><td>6<\/td><\/tr><tr><td>Psicolog\u00eda<br>del Aprendizaje<\/td><td>Materia<\/td><td>Anual<\/td><td>4<\/td><\/tr><tr><td>Lenguajes<br>expresivos aplicados a la Psicopedagog\u00eda<\/td><td>Taller<\/td><td>Cuatrimestral<\/td><td>4<\/td><\/tr><tr><td>Promoci\u00f3n<br>y Prevenci\u00f3n en Psicopedagog\u00eda<\/td><td>Materia<\/td><td>Anual<\/td><td>3<\/td><\/tr><tr><td>Problem\u00e1ticas<br>de la Discapacidad<\/td><td>Materia<\/td><td>Cuatrimestral<\/td><td>4<\/td><\/tr><tr><td>Did\u00e1ctica<br>en el Nivel Inicial<\/td><td>Materia<\/td><td>Cuatrimestral<\/td><td>3<\/td><\/tr><tr><td>Did\u00e1ctica<br>en el Nivel Primario<\/td><td>Materia<\/td><td>Cuatrimestral<\/td><td>3<\/td><\/tr><tr><td>Did\u00e1ctica<br>en el Nivel Medio y Superior<\/td><td>Materia<\/td><td>Cuatrimestral<\/td><td>6<\/td><\/tr><tr><td>Intervenciones<br>psicopedag\u00f3gicas en trastornos del desarrollo<\/td><td>Materia<\/td><td>Anual<\/td><td>4<\/td><\/tr><tr><td>Intervenciones<br>psicopedag\u00f3gicas en la discapacidad<\/td><td>Materia<\/td><td>Cuatrimestral<\/td><td>4<\/td><\/tr><tr><td>Teor\u00eda<br>y T\u00e9cnicas Psicom\u00e9tricas de Evaluaci\u00f3n<\/td><td>Taller<\/td><td>Anual<\/td><td>4<\/td><\/tr><tr><td>Teor\u00eda<br>y T\u00e9cnicas Proyectivas de Evaluaci\u00f3n<\/td><td>Taller<\/td><td>Anual<\/td><td>4<\/td><\/tr><tr><td>Seminario<br>de Actualizaci\u00f3n&nbsp;<\/td><td>Seminario<\/td><td>Cuatrimestral<br>\u2013 Uno entre opciones<\/td><td>3<\/td><\/tr><tr><td><\/td><td>Una<br>materia entre:Psicopedagog\u00eda<br>Jur\u00eddico- SocialPsicopedagog\u00eda<br>LaboralAbordajes<br>Psicopedag\u00f3gicos en Personas Mayores<\/td><td>Materia<\/td><td>Cuatrimestral<\/td><td>4<\/td><\/tr><tr><td rowspan=\"8\">\u00c1rea<br>de Pr\u00e1cticas<\/td><td rowspan=\"2\">PPI:<br>Acercamiento al campo profesional<\/td><td>Taller<\/td><td rowspan=\"2\">Cuatrimestral<\/td><td>4<\/td><\/tr><tr><td>Trabajo<br>en contexto<\/td><td>&nbsp;<\/td><\/tr><tr><td>Diagn\u00f3stico<br>Psicopedag\u00f3gico<\/td><td>Materia<\/td><td>Anual<\/td><td>4<\/td><\/tr><tr><td>Cl\u00ednica<br>Psicopedag\u00f3gica en la Ni\u00f1ez<\/td><td>Materia<\/td><td>Anual<\/td><td>5<\/td><\/tr><tr><td>Cl\u00ednica<br>Psicopedag\u00f3gica en Adolescentes y Adultos<\/td><td>Materia<\/td><td>Anual<\/td><td>5<\/td><\/tr><tr><td>Orientaci\u00f3n<br>Educacional, Vocacional y Profesional<\/td><td>Taller<\/td><td>Anual<\/td><td>4<\/td><\/tr><tr><td rowspan=\"2\">PPII:<br>Residencia<\/td><td>Taller<\/td><td rowspan=\"2\">Cuatrimestral<\/td><td>4<\/td><\/tr><tr><td>Trabajo<br>en contexto<\/td><td><\/td><\/tr><\/tbody><\/table><\/figure>\n\n\n\n<div class=\"wp-block-cover alignfull\" style=\"min-height:197px\"><span aria-hidden=\"true\" class=\"wp-block-cover__background has-background-dim-0 has-background-dim\"><\/span><img decoding=\"async\" loading=\"lazy\" width=\"1100\" height=\"185\" class=\"wp-block-cover__image-background wp-image-13666\" alt=\"\" src=\"https:\/\/ies1-caba.infd.edu.ar\/sitio\/wp-content\/uploads\/2025\/03\/bannerinf-2.png\" data-object-fit=\"cover\" srcset=\"https:\/\/ies1-caba.infd.edu.ar\/sitio\/wp-content\/uploads\/2025\/03\/bannerinf-2.png 1100w, https:\/\/ies1-caba.infd.edu.ar\/sitio\/wp-content\/uploads\/2025\/03\/bannerinf-2-1000x168.png 1000w, https:\/\/ies1-caba.infd.edu.ar\/sitio\/wp-content\/uploads\/2025\/03\/bannerinf-2-768x129.png 768w\" sizes=\"(max-width: 1100px) 100vw, 1100px\" \/><div class=\"wp-block-cover__inner-container\">\n<div class=\"wp-block-group alignfull has-background-color is-layout-constrained\" style=\"margin-top:0;margin-bottom:0;padding-top:var(--wp--preset--spacing--40);padding-right:var(--wp--preset--spacing--30);padding-bottom:var(--wp--preset--spacing--40);padding-left:var(--wp--preset--spacing--30)\"><div class=\"wp-block-group__inner-container\">\n<p class=\"has-text-align-center\"><a href=\"https:\/\/ies1-caba.infd.edu.ar\/sitio\/wp-admin\/post.php?post=12571&amp;action=edit#site-title-pseudo-link\">IES N\u00b01 \u00abDra. Alicia Moreau de Justo\u00bb<\/a><\/p>\n\n\n\n<p class=\"has-text-align-center has-small-font-size\"><strong> Av. C\u00f3rdoba 2016, CABA&nbsp;<br><a href=\"iesamjusto@bue.edu.ar\">iesamjusto@bue.edu.ar<\/a> <\/strong><\/p>\n\n\n\n<p class=\"has-text-align-center\">Educaci\u00f3n P\u00fablica y Gratuita <\/p>\n<\/div><\/div>\n<\/div><\/div>\n","protected":false},"excerpt":{"rendered":"<p>TEXTO COMPLETO DEL PLAN DE ESTUDIOS Organizaci\u00f3n del Plan de Estudios (146\/14) \u00c1reaFormativa Instancias Curriculares Unidadcurricular Duraci\u00f3n &nbsp;Cargahorariasemanal(horasc\u00e1tedra) \u00c1reade Formaci\u00f3n General Filosof\u00edade la educaci\u00f3n Materia Anual 3 Pedagog\u00eda Materia Anual 5 Sociolog\u00eda Materia Cuatrimestral 4 Antropolog\u00eda Materia Cuatrimestral 4 \u00c9ticay deontolog\u00eda profesional Materia Cuatrimestral 4 \u00c1reade Formaci\u00f3n de Fundamento Basesneurofisiol\u00f3gicas del aprendizaje Materia Anual 4 &#8230; <a title=\"Plan de estudio de la Carrera de Psicopedagog\u00eda\" class=\"read-more\" href=\"https:\/\/ies1-caba.infd.edu.ar\/sitio\/plan-de-estudio-carrera-de-psicopedagogia\/\" aria-label=\"More on Plan de estudio de la Carrera de Psicopedagog\u00eda\">[+]<\/a><\/p>\n","protected":false},"author":11703,"featured_media":0,"parent":0,"menu_order":0,"comment_status":"closed","ping_status":"closed","template":"","meta":[],"acf":[],"_links":{"self":[{"href":"https:\/\/ies1-caba.infd.edu.ar\/sitio\/wp-json\/wp\/v2\/pages\/13422"}],"collection":[{"href":"https:\/\/ies1-caba.infd.edu.ar\/sitio\/wp-json\/wp\/v2\/pages"}],"about":[{"href":"https:\/\/ies1-caba.infd.edu.ar\/sitio\/wp-json\/wp\/v2\/types\/page"}],"author":[{"embeddable":true,"href":"https:\/\/ies1-caba.infd.edu.ar\/sitio\/wp-json\/wp\/v2\/users\/11703"}],"replies":[{"embeddable":true,"href":"https:\/\/ies1-caba.infd.edu.ar\/sitio\/wp-json\/wp\/v2\/comments?post=13422"}],"version-history":[{"count":5,"href":"https:\/\/ies1-caba.infd.edu.ar\/sitio\/wp-json\/wp\/v2\/pages\/13422\/revisions"}],"predecessor-version":[{"id":13954,"href":"https:\/\/ies1-caba.infd.edu.ar\/sitio\/wp-json\/wp\/v2\/pages\/13422\/revisions\/13954"}],"wp:attachment":[{"href":"https:\/\/ies1-caba.infd.edu.ar\/sitio\/wp-json\/wp\/v2\/media?parent=13422"}],"curies":[{"name":"wp","href":"https:\/\/api.w.org\/{rel}","templated":true}]}}