{"id":13418,"date":"2025-02-21T09:21:33","date_gmt":"2025-02-21T12:21:33","guid":{"rendered":"https:\/\/ies1-caba.infd.edu.ar\/sitio\/?page_id=13418"},"modified":"2025-03-10T19:21:52","modified_gmt":"2025-03-10T22:21:52","slug":"historia-de-la-carrera-de-psicopedagogia","status":"publish","type":"page","link":"https:\/\/ies1-caba.infd.edu.ar\/sitio\/historia-de-la-carrera-de-psicopedagogia\/","title":{"rendered":"Historia de la Carrera de Psicopedagog\u00eda"},"content":{"rendered":"\n<hr class=\"wp-block-separator has-alpha-channel-opacity\"\/>\n\n\n\n<p><\/p>\n\n\n\n<p>La Carrera de Psicopedagog\u00eda del&nbsp;<em>Instituto de Ense\u00f1anza Superior N\u00b01 \u201cDra. Alicia M. de Justo\u201d&nbsp;<\/em>cumpli\u00f3 el a\u00f1o pasado (2015)&nbsp;<strong>25 a\u00f1os<\/strong>&nbsp;de su fundaci\u00f3n. En&nbsp;<strong>1990<\/strong>&nbsp;se inicia la Carrera con el firme prop\u00f3sito de abrir un espacio de formaci\u00f3n acad\u00e9mica de ense\u00f1anza p\u00fablica de gesti\u00f3n estatal en la Ciudad Aut\u00f3noma de Buenos Aires. Este acontecimiento convirti\u00f3 al Instituci\u00f3n en el \u00fanico de Educaci\u00f3n Superior de Gesti\u00f3n Estatal que dicta la Carrera de Psicopedagog\u00eda. Este Instituto se funda en&nbsp;<strong>1988<\/strong>&nbsp;pero su ra\u00edz hist\u00f3rica est\u00e1 en la&nbsp;<em>Escuela Normal Superior N\u00b01 en Lenguas Vivas \u201cPte. Roque Saenz Pe\u00f1a\u201d (<\/em><strong>1903<\/strong>)<\/p>\n\n\n\n<p>Esta carrera&nbsp;fue aprobada por el Ministerio de Educaci\u00f3n y Justicia de la Naci\u00f3n, en la actualidad Ministerio de Educaci\u00f3n Nacional el 9 de diciembre de 1986 por Resoluci\u00f3n N\u00ba 2891 para su dictado en el Colegio Nacional de Rufino, Provincia de Santa Fe. En ese momento los institutos de formaci\u00f3n docente depend\u00edan del Ministerio de Educaci\u00f3n de la Naci\u00f3n y en el a\u00f1o 1994 fueron transferidos a la entonces Municipalidad de la Ciudad de Buenos Aires, actualmente Gobierno Aut\u00f3nomo de la Ciudad de Buenos Aires.<\/p>\n\n\n\n<p>Como fundamento legal se adopt\u00f3&nbsp;<em>la resoluci\u00f3n 2.891\/86&nbsp;<\/em>la cual define a esta carrera con car\u00e1cter de tecnicatura planteando como objetivo central&nbsp;<em>la formaci\u00f3n de psicopedagogos que logren intervenir principalmente en el \u00e1rea de educaci\u00f3n<\/em>, asesorando, diagnosticando y efectuando tratamientos a nivel individual y grupal para favorecer condiciones \u00f3ptimas de integraci\u00f3n y cambio en lo que hace a procesos de aprendizaje. La mencionada finalidad justifica que esta carrera sea dictada en una instituci\u00f3n destinada a la formaci\u00f3n docente a modo de respuesta a las demandas que, desde las necesidades psicopedag\u00f3gicas, presenta un significativo sector de la poblaci\u00f3n que concurre a las instituciones pertenecientes al sistema educativo de la Ciudad Aut\u00f3noma de Buenos Aires.<\/p>\n\n\n\n<p>Actualmente el&nbsp;<em><strong>Plan de Estudios de la Carrera de Psicopedagog\u00eda (2014)<\/strong><\/em>&nbsp;ha sido dise\u00f1ado en el marco de los Lineamientos jurisdiccionales para la Tecnicatura en Psicopedagog\u00eda que, en materia de pol\u00edtica educativa, orientan la Educaci\u00f3n Superior en la Ciudad Aut\u00f3noma de Buenos Aires. La propuesta curricular vigente fue actualizada teniendo en cuenta la complejidad de las intervenciones psicopedag\u00f3gicas, los nuevos desaf\u00edos y debates en el campo de los aprendizajes y del aprender que necesita asumir el profesional y sus campos de incumbencias.<\/p>\n\n\n\n<div style=\"height:100px\" aria-hidden=\"true\" class=\"wp-block-spacer\"><\/div>\n\n\n\n<div class=\"wp-block-cover alignfull\" style=\"min-height:197px\"><span aria-hidden=\"true\" class=\"wp-block-cover__background has-background-dim-0 has-background-dim\"><\/span><img decoding=\"async\" loading=\"lazy\" width=\"1100\" height=\"185\" class=\"wp-block-cover__image-background wp-image-13666\" alt=\"\" src=\"https:\/\/ies1-caba.infd.edu.ar\/sitio\/wp-content\/uploads\/2025\/03\/bannerinf-2.png\" data-object-fit=\"cover\" srcset=\"https:\/\/ies1-caba.infd.edu.ar\/sitio\/wp-content\/uploads\/2025\/03\/bannerinf-2.png 1100w, https:\/\/ies1-caba.infd.edu.ar\/sitio\/wp-content\/uploads\/2025\/03\/bannerinf-2-1000x168.png 1000w, https:\/\/ies1-caba.infd.edu.ar\/sitio\/wp-content\/uploads\/2025\/03\/bannerinf-2-768x129.png 768w\" sizes=\"(max-width: 1100px) 100vw, 1100px\" \/><div class=\"wp-block-cover__inner-container\">\n<div class=\"wp-block-group alignfull has-background-color is-layout-constrained\" style=\"margin-top:0;margin-bottom:0;padding-top:var(--wp--preset--spacing--40);padding-right:var(--wp--preset--spacing--30);padding-bottom:var(--wp--preset--spacing--40);padding-left:var(--wp--preset--spacing--30)\"><div class=\"wp-block-group__inner-container\">\n<p class=\"has-text-align-center\"><a href=\"https:\/\/ies1-caba.infd.edu.ar\/sitio\/wp-admin\/post.php?post=12571&amp;action=edit#site-title-pseudo-link\">IES N\u00b01 \u00abDra. Alicia Moreau de Justo\u00bb<\/a><\/p>\n\n\n\n<p class=\"has-text-align-center has-small-font-size\"><strong> Av. C\u00f3rdoba 2016, CABA&nbsp;<br><a href=\"iesamjusto@bue.edu.ar\">iesamjusto@bue.edu.ar<\/a> <\/strong><\/p>\n\n\n\n<p class=\"has-text-align-center\">Educaci\u00f3n P\u00fablica y Gratuita <\/p>\n<\/div><\/div>\n<\/div><\/div>\n","protected":false},"excerpt":{"rendered":"<p>La Carrera de Psicopedagog\u00eda del&nbsp;Instituto de Ense\u00f1anza Superior N\u00b01 \u201cDra. Alicia M. de Justo\u201d&nbsp;cumpli\u00f3 el a\u00f1o pasado (2015)&nbsp;25 a\u00f1os&nbsp;de su fundaci\u00f3n. En&nbsp;1990&nbsp;se inicia la Carrera con el firme prop\u00f3sito de abrir un espacio de formaci\u00f3n acad\u00e9mica de ense\u00f1anza p\u00fablica de gesti\u00f3n estatal en la Ciudad Aut\u00f3noma de Buenos Aires. Este acontecimiento convirti\u00f3 al Instituci\u00f3n en &#8230; <a title=\"Historia de la Carrera de Psicopedagog\u00eda\" class=\"read-more\" href=\"https:\/\/ies1-caba.infd.edu.ar\/sitio\/historia-de-la-carrera-de-psicopedagogia\/\" aria-label=\"More on Historia de la Carrera de Psicopedagog\u00eda\">[+]<\/a><\/p>\n","protected":false},"author":11703,"featured_media":0,"parent":0,"menu_order":0,"comment_status":"closed","ping_status":"closed","template":"","meta":[],"acf":[],"_links":{"self":[{"href":"https:\/\/ies1-caba.infd.edu.ar\/sitio\/wp-json\/wp\/v2\/pages\/13418"}],"collection":[{"href":"https:\/\/ies1-caba.infd.edu.ar\/sitio\/wp-json\/wp\/v2\/pages"}],"about":[{"href":"https:\/\/ies1-caba.infd.edu.ar\/sitio\/wp-json\/wp\/v2\/types\/page"}],"author":[{"embeddable":true,"href":"https:\/\/ies1-caba.infd.edu.ar\/sitio\/wp-json\/wp\/v2\/users\/11703"}],"replies":[{"embeddable":true,"href":"https:\/\/ies1-caba.infd.edu.ar\/sitio\/wp-json\/wp\/v2\/comments?post=13418"}],"version-history":[{"count":2,"href":"https:\/\/ies1-caba.infd.edu.ar\/sitio\/wp-json\/wp\/v2\/pages\/13418\/revisions"}],"predecessor-version":[{"id":13947,"href":"https:\/\/ies1-caba.infd.edu.ar\/sitio\/wp-json\/wp\/v2\/pages\/13418\/revisions\/13947"}],"wp:attachment":[{"href":"https:\/\/ies1-caba.infd.edu.ar\/sitio\/wp-json\/wp\/v2\/media?parent=13418"}],"curies":[{"name":"wp","href":"https:\/\/api.w.org\/{rel}","templated":true}]}}