{"id":13381,"date":"2025-02-18T12:48:09","date_gmt":"2025-02-18T15:48:09","guid":{"rendered":"https:\/\/ies1-caba.infd.edu.ar\/sitio\/?page_id=13381"},"modified":"2026-03-06T12:00:46","modified_gmt":"2026-03-06T15:00:46","slug":"contacto-2","status":"publish","type":"page","link":"https:\/\/ies1-caba.infd.edu.ar\/sitio\/contacto-2\/","title":{"rendered":"Contacto"},"content":{"rendered":"\n<style> \/* Ocultar \u00edconos de redes sociales *\/ .a2a_kit, .a2a_button_facebook, .a2a_button_twitter, .a2a_button_whatsapp, .a2a_dd, [class*=\"a2a_button_\"] { display: none !important; } <\/style>\n\n\n\n<hr class=\"wp-block-separator has-alpha-channel-opacity\"\/>\n\n\n\n<h3 class=\"wp-block-heading\"><strong>Instituto de ense\u00f1anza superior N.\u00b0 1 \u00abDra. Alicia Moreau de Justo\u00bb&nbsp;<\/strong><\/h3>\n\n\n\n<h5 class=\"wp-block-heading\">P\u00e1gina web: <a href=\"https:\/\/ies1-caba.infd.edu.ar\/sitio\/\" data-type=\"URL\" data-id=\"https:\/\/ies1-caba.infd.edu.ar\/sitio\/\" target=\"_blank\" rel=\"noreferrer noopener\">https:\/\/ies1-caba.infd.edu.ar\/sitio\/<\/a><br>Instagram: <a href=\"https:\/\/www.instagram.com\/ies1.alicia\/\" target=\"_blank\" rel=\"noreferrer noopener\">https:\/\/www.instagram.com\/ies1.alicia\/<\/a><\/h5>\n\n\n\n<p><br><strong>Rectorado<br><\/strong>Prof. Nestor Camilo Taboada Novillo<br>Mail:\u00a0<a rel=\"noreferrer noopener\" href=\"mailto:iesamjusto_rectorado@bue.edu.ar\" target=\"_blank\">iesamjusto_rectorado@bue.edu.ar<\/a><br><br><strong>ViceRectorado<br><\/strong>Prof. Claudio Conforti<br>Mail:\u00a0<a rel=\"noreferrer noopener\" href=\"mailto:iesamjusto_vicerrectorado@bue.edu.ar\" target=\"_blank\">iesamjusto_vicerrectorado@bue.edu.ar<\/a><br><br><strong>Regencia\/Secretar\u00eda acad\u00e9mica<\/strong><br>Prof. Blanca \u00c1lvarez<br>Mail:\u00a0<a rel=\"noreferrer noopener\" href=\"mailto:iesamjusto.regencia@bue.edu.ar\" target=\"_blank\">iesamjusto.regencia@bue.edu.ar<\/a><br><br><strong>Secretaria<br><\/strong>Secretaria \/ Prosecretaria Prof. Cecilia Balmaceda<br>Horarios de atenci\u00f3n e informes: Lunes a viernes de 9 a 12 hs y 18.30 a 21 h<br>Mail:\u00a0<a rel=\"noreferrer noopener\" href=\"iesamjusto@bue.edu.ar\" target=\"_blank\">iesamjusto@bue.edu.ar<\/a>\u00a0<\/p>\n\n\n\n<p><strong>Bedel\u00eda<\/strong><br>Mail: <a rel=\"noreferrer noopener\" href=\"mailto:iesamjusto.bedelia@bue.edu.ar\" target=\"_blank\">iesamjusto.bedelia@bue.edu.ar<\/a><br><br><strong>Departamento de alumnos<br><\/strong>Horarios de atenci\u00f3n e informes: Lunes a viernes de 9 a 12 hs y 18.30 a 21 hs.<\/p>\n\n\n\n<p>\u2013&nbsp;<strong>Profesorados en Matem\u00e1tica, F\u00edsica y Campo de la Formaci\u00f3n General (CFG)<\/strong><br>Responsable t\u00e9cnico administrativo: prof. Gabriela Versiglia.<br>Mail:&nbsp;<a rel=\"noreferrer noopener\" href=\"mailto:matyfis.ies1@gmail.com\" target=\"_blank\">matyfis.ies1@gmail.com<\/a><br><br>\u2013&nbsp;<strong>Profesorados en&nbsp;Filosof\u00eda y en Psicolog\u00eda<\/strong><br>Responsable t\u00e9cnico-administrativo: prof. Ramiro Arroyo Allende<br>Mail:&nbsp;<a rel=\"noreferrer noopener\" href=\"mailto:filoypsico_ies1@yahoo.com.ar\" target=\"_blank\">filoypsico_ies1@yahoo.com.ar<\/a><br><br><strong>\u2013 Profesorado en Lengua y Literatura<\/strong><br>Responsables t\u00e9cnico-administrativos: prof. Daniel Serra e Ilana Yablonovsky<br>Mail:&nbsp;<a rel=\"noreferrer noopener\" href=\"mailto:letras_ies1@yahoo.com.ar\" target=\"_blank\">letras_ies1@yahoo.com.ar<\/a><br><br><strong>\u2013 Profesorado en Historia<\/strong><br>Responsable t\u00e9cnico-administrativo: prof. Pablo Perotti<br>Mail:&nbsp;<a rel=\"noreferrer noopener\" href=\"mailto:historia_ies1@yahoo.com.ar\" target=\"_blank\">historia_ies1@yahoo.com.ar<\/a><br><br><strong>\u2013 Profesorado en Historia<\/strong><br>Responsable t\u00e9cnico-administrativo: prof. Pablo Perotti<br>Mail:&nbsp;<a rel=\"noreferrer noopener\" href=\"mailto:historia_ies1@yahoo.com.ar\" target=\"_blank\">historia_ies1@yahoo.com.ar<\/a><\/p>\n\n\n\n<p><strong>\u2013 Carrera de Psicopedagog\u00eda<\/strong><br>Responsable t\u00e9cnico-administrativo: prof. Miriam V\u00e1zquez, Julieta Summo, Mariana Greco y Mariano Lavizzari<br>Mail:&nbsp;<a rel=\"noreferrer noopener\" href=\"mailto:a%3Apsicopedagogia_ies1@yahoo.com.ar\" target=\"_blank\">psicopedagogia_ies1@yahoo.com.ar<\/a><\/p>\n\n\n\n<p><strong>Asociaci\u00f3n cooperadora<br><\/strong><a rel=\"noreferrer noopener\" href=\"mailto:cooperadora.ies1de1@bue.edu.ar\" target=\"_blank\">cooperadora.ies1de1@bue.edu.ar<\/a><strong><br><\/strong><br><br><\/p>\n\n\n\n<div style=\"height:100px\" aria-hidden=\"true\" class=\"wp-block-spacer\"><\/div>\n\n\n\n<div class=\"wp-block-cover alignfull\" style=\"min-height:197px\"><span aria-hidden=\"true\" class=\"wp-block-cover__background has-background-dim-0 has-background-dim\"><\/span><img decoding=\"async\" loading=\"lazy\" width=\"1100\" height=\"185\" class=\"wp-block-cover__image-background wp-image-13666\" alt=\"\" src=\"https:\/\/ies1-caba.infd.edu.ar\/sitio\/wp-content\/uploads\/2025\/03\/bannerinf-2.png\" data-object-fit=\"cover\" srcset=\"https:\/\/ies1-caba.infd.edu.ar\/sitio\/wp-content\/uploads\/2025\/03\/bannerinf-2.png 1100w, https:\/\/ies1-caba.infd.edu.ar\/sitio\/wp-content\/uploads\/2025\/03\/bannerinf-2-1000x168.png 1000w, https:\/\/ies1-caba.infd.edu.ar\/sitio\/wp-content\/uploads\/2025\/03\/bannerinf-2-768x129.png 768w\" sizes=\"(max-width: 1100px) 100vw, 1100px\" \/><div class=\"wp-block-cover__inner-container\">\n<div class=\"wp-block-group alignfull has-background-color is-layout-constrained\" style=\"margin-top:0;margin-bottom:0;padding-top:var(--wp--preset--spacing--40);padding-right:var(--wp--preset--spacing--30);padding-bottom:var(--wp--preset--spacing--40);padding-left:var(--wp--preset--spacing--30)\"><div class=\"wp-block-group__inner-container\">\n<p class=\"has-text-align-center\"><a href=\"https:\/\/ies1-caba.infd.edu.ar\/sitio\/wp-admin\/post.php?post=12571&amp;action=edit#site-title-pseudo-link\">IES N\u00b01 \u00abDra. Alicia Moreau de Justo\u00bb<\/a><\/p>\n\n\n\n<p class=\"has-text-align-center has-small-font-size\"><strong> Av. C\u00f3rdoba 2016, CABA&nbsp;<br><a href=\"iesamjusto@bue.edu.ar\">iesamjusto@bue.edu.ar<\/a> <\/strong><\/p>\n\n\n\n<p class=\"has-text-align-center\">Educaci\u00f3n P\u00fablica y Gratuita <\/p>\n<\/div><\/div>\n<\/div><\/div>\n","protected":false},"excerpt":{"rendered":"<p>Instituto de ense\u00f1anza superior N.\u00b0 1 \u00abDra. Alicia Moreau de Justo\u00bb&nbsp; P\u00e1gina web: https:\/\/ies1-caba.infd.edu.ar\/sitio\/Instagram: https:\/\/www.instagram.com\/ies1.alicia\/ RectoradoProf. Nestor Camilo Taboada NovilloMail:\u00a0iesamjusto_rectorado@bue.edu.ar ViceRectoradoProf. Claudio ConfortiMail:\u00a0iesamjusto_vicerrectorado@bue.edu.ar Regencia\/Secretar\u00eda acad\u00e9micaProf. Blanca \u00c1lvarezMail:\u00a0iesamjusto.regencia@bue.edu.ar SecretariaSecretaria \/ Prosecretaria Prof. Cecilia BalmacedaHorarios de atenci\u00f3n e informes: Lunes a viernes de 9 a 12 hs y 18.30 a 21 hMail:\u00a0iesamjusto@bue.edu.ar\u00a0 Bedel\u00edaMail: iesamjusto.bedelia@bue.edu.ar Departamento de alumnosHorarios &#8230; <a title=\"Contacto\" class=\"read-more\" href=\"https:\/\/ies1-caba.infd.edu.ar\/sitio\/contacto-2\/\" aria-label=\"More on Contacto\">[+]<\/a><\/p>\n","protected":false},"author":11700,"featured_media":0,"parent":0,"menu_order":0,"comment_status":"closed","ping_status":"closed","template":"","meta":[],"acf":[],"_links":{"self":[{"href":"https:\/\/ies1-caba.infd.edu.ar\/sitio\/wp-json\/wp\/v2\/pages\/13381"}],"collection":[{"href":"https:\/\/ies1-caba.infd.edu.ar\/sitio\/wp-json\/wp\/v2\/pages"}],"about":[{"href":"https:\/\/ies1-caba.infd.edu.ar\/sitio\/wp-json\/wp\/v2\/types\/page"}],"author":[{"embeddable":true,"href":"https:\/\/ies1-caba.infd.edu.ar\/sitio\/wp-json\/wp\/v2\/users\/11700"}],"replies":[{"embeddable":true,"href":"https:\/\/ies1-caba.infd.edu.ar\/sitio\/wp-json\/wp\/v2\/comments?post=13381"}],"version-history":[{"count":13,"href":"https:\/\/ies1-caba.infd.edu.ar\/sitio\/wp-json\/wp\/v2\/pages\/13381\/revisions"}],"predecessor-version":[{"id":16181,"href":"https:\/\/ies1-caba.infd.edu.ar\/sitio\/wp-json\/wp\/v2\/pages\/13381\/revisions\/16181"}],"wp:attachment":[{"href":"https:\/\/ies1-caba.infd.edu.ar\/sitio\/wp-json\/wp\/v2\/media?parent=13381"}],"curies":[{"name":"wp","href":"https:\/\/api.w.org\/{rel}","templated":true}]}}