{"id":13373,"date":"2025-02-18T12:45:38","date_gmt":"2025-02-18T15:45:38","guid":{"rendered":"https:\/\/ies1-caba.infd.edu.ar\/sitio\/?page_id=13373"},"modified":"2026-03-30T21:29:52","modified_gmt":"2026-03-31T00:29:52","slug":"extension-academica-y-comunitaria-2","status":"publish","type":"page","link":"https:\/\/ies1-caba.infd.edu.ar\/sitio\/extension-academica-y-comunitaria-2\/","title":{"rendered":""},"content":{"rendered":"\n<style> \/* Ocultar \u00edconos de redes sociales *\/ .a2a_kit, .a2a_button_facebook, .a2a_button_twitter, .a2a_button_whatsapp, .a2a_dd, [class*=\"a2a_button_\"] { display: none !important; } <\/style>\n\n\n\n<div style=\"height:19px\" aria-hidden=\"true\" class=\"wp-block-spacer\"><\/div>\n\n\n\n<h2 class=\"wp-block-heading has-text-align-center\">Cursos de idiomas de la Secretar\u00eda de Extensi\u00f3n Acad\u00e9mica <br>y Comunitaria del IES N\u00b01 \u00abDra. Alicia Moreau de Justo\u00bb<\/h2>\n\n\n\n<hr class=\"wp-block-separator has-text-color has-base-3-color has-alpha-channel-opacity has-base-3-background-color has-background\"\/>\n\n\n\n<p class=\"has-text-align-center has-large-font-size\"><strong>UNA PROPUESTA DIFERENTE PARA APRENDER Y DISFRUTAR<\/strong><\/p>\n\n\n\n<p class=\"has-text-align-center has-large-font-size\"><strong>\u00a1Gratuitos y Abiertos a la comunidad!<\/strong><\/p>\n\n\n\n<div style=\"height:6px\" aria-hidden=\"true\" class=\"wp-block-spacer\"><\/div>\n\n\n\n<h2 class=\"wp-block-heading has-text-align-center has-accent-color has-text-color has-x-large-font-size\">Cursos de Idiomas<\/h2>\n\n\n\n<div class=\"wp-block-columns is-layout-flex wp-container-3\">\n<div class=\"wp-block-column is-layout-flow\">\n<p class=\"has-text-align-center\">La semana del 6 de abril de 2026 comienzan los talleres de\u00a0<strong>INGL\u00c9S<\/strong>\u00a0y de\u00a0<strong>FRANC\u00c9S en el\u00a0Alicia<\/strong>, espacios destinados al desarrollo de competencias comunicativas en una atm\u00f3sfera amena y distendida.<\/p>\n<\/div>\n\n\n\n<div class=\"wp-block-column is-layout-flow\">\n<p class=\"has-text-align-center\">Se ofrecen 3 niveles de duraci\u00f3n anual durante los cuales se estimula de manera creativa la producci\u00f3n de las\/los alumnas\/os, ayud\u00e1ndoles a ampliar sus conocimientos de la lengua y a perder inhibiciones.<\/p>\n<\/div>\n<\/div>\n\n\n\n<div class=\"wp-block-columns is-layout-flex wp-container-9\">\n<div class=\"wp-block-column is-layout-flow\">\n<p><em><strong>(Inscripci\u00f3n Abierta del 30-03-26 al 4-4-26)<\/strong><\/em><\/p>\n\n\n\n<div class=\"wp-block-columns is-layout-flex wp-container-6\">\n<div class=\"wp-block-column is-layout-flow\">\n<p class=\"has-text-align-center has-medium-font-size\"><strong><strong>INGL\u00c9S:<\/strong><em> <\/em><\/strong><\/p>\n\n\n\n<p class=\"has-text-align-center\"><em>Nivel 1:<\/em>&nbsp;MI\u00c9RCOLES 15:30 a 17:30 hs. <\/p>\n\n\n\n<p class=\"has-text-align-center\"><em>Nivel 2<\/em>:&nbsp;VIERNES&nbsp;14.30 a 16.30 hs <\/p>\n\n\n\n<p class=\"has-text-align-center\">&nbsp;<em>Nivel 3<\/em>:&nbsp;VIERNES de 11:30 a 13:30 hs.<\/p>\n<\/div>\n\n\n\n<div class=\"wp-block-column is-layout-flow\">\n<p class=\"has-text-align-center has-medium-font-size\"><strong>FRANC\u00c9S:<\/strong><\/p>\n\n\n\n<p class=\"has-text-align-center\"><em>Nivel 1:\u00a0<\/em>MARTES de 18:20 a 20:20 hs.\u00a0<\/p>\n\n\n\n<p class=\"has-text-align-center\">\u00a0<em>Nivel 2<\/em>:\u00a0MARTES de 20:20 a 22:20 hs.\u00a0<\/p>\n<\/div>\n<\/div>\n\n\n\n<p class=\"has-text-align-right\"><strong><em>Comienzo de clases en la semana del 6 de abril de 2026<\/em><\/strong><\/p>\n\n\n\n<p class=\"has-text-align-center has-medium-font-size\"><strong>La inscripci\u00f3n se hace online en el siguiente link:<\/strong><\/p>\n\n\n\n<div class=\"wp-block-buttons is-content-justification-center is-layout-flex wp-container-7\">\n<div class=\"wp-block-button has-custom-width wp-block-button__width-50 has-custom-font-size is-style-outline has-medium-font-size\"><a class=\"wp-block-button__link has-contrast-color has-accent-background-color has-text-color has-background has-text-align-center wp-element-button\" href=\"https:\/\/forms.gle\/xR3Mf8UU8Qttnoim6\" target=\"_blank\" rel=\"noreferrer noopener\">INSCRIPCI\u00d3N <\/a><\/div>\n<\/div>\n\n\n\n<p><\/p>\n\n\n\n<p>La inscripci\u00f3n queda supeditada a la cantidad de vacantes disponibles.<\/p>\n\n\n\n<p><em>(Tendr\u00e1n prioridad estudiantes, g<\/em><em>raduadas\/os, docentes y auxiliares<\/em><em>&nbsp;del Alicia y de los 29 IFD p\u00fablicos de CABA.)<\/em><\/p>\n\n\n\n<p><em>(<\/em>Los cursos son anuales, presenciales y abiertos a la comunidad)<\/p>\n<\/div>\n<\/div>\n\n\n\n<div class=\"wp-block-cover alignfull\" style=\"min-height:197px\"><span aria-hidden=\"true\" class=\"wp-block-cover__background has-background-dim-0 has-background-dim\"><\/span><img decoding=\"async\" loading=\"lazy\" width=\"1100\" height=\"185\" class=\"wp-block-cover__image-background wp-image-13666\" alt=\"\" src=\"https:\/\/ies1-caba.infd.edu.ar\/sitio\/wp-content\/uploads\/2025\/03\/bannerinf-2.png\" data-object-fit=\"cover\" srcset=\"https:\/\/ies1-caba.infd.edu.ar\/sitio\/wp-content\/uploads\/2025\/03\/bannerinf-2.png 1100w, https:\/\/ies1-caba.infd.edu.ar\/sitio\/wp-content\/uploads\/2025\/03\/bannerinf-2-1000x168.png 1000w, https:\/\/ies1-caba.infd.edu.ar\/sitio\/wp-content\/uploads\/2025\/03\/bannerinf-2-768x129.png 768w\" sizes=\"(max-width: 1100px) 100vw, 1100px\" \/><div class=\"wp-block-cover__inner-container\">\n<div class=\"wp-block-group alignfull has-background-color is-layout-constrained\" style=\"margin-top:0;margin-bottom:0;padding-top:var(--wp--preset--spacing--40);padding-right:var(--wp--preset--spacing--30);padding-bottom:var(--wp--preset--spacing--40);padding-left:var(--wp--preset--spacing--30)\"><div class=\"wp-block-group__inner-container\">\n<p class=\"has-text-align-center\"><a href=\"https:\/\/ies1-caba.infd.edu.ar\/sitio\/wp-admin\/post.php?post=12571&amp;action=edit#site-title-pseudo-link\">IES N\u00b01 \u00abDra. Alicia Moreau de Justo\u00bb<\/a><\/p>\n\n\n\n<p class=\"has-text-align-center has-small-font-size\"><strong> Av. C\u00f3rdoba 2016, CABA&nbsp;<br><a href=\"iesamjusto@bue.edu.ar\">iesamjusto@bue.edu.ar<\/a> <\/strong><\/p>\n\n\n\n<p class=\"has-text-align-center\">Educaci\u00f3n P\u00fablica y Gratuita <\/p>\n<\/div><\/div>\n<\/div><\/div>\n","protected":false},"excerpt":{"rendered":"<p>Cursos de idiomas de la Secretar\u00eda de Extensi\u00f3n Acad\u00e9mica y Comunitaria del IES N\u00b01 \u00abDra. Alicia Moreau de Justo\u00bb UNA PROPUESTA DIFERENTE PARA APRENDER Y DISFRUTAR \u00a1Gratuitos y Abiertos a la comunidad! Cursos de Idiomas La semana del 6 de abril de 2026 comienzan los talleres de\u00a0INGL\u00c9S\u00a0y de\u00a0FRANC\u00c9S en el\u00a0Alicia, espacios destinados al desarrollo de &#8230; <a title=\"\" class=\"read-more\" href=\"https:\/\/ies1-caba.infd.edu.ar\/sitio\/extension-academica-y-comunitaria-2\/\" aria-label=\"More on \">[+]<\/a><\/p>\n","protected":false},"author":11700,"featured_media":0,"parent":0,"menu_order":0,"comment_status":"closed","ping_status":"closed","template":"","meta":[],"acf":[],"_links":{"self":[{"href":"https:\/\/ies1-caba.infd.edu.ar\/sitio\/wp-json\/wp\/v2\/pages\/13373"}],"collection":[{"href":"https:\/\/ies1-caba.infd.edu.ar\/sitio\/wp-json\/wp\/v2\/pages"}],"about":[{"href":"https:\/\/ies1-caba.infd.edu.ar\/sitio\/wp-json\/wp\/v2\/types\/page"}],"author":[{"embeddable":true,"href":"https:\/\/ies1-caba.infd.edu.ar\/sitio\/wp-json\/wp\/v2\/users\/11700"}],"replies":[{"embeddable":true,"href":"https:\/\/ies1-caba.infd.edu.ar\/sitio\/wp-json\/wp\/v2\/comments?post=13373"}],"version-history":[{"count":8,"href":"https:\/\/ies1-caba.infd.edu.ar\/sitio\/wp-json\/wp\/v2\/pages\/13373\/revisions"}],"predecessor-version":[{"id":16249,"href":"https:\/\/ies1-caba.infd.edu.ar\/sitio\/wp-json\/wp\/v2\/pages\/13373\/revisions\/16249"}],"wp:attachment":[{"href":"https:\/\/ies1-caba.infd.edu.ar\/sitio\/wp-json\/wp\/v2\/media?parent=13373"}],"curies":[{"name":"wp","href":"https:\/\/api.w.org\/{rel}","templated":true}]}}