{"id":13367,"date":"2025-02-18T12:44:07","date_gmt":"2025-02-18T15:44:07","guid":{"rendered":"https:\/\/ies1-caba.infd.edu.ar\/sitio\/?page_id=13367"},"modified":"2025-10-22T19:59:57","modified_gmt":"2025-10-22T22:59:57","slug":"departamento-de-fonoaudiologia-3","status":"publish","type":"page","link":"https:\/\/ies1-caba.infd.edu.ar\/sitio\/departamento-de-fonoaudiologia-3\/","title":{"rendered":"Departamento de Fonoaudiolog\u00eda"},"content":{"rendered":"\n<p><a rel=\"noreferrer noopener\" href=\"https:\/\/ies1-caba.infd.edu.ar\/#facebook\" target=\"_blank\"><\/a><\/p>\n\n\n\n<link rel=\"stylesheet\" href=\"https:\/\/ies1-caba.infd.edu.ar\/sitio\/wp-content\/uploads\/2019\/10\/imagenci.css\"\r\n  type=\"text\/css\" media=\"screen\">\r\n\r\n<link rel=\"stylesheet\" href=\"https:\/\/cdn.jsdelivr.net\/npm\/bootstrap@5.3.3\/dist\/css\/bootstrap.min.css\"\r\n  integrity=\"sha384-QWTKZyjpPEjISv5WaRU9OFeRpok6YctnYmDr5pNlyT2bRjXh0JMhjY6hW+ALEwIH\" crossorigin=\"anonymous\">\r\n<link href=\"https:\/\/cdn.jsdelivr.net\/npm\/bootstrap-icons\/font\/bootstrap-icons.css\" rel=\"stylesheet\">\r\n\r\n<meta name=\"viewport\" content=\"width=device-width, initial-scale=1\">\r\n\r\n\r\n\r\n  <style>\r\n    #page {\r\n        background-color: #FFFFFF.;\r\n    }\r\n    #site-navigation {\r\n        background: #e1752d;\r\n    }\r\n    #menu-item-720 {\r\n        cursor: pointer;\r\n    }\r\n    .a2a_kit .a2a_kit_size_22 .a2a_follow addtoany_list {\r\n        display: none !important;\r\n    }\r\n    .contenedor_noticia_menu {\r\n        background-color: #d5eced !important;\r\n    }\r\n    .edupress .site-header {\r\n        background-color: #004467;\r\n        \r\n    }\r\n    .contenedor-horizontal-menu {\r\n        width: 100%;\r\n        overflow-wrap: break-word;\r\n    }\r\n    .header {\r\n        text-align: center;\r\n        \r\n        \r\n    }\r\n    div.gallery {\r\n        border: 0px solid #ccc;\r\n        display: inline-block;\r\n        margin-bottom: 0px;\r\n    }\r\n    .noticia_hipervinculo {\r\n        text-decoration: none;\r\n    }\r\n    .noticia {\r\n        display: block;\r\n        text-align: center;\r\n        width: 100%;\r\n    }\r\n    div.gallery:hover {\r\n        border: 0px solid #777;\r\n    }\r\n    .site-main .gallery {\r\n        height: 23vw;\r\n        margin-bottom: 0px;\r\n    }\r\n    div.gallery img {\r\n        height: 100%;\r\n    }\r\n    div.desc {\r\n        padding: 15px;\r\n        text-align: center;\r\n    }\r\n    .footer {\r\n        position: fixed;\r\n        left: 0;\r\n        bottom: 0;\r\n        width: 100%;\r\n        background-color:  #FFFFFF.;\r\n        color: white;\r\n        text-align: center;\r\n    }\r\n    .primera_seccion{\r\n        display: flex;\r\n        margin-bottom: 3vw;\r\n        gap: 1vw;\r\n        background-color:  #FFFFFF. !important;\r\n    }\r\n\r\n    .color-adaptable{\r\n       background-color:  #FFFFFF. !important;\r\n\r\n    }\r\n    div.horizontal-menu {\r\n        border: 1px solid #d5eced;\r\n        border-radius: 5px;\r\n        background-color: #004467.;\r\n        font-family: 'Roboto', sans-serif;\r\n        font-size: 14px;\r\n        color: #e6f6fa;\r\n        padding: 15px 20px;\r\n        justify-content: space-around;\r\n        align-items: center;\r\n        justify-content: start;\r\n        display: flex;\r\n        flex-direction: column;\r\n        align-items: start;\r\n        gap: 1.2vw;\r\n        padding: 1vw 1vw 1vw 1.4vw;\r\n        border-radius: 18px;\r\n    }\r\n    div.horizontal-menu a {\r\n        display: flex;\r\n        flex-direction: column;\r\n        text-decoration: none;\r\n        color: #e1e8ec;\r\n        margin: 0 15px;\r\n        margin-left: -3px;\r\n        transition: color 0.3s;\r\n    }\r\n    div.horizontal-menu a:hover {\r\n        color: #3097e6;\r\n    }\r\n    div.horizontal-menu a.active {\r\n        background-color: #D3E1FF;\r\n        font-weight: bold;\r\n    }\r\n    * {\r\n        box-sizing: border-box;\r\n    }\r\n    body {\r\n        font-family: 'Helvetica'\r\n        margin: 0;\r\n    }\r\n    .mySlides {\r\n        display: none;\r\n    }\r\n    img {\r\n        vertical-align: middle;\r\n    }\r\n    #mensaje_bienvenida {\r\n        font-size: 1.8vw;\r\n    }\r\n    .mensaje_bienvenida_container {\r\n        text-shadow: 2px 2px 5px black;\r\n        border: solid transparent 1px;\r\n        font-weight: regular;\r\n        text-align: justify;\r\n        color: #fcee4c;\r\n        display: flex;\r\n        justify-content: center;\r\n    }\r\n    .mensaje_contenedor {\r\n        max-width: 100%;\r\n        padding: 20px;\r\n        border-radius: 5px;\r\n        margin: 20px;\r\n        background-color: #940681;\r\n    }\r\n    .addtoany_share_save_container {\r\n        margin: 0px;\r\n    }\r\n    .entry-content {\r\n        display: flex;\r\n        flex-direction: column;\r\n    }\r\n    #content {\r\n        padding-top: 0px;\r\n    }\r\n    .entry-content:not(:first-child),\r\n    .entry {\r\n        margin-top: 0px;\r\n    }\r\n    .slideshow-container {\r\n        max-width: 1000px;\r\n        position: relative;\r\n        margin: auto;\r\n    }\r\n    .prev,\r\n    .next {\r\n        cursor: pointer;\r\n        position: absolute;\r\n        top: 50%;\r\n        width: auto;\r\n        padding: 16px;\r\n        margin-top: -22px;\r\n        color: black;\r\n        font-weight: bold;\r\n        font-size: 18px;\r\n        transition: 0.6s ease;\r\n        border-radius: 0 3px 3px 0;\r\n        user-select: none;\r\n    }\r\n    .next {\r\n        right: 0;\r\n        border-radius: 3px 0 0 3px;\r\n    }\r\n    .prev:hover,\r\n    .next:hover {\r\n        background-color: rgba(0, 0, 0, 0.8);\r\n    }\r\n    .gallery {\r\n        background-color: #d5eced;\r\n    }\r\n    .text {\r\n        color: #f2f2f2;\r\n        font-size: 15px;\r\n        padding: 8px 12px;\r\n        position: absolute;\r\n        bottom: 8px;\r\n        width: 100%;\r\n        text-align: center;\r\n    }\r\n    .numbertext {\r\n        color: #f2f2f2;\r\n        font-size: 12px;\r\n        padding: 8px 12px;\r\n        position: absolute;\r\n        top: 0;\r\n    }\r\n    .dot {\r\n        cursor: pointer;\r\n        height: 15px;\r\n        width: 15px;\r\n        margin: 0 2px;\r\n        background-color: #bbb;\r\n        border-radius: 50%;\r\n        display: inline-block;\r\n        transition: background-color 0.6s ease;\r\n    }\r\n    .inside-header.grid-container.grid-parent {\r\n        height: 12vw;\r\n    }\r\n    .noticia {\r\n        height: 85%;\r\n    }\r\n    .active,\r\n    .dot:hover {\r\n        background-color: #717171;\r\n    }\r\n    .fade {\r\n        animation-name: fade;\r\n        animation-duration: 1.5s;\r\n    }\r\n    .search-item {\r\n        display: none;\r\n    }\r\n    @keyframes fade {\r\n        from {\r\n            opacity: .4;\r\n        }\r\n        to {\r\n            opacity: 1;\r\n        }\r\n    }\r\n    @media only screen and (max-width: 300px) {\r\n        .prev,\r\n        .next,\r\n        .text {\r\n            font-size: 11px;\r\n        }\r\n    }\r\n    @media (max-width: 800px) {\r\n        .inside-header.grid-container.grid-parent {\r\n            height: 50vw;\r\n        }\r\n        #mensaje_bienvenida {\r\n            font-size: 5vw;\r\n        }\r\n        .main-title a {\r\n            display: none;\r\n        }\r\n        .primera_seccion {\r\n            flex-direction: column;\r\n            gap: 3vh;\r\n        }\r\n        .site-main .gallery {\r\n            height: 80vw;\r\n        }\r\n        .entry-content:not(:first-child) {\r\n            gap: 0;\r\n        }\r\n    }\r\n\r\n\r\n  .contenedor {\r\n  position: relative;\r\n  width: 100%; \/* Ancho del contenedor *\/\r\n  \r\n  text-align: center;\r\n  aspect-ratio: 28 \/ 9;\r\n\r\n}\r\n\r\n.caja {\r\n  position: absolute;\r\n  \r\n  height: 100%; \/* Alto del cuadrado *\/\r\n  background-position: center;\r\n  background-size: cover;\r\n  border: solid 3px #e1752d;\r\n\r\n  \r\n\r\n}\r\n\r\n.caja2 {\r\n  position: absolute;\r\n  \r\n  height: 100%; \/* Alto del cuadrado *\/  \r\n  background-color: #2c3e50; \/* Color de fondo del segundo cuadrado *\/\r\n  opacity: 1; \/* Hace el segundo cuadrado transparente *\/\r\n  border: solid 3px #e1752d;\r\n\r\n  \r\n  transition: ease 1.0s;\r\n}\r\n\r\n.caja2:hover{\r\n opacity:0;\r\n\r\n}\r\n\r\n.caja3 {\r\n  position: absolute;\r\n  \r\n  height: 100%; \/* Alto del cuadrado *\/\r\n\r\n  border: solid 3px #e1752d;\r\n  display: flex;\r\n  justify-content: center; \/* Centra el texto horizontalmente *\/\r\n  align-items: center; \/* Centra el texto verticalmente *\/\r\n  pointer-events: none; \/* Hace que no reciba eventos de puntero *\/\r\n}\r\n\r\n.texto{\r\n  font-size:24px;\r\n  color:white;\r\n  font-weight: bold;\r\n  font-family: var(--bs-body-font-family);\r\n\r\n}\r\n\r\n#foto1{\r\n  background-image: url(\"https:\/\/ies1-caba.infd.edu.ar\/sitio\/wp-content\/uploads\/2024\/12\/foto1Alicia.jpg\");\r\n}\r\n\r\n#foto2{\r\n  background-image: url(\"https:\/\/ies1-caba.infd.edu.ar\/sitio\/wp-content\/uploads\/2024\/12\/foto2Alicia.jpg\");\r\n}\r\n\r\n#foto3{\r\n  background-image: url(\"https:\/\/ies1-caba.infd.edu.ar\/sitio\/wp-content\/uploads\/2024\/12\/foto3Alicia.jpg\");\r\n}\r\n\r\n#foto4{\r\n  background-image: url(\"https:\/\/ies1-caba.infd.edu.ar\/sitio\/wp-content\/uploads\/2024\/12\/foto4Aliciab-1.jpg\");\r\n}\r\n\r\n.color-p1{\r\n\r\n  background-color: black;\r\n}\r\n\r\n.fondo-gris{\r\n\r\n  background-color: #dcdcdc;\r\n  display: flex;\r\n  align-items: center;\r\n  justify-content: center;\r\n  height: 150px; \/* Ajusta la altura seg\u00fan sea necesario *\/\r\n  transition: 0.5s;\r\n}\r\n\r\n.fondo-gris img{\r\n\r\n  width: 50px;\r\n  \r\n\r\n}\r\n.fondo-gris a {\r\n  font-size: 2rem;\r\n  text-decoration: none;\r\n  color: #000;\r\n}\r\n.fondo-gris:hover {\r\n  background-color: #a3a1a1; \/* Cambia el color al pasar el mouse *\/\r\n}\r\n\r\n.imagen-card{\r\n  position: center;\r\n  size: cover;\r\n  height: 150px; \r\n  object-fit: cover;\r\n  transition: 0.5s;\r\n}\r\n\r\n.imagen-card:hover{\r\n  opacity: 0.5;\r\n  \r\n}\r\n\r\n.calendario{\r\n  border-left: solid 3px #e1752d;\r\n  padding-left: 1%;\r\n  \r\n}\r\n\r\n.calendario h1{\r\n  font-family:Verdana, Geneva, Tahoma, sans-serif;\r\n  font-size: 1.5rem;\r\n  font-weight: bold;\r\n  color: #2c3e50;\r\n}\r\n\r\n.calendario h2{\r\n  font-family:Verdana, Geneva, Tahoma, sans-serif;\r\n  font-size: 18px;\r\n  font-weight: 400;\r\n  padding-left: 40px;\r\n  padding-top: 20px;\r\n  transition: 0.5s; \r\n}\r\n\r\n.calendario h2:hover{\r\n  color: rgb(107, 140, 169);\r\n}\r\n\r\n.calendario h4{\r\n\r\n  font-size: 14px;\r\n  font-weight: 200;\r\n  font-family: sans-serif;\r\n  color: #808080;\r\n  padding-left: 40px;\r\n  \r\n\r\n}\r\n\r\n@import url('https:\/\/fonts.googleapis.com\/css?family=Roboto');\r\n\r\n.container-menu{\r\n  padding: 50px;\r\n}\r\n\r\n.card-propio{\r\n\r\n  background-color: #1E2B32;\r\n  border-radius: 10px 10px;\r\n}\r\n\r\n.encabezado-botonera{\r\n  border-radius: 10px 10px 0px 0px;\r\n  padding: 5px;\r\n  \r\n  background-color: #2A3942;\r\n  align-content: left;\r\n  align-items: left;\r\n  text-align: left;\r\n}\r\n\r\n.encabezado-botonera h3{\r\n  margin-left: 0rem;\r\n  margin-bottom: 0rem;\r\n  text-align: center;\r\n}\r\n\r\nh3{\r\n  color: #FFFFFF;\r\n  font-family: 'Roboto', sans-serif;\r\n  margin-left: 1rem;\r\n}\r\n\r\n.iconM{\r\n  font-size: 18px;\r\n  margin-left: 170px;\r\n  color: #2f89fc;\r\n}\r\n\r\n.icon{\r\n  margin-right: 8px;\r\n}\r\n\r\n.body li{\r\n  transition: 1s all;\r\n  font-family: 'Roboto', sans-serif;\r\n  font-size: 18px;\r\n  padding: 5px;\r\n  margin-left: 0px;\r\n  margin-top: 0px;\r\n  padding-bottom: 10px;\r\n  padding-top: 10px;\r\n  color: #fff;\r\n  list-style: none;\r\n  display: block;\r\n  border-top-right-radius: 10px 10px;\r\n  border-bottom-right-radius: 10px 10px;\r\n}\r\n\r\n.body a{\r\n    text-decoration: none;\r\n}\r\n\r\n.body li:hover{\r\n  transition: 0.5s all;\r\n  color: #2A3942;\r\n  background-color: #E1752D;\r\n  border-radius: 10px;\r\n  cursor: pointer;\r\n  margin-left: 0px;\r\n  padding-left: 20px;\r\n}\r\n\r\n.body > li{\r\n  float: left;\r\n}\r\n\r\n.body ul{\r\n  margin-left: 0rem;\r\n  padding-left: 1rem;\r\n}\r\n\r\n.body li ul{\r\n  background: #1E2B32;\r\n  margin-left: 8em;\r\n  margin-top: -38px;\r\n  display: none;\r\n  position: absolute;\r\n  border-radius: 15px;\r\n  z-index: 10;\r\n  \r\n}\r\n\r\n.body li:hover > ul{\r\n  display: block;\r\n  cursor: pointer;\r\n}\r\n\r\n.recordatorio{\r\n  border: solid 3px #e1752d;\r\n  border-radius: 10px;\r\n  padding: 15px;\r\n  background-color: white;\r\n}\r\n\r\n.imagen-card{\r\n  position: center;\r\n  size: cover;\r\n  height: 150px; \r\n  object-fit: cover;\r\n  transition: 0.5s;\r\n}\r\n\r\n.imagen-card:hover{\r\n  opacity: 0.5;\r\n}\r\n\r\n.cajacarousel{\r\n\r\nwidth: 4vw;\r\nmargin: 20px;\r\noverflow: hidden; \/* Ocultar el desbordamiento *\/\r\ndisplay: flex;\r\nalign-content: center;\r\n}\r\n\r\n.carousel-inner{\r\n    width: 100%;\r\n    aspect-ratio: 38\/9;\r\n    display: flex;\r\n    align-content: center;\r\n    object-fit: cover;\r\n    object-position: center;\r\n  }\r\n\r\n  .active{\r\n    display:flex;\r\n    align-items:center;\r\n    justify-content:center\r\n  }\r\n\r\n  .fondo-color{\r\n    background-color: #F6FDFD;\r\n  }\r\n\r\n  .card-personalizado{\r\n    width: 16em;\r\n    height: 34rem;\r\n    align-content: center; \r\n    \r\n    justify-content: center;\r\n  }\r\n\r\n  .centrar{\r\n    align-content: center;\r\n    align-items: center;\r\n    justify-content: center;\r\n  }\r\n\r\n    <\/style>\n\n\n\n<script src=\"https:\/\/cdn.jsdelivr.net\/npm\/bootstrap@5.3.3\/dist\/js\/bootstrap.bundle.min.js\"\n  integrity=\"sha384-YvpcrYf0tY3lHB60NNkmXc5s9fDVZLESaAA55NDzOxhy9GkcIdslK1eN7N6jIeHz\" crossorigin=\"anonymous\"><\/script>\n\n<script src=\"https:\/\/code.jquery.com\/jquery-3.6.0.min.js\"\n  integrity=\"sha384-vtXRMe3mGCbOeY7l30aIg8H9p3GdeSe4IFlP6G8JMa7o7lXvnz3GFKzPxzJdPfGK\" crossorigin=\"anonymous\"><\/script>\n\n\n\n<script>\n\n  \/\/Escribir funciones ac\u00e1\n\n  function abreNuevaSeleca() { ventanitaBajas = window.open('https:\/\/docs.google.com\/document\/d\/13pSCIHs0EQgfjZneyEz9GlkzgaSc-Hem\/edit?usp=sharing&ouid=115059821712839359301&rtpof=true&sd=true', '_blank', 'toolbar=yes,scrollbars=yes,resizable=yes,top=30,left=500,width=990,height=1100'); }\n\n  function abreBajasAlicia() { ventanitaBajas = window.open('https:\/\/drive.google.com\/drive\/folders\/1W-MdXSIwFNwgRwul7NrMH2S1Ic_JgAr-?usp=share_link', '_blank', 'toolbar=yes,scrollbars=yes,resizable=yes,top=50,left=650,width=1000, height=1000'); }\n\n\n\n  $(document).ready(function () {\n  \/\/Escribir c\u00f3digo de ejecuci\u00f3n a partir de ac\u00e1\n\n    $(\"#page\").css({ \"margin\": \"0px\", \"max-width\": \"100%\" })\n\n    $(\"#page\").css(\"margin\", \"0px\");\n\n    $('.site-branding p a').css({ 'text-decoration': 'none', 'font-size': '2.5vw' });\n\n    $(\"h1[class='entry-title']\").css(\"display\", \"none\");\n\n    document.getElementsByClassName(\"grid-container grid-parent\")[0].innerHTML = '';\n\n    document.getElementsByClassName(\"addtoany_share_save_container addtoany_content addtoany_content_top\")[0].innerHTML = '  ';\n\n    document.getElementsByClassName(\"site-branding\")[0].style.position = \"relative\";\n\n    document.getElementsByClassName(\"site-branding\")[0].style.top = \"5px\";\n\n    document.getElementsByClassName(\"site-branding\")[0].style.left = \"60px\";\n\n$(\".a2a_kit\").css(\"display\", \"none\");\n\n\n  })\n<\/script\n\n\n\n<h2 class=\"wp-block-heading\"><\/h2>\n\n\n\n<h2 class=\"wp-block-heading has-text-align-center has-large-font-size\">Departamento de Fonoaudiolog\u00eda<\/h2>\n\n\n\n<hr class=\"wp-block-separator has-alpha-channel-opacity\"\/>\n\n\n\n<div class=\"wp-block-group alignfull is-content-justification-center is-nowrap is-layout-flex wp-container-2\">\n<p class=\"has-text-align-center has-base-3-background-color has-background has-medium-font-size\"><strong>Servicio de Fonoaudiolog\u00eda <br><\/strong>Mar\u00eda Agostina Quirco.<\/p>\n\n\n\n<p class=\"has-text-align-center has-base-3-background-color has-background has-medium-font-size\">\u00a0<\/p>\n\n\n\n<div class=\"wp-block-group alignfull has-large-font-size is-layout-constrained\"><div class=\"wp-block-group__inner-container\">\n<blockquote class=\"wp-block-quote has-text-align-center has-small-font-size\">\n<p class=\"has-accent-color has-text-color\">\u201cVoz m\u00eda, s\u00e9 clara <\/p>\n\n\n\n<p class=\"has-accent-color has-text-color\">s\u00e9 honda, s\u00e9 libre<\/p>\n\n\n\n<p class=\"has-accent-color has-text-color\">No esclava de nadie<\/p>\n\n\n\n<p class=\"has-accent-color has-text-color\">ni de nada\u201d<\/p>\n\n\n\n<p class=\"has-text-align-center has-accent-color has-text-color\">Canci\u00f3n m\u00eda, &nbsp;Antonio Murciano.<\/p>\n<\/blockquote>\n<\/div><\/div>\n<\/div>\n\n\n\n<p class=\"has-text-align-center has-base-3-background-color has-background has-medium-font-size\">Mail:\u00a0<a rel=\"noreferrer noopener\" href=\"mailto:fonoaudiologia.ies1@gmail.com\" target=\"_blank\">fonoaudiologia.ies1@gmail.com<\/a><\/p>\n\n\n\n<div class=\"wp-block-columns has-base-3-background-color has-background is-layout-flex wp-container-7\">\n<div class=\"wp-block-column is-vertically-aligned-center has-contrast-color has-base-3-background-color has-text-color has-background is-layout-flow\">\n<p class=\"has-text-align-center has-contrast-color has-base-3-background-color has-text-color has-background has-medium-font-size\"><strong>\u00a1Hola! <\/strong>Soy la Fonoaudi\u00f3loga del IES N\u00b01, y me gustar\u00eda invitarte a participar de un espacio de encuentro con tu voz a trav\u00e9s del juego dram\u00e1tico\u2026 Un taller llamado \u201cVoz y teatralidad docente\u201d donde podr\u00e1s experimentar y conocer tu voz-cuerpo expresivo docente\u2026 El prop\u00f3sito es brindarte herramientas para un mejor uso de la voz, teniendo la oportunidad de utilizarla con un alto rendimiento y un m\u00ednimo esfuerzo, fortaleciendo de esta forma el \u00f3rgano fonador y prepar\u00e1ndolo para un trabajo docente saludable. Conocer el funcionamiento vocal es vivenciar corporalmente sus conceptos y enterarte sobre el cuidado de su salud. Estar\u00e1n presentes tambi\u00e9n ejercicios de relajaci\u00f3n, eje, emisi\u00f3n, y vocalizaci\u00f3n. De acuerdo a lo que te animes, podr\u00e1s cantar, recitar, leer o actuar; y traer tu propio material textual. Un espacio en el que podr\u00e1s compartir tus dudas y divertirte en el aprendizaje de sus soluciones. Los talleres son gratuitos y est\u00e1n abiertos a toda la comunidad.<\/p>\n<\/div>\n\n\n\n<div class=\"wp-block-column is-layout-flow\">\n<p class=\"has-text-align-center has-accent-background-color has-background has-medium-font-size\"><strong>Apto Fonoaudiol\u00f3gico:<\/strong> est\u00e1 indicado para todos los profesorados de la Instituci\u00f3n al momento de ingresar a las carreras. El pedido del turno para esta \u201cevaluaci\u00f3n fonoaudiol\u00f3gica\u201d se realiza completando La ficha foni\u00e1trica.<\/p>\n\n\n\n<div class=\"wp-block-buttons is-layout-flex wp-container-4\">\n<div class=\"wp-block-button has-custom-width wp-block-button__width-50 is-style-fill\" style=\"font-style:normal;font-weight:800\"><a class=\"wp-block-button__link wp-element-button\" href=\"https:\/\/docs.google.com\/forms\/d\/e\/1FAIpQLSeS539Otfyojs94XsqJWWAwUVzol1EEJLgj7Ly-hhzH_rEzvw\/viewform\" target=\"_blank\" rel=\"noreferrer noopener\">Apto Fonoaudiol\u00f3gico<\/a><\/div>\n\n\n\n<div class=\"wp-block-button has-custom-width wp-block-button__width-50\" style=\"font-style:normal;font-weight:800\"><a class=\"wp-block-button__link wp-element-button\" href=\"https:\/\/docs.google.com\/forms\/d\/e\/1FAIpQLSf4PNC54bfSUY_nzAC984_YPUIeBbi7Hj8RPMuKhrbJ_CvP2Q\/viewform\">Apto Psicofis\u00edco<\/a><\/div>\n<\/div>\n\n\n\n<p><\/p>\n\n\n\n<p class=\"has-text-align-center has-accent-background-color has-background has-medium-font-size\"> Este certificado deber\u00e1 ser presentado en el Centro de Salud Nivel 1 Balvanera (CeSAC N\u00ba 11), Ag\u00fcero 940. Previa solicitud de turno completando el \u201cFORMULARIO APTO PSICOF\u00cdSICO\u201d  que recibir\u00e1n las tutoras de la instituci\u00f3n y confirmar\u00e1n la fecha para concurrir. Para completar la \u201clibreta de salud escolar\u201d en el CeSAC deben llevar: 1- Apto fonoaudiol\u00f3gico. 2- Certificado de vacunas incluyendo las del Covid19. 3- En el caso de padecer una dificultad de salud del tipo cr\u00f3nica. Certificado m\u00e9dico con nombre, apellido y DNI del alumno describiendo la misma.<\/p>\n\n\n\n<div class=\"wp-block-buttons is-layout-flex\"><\/div>\n\n\n\n<p><\/p>\n<\/div>\n<\/div>\n\n\n\n<div class=\"wp-block-columns is-layout-flex wp-container-11\">\n<div class=\"wp-block-column is-vertically-aligned-bottom is-layout-flow\">\n<figure class=\"wp-block-embed is-type-video is-provider-youtube wp-block-embed-youtube wp-embed-aspect-16-9 wp-has-aspect-ratio\"><div class=\"wp-block-embed__wrapper\">\n<iframe loading=\"lazy\" title=\"TALLER TU VOZ EN LA DOCENCIA 2021 1\" width=\"1200\" height=\"675\" src=\"https:\/\/www.youtube.com\/embed\/DYYiOuClbWg?feature=oembed\" frameborder=\"0\" allow=\"accelerometer; autoplay; clipboard-write; encrypted-media; gyroscope; picture-in-picture; web-share\" referrerpolicy=\"strict-origin-when-cross-origin\" allowfullscreen><\/iframe>\n<\/div><\/figure>\n<\/div>\n\n\n\n<div class=\"wp-block-column is-vertically-aligned-bottom is-layout-flow\">\n<figure class=\"wp-block-embed is-type-video is-provider-youtube wp-block-embed-youtube wp-embed-aspect-16-9 wp-has-aspect-ratio\"><div class=\"wp-block-embed__wrapper\">\n<iframe loading=\"lazy\" title=\"Cu\u00e1nto vale una heladera parte 1\" width=\"1200\" height=\"675\" src=\"https:\/\/www.youtube.com\/embed\/_qofeU1FyvY?feature=oembed\" frameborder=\"0\" allow=\"accelerometer; autoplay; clipboard-write; encrypted-media; gyroscope; picture-in-picture; web-share\" referrerpolicy=\"strict-origin-when-cross-origin\" allowfullscreen><\/iframe>\n<\/div><\/figure>\n<\/div>\n\n\n\n<div class=\"wp-block-column is-vertically-aligned-bottom is-layout-flow\">\n<figure class=\"wp-block-embed is-type-video is-provider-youtube wp-block-embed-youtube wp-embed-aspect-16-9 wp-has-aspect-ratio\"><div class=\"wp-block-embed__wrapper\">\n<iframe loading=\"lazy\" title=\"Cu\u00e1nto vale una heladera parte 2\" width=\"1200\" height=\"675\" src=\"https:\/\/www.youtube.com\/embed\/gUW4EwwxBFM?feature=oembed\" frameborder=\"0\" allow=\"accelerometer; autoplay; clipboard-write; encrypted-media; gyroscope; picture-in-picture; web-share\" referrerpolicy=\"strict-origin-when-cross-origin\" allowfullscreen><\/iframe>\n<\/div><\/figure>\n<\/div>\n<\/div>\n\n\n<div class=\"wp-block-image\">\n<figure class=\"aligncenter size-full is-resized\"><img decoding=\"async\" loading=\"lazy\" src=\"https:\/\/ies1-caba.infd.edu.ar\/sitio\/wp-content\/uploads\/2025\/10\/fono-nv.png\" alt=\"\" class=\"wp-image-15766\" width=\"384\" height=\"543\"\/><\/figure><\/div>\n\n\n<hr class=\"wp-block-separator has-alpha-channel-opacity\"\/>\n","protected":false},"excerpt":{"rendered":"<p>\/\/Escribir funciones ac\u00e1 function abreNuevaSeleca() { ventanitaBajas = window.open(&#8216;https:\/\/docs.google.com\/document\/d\/13pSCIHs0EQgfjZneyEz9GlkzgaSc-Hem\/edit?usp=sharing&#038;ouid=115059821712839359301&#038;rtpof=true&#038;sd=true&#8217;, &#8216;_blank&#8217;, &#8216;toolbar=yes,scrollbars=yes,resizable=yes,top=30,left=500,width=990,height=1100&#8217;); } function abreBajasAlicia() { ventanitaBajas = window.open(&#8216;https:\/\/drive.google.com\/drive\/folders\/1W-MdXSIwFNwgRwul7NrMH2S1Ic_JgAr-?usp=share_link&#8217;, &#8216;_blank&#8217;, &#8216;toolbar=yes,scrollbars=yes,resizable=yes,top=50,left=650,width=1000, height=1000&#8217;); } $(document).ready(function () { \/\/Escribir c\u00f3digo de ejecuci\u00f3n a partir de ac\u00e1 $(\u00ab#page\u00bb).css({ \u00abmargin\u00bb: \u00ab0px\u00bb, \u00abmax-width\u00bb: \u00ab100%\u00bb }) $(\u00ab#page\u00bb).css(\u00abmargin\u00bb, \u00ab0px\u00bb); $(&#8216;.site-branding p a&#8217;).css({ &#8216;text-decoration&#8217;: &#8216;none&#8217;, &#8216;font-size&#8217;: &#8216;2.5vw&#8217; }); $(\u00abh1[class=&#8217;entry-title&#8217;]\u00bb).css(\u00abdisplay\u00bb, \u00abnone\u00bb); document.getElementsByClassName(\u00abgrid-container grid-parent\u00bb)[0].innerHTML = \u00bb; &#8230; <a title=\"Departamento de Fonoaudiolog\u00eda\" class=\"read-more\" href=\"https:\/\/ies1-caba.infd.edu.ar\/sitio\/departamento-de-fonoaudiologia-3\/\" aria-label=\"More on Departamento de Fonoaudiolog\u00eda\">[+]<\/a><\/p>\n","protected":false},"author":11700,"featured_media":0,"parent":0,"menu_order":0,"comment_status":"closed","ping_status":"closed","template":"","meta":[],"acf":[],"_links":{"self":[{"href":"https:\/\/ies1-caba.infd.edu.ar\/sitio\/wp-json\/wp\/v2\/pages\/13367"}],"collection":[{"href":"https:\/\/ies1-caba.infd.edu.ar\/sitio\/wp-json\/wp\/v2\/pages"}],"about":[{"href":"https:\/\/ies1-caba.infd.edu.ar\/sitio\/wp-json\/wp\/v2\/types\/page"}],"author":[{"embeddable":true,"href":"https:\/\/ies1-caba.infd.edu.ar\/sitio\/wp-json\/wp\/v2\/users\/11700"}],"replies":[{"embeddable":true,"href":"https:\/\/ies1-caba.infd.edu.ar\/sitio\/wp-json\/wp\/v2\/comments?post=13367"}],"version-history":[{"count":25,"href":"https:\/\/ies1-caba.infd.edu.ar\/sitio\/wp-json\/wp\/v2\/pages\/13367\/revisions"}],"predecessor-version":[{"id":15846,"href":"https:\/\/ies1-caba.infd.edu.ar\/sitio\/wp-json\/wp\/v2\/pages\/13367\/revisions\/15846"}],"wp:attachment":[{"href":"https:\/\/ies1-caba.infd.edu.ar\/sitio\/wp-json\/wp\/v2\/media?parent=13367"}],"curies":[{"name":"wp","href":"https:\/\/api.w.org\/{rel}","templated":true}]}}