{"id":13365,"date":"2025-02-18T12:43:40","date_gmt":"2025-02-18T15:43:40","guid":{"rendered":"https:\/\/ies1-caba.infd.edu.ar\/sitio\/?page_id=13365"},"modified":"2025-05-29T19:45:02","modified_gmt":"2025-05-29T22:45:02","slug":"ddhh-e-inclusion","status":"publish","type":"page","link":"https:\/\/ies1-caba.infd.edu.ar\/sitio\/ddhh-e-inclusion\/","title":{"rendered":"\u00c1rea de Derechos Humanos"},"content":{"rendered":"\n<style> \/* Ocultar \u00edconos de redes sociales *\/ .a2a_kit, .a2a_button_facebook, .a2a_button_twitter, .a2a_button_whatsapp, .a2a_dd, [class*=\"a2a_button_\"] { display: none !important; } <\/style>\n\n\n\n<hr class=\"wp-block-separator has-alpha-channel-opacity\"\/>\n\n\n\n<!-- Presentaci\u00f3n del \u00c1rea de Derechos Humanos -->\n<div style=\"border: 2px solid #10314e; border-radius: 12px; padding: 20px; background-color: #f9f9f9; font-family: Arial, sans-serif; max-width: 800px; margin: auto;\">\n\n  <h2 style=\"color: #10314e; margin-top: 0;\"> \u00c1rea de Derechos Humanos \u2013 IES N.\u00ba 1<\/h2>\n\n  <p>\n    El <strong>\u00c1rea de Derechos Humanos del IES N.\u00ba 1<\/strong> es un espacio permanente de trabajo y reflexi\u00f3n institucional, cuya creaci\u00f3n fue votada por el Consejo Directivo en el a\u00f1o 2018.\n  <\/p>\n\n  <p>\n    Desde el a\u00f1o 2022, este espacio se consolid\u00f3 como un proyecto institucional, con el objetivo de promover acciones vinculadas a la defensa y difusi\u00f3n de los Derechos Humanos, la construcci\u00f3n de memoria colectiva, y el fortalecimiento de la democracia. A trav\u00e9s de diversas actividades, charlas, proyectos y producciones, se busca involucrar a toda la comunidad educativa en la promoci\u00f3n de una cultura de derechos.\n  <\/p>\n\n  <h3 style=\"margin-top: 1.5em; color: #10314e;\">&#x1f465; Referentes del \u00c1rea:<\/h3>\n  <ul>\n    <li><strong>Referente docente:<\/strong> Prof. Daniela Camila Garc\u00eda<\/li>\n    <li><strong>Referente estudiante:<\/strong> Jennifer Prado (Profesorado de Lengua y Literatura)<\/li>\n    <li><strong>Referente graduado:<\/strong> Prof. Sebasti\u00e1n Fr\u00famboli<\/li>\n  <\/ul>\n<\/div>\n\n<!-- Botonera de enlaces -->\n<div style=\"display: flex; flex-wrap: wrap; gap: 12px; justify-content: center; margin-top: 30px;\">\n\n  <a href=\"https:\/\/www.instagram.com\/area.derechoshumanos.ies1?igsh=enhiOHAzb2lnMjdi\" target=\"_blank\" style=\"background-color: #e1752d; color: white; padding: 12px 20px; border-radius: 8px; text-decoration: none; font-weight: bold; font-family: Arial, sans-serif;\" rel=\"noopener\">\n    &#x1f4f7; Instagram\n  <\/a>\n\n  <a href=\"https:\/\/tr.ee\/w8nTrVA-2w\" target=\"_blank\" style=\"background-color: #10314e; color: white; padding: 12px 20px; border-radius: 8px; text-decoration: none; font-weight: bold; font-family: Arial, sans-serif;\" rel=\"noopener\">\n    &#x1f4da; Biblioteca de la Memoria\n  <\/a>\n\n  <a href=\"https:\/\/sites.google.com\/view\/iesn1areaderechoshumanos\/inicio\" target=\"_blank\" style=\"background-color: #e1752d; color: white; padding: 12px 20px; border-radius: 8px; text-decoration: none; font-weight: bold; font-family: Arial, sans-serif;\" rel=\"noopener\">\n    &#x1f310; Sitio Web del \u00c1rea\n  <\/a>\n\n<\/div>\n","protected":false},"excerpt":{"rendered":"<p>\u00c1rea de Derechos Humanos \u2013 IES N.\u00ba 1 El \u00c1rea de Derechos Humanos del IES N.\u00ba 1 es un espacio permanente de trabajo y reflexi\u00f3n institucional, cuya creaci\u00f3n fue votada por el Consejo Directivo en el a\u00f1o 2018. Desde el a\u00f1o 2022, este espacio se consolid\u00f3 como un proyecto institucional, con el objetivo de promover &#8230; <a title=\"\u00c1rea de Derechos Humanos\" class=\"read-more\" href=\"https:\/\/ies1-caba.infd.edu.ar\/sitio\/ddhh-e-inclusion\/\" aria-label=\"More on \u00c1rea de Derechos Humanos\">[+]<\/a><\/p>\n","protected":false},"author":11700,"featured_media":0,"parent":0,"menu_order":0,"comment_status":"closed","ping_status":"closed","template":"","meta":[],"acf":[],"_links":{"self":[{"href":"https:\/\/ies1-caba.infd.edu.ar\/sitio\/wp-json\/wp\/v2\/pages\/13365"}],"collection":[{"href":"https:\/\/ies1-caba.infd.edu.ar\/sitio\/wp-json\/wp\/v2\/pages"}],"about":[{"href":"https:\/\/ies1-caba.infd.edu.ar\/sitio\/wp-json\/wp\/v2\/types\/page"}],"author":[{"embeddable":true,"href":"https:\/\/ies1-caba.infd.edu.ar\/sitio\/wp-json\/wp\/v2\/users\/11700"}],"replies":[{"embeddable":true,"href":"https:\/\/ies1-caba.infd.edu.ar\/sitio\/wp-json\/wp\/v2\/comments?post=13365"}],"version-history":[{"count":9,"href":"https:\/\/ies1-caba.infd.edu.ar\/sitio\/wp-json\/wp\/v2\/pages\/13365\/revisions"}],"predecessor-version":[{"id":15040,"href":"https:\/\/ies1-caba.infd.edu.ar\/sitio\/wp-json\/wp\/v2\/pages\/13365\/revisions\/15040"}],"wp:attachment":[{"href":"https:\/\/ies1-caba.infd.edu.ar\/sitio\/wp-json\/wp\/v2\/media?parent=13365"}],"curies":[{"name":"wp","href":"https:\/\/api.w.org\/{rel}","templated":true}]}}