{"id":13359,"date":"2025-02-18T12:41:41","date_gmt":"2025-02-18T15:41:41","guid":{"rendered":"https:\/\/ies1-caba.infd.edu.ar\/sitio\/?page_id=13359"},"modified":"2026-03-06T11:49:35","modified_gmt":"2026-03-06T14:49:35","slug":"tramites","status":"publish","type":"page","link":"https:\/\/ies1-caba.infd.edu.ar\/sitio\/tramites\/","title":{"rendered":"Tr\u00e1mites"},"content":{"rendered":"\n<style> \/* Ocultar \u00edconos de redes sociales *\/ .a2a_kit, .a2a_button_facebook, .a2a_button_twitter, .a2a_button_whatsapp, .a2a_dd, [class*=\"a2a_button_\"] { display: none !important; } <\/style>\n\n\n\n<hr class=\"wp-block-separator has-alpha-channel-opacity\"\/>\n\n\n\n<figure class=\"wp-block-embed\"><div class=\"wp-block-embed__wrapper\">\nhttps:\/\/www.buenosaires.gob.ar\/localizacion-expediente\n<\/div><\/figure>\n\n\n\n<h2 class=\"wp-block-heading\"><strong>1-&nbsp;ALTAS DOCENTES&nbsp;&nbsp;<\/strong><\/h2>\n\n\n\n<p>Al terminar el proceso de selecci\u00f3n docente ser\u00e1 notificadx v\u00eda correo electr\u00f3nico oficial comunic\u00e1ndole la fecha de inicio. La Regencia le dar\u00e1 la bienvenida y lx presentar\u00e1 a la comunidad educativa mientras que la Secretar\u00eda Administrativa lx esperar\u00e1 el d\u00eda de su alta para firmar la designaci\u00f3n y lx contactar\u00e1 para combinar un turno de entrega de la documentaci\u00f3n restante.<\/p>\n\n\n\n<p><strong>Tener en cuenta:&nbsp;<\/strong>Que le solicitaremos se acerquen a la secretar\u00eda administrativa el mismo el d\u00eda de su alta para firmar el formulario de designaci\u00f3n y, al mismo tiempo, reserven un futuro turno en la&nbsp;grilla de reserva de turnos&nbsp;para la entrega de documentaci\u00f3n, asesorarlx y dar cierre a su alta efectiva.&nbsp;<\/p>\n\n\n\n<p>Para poder realizar la reserva de turno deber\u00e1 acceder desde una cuenta @<a href=\"http:\/\/bue.edu.ar\/\">bue.edu.ar<\/a>&nbsp;(al pie del presente les brindamos tips para generarla si no la tiene o la desconoce) o @<a href=\"http:\/\/gmail.com\/\">gmail.com<\/a>.&nbsp;<\/p>\n\n\n\n<p>Le pedimos lea hasta el \u00faltimo p\u00e1rrafo porque en este correo procuraremos brindarle la mayor cantidad de informaci\u00f3n posible para asistirlx y luego, presencialmente, podremos subsanar lo que reste.<\/p>\n\n\n\n<p>Para cumplimentar los tr\u00e1mites administrativos relacionados con su altas: recuerde que la fecha de&nbsp;Alta y la fecha de emisi\u00f3n de declaraci\u00f3n jurada:&nbsp;<strong>es el<\/strong>&nbsp;<strong>d\u00eda que dicta la primera clase. T<\/strong>ambi\u00e9n le solicitamos se presente&nbsp; con la siguiente documentaci\u00f3n:<\/p>\n\n\n\n<ul>\n<li>Declaraci\u00f3n jurada online (<a href=\"https:\/\/ies1-caba.infd.edu.ar\/sitio\/docentes-3\/\">Instructivo en la web<\/a>) detallando hora por hora para cada asignatura y la fecha de alta que le brindaremos en el cuadro (toma de posesi\u00f3n) que recibir\u00e1 por mail. Si tiene dificultades con el formulario lx ayudaremos cuando vengan.<\/li>\n\n\n\n<li>Constancia de CUIL<\/li>\n\n\n\n<li>Fotocopia de DNI&nbsp;<\/li>\n\n\n\n<li>Declaraci\u00f3n Jurada de COVID 19 (anexo III) firmado.<\/li>\n\n\n\n<li>Copia de Ficha censal (en caso de no tenerla, no se preocupe porque deber\u00e1 iniciar el tr\u00e1mite y acercarla durante el curso del ciclo lectivo).<\/li>\n\n\n\n<li>Copia de Apto F\u00edsico (en caso de no tenerla, deber\u00e1 iniciar el tr\u00e1mite y acercarla durante el curso del ciclo lectivo).<\/li>\n\n\n\n<li>Reconocimiento de servicios de otra jurisdicci\u00f3n: documentaci\u00f3n legalizada (en caso de no tenerlo, comenzar el tr\u00e1mite, ya que es condici\u00f3n para cobrar la antig\u00fcedad)<\/li>\n<\/ul>\n\n\n\n<p><strong><u>DECLARACI\u00d3N JURADA DE CARGOS:<\/u><\/strong>&nbsp; por cada cargo al que accede y con detalle de los cargos anteriores.<\/p>\n\n\n\n<p>Si ya firm\u00f3 en Secretar\u00eda sus designaciones y debe la DJ ONLINE o alguna otra firma tambi\u00e9n puede reservar un turno y si no pudiera acercarse por favor env\u00edenos un mail para coordinar.<\/p>\n\n\n\n<p>En caso de decidir no tomar posesi\u00f3n deber\u00e1n enviar nota de renuncia dirigida al Rectorado detallando c\u00e1tedra o cargo, d\u00eda, turno, horario concursado y agregarle firma, aclaraci\u00f3n, DNI y fecha.<\/p>\n\n\n\n<p><strong><u>*COMO DEBER\u00c1 COMPLETAR LA DECLARACI\u00d3N JURADA&nbsp;<\/u><\/strong>&nbsp;<\/p>\n\n\n\n<ul>\n<li>Debe&nbsp;<strong>consignar primero el cargo\/c\u00e1tedra al que accede<\/strong>&nbsp;y colocar fecha de Alta (primera clase)<\/li>\n\n\n\n<li>Debe detallar por separado&nbsp;<strong><u>cada c\u00e1tedra que dicta<\/u><\/strong>&nbsp;(no incluir varias c\u00e1tedras de una misma instituci\u00f3n)&nbsp;<\/li>\n\n\n\n<li><strong><u>Consignar<\/u><\/strong>&nbsp;en cada caso&nbsp;<strong><u>las horas cada 40 minutos<\/u><\/strong>&nbsp;(equivalente a una hora c\u00e1tedra). Detallar hora por hora en el caso de las c\u00e1tedras y si fuera un cargo s\u00f3lo detallar el horario por d\u00eda (Ejemplo: 8 a 12.30 hs.)<\/li>\n\n\n\n<li><strong><u>Indicar nombre de la materia<\/u><\/strong><strong><u>&nbsp;o cargo<\/u><\/strong>&nbsp;que declare de cada instituci\u00f3n.<\/li>\n\n\n\n<li>No olvide firmar cada hoja de declaraci\u00f3n frente y reverso (recuerde que siempre&nbsp;<strong>se declara con la fecha de toma de posesi\u00f3n&nbsp;<\/strong>de dicha suplencia o interinato, no con fecha de elaboraci\u00f3n o entrega del formulario)&nbsp;<\/li>\n\n\n\n<li><strong>La fecha de firma del formulario debe coincidir con la fecha de toma de posesi\u00f3n de la materia.<\/strong><\/li>\n<\/ul>\n\n\n\n<p><strong>Recuerde controlar que la cantidad de horas declaradas no exceda las 72 hs c\u00e1tedra totales (48 horas reloj), que no puede haber superposici\u00f3n horaria entre cargos y que la cantidad de horas declaradas por cada cargo debe coincidir con el detalle del horario informado.<\/strong><\/p>\n\n\n\n<hr class=\"wp-block-separator has-alpha-channel-opacity\"\/>\n\n\n\n<h2 class=\"wp-block-heading\"><strong>2 \u2013 PEDIDO DE LICENCIAS MEDICAS&nbsp;<\/strong><\/h2>\n\n\n\n<p>En primera instancia cada docente debe solicitar su licencia por la web\/aplicaci\u00f3n MIA y al mismo tiempo avisar su ausencia, en la primer hora de dictado de su clase, por mail a la Secretar\u00eda Administrativa: iesamjusto@bue.edu.ar.<\/p>\n\n\n\n<p><strong>En caso de solicitar Licencia COVID + deber\u00e1 subir al aplicativo\/web carnet de vacunaci\u00f3n y certificado de Covid POSITIVO para que Medicina Laboral justifique la licencia m\u00e9dica.<\/strong><\/p>\n\n\n\n<p>Mi Autogesti\u00f3n (MIA) es la aplicaci\u00f3n desarrollada por la Subsecretar\u00eda de Gesti\u00f3n de Recursos Humanos del Ministerio de Hacienda y Finanzas, creada para agilizar el proceso de solicitud y gesti\u00f3n de las licencias.<br>Esta aplicaci\u00f3n brinda a el\/la trabajador\/a la posibilidad de:<br>\uf0fc notificar ausencias y solicitar licencias,<br>\uf0fc realizar el seguimiento del estado de tu solicitud,<br>\uf0fc ver tu historial de licencias,<br>\uf0fc registrar y actualizar tus datos personales.<br>Adem\u00e1s de solicitar el\/la trabajador\/a la licencia en MIA deber\u00e1 dar aviso de la ausencia a su superior.<\/p>\n\n\n\n<p><a href=\"https:\/\/drive.google.com\/file\/d\/12KT_i-ayjO3v1ko9pfCqjmEtT9lGO1uR\/view?usp=sharing\">MANUAL versi\u00f3n DIC2021<\/a><\/p>\n\n\n\n<div style=\"height:11px\" aria-hidden=\"true\" class=\"wp-block-spacer\"><\/div>\n\n\n\n<h1 class=\"wp-block-heading\"><strong>Gesti\u00f3n de Licencias<\/strong><\/h1>\n\n\n\n<p><strong>Informaci\u00f3n importante<\/strong><\/p>\n\n\n\n<p>A partir del 5 de marzo las gestiones vinculadas a licencias m\u00e9dicas y administrativas *dejar\u00e1n derealizarse por MIA y comenzar\u00e1n a gestionarse <strong>exclusivamente <\/strong>a trav\u00e9s de la<strong> plataforma Equipo BA<\/strong>*.<br>Enlace:&nbsp;<a rel=\"noreferrer noopener\" href=\"https:\/\/equipoba.buenosaires.gob.ar\/\" target=\"_blank\">https:\/\/equipoba.buenosaires.gob.ar<\/a><\/p>\n\n\n\n<p>* Las *licencias m\u00e9dicas y administrativas deber\u00e1n cargarse desde la nueva plataforma.*<br>* Desde all\u00ed tambi\u00e9n se podr\u00e1 realizar la *descarga y visualizaci\u00f3n de recibos que se realizaba desde la web BA<br>Desde Adentro.*<br>* Adem\u00e1s, podr\u00e1n acceder a la secci\u00f3n de informaci\u00f3n sobre *Carrera, Cartelera y comunicaci\u00f3n institucional*.<br>En cuanto al procedimiento como ver\u00e1n es muy similar al que se realizaba hasta hoy.<br><br><a rel=\"noreferrer noopener\" href=\"https:\/\/drive.google.com\/drive\/folders\/1Jc21eCuvNNl-V6WHqCmLLzs-dXkTH25i\" data-type=\"URL\" data-id=\"https:\/\/drive.google.com\/drive\/folders\/1Jc21eCuvNNl-V6WHqCmLLzs-dXkTH25i\" target=\"_blank\">Instructivo y Preguntas Frecuentes<\/a><\/p>\n\n\n\n<h1 class=\"wp-block-heading\">=============================<\/h1>\n\n\n\n<hr class=\"wp-block-separator has-alpha-channel-opacity\"\/>\n\n\n\n<h2 class=\"wp-block-heading\">3- Seguro &#8211; ART<\/h2>\n\n\n\n<p>Nuevo r\u00e9gimen de&nbsp;autoseguro&nbsp;del GCBA que&nbsp;comenz\u00f3 a regir el 30\/01\/2026.<\/p>\n\n\n\n<p>El Gobierno de la Ciudad asume de manera directa la cobertura de los accidentes de trabajo y enfermedades profesionales, a trav\u00e9s de la Unidad de&nbsp;Autoseguro, dependiente de la Subsecretar\u00eda de Gesti\u00f3n de Recursos Humanos.<\/p>\n\n\n\n<p>Les solicitamos tener esta informaci\u00f3n como marco de referencia para la gesti\u00f3n de situaciones vinculadas a accidentes laborales y enfermedades profesionales.<\/p>\n\n\n\n<p><a href=\"https:\/\/ies1-caba.infd.edu.ar\/sitio\/wp-content\/uploads\/2026\/03\/Autoseguro-GCABA-Manual-Trabajador.pdf\" data-type=\"URL\" data-id=\"https:\/\/ies1-caba.infd.edu.ar\/sitio\/wp-content\/uploads\/2026\/03\/Autoseguro-GCABA-Manual-Trabajador.pdf\" target=\"_blank\" rel=\"noreferrer noopener\">Manual del trabajador<\/a><\/p>\n\n\n\n<figure class=\"wp-block-image size-full\"><img decoding=\"async\" loading=\"lazy\" width=\"1004\" height=\"650\" src=\"https:\/\/ies1-caba.infd.edu.ar\/sitio\/wp-content\/uploads\/2026\/03\/Autoseguro-GCABA-Credencial-1.jpg\" alt=\"\" class=\"wp-image-16177\" srcset=\"https:\/\/ies1-caba.infd.edu.ar\/sitio\/wp-content\/uploads\/2026\/03\/Autoseguro-GCABA-Credencial-1.jpg 1004w, https:\/\/ies1-caba.infd.edu.ar\/sitio\/wp-content\/uploads\/2026\/03\/Autoseguro-GCABA-Credencial-1-1000x647.jpg 1000w, https:\/\/ies1-caba.infd.edu.ar\/sitio\/wp-content\/uploads\/2026\/03\/Autoseguro-GCABA-Credencial-1-768x497.jpg 768w\" sizes=\"(max-width: 1004px) 100vw, 1004px\" \/><\/figure>\n\n\n\n<h2 class=\"wp-block-heading\">=============================<\/h2>\n\n\n\n<p><\/p>\n\n\n\n<h2 class=\"wp-block-heading\"><br><strong>4- JUBILACIONES<\/strong><\/h2>\n\n\n\n<figure class=\"wp-block-image\"><img decoding=\"async\" loading=\"lazy\" width=\"1000\" height=\"818\" src=\"https:\/\/ies1-caba.infd.edu.ar\/sitio\/wp-content\/uploads\/2023\/10\/Jubi-1000x818.png\" alt=\"\" class=\"wp-image-11541\" srcset=\"https:\/\/ies1-caba.infd.edu.ar\/sitio\/wp-content\/uploads\/2023\/10\/Jubi-1000x818.png 1000w, https:\/\/ies1-caba.infd.edu.ar\/sitio\/wp-content\/uploads\/2023\/10\/Jubi-768x628.png 768w, https:\/\/ies1-caba.infd.edu.ar\/sitio\/wp-content\/uploads\/2023\/10\/Jubi.png 1083w\" sizes=\"(max-width: 1000px) 100vw, 1000px\" \/><\/figure>\n\n\n\n<hr class=\"wp-block-separator has-alpha-channel-opacity\"\/>\n\n\n\n<h2 class=\"wp-block-heading\">5- Declaraci\u00f3n&nbsp;<strong>Jurada de&nbsp;Actividades, Cargos,&nbsp;M\u00f3dulos y Horas en L\u00ednea<\/strong><\/h2>\n\n\n\n<p><strong>Declaraci\u00f3n Jurada ONLINE \u2013 DDJJ online 2023<\/strong><\/p>\n\n\n\n<p>Este nuevo m\u00f3dulo de Declaraci\u00f3n Jurada en L\u00ednea (DJL) tiene por objetivo brindar una herramienta digital para la realizaci\u00f3n de la Declaraci\u00f3n Jurada, facilitando esta tarea al personal docente.<br>La DJL&nbsp; reemplaza a la Declaraci\u00f3n Jurada papel, haciendo que pueda cargar los datos de forma m\u00e1s \u00e1gil, f\u00e1cil y precisa.<\/p>\n\n\n\n<p>Para ingresar al m\u00f3dulo de DJL deber\u00e1 acceder al Sistema de Gesti\u00f3n Educativa (<a href=\"http:\/\/sistemas1.buenosaires.edu.ar\/wsad\">http:\/\/sistemas1.buenosaires.edu.ar\/wsad<\/a>) usando su cuenta @bue.edu.ar<\/p>\n\n\n\n<p><a href=\"https:\/\/ens6-caba.infd.edu.ar\/sitio\/wp-content\/uploads\/2021\/02\/Instructivo-de-DDJJ-en-L%C3%ADnea.pdf\">Instructivo de DDJJ en L\u00ednea<\/a><br><br><a href=\"https:\/\/www.youtube.com\/watch?v=6QLR1wABqAc&amp;feature=emb_logo\">Video tutorial<\/a><\/p>\n\n\n\n<h1 class=\"wp-block-heading\">==============================<\/h1>\n\n\n\n<hr class=\"wp-block-separator has-alpha-channel-opacity\"\/>\n\n\n\n<h2 class=\"wp-block-heading\"><strong>6 \u2013 APTO PSICOF\u00cdSICO<\/strong><\/h2>\n\n\n\n<p>El apto psicof\u00edsico en CABA para docentes es un&nbsp;examen m\u00e9dico obligatorio y gratuito, realizado por la Direcci\u00f3n General de Administraci\u00f3n de Medicina del Trabajo (DGAMT), que certifica la aptitud f\u00edsica y mental del personal para el ejercicio de la docencia. Incluye estudios fonoaudiol\u00f3gicos y cl\u00ednicos para garantizar la salud del docente.<\/p>\n\n\n\n<p>Es un tr\u00e1mite obligatorio para todos los agentes y, de ello depende, la posterior emisi\u00f3n de la Ficha Censal.<\/p>\n\n\n\n<p>Los turnos deber\u00e1n ser reservados con al menos 96 hs. de anticipaci\u00f3n a trav\u00e9s de la plataforma MiBA con su cuenta @bue, accediendo mediante el link que seguidamente se detalla:<\/p>\n\n\n\n<p><a href=\"http:\/\/formulario-sigeci.buenosaires.gob.ar\/InicioTramite?idPrestacion=4746\" target=\"_blank\" rel=\"noreferrer noopener\">http:\/\/formulario-sigeci.buenosaires.gob.ar\/InicioTramite?idPrestacion=4746<\/a><\/p>\n\n\n\n<p>Cabe aclarar, que los docentes que, al momento de requerir dicho turno, se encuentren usufructuando licencia m\u00e9dica, deben abstenerse de solicitarlo hasta tanto posean el alta definitiva emitida por de la DGAMT.<\/p>\n\n\n\n<ul>\n<li><a rel=\"noreferrer noopener\" href=\"https:\/\/ies1-caba.infd.edu.ar\/sitio\/wp-content\/uploads\/2026\/03\/Instructivo-Turno-Apto-Medico-Docente-2026.pdf\" data-type=\"URL\" data-id=\"https:\/\/ies1-caba.infd.edu.ar\/sitio\/wp-content\/uploads\/2026\/03\/Instructivo-Turno-Apto-Medico-Docente-2026.pdf\" target=\"_blank\">Instructivo <\/a>con los requisitos para efectuar la tramitaci\u00f3n del Apto Psicof\u00edsico <\/li>\n\n\n\n<li> <a rel=\"noreferrer noopener\" href=\"https:\/\/ies1-caba.infd.edu.ar\/sitio\/wp-content\/uploads\/2026\/03\/Turno-Apto-Medico-Docente.pdf\" data-type=\"URL\" data-id=\"https:\/\/ies1-caba.infd.edu.ar\/sitio\/wp-content\/uploads\/2026\/03\/Turno-Apto-Medico-Docente.pdf\" target=\"_blank\">Enlace <\/a>para acceder al turno<\/li>\n<\/ul>\n\n\n\n<h1 class=\"wp-block-heading\"><\/h1>\n\n\n\n<h1 class=\"wp-block-heading\">============================<\/h1>\n\n\n\n<hr class=\"wp-block-separator has-alpha-channel-opacity\"\/>\n\n\n\n<h2 class=\"wp-block-heading\"><strong>7 \u2013&nbsp; Datos \u00fatiles<\/strong><\/h2>\n\n\n\n<figure class=\"wp-block-embed\"><div class=\"wp-block-embed__wrapper\">\nhttps:\/\/buenosaires.gob.ar\/direcciones-utiles\n<\/div><\/figure>\n\n\n\n<figure class=\"wp-block-image\"><img decoding=\"async\" src=\"https:\/\/ens6-caba.infd.edu.ar\/sitio\/wp-content\/uploads\/2021\/02\/CUENTA-BUE.jpeg\" alt=\"\" class=\"wp-image-3080\"\/><\/figure>\n\n\n\n<figure class=\"wp-block-image\"><img decoding=\"async\" src=\"https:\/\/ens6-caba.infd.edu.ar\/sitio\/wp-content\/uploads\/2021\/02\/DJONLINE.jpeg\" alt=\"\" class=\"wp-image-3086\"\/><\/figure>\n\n\n\n<figure class=\"wp-block-image\"><img decoding=\"async\" loading=\"lazy\" width=\"1000\" height=\"732\" src=\"https:\/\/ies1-caba.infd.edu.ar\/sitio\/wp-content\/uploads\/2023\/10\/bue-1000x732.png\" alt=\"\" class=\"wp-image-11534\" srcset=\"https:\/\/ies1-caba.infd.edu.ar\/sitio\/wp-content\/uploads\/2023\/10\/bue-1000x732.png 1000w, https:\/\/ies1-caba.infd.edu.ar\/sitio\/wp-content\/uploads\/2023\/10\/bue-768x562.png 768w, https:\/\/ies1-caba.infd.edu.ar\/sitio\/wp-content\/uploads\/2023\/10\/bue.png 1079w\" sizes=\"(max-width: 1000px) 100vw, 1000px\" \/><\/figure>\n\n\n\n<figure class=\"wp-block-image\"><img decoding=\"async\" src=\"https:\/\/ens6-caba.infd.edu.ar\/sitio\/wp-content\/uploads\/2021\/02\/CANALES.png\" alt=\"\" class=\"wp-image-3091\"\/><\/figure>\n\n\n\n<h1 class=\"wp-block-heading\">=============================<\/h1>\n\n\n\n<figure class=\"wp-block-image\"><img decoding=\"async\" src=\"https:\/\/ens6-caba.infd.edu.ar\/sitio\/wp-content\/uploads\/2021\/02\/Flyer-Mesas-de-ayuda_Nuestros-canales-de-atenci%C3%B3n_Febrero2021-11-571x1000.jpg\" alt=\"\" class=\"wp-image-3095\"\/><\/figure>\n\n\n\n<figure class=\"wp-block-image\"><img decoding=\"async\" loading=\"lazy\" width=\"1000\" height=\"779\" src=\"https:\/\/ies1-caba.infd.edu.ar\/sitio\/wp-content\/uploads\/2023\/10\/Direcciones-e-informacion-utiles-3-1000x779.png\" alt=\"\" class=\"wp-image-11535\" srcset=\"https:\/\/ies1-caba.infd.edu.ar\/sitio\/wp-content\/uploads\/2023\/10\/Direcciones-e-informacion-utiles-3-1000x779.png 1000w, https:\/\/ies1-caba.infd.edu.ar\/sitio\/wp-content\/uploads\/2023\/10\/Direcciones-e-informacion-utiles-3-768x598.png 768w, https:\/\/ies1-caba.infd.edu.ar\/sitio\/wp-content\/uploads\/2023\/10\/Direcciones-e-informacion-utiles-3.png 1080w\" sizes=\"(max-width: 1000px) 100vw, 1000px\" \/><\/figure>\n\n\n\n<figure class=\"wp-block-image\"><img decoding=\"async\" loading=\"lazy\" width=\"1000\" height=\"796\" src=\"https:\/\/ies1-caba.infd.edu.ar\/sitio\/wp-content\/uploads\/2023\/10\/Direcciones-e-informacion-utiles-6-1000x796.png\" alt=\"\" class=\"wp-image-11536\" srcset=\"https:\/\/ies1-caba.infd.edu.ar\/sitio\/wp-content\/uploads\/2023\/10\/Direcciones-e-informacion-utiles-6-1000x796.png 1000w, https:\/\/ies1-caba.infd.edu.ar\/sitio\/wp-content\/uploads\/2023\/10\/Direcciones-e-informacion-utiles-6-768x612.png 768w, https:\/\/ies1-caba.infd.edu.ar\/sitio\/wp-content\/uploads\/2023\/10\/Direcciones-e-informacion-utiles-6.png 1085w\" sizes=\"(max-width: 1000px) 100vw, 1000px\" \/><\/figure>\n\n\n\n<figure class=\"wp-block-image\"><img decoding=\"async\" loading=\"lazy\" width=\"1000\" height=\"782\" src=\"https:\/\/ies1-caba.infd.edu.ar\/sitio\/wp-content\/uploads\/2023\/10\/titulos-1000x782.png\" alt=\"\" class=\"wp-image-11538\" srcset=\"https:\/\/ies1-caba.infd.edu.ar\/sitio\/wp-content\/uploads\/2023\/10\/titulos-1000x782.png 1000w, https:\/\/ies1-caba.infd.edu.ar\/sitio\/wp-content\/uploads\/2023\/10\/titulos-768x601.png 768w, https:\/\/ies1-caba.infd.edu.ar\/sitio\/wp-content\/uploads\/2023\/10\/titulos.png 1084w\" sizes=\"(max-width: 1000px) 100vw, 1000px\" \/><\/figure>\n\n\n\n<figure class=\"wp-block-image\"><img decoding=\"async\" src=\"https:\/\/ens6-caba.infd.edu.ar\/sitio\/wp-content\/uploads\/2021\/02\/Flyer-Mesas-de-ayuda_Nuestros-canales-de-atenci%C3%B3n_Febrero2021-09-563x1000.jpg\" alt=\"\" class=\"wp-image-3096\"\/><\/figure>\n\n\n\n<figure class=\"wp-block-image\"><img decoding=\"async\" src=\"https:\/\/ens6-caba.infd.edu.ar\/sitio\/wp-content\/uploads\/2021\/02\/Flyer-Mesas-de-ayuda_Nuestros-canales-de-atenci%C3%B3n_Febrero2021-10-799x1000.jpg\" alt=\"\" class=\"wp-image-3097\"\/><\/figure>\n\n\n\n<figure class=\"wp-block-image\"><img decoding=\"async\" loading=\"lazy\" width=\"1000\" height=\"786\" src=\"https:\/\/ies1-caba.infd.edu.ar\/sitio\/wp-content\/uploads\/2023\/10\/asig-fliares-1000x786.png\" alt=\"\" class=\"wp-image-11537\" srcset=\"https:\/\/ies1-caba.infd.edu.ar\/sitio\/wp-content\/uploads\/2023\/10\/asig-fliares-1000x786.png 1000w, https:\/\/ies1-caba.infd.edu.ar\/sitio\/wp-content\/uploads\/2023\/10\/asig-fliares-768x603.png 768w, https:\/\/ies1-caba.infd.edu.ar\/sitio\/wp-content\/uploads\/2023\/10\/asig-fliares.png 1087w\" sizes=\"(max-width: 1000px) 100vw, 1000px\" \/><\/figure>\n\n\n\n<h1 class=\"wp-block-heading\">================================<\/h1>\n\n\n\n<hr class=\"wp-block-separator has-alpha-channel-opacity\"\/>\n\n\n\n<h2 class=\"wp-block-heading\">8<strong> \u2013 Licencias en Vacaciones<\/strong><\/h2>\n\n\n\n<p><a href=\"https:\/\/ies1-caba.infd.edu.ar\/sitio\/docentes-3\/#licenciecitas\">LICENCIAS DURANTE VACACIONES<\/a><\/p>\n\n\n\n<p><strong>(SI NO FUNCIONA MI AUTOGESTION)<\/strong><\/p>\n\n\n\n<p>&nbsp;LEER CON ATENCI\u00d3N&nbsp;<img decoding=\"async\" loading=\"lazy\" src=\"https:\/\/ies1-caba.infd.edu.ar\/sitio\/wp-content\/uploads\/2021\/12\/MIA-LICENCIAS-durante-vacaciones-1000x733.png\" alt=\"\" width=\"1000\" height=\"733\" srcset=\"https:\/\/ies1-caba.infd.edu.ar\/sitio\/wp-content\/uploads\/2021\/12\/MIA-LICENCIAS-durante-vacaciones-1000x733.png 1000w, https:\/\/ies1-caba.infd.edu.ar\/sitio\/wp-content\/uploads\/2021\/12\/MIA-LICENCIAS-durante-vacaciones-768x563.png 768w, https:\/\/ies1-caba.infd.edu.ar\/sitio\/wp-content\/uploads\/2021\/12\/MIA-LICENCIAS-durante-vacaciones.png 1355w\"><\/p>\n\n\n\n<p><strong>MIA:<\/strong>&nbsp;consulta.sial@bue.edu.ar<\/p>\n\n\n\n<p><strong>DDJJ<\/strong>: consultas.djl@bue.edu.ar<\/p>\n\n\n\n<p><strong>Clasificaci\u00f3n docente<\/strong>: cadentuescuela@bue.edu.ar<\/p>\n\n\n\n<p><strong>T\u00edtulos e incumbencias:<\/strong>&nbsp;comision.titulos@bue.edu.ar<\/p>\n\n\n\n<p><strong>Gesti\u00f3n de cuentas @bue<\/strong>: soporte.cuentasbue@bue.edu.ar<\/p>\n\n\n\n<p><strong>Consulta sobre cobros:<\/strong>&nbsp;0800 333 3382 o 6076-6000<\/p>\n\n\n\n<p><\/p>\n\n\n\n<p><\/p>\n\n\n\n<div class=\"wp-block-cover alignfull\" style=\"min-height:197px\"><span aria-hidden=\"true\" class=\"wp-block-cover__background has-background-dim-0 has-background-dim\"><\/span><img decoding=\"async\" loading=\"lazy\" width=\"1100\" height=\"185\" class=\"wp-block-cover__image-background wp-image-13666\" alt=\"\" src=\"https:\/\/ies1-caba.infd.edu.ar\/sitio\/wp-content\/uploads\/2025\/03\/bannerinf-2.png\" data-object-fit=\"cover\" srcset=\"https:\/\/ies1-caba.infd.edu.ar\/sitio\/wp-content\/uploads\/2025\/03\/bannerinf-2.png 1100w, https:\/\/ies1-caba.infd.edu.ar\/sitio\/wp-content\/uploads\/2025\/03\/bannerinf-2-1000x168.png 1000w, https:\/\/ies1-caba.infd.edu.ar\/sitio\/wp-content\/uploads\/2025\/03\/bannerinf-2-768x129.png 768w\" sizes=\"(max-width: 1100px) 100vw, 1100px\" \/><div class=\"wp-block-cover__inner-container\">\n<div class=\"wp-block-group alignfull has-background-color is-layout-constrained\" style=\"margin-top:0;margin-bottom:0;padding-top:var(--wp--preset--spacing--40);padding-right:var(--wp--preset--spacing--30);padding-bottom:var(--wp--preset--spacing--40);padding-left:var(--wp--preset--spacing--30)\"><div class=\"wp-block-group__inner-container\">\n<p class=\"has-text-align-center\"><a href=\"https:\/\/ies1-caba.infd.edu.ar\/sitio\/wp-admin\/post.php?post=12571&amp;action=edit#site-title-pseudo-link\">IES N\u00b01 \u00abDra. Alicia Moreau de Justo\u00bb<\/a><\/p>\n\n\n\n<p class=\"has-text-align-center has-small-font-size\"><strong> Av. C\u00f3rdoba 2016, CABA&nbsp;<br><a href=\"iesamjusto@bue.edu.ar\">iesamjusto@bue.edu.ar<\/a> <\/strong><\/p>\n\n\n\n<p class=\"has-text-align-center\">Educaci\u00f3n P\u00fablica y Gratuita <\/p>\n<\/div><\/div>\n<\/div><\/div>\n","protected":false},"excerpt":{"rendered":"<p>1-&nbsp;ALTAS DOCENTES&nbsp;&nbsp; Al terminar el proceso de selecci\u00f3n docente ser\u00e1 notificadx v\u00eda correo electr\u00f3nico oficial comunic\u00e1ndole la fecha de inicio. La Regencia le dar\u00e1 la bienvenida y lx presentar\u00e1 a la comunidad educativa mientras que la Secretar\u00eda Administrativa lx esperar\u00e1 el d\u00eda de su alta para firmar la designaci\u00f3n y lx contactar\u00e1 para combinar un &#8230; <a title=\"Tr\u00e1mites\" class=\"read-more\" href=\"https:\/\/ies1-caba.infd.edu.ar\/sitio\/tramites\/\" aria-label=\"More on Tr\u00e1mites\">[+]<\/a><\/p>\n","protected":false},"author":11700,"featured_media":0,"parent":0,"menu_order":0,"comment_status":"closed","ping_status":"closed","template":"","meta":[],"acf":[],"_links":{"self":[{"href":"https:\/\/ies1-caba.infd.edu.ar\/sitio\/wp-json\/wp\/v2\/pages\/13359"}],"collection":[{"href":"https:\/\/ies1-caba.infd.edu.ar\/sitio\/wp-json\/wp\/v2\/pages"}],"about":[{"href":"https:\/\/ies1-caba.infd.edu.ar\/sitio\/wp-json\/wp\/v2\/types\/page"}],"author":[{"embeddable":true,"href":"https:\/\/ies1-caba.infd.edu.ar\/sitio\/wp-json\/wp\/v2\/users\/11700"}],"replies":[{"embeddable":true,"href":"https:\/\/ies1-caba.infd.edu.ar\/sitio\/wp-json\/wp\/v2\/comments?post=13359"}],"version-history":[{"count":8,"href":"https:\/\/ies1-caba.infd.edu.ar\/sitio\/wp-json\/wp\/v2\/pages\/13359\/revisions"}],"predecessor-version":[{"id":16179,"href":"https:\/\/ies1-caba.infd.edu.ar\/sitio\/wp-json\/wp\/v2\/pages\/13359\/revisions\/16179"}],"wp:attachment":[{"href":"https:\/\/ies1-caba.infd.edu.ar\/sitio\/wp-json\/wp\/v2\/media?parent=13359"}],"curies":[{"name":"wp","href":"https:\/\/api.w.org\/{rel}","templated":true}]}}