{"id":13353,"date":"2025-02-18T12:40:09","date_gmt":"2025-02-18T15:40:09","guid":{"rendered":"https:\/\/ies1-caba.infd.edu.ar\/sitio\/?page_id=13353"},"modified":"2025-10-06T21:52:23","modified_gmt":"2025-10-07T00:52:23","slug":"formularios-3","status":"publish","type":"page","link":"https:\/\/ies1-caba.infd.edu.ar\/sitio\/formularios-3\/","title":{"rendered":"Formularios"},"content":{"rendered":"\n<style> \/* Ocultar \u00edconos de redes sociales *\/ .a2a_kit, .a2a_button_facebook, .a2a_button_twitter, .a2a_button_whatsapp, .a2a_dd, [class*=\"a2a_button_\"] { display: none !important; } <\/style>\n\n\n\n<hr class=\"wp-block-separator has-alpha-channel-opacity\"\/>\n\n\n\n<ul>\n<li><strong>Formularios para Selecciones Docentes<\/strong><\/li>\n<\/ul>\n\n\n\n<p><a href=\"https:\/\/ies1-caba.infd.edu.ar\/sitio\/wp-content\/uploads\/2023\/05\/IES-No1-Ficha-de-inscripcion-Llamado-selec.-antec.-CATEDRAS-2023.pdf\" data-type=\"URL\" data-id=\"https:\/\/ies1-caba.infd.edu.ar\/sitio\/wp-content\/uploads\/2023\/05\/IES-No1-Ficha-de-inscripcion-Llamado-selec.-antec.-CATEDRAS-2023.pdf\" target=\"_blank\" rel=\"noreferrer noopener\">Selecci\u00f3n de antecedentes para C\u00c1TEDRAS \u2013 PDF <br><\/a><a href=\"https:\/\/ies1-caba.infd.edu.ar\/sitio\/wp-content\/uploads\/2023\/05\/IES-No1-Ficha-de-inscripcion-Llamado-selec.-antec.-CATEDRAS-2023.docx\" data-type=\"URL\" data-id=\"https:\/\/ies1-caba.infd.edu.ar\/sitio\/wp-content\/uploads\/2023\/05\/IES-No1-Ficha-de-inscripcion-Llamado-selec.-antec.-CATEDRAS-2023.docx\" target=\"_blank\" rel=\"noreferrer noopener\">Selecci\u00f3n de antecedentes para C\u00c1TEDRAS \u2013 DOCX <br><\/a><br><a href=\"https:\/\/ies1-caba.infd.edu.ar\/sitio\/wp-content\/uploads\/2023\/05\/IES-No1-Ficha-de-inscripcion-Llamado-selec.-antec.-CARGOS-tecnico-administrativos-2023.pdf\" data-type=\"URL\" data-id=\"https:\/\/ies1-caba.infd.edu.ar\/sitio\/wp-content\/uploads\/2023\/05\/IES-No1-Ficha-de-inscripcion-Llamado-selec.-antec.-CARGOS-tecnico-administrativos-2023.pdf\" target=\"_blank\" rel=\"noreferrer noopener\">Selecci\u00f3n docente CARGOS ADMINISTRATIVOS \u2013 PDF <\/a><br><a href=\"https:\/\/ies1-caba.infd.edu.ar\/sitio\/wp-content\/uploads\/2023\/05\/IES-No1-Ficha-de-inscripcion-Llamado-selec.-antec.-CARGOS-tecnico-administrativos-2023.docx\" data-type=\"URL\" data-id=\"https:\/\/ies1-caba.infd.edu.ar\/sitio\/wp-content\/uploads\/2023\/05\/IES-No1-Ficha-de-inscripcion-Llamado-selec.-antec.-CARGOS-tecnico-administrativos-2023.docx\" target=\"_blank\" rel=\"noreferrer noopener\">Selecci\u00f3n docente CARGOS ADMINISTRATIVOS \u2013 DOCX<\/a><\/p>\n\n\n\n<p><\/p>\n\n\n\n<ul>\n<li><strong>Formulario de Informe de desempe\u00f1o Ayudante Alumno<\/strong><\/li>\n<\/ul>\n\n\n\n<p><a rel=\"noreferrer noopener\" href=\"https:\/\/ies1-caba.infd.edu.ar\/sitio\/docentes\/upload\/Informe_de_desempe%F1o_Ayudante_Alumno.doc\" data-type=\"URL\" data-id=\"https:\/\/ies1-caba.infd.edu.ar\/sitio\/docentes\/upload\/Informe_de_desempe%F1o_Ayudante_Alumno.doc\" target=\"_blank\">Ayudante <\/a><a href=\"https:\/\/ies1-caba.infd.edu.ar\/sitio\/docentes\/upload\/Informe_de_desempe%F1o_Ayudante_Alumno.doc\" data-type=\"URL\" data-id=\"https:\/\/ies1-caba.infd.edu.ar\/sitio\/docentes\/upload\/Informe_de_desempe%F1o_Ayudante_Alumno.doc\" target=\"_blank\" rel=\"noreferrer noopener\">A<\/a><a rel=\"noreferrer noopener\" href=\"https:\/\/ies1-caba.infd.edu.ar\/sitio\/docentes\/upload\/Informe_de_desempe%F1o_Ayudante_Alumno.doc\" data-type=\"URL\" data-id=\"https:\/\/ies1-caba.infd.edu.ar\/sitio\/docentes\/upload\/Informe_de_desempe%F1o_Ayudante_Alumno.doc\" target=\"_blank\">lumno<\/a><\/p>\n\n\n\n<p><\/p>\n\n\n\n<ul>\n<li><strong>Formulario Profesor Adscripto<\/strong><\/li>\n<\/ul>\n\n\n\n<p><a rel=\"noreferrer noopener\" href=\"https:\/\/ies1-caba.infd.edu.ar\/sitio\/docentes\/upload\/Informe_de_desempe%F1o_primer_a%F1o_de_adscripc_i%F3n.doc\" data-type=\"URL\" data-id=\"https:\/\/ies1-caba.infd.edu.ar\/sitio\/docentes\/upload\/Informe_de_desempe%F1o_primer_a%F1o_de_adscripc_i%F3n.doc\" target=\"_blank\">Profesor adscripto 1er a\u00f1o<br><\/a><a rel=\"noreferrer noopener\" href=\"https:\/\/ies1-caba.infd.edu.ar\/sitio\/docentes\/upload\/Informe_de_desempe%F1o_segundo_a%F1o_de_adscrip_ci%F3n.doc\" data-type=\"URL\" data-id=\"https:\/\/ies1-caba.infd.edu.ar\/sitio\/docentes\/upload\/Informe_de_desempe%F1o_segundo_a%F1o_de_adscrip_ci%F3n.doc\" target=\"_blank\">Profesor adscripto 2do a\u00f1o<\/a><br><a rel=\"noreferrer noopener\" href=\"https:\/\/ies1-caba.infd.edu.ar\/sitio\/wp-content\/uploads\/2022\/03\/Adscriptos_reglamento.pdf\" data-type=\"URL\" data-id=\"https:\/\/ies1-caba.infd.edu.ar\/sitio\/wp-content\/uploads\/2022\/03\/Adscriptos_reglamento.pdf\" target=\"_blank\">Reglamento y formulario Profesor Adscripto<\/a><\/p>\n\n\n\n<p><\/p>\n\n\n\n<ul>\n<li><strong>Formulario Licencias<\/strong><\/li>\n<\/ul>\n\n\n\n<p><a rel=\"noreferrer noopener\" href=\"https:\/\/ies1-caba.infd.edu.ar\/sitio\/docentes\/upload\/Credencial_ART.pdf\" data-type=\"URL\" data-id=\"https:\/\/ies1-caba.infd.edu.ar\/sitio\/docentes\/upload\/Credencial_ART.pdf\" target=\"_blank\">Credencial ART<\/a><br><a href=\"https:\/\/ies1-caba.infd.edu.ar\/sitio\/docentes\/upload\/Licencias_70_O_-_Nuevo_procedimiento.pdf\" data-type=\"URL\" data-id=\"https:\/\/ies1-caba.infd.edu.ar\/sitio\/docentes\/upload\/Licencias_70_O_-_Nuevo_procedimiento.pdf\" target=\"_blank\" rel=\"noreferrer noopener\">Licencia 70 \u00abO\u00bb \u2013 Nuevo procedimiento<\/a><br><\/p>\n\n\n\n<ul>\n<li><strong>Links de inter\u00e9s<\/strong><\/li>\n<\/ul>\n\n\n\n<p><a rel=\"noreferrer noopener\" href=\"https:\/\/badesdeadentro.gob.ar\/\" data-type=\"URL\" data-id=\"https:\/\/badesdeadentro.gob.ar\/\" target=\"_blank\">Consulta de Haberes Docentes<\/a><br><a rel=\"noreferrer noopener\" href=\"https:\/\/ies1-caba.blogspot.com\/2023\/03\/jubilacion.html\" data-type=\"URL\" data-id=\"https:\/\/ies1-caba.blogspot.com\/2023\/03\/jubilacion.html\" target=\"_blank\">Jubilaciones<\/a><br><a rel=\"noreferrer noopener\" href=\"http:\/\/sistemas1.buenosaires.edu.ar\/wsad\" data-type=\"URL\" data-id=\"http:\/\/sistemas1.buenosaires.edu.ar\/wsad\" target=\"_blank\">Declaraci\u00f3n Jurada Online<br><\/a><a rel=\"noreferrer noopener\" href=\"https:\/\/buenosaires.gob.ar\/educacion\/docentes-de-la-ciudad\/direcciones-utiles\" data-type=\"URL\" data-id=\"https:\/\/buenosaires.gob.ar\/educacion\/docentes-de-la-ciudad\/direcciones-utiles\" target=\"_blank\">Direcciones \u00datiles<\/a><br><a rel=\"noreferrer noopener\" href=\"https:\/\/fundacionluminis.org.ar\/categoria\/congresos-foros\" data-type=\"URL\" data-id=\"https:\/\/fundacionluminis.org.ar\/categoria\/congresos-foros\" target=\"_blank\">Fundaci\u00f3n L\u00faminis<\/a><br><a href=\"https:\/\/ies1-caba.infd.edu.ar\/sitio\/otras-indicaciones\/\" data-type=\"URL\" data-id=\"https:\/\/ies1-caba.infd.edu.ar\/sitio\/otras-indicaciones\/\" target=\"_blank\" rel=\"noreferrer noopener\">Otras indicaciones<br><\/a><\/p>\n\n\n\n<div style=\"height:100px\" aria-hidden=\"true\" class=\"wp-block-spacer\"><\/div>\n\n\n\n<div class=\"wp-block-cover alignfull\" style=\"min-height:197px\"><span aria-hidden=\"true\" class=\"wp-block-cover__background has-background-dim-0 has-background-dim\"><\/span><img decoding=\"async\" loading=\"lazy\" width=\"1100\" height=\"185\" class=\"wp-block-cover__image-background wp-image-13666\" alt=\"\" src=\"https:\/\/ies1-caba.infd.edu.ar\/sitio\/wp-content\/uploads\/2025\/03\/bannerinf-2.png\" data-object-fit=\"cover\" srcset=\"https:\/\/ies1-caba.infd.edu.ar\/sitio\/wp-content\/uploads\/2025\/03\/bannerinf-2.png 1100w, https:\/\/ies1-caba.infd.edu.ar\/sitio\/wp-content\/uploads\/2025\/03\/bannerinf-2-1000x168.png 1000w, https:\/\/ies1-caba.infd.edu.ar\/sitio\/wp-content\/uploads\/2025\/03\/bannerinf-2-768x129.png 768w\" sizes=\"(max-width: 1100px) 100vw, 1100px\" \/><div class=\"wp-block-cover__inner-container\">\n<div class=\"wp-block-group alignfull has-background-color is-layout-constrained\" style=\"margin-top:0;margin-bottom:0;padding-top:var(--wp--preset--spacing--40);padding-right:var(--wp--preset--spacing--30);padding-bottom:var(--wp--preset--spacing--40);padding-left:var(--wp--preset--spacing--30)\"><div class=\"wp-block-group__inner-container\">\n<p class=\"has-text-align-center\"><a href=\"https:\/\/ies1-caba.infd.edu.ar\/sitio\/wp-admin\/post.php?post=12571&amp;action=edit#site-title-pseudo-link\">IES N\u00b01 \u00abDra. Alicia Moreau de Justo\u00bb<\/a><\/p>\n\n\n\n<p class=\"has-text-align-center has-small-font-size\"><strong> Av. C\u00f3rdoba 2016, CABA&nbsp;<br><a href=\"iesamjusto@bue.edu.ar\">iesamjusto@bue.edu.ar<\/a> <\/strong><\/p>\n\n\n\n<p class=\"has-text-align-center\">Educaci\u00f3n P\u00fablica y Gratuita <\/p>\n<\/div><\/div>\n<\/div><\/div>\n","protected":false},"excerpt":{"rendered":"<p>Selecci\u00f3n de antecedentes para C\u00c1TEDRAS \u2013 PDF Selecci\u00f3n de antecedentes para C\u00c1TEDRAS \u2013 DOCX Selecci\u00f3n docente CARGOS ADMINISTRATIVOS \u2013 PDF Selecci\u00f3n docente CARGOS ADMINISTRATIVOS \u2013 DOCX Ayudante Alumno Profesor adscripto 1er a\u00f1oProfesor adscripto 2do a\u00f1oReglamento y formulario Profesor Adscripto Credencial ARTLicencia 70 \u00abO\u00bb \u2013 Nuevo procedimiento Consulta de Haberes DocentesJubilacionesDeclaraci\u00f3n Jurada OnlineDirecciones \u00datilesFundaci\u00f3n L\u00faminisOtras indicaciones<\/p>\n","protected":false},"author":11700,"featured_media":0,"parent":0,"menu_order":0,"comment_status":"closed","ping_status":"closed","template":"","meta":[],"acf":[],"_links":{"self":[{"href":"https:\/\/ies1-caba.infd.edu.ar\/sitio\/wp-json\/wp\/v2\/pages\/13353"}],"collection":[{"href":"https:\/\/ies1-caba.infd.edu.ar\/sitio\/wp-json\/wp\/v2\/pages"}],"about":[{"href":"https:\/\/ies1-caba.infd.edu.ar\/sitio\/wp-json\/wp\/v2\/types\/page"}],"author":[{"embeddable":true,"href":"https:\/\/ies1-caba.infd.edu.ar\/sitio\/wp-json\/wp\/v2\/users\/11700"}],"replies":[{"embeddable":true,"href":"https:\/\/ies1-caba.infd.edu.ar\/sitio\/wp-json\/wp\/v2\/comments?post=13353"}],"version-history":[{"count":11,"href":"https:\/\/ies1-caba.infd.edu.ar\/sitio\/wp-json\/wp\/v2\/pages\/13353\/revisions"}],"predecessor-version":[{"id":15777,"href":"https:\/\/ies1-caba.infd.edu.ar\/sitio\/wp-json\/wp\/v2\/pages\/13353\/revisions\/15777"}],"wp:attachment":[{"href":"https:\/\/ies1-caba.infd.edu.ar\/sitio\/wp-json\/wp\/v2\/media?parent=13353"}],"curies":[{"name":"wp","href":"https:\/\/api.w.org\/{rel}","templated":true}]}}