{"id":13342,"date":"2025-02-18T12:34:46","date_gmt":"2025-02-18T15:34:46","guid":{"rendered":"https:\/\/ies1-caba.infd.edu.ar\/sitio\/?page_id=13342"},"modified":"2026-02-10T10:31:41","modified_gmt":"2026-02-10T13:31:41","slug":"formularios-2","status":"publish","type":"page","link":"https:\/\/ies1-caba.infd.edu.ar\/sitio\/formularios-2\/","title":{"rendered":""},"content":{"rendered":"\nFormularios\n\n\n<style>\n  .formulario-caja {\n    background-color: #f8f9fa;\n    border-radius: 10px;\n    padding: 30px;\n    max-width: 900px;\n    margin: 0 auto;\n  }\n\n  .formulario-caja h2 {\n    text-align: center;\n    color: #f37021; \/* Color naranja *\/\n    margin-bottom: 30px;\n  }\n\n  .formulario-lista {\n    list-style: none;\n    padding: 0;\n    margin: 0;\n  }\n\n  .formulario-lista li {\n    display: flex;\n    align-items: center;\n    gap: 10px;\n    padding: 10px 0;\n    border-bottom: 1px solid #e0e0e0;\n  }\n\n  .formulario-lista li:last-child {\n    border-bottom: none;\n  }\n\n  .formulario-lista span {\n    font-size: 22px;\n    color: #6c757d;\n  }\n\n  .formulario-lista a {\n    text-decoration: none;\n    color: #0056b3;\n    font-weight: 600;\n    font-size: 16px;\n    transition: color 0.3s;\n  }\n\n  .formulario-lista a:hover {\n    color: #003366;\n  }\n<\/style>\n\n<div class=\"formulario-caja\">\n  <h2>Formularios<\/h2>\n  <ul class=\"formulario-lista\">\n\n    <li><span>&#x1f4c4;<\/span><a href=\"https:\/\/docs.google.com\/forms\/d\/e\/1FAIpQLSf4PNC54bfSUY_nzAC984_YPUIeBbi7Hj8RPMuKhrbJ_CvP2Q\/viewform?vc=0&#038;c=0&#038;w=1&#038;flr=0\">Apto Psicof\u00edsico<\/a><\/li>\n    <li><span>&#x1f4c4;<\/span><a href=\"https:\/\/docs.google.com\/forms\/d\/e\/1FAIpQLSe9ZDN5jKKtAM00RIdhzRcA-bGfPbLKbFuTQXvXy11DwoSOYw\/viewform\">Alta Campus Virtual<\/a><\/li>\n    <li><span>&#x1f4c4;<\/span><a href=\"https:\/\/drive.google.com\/file\/d\/19suTOsHGO5chjIZE5THfAmQxGyGA-7Bi\/view\">Ayudante Alumno<\/a><\/li>\n    <li><span>&#x1f4c4;<\/span><a href=\"https:\/\/drive.google.com\/file\/d\/1KU68geOeeOPTQfpeXHMI7SPeIHeq2Sdu\/view?usp=sharing\">Constancia de Examen<\/a><\/li>\n    <li><span>&#x1f4c4;<\/span><a href=\"https:\/\/drive.google.com\/file\/d\/1EOqKb2lNA80_XzSrf7PhS6Du4Wc5Syjj\/view?usp=sharing\">Constancia de Alumno\/a Regular. Se solicita personalmente en dept de alumnos, con el formato impreso y diligenciado y Se retiran en 48hs por Bedel\u00eda.<\/a><\/li>\n<li><span>&#x1f4c4;<\/span><a href=\"https:\/\/drive.google.com\/file\/d\/18q49ye7zKOunOf-iMv87Eo2b_5MhEROu\/view\">Ficha de Antecedentes de Salud<\/a><\/li>\n    <li><span>&#x1f4c4;<\/span><a href=\"https:\/\/drive.google.com\/file\/d\/1A-AfYIjH8LmFWVTSDJV3yerG5CW0EZAq\/view\">Ficha Fonoaudiol\u00f3gica<\/a><\/li>\n    <li><span>&#x1f4c4;<\/span><a href=\"https:\/\/drive.google.com\/file\/d\/1NvIBYEKu5uVQiarZyPKqc7wspxO-hVWC\/view\">R\u00e9gimen Transitorio de Asistencia<\/a><\/li>\n    <li><span>&#x1f4c4;<\/span><a href=\"https:\/\/drive.google.com\/file\/d\/1-062VqhsaLhRo3kaUtNghfQlKbpCGYc7\/view\">R\u00e9gimen Transitorio de Modalidades y Aprobaci\u00f3n<\/a><\/li>\n    <li><span>&#x1f4c4;<\/span><a href=\"https:\/\/drive.google.com\/file\/d\/1RWifS-YSruCvUAMWNSWe8kz-zdkcOXI2\/view\">Solicitud de Equivalencias<\/a><\/li>\n    <li><span>&#x1f4c4;<\/span><a href=\"https:\/\/drive.google.com\/file\/d\/1ZEPcMLhcHcxrnsQdApVr3THHfOJRsGNj\/view\">Solicitud de T\u00edtulo<\/a><\/li>\n    <li><span>&#x1f4c4;<\/span><a href=\"https:\/\/drive.google.com\/file\/d\/1n4vbpT-_Q5l88FwxDtuRzBBpjhiZQHtw\/view\">Solicitud de Pr\u00f3rroga de Regularidad<\/a><\/li>\n    <li><span>&#x1f4c4;<\/span><a href=\"https:\/\/drive.google.com\/file\/d\/1827amXrEbglnv0acAaxkjHO77JPr8fZj\/view\">Solicitud de Reincorporaci\u00f3n<\/a><\/li>\n    <li><span>&#x1f4c4;<\/span><a href=\"https:\/\/drive.google.com\/file\/d\/1KloUMV5T9iruk7UcP-LAZ4wkk1fQFKJH\/view\">Solicitud de Libre Deuda Biblioteca<\/a><\/li>\n    <li><span>&#x1f4c4;<\/span><a href=\"https:\/\/drive.google.com\/file\/d\/1fpZkaT6SMcA1JvP_FmNCu-fA99wpdVqF\/view\">Solicitud de Mesa Especial para \u00daltima Materia<\/a><\/li>\n    \n\n  <\/ul>\n<\/div>\n\n\n<!-- \/wp:html --\n\n","protected":false},"excerpt":{"rendered":"<p>Formularios Formularios &#x1f4c4;Apto Psicof\u00edsico &#x1f4c4;Alta Campus Virtual &#x1f4c4;Ayudante Alumno &#x1f4c4;Constancia de Examen &#x1f4c4;Constancia de Alumno\/a Regular. Se solicita personalmente en dept de alumnos, con el formato impreso y diligenciado y Se retiran en 48hs por Bedel\u00eda. &#x1f4c4;Ficha de Antecedentes de Salud &#x1f4c4;Ficha Fonoaudiol\u00f3gica &#x1f4c4;R\u00e9gimen Transitorio de Asistencia &#x1f4c4;R\u00e9gimen Transitorio de Modalidades y Aprobaci\u00f3n &#x1f4c4;Solicitud de &#8230; <a title=\"\" class=\"read-more\" href=\"https:\/\/ies1-caba.infd.edu.ar\/sitio\/formularios-2\/\" aria-label=\"More on \">[+]<\/a><\/p>\n","protected":false},"author":11700,"featured_media":0,"parent":0,"menu_order":0,"comment_status":"closed","ping_status":"closed","template":"","meta":[],"acf":[],"_links":{"self":[{"href":"https:\/\/ies1-caba.infd.edu.ar\/sitio\/wp-json\/wp\/v2\/pages\/13342"}],"collection":[{"href":"https:\/\/ies1-caba.infd.edu.ar\/sitio\/wp-json\/wp\/v2\/pages"}],"about":[{"href":"https:\/\/ies1-caba.infd.edu.ar\/sitio\/wp-json\/wp\/v2\/types\/page"}],"author":[{"embeddable":true,"href":"https:\/\/ies1-caba.infd.edu.ar\/sitio\/wp-json\/wp\/v2\/users\/11700"}],"replies":[{"embeddable":true,"href":"https:\/\/ies1-caba.infd.edu.ar\/sitio\/wp-json\/wp\/v2\/comments?post=13342"}],"version-history":[{"count":51,"href":"https:\/\/ies1-caba.infd.edu.ar\/sitio\/wp-json\/wp\/v2\/pages\/13342\/revisions"}],"predecessor-version":[{"id":16044,"href":"https:\/\/ies1-caba.infd.edu.ar\/sitio\/wp-json\/wp\/v2\/pages\/13342\/revisions\/16044"}],"wp:attachment":[{"href":"https:\/\/ies1-caba.infd.edu.ar\/sitio\/wp-json\/wp\/v2\/media?parent=13342"}],"curies":[{"name":"wp","href":"https:\/\/api.w.org\/{rel}","templated":true}]}}