{"id":13333,"date":"2025-02-18T12:28:50","date_gmt":"2025-02-18T15:28:50","guid":{"rendered":"https:\/\/ies1-caba.infd.edu.ar\/sitio\/?page_id=13333"},"modified":"2025-08-26T20:18:14","modified_gmt":"2025-08-26T23:18:14","slug":"becas-vigentes","status":"publish","type":"page","link":"https:\/\/ies1-caba.infd.edu.ar\/sitio\/becas-vigentes\/","title":{"rendered":"Becas Vigentes"},"content":{"rendered":"\n<style> \/* Ocultar \u00edconos de redes sociales *\/ .a2a_kit, .a2a_button_facebook, .a2a_button_twitter, .a2a_button_whatsapp, .a2a_dd, [class*=\"a2a_button_\"] { display: none !important; } <\/style>\n\n\n\n<hr class=\"wp-block-separator has-alpha-channel-opacity\"\/>\n\n\n\n<div style=\"height:4px\" aria-hidden=\"true\" class=\"wp-block-spacer\"><\/div>\n\n\n\n<p>Para conocer las becas vigentes ingres\u00e1 al siguiente link: <strong><a href=\"https:\/\/docs.google.com\/document\/d\/1nUs_7-Ua11TK16TzBDbSoy7vVDsW0wqvicQ1s1XxpcI\/edit?tab=t.0\" data-type=\"URL\" data-id=\"https:\/\/docs.google.com\/document\/d\/1nUs_7-Ua11TK16TzBDbSoy7vVDsW0wqvicQ1s1XxpcI\/edit?tab=t.0\" target=\"_blank\" rel=\"noreferrer noopener\">Becas 2025<\/a><\/strong><\/p>\n\n\n\n<div style=\"height:4px\" aria-hidden=\"true\" class=\"wp-block-spacer\"><\/div>\n\n\n\n<h3 class=\"wp-block-heading\"><strong>BECAS PARA CARRERAS ESTRAT\u00c9GICAS DE NIVEL SUPERIOR<\/strong><\/h3>\n\n\n\n<p><strong>Extensi\u00f3n del per\u00edodo de inscripci\u00f3n a las becas para Carreras Estrat\u00e9gicas de Educaci\u00f3n Superior No Universitaria.<\/strong><br>Se extiende hasta el <strong>lunes 1 de septiembre <\/strong>del corriente a las 9.00 hs, la inscripci\u00f3n para los\/as aspirantes a la beca, pertenecientes al ciclo lectivo agosto 2025.<br>Para este operativo, podr\u00e1n inscribirse los\/as estudiantes ingresantes a una carrera estrat\u00e9gica (primer a\u00f1o) y los\/as estudiantes regulares de una carrera estrat\u00e9gica (de segundo a\u00f1o en adelante) y aquellos becarios 2024 que desean volver a contar con el beneficio.<br>Para ello, deber\u00e1n realizar el tr\u00e1mite en el sistema de tr\u00e1mites a distancia (TAD), ingresando<br><a rel=\"noreferrer noopener\" href=\"https:\/\/tad.buenosaires.gob.ar\/tramitesadistancia\/\" target=\"_blank\">https:\/\/tad.buenosaires.gob.ar\/tramitesadistancia\/<\/a><\/p>\n\n\n\n<div style=\"height:28px\" aria-hidden=\"true\" class=\"wp-block-spacer\"><\/div>\n\n\n\n<p>Desde el <strong>18 de agosto al 5 de septiembre<\/strong> se dar\u00e1 comienzo de la Segunda Convocatoria 2025 de Nivel Superior. Adjunto el instructivo de inscripci\u00f3n para estudiantes. En la web de progresar se cre\u00f3 un acceso donde hay instructivos y documentos relevantes del programa. Les paso el enlace. La ruta es Progresar > Documentos \u00fatiles.<br><a rel=\"noreferrer noopener\" href=\"https:\/\/www.argentina.gob.ar\/educacion\/progresar\/documentos-utiles\" target=\"_blank\">https:\/\/www.argentina.gob.ar\/educacion\/progresar\/documentos-utiles<\/a><\/p>\n\n\n\n<p>Con el prop\u00f3sito de preparar lo necesario con anticipaci\u00f3n y as\u00ed facilitar el proceso de inscripci\u00f3n, les recordamos que, quienes quieran solicitar la beca, deber\u00e1n contar con:<\/p>\n\n\n\n<ol start=\"1\">\n<li><strong>Un usuario propio en&nbsp;Mi&nbsp;Argentina.<br><\/strong>M\u00e1s informaci\u00f3n y los pasos a seguir para crearlo en&nbsp;<a href=\"http:\/\/argentina.gob.ar\/miargentina\" target=\"_blank\" rel=\"noreferrer noopener\">argentina.gob.ar\/miargentina<\/a><\/li>\n\n\n\n<li><strong>Un CBU o CVU a&nbsp;<u>su nombre<\/u><\/strong>.<\/li>\n\n\n\n<li><strong>Sus datos actualizados en Anses.<\/strong><br>Los datos personales, los del grupo familiar y el domicilio son tenidos<br>en cuenta para la evaluaci\u00f3n de los requisitos y la ejecuci\u00f3n del<br>pago. En caso de necesitar rectificarlos, deber\u00e1n acercarse a una<br>oficina del organismo. Esta informaci\u00f3n puede consultarse en<br><a href=\"http:\/\/anses.gob.ar\/mi-anses\" target=\"_blank\" rel=\"noreferrer noopener\">anses.gob.ar\/mi-anses<\/a><\/li>\n<\/ol>\n\n\n\n<p>Si tienen dudas al momento de inscribirse puede comunicarse a mesa de ayuda a trav\u00e9s de estos canales:<\/p>\n\n\n\n<ul>\n<li>correo:&nbsp;<a href=\"mailto:mesadeayudaprogresar@educacion.gob.ar\" target=\"_blank\" rel=\"noreferrer noopener\">mesadeayudaprogresar@educacion.gob.ar<\/a><\/li>\n\n\n\n<li>tel\u00e9fono: 08009991066 o al (011)41291000 opcion1Saludos<\/li>\n<\/ul>\n\n\n\n<p class=\"has-text-align-center\"><strong>. . .<\/strong><\/p>\n\n\n\n<p>Se extiende hasta el 18 de abril del corriente a las 17 hs la inscripci\u00f3n para los\/as aspirantes a la beca, pertenecientes al ciclo lectivo marzo de 2025 &#8211; diciembre de 2025. Para este operativo, podr\u00e1n inscribirse los\/as estudiantes ingresantes a una carrera estrat\u00e9gica (primer a\u00f1o) y los\/as estudiantes regulares de una carrera estrat\u00e9gica (de segundo a\u00f1o en adelante) y aquellos becarios 2024 que desean volver a contar con el beneficio. Para ello, deber\u00e1n realizar el tr\u00e1mite en el sistema de tr\u00e1mites a distancia (TAD), ingresando <a rel=\"noreferrer noopener\" href=\"http:\/\/Se extiende hasta el 18 de abril del corriente a las 17 hs la inscripci\u00f3n para los\/as aspirantes a la beca, pertenecientes al ciclo lectivo marzo de 2025 - diciembre de 2025. Para este operativo, podr\u00e1n inscribirse los\/as estudiantes ingresantes a una carrera estrat\u00e9gica (primer a\u00f1o) y los\/as estudiantes regulares de una carrera estrat\u00e9gica (de segundo a\u00f1o en adelante) y aquellos becarios 2024 que desean volver a contar con el beneficio. Para ello, deber\u00e1n realizar el tr\u00e1mite en el sistema de tr\u00e1mites a distancia (TAD), ingresando https:\/\/tad.buenosaires.gob.ar\/tramitesadistancia\/\" target=\"_blank\">https:\/\/tad.buenosaires.gob.ar\/tramitesadistancia\/<\/a><\/p>\n\n\n\n<div class=\"wp-block-columns is-layout-flex wp-container-3\">\n<div class=\"wp-block-column is-layout-flow\">\n<div class=\"wp-block-file\"><object class=\"wp-block-file__embed\" data=\"https:\/\/ies1-caba.infd.edu.ar\/sitio\/wp-content\/uploads\/2025\/03\/Instructivo-inscripcion-Superior-2025.pdf\" type=\"application\/pdf\" style=\"width:100%;height:600px\" aria-label=\"Incrustado de Instructivo-inscripcion-Superior-2025.\"><\/object><a id=\"wp-block-file--media-e6cbe85c-32a9-4787-860b-90f260a45bb7\" href=\"https:\/\/ies1-caba.infd.edu.ar\/sitio\/wp-content\/uploads\/2025\/03\/Instructivo-inscripcion-Superior-2025.pdf\">Instructivo-inscripcion-Superior-2025<\/a><a href=\"https:\/\/ies1-caba.infd.edu.ar\/sitio\/wp-content\/uploads\/2025\/03\/Instructivo-inscripcion-Superior-2025.pdf\" class=\"wp-block-file__button wp-element-button\" download aria-describedby=\"wp-block-file--media-e6cbe85c-32a9-4787-860b-90f260a45bb7\">Descarga<\/a><\/div>\n<\/div>\n\n\n\n<div class=\"wp-block-column is-layout-flow\">\n<figure class=\"wp-block-image size-full\"><img decoding=\"async\" loading=\"lazy\" width=\"877\" height=\"1240\" src=\"https:\/\/ies1-caba.infd.edu.ar\/sitio\/wp-content\/uploads\/2025\/03\/becas.jpeg\" alt=\"\" class=\"wp-image-14061\" srcset=\"https:\/\/ies1-caba.infd.edu.ar\/sitio\/wp-content\/uploads\/2025\/03\/becas.jpeg 877w, https:\/\/ies1-caba.infd.edu.ar\/sitio\/wp-content\/uploads\/2025\/03\/becas-707x1000.jpeg 707w, https:\/\/ies1-caba.infd.edu.ar\/sitio\/wp-content\/uploads\/2025\/03\/becas-768x1086.jpeg 768w\" sizes=\"(max-width: 877px) 100vw, 877px\" \/><\/figure>\n<\/div>\n<\/div>\n\n\n\n<div style=\"height:46px\" aria-hidden=\"true\" class=\"wp-block-spacer\"><\/div>\n\n\n\n<div class=\"wp-block-file\"><object class=\"wp-block-file__embed\" data=\"https:\/\/ies1-caba.infd.edu.ar\/sitio\/wp-content\/uploads\/2025\/05\/Instructivo-de-Activacion-de-reclamos-Nivel-Superior.pdf\" type=\"application\/pdf\" style=\"width:100%;height:600px\" aria-label=\"Incrustado de Instructivo-de-Activacion-de-reclamos-Nivel-Superior.\"><\/object><a id=\"wp-block-file--media-ca1d7f94-f0ad-447d-a3c7-e66d4f1b6d17\" href=\"https:\/\/ies1-caba.infd.edu.ar\/sitio\/wp-content\/uploads\/2025\/05\/Instructivo-de-Activacion-de-reclamos-Nivel-Superior.pdf\">Instructivo-de-Activacion-de-reclamos-Nivel-Superior<\/a><a href=\"https:\/\/ies1-caba.infd.edu.ar\/sitio\/wp-content\/uploads\/2025\/05\/Instructivo-de-Activacion-de-reclamos-Nivel-Superior.pdf\" class=\"wp-block-file__button wp-element-button\" download aria-describedby=\"wp-block-file--media-ca1d7f94-f0ad-447d-a3c7-e66d4f1b6d17\">Descarga<\/a><\/div>\n\n\n\n<div style=\"height:23px\" aria-hidden=\"true\" class=\"wp-block-spacer\"><\/div>\n\n\n\n<div class=\"wp-block-cover alignfull\" style=\"min-height:197px\"><span aria-hidden=\"true\" class=\"wp-block-cover__background has-background-dim-0 has-background-dim\"><\/span><img decoding=\"async\" loading=\"lazy\" width=\"1100\" height=\"185\" class=\"wp-block-cover__image-background wp-image-13666\" alt=\"\" src=\"https:\/\/ies1-caba.infd.edu.ar\/sitio\/wp-content\/uploads\/2025\/03\/bannerinf-2.png\" data-object-fit=\"cover\" srcset=\"https:\/\/ies1-caba.infd.edu.ar\/sitio\/wp-content\/uploads\/2025\/03\/bannerinf-2.png 1100w, https:\/\/ies1-caba.infd.edu.ar\/sitio\/wp-content\/uploads\/2025\/03\/bannerinf-2-1000x168.png 1000w, https:\/\/ies1-caba.infd.edu.ar\/sitio\/wp-content\/uploads\/2025\/03\/bannerinf-2-768x129.png 768w\" sizes=\"(max-width: 1100px) 100vw, 1100px\" \/><div class=\"wp-block-cover__inner-container\">\n<div class=\"wp-block-group alignfull has-background-color is-layout-constrained\" style=\"margin-top:0;margin-bottom:0;padding-top:var(--wp--preset--spacing--40);padding-right:var(--wp--preset--spacing--30);padding-bottom:var(--wp--preset--spacing--40);padding-left:var(--wp--preset--spacing--30)\"><div class=\"wp-block-group__inner-container\">\n<p class=\"has-text-align-center\"><a href=\"https:\/\/ies1-caba.infd.edu.ar\/sitio\/wp-admin\/post.php?post=12571&amp;action=edit#site-title-pseudo-link\">IES N\u00b01 \u00abDra. Alicia Moreau de Justo\u00bb<\/a><\/p>\n\n\n\n<p class=\"has-text-align-center has-small-font-size\"><strong> Av. C\u00f3rdoba 2016, CABA&nbsp;<br><a href=\"iesamjusto@bue.edu.ar\">iesamjusto@bue.edu.ar<\/a> <\/strong><\/p>\n\n\n\n<p class=\"has-text-align-center\">Educaci\u00f3n P\u00fablica y Gratuita <\/p>\n<\/div><\/div>\n<\/div><\/div>\n","protected":false},"excerpt":{"rendered":"<p>Para conocer las becas vigentes ingres\u00e1 al siguiente link: Becas 2025 BECAS PARA CARRERAS ESTRAT\u00c9GICAS DE NIVEL SUPERIOR Extensi\u00f3n del per\u00edodo de inscripci\u00f3n a las becas para Carreras Estrat\u00e9gicas de Educaci\u00f3n Superior No Universitaria.Se extiende hasta el lunes 1 de septiembre del corriente a las 9.00 hs, la inscripci\u00f3n para los\/as aspirantes a la beca, &#8230; <a title=\"Becas Vigentes\" class=\"read-more\" href=\"https:\/\/ies1-caba.infd.edu.ar\/sitio\/becas-vigentes\/\" aria-label=\"More on Becas Vigentes\">[+]<\/a><\/p>\n","protected":false},"author":11700,"featured_media":0,"parent":0,"menu_order":0,"comment_status":"closed","ping_status":"closed","template":"","meta":[],"acf":[],"_links":{"self":[{"href":"https:\/\/ies1-caba.infd.edu.ar\/sitio\/wp-json\/wp\/v2\/pages\/13333"}],"collection":[{"href":"https:\/\/ies1-caba.infd.edu.ar\/sitio\/wp-json\/wp\/v2\/pages"}],"about":[{"href":"https:\/\/ies1-caba.infd.edu.ar\/sitio\/wp-json\/wp\/v2\/types\/page"}],"author":[{"embeddable":true,"href":"https:\/\/ies1-caba.infd.edu.ar\/sitio\/wp-json\/wp\/v2\/users\/11700"}],"replies":[{"embeddable":true,"href":"https:\/\/ies1-caba.infd.edu.ar\/sitio\/wp-json\/wp\/v2\/comments?post=13333"}],"version-history":[{"count":12,"href":"https:\/\/ies1-caba.infd.edu.ar\/sitio\/wp-json\/wp\/v2\/pages\/13333\/revisions"}],"predecessor-version":[{"id":15462,"href":"https:\/\/ies1-caba.infd.edu.ar\/sitio\/wp-json\/wp\/v2\/pages\/13333\/revisions\/15462"}],"wp:attachment":[{"href":"https:\/\/ies1-caba.infd.edu.ar\/sitio\/wp-json\/wp\/v2\/media?parent=13333"}],"curies":[{"name":"wp","href":"https:\/\/api.w.org\/{rel}","templated":true}]}}