{"id":13328,"date":"2025-02-18T12:11:14","date_gmt":"2025-02-18T15:11:14","guid":{"rendered":"https:\/\/ies1-caba.infd.edu.ar\/sitio\/?page_id=13328"},"modified":"2026-03-17T09:07:02","modified_gmt":"2026-03-17T12:07:02","slug":"profesorado-en-psicologia-3","status":"publish","type":"page","link":"https:\/\/ies1-caba.infd.edu.ar\/sitio\/profesorado-en-psicologia-3\/","title":{"rendered":"Profesorado en Psicolog\u00eda"},"content":{"rendered":"\n<style> \/* Ocultar \u00edconos de redes sociales *\/ .a2a_kit, .a2a_button_facebook, .a2a_button_twitter, .a2a_button_whatsapp, .a2a_dd, [class*=\"a2a_button_\"] { display: none !important; } <\/style>\n\n\n\n<hr class=\"wp-block-separator has-alpha-channel-opacity\"\/>\n\n\n\n<p>NIVEL MEDIO Y SUPERIOR<\/p>\n\n\n\n<p>T\u00edtulo: Profesor\/a en Psicolog\u00eda<\/p>\n\n\n\n<p><\/p>\n\n\n\n<ul>\n<li>Formaci\u00f3n en ESI y estudios de g\u00e9nero.<\/li>\n\n\n\n<li>Investigaci\u00f3n educativa.<\/li>\n\n\n\n<li>Pr\u00e1cticas en educaci\u00f3n formal, no formal y educaci\u00f3n popular.<\/li>\n\n\n\n<li>Plan de doble titulaci\u00f3n para estudiantes avanzados y graduados de psicopedagog\u00eda de los IES 1.<\/li>\n\n\n\n<li>Acompa\u00f1amiento psicopedag\u00f3gico institucional.<\/li>\n<\/ul>\n\n\n\n<p><strong>Fundamentaci\u00f3n<\/strong><\/p>\n\n\n\n<p>&nbsp;&nbsp;&nbsp;&nbsp; La Psicolog\u00eda implica un aporte conceptual que facilita el desarrollo de saberes y pr\u00e1cticas adecuadas a los problemas propios del sujeto del nivel medio y superior, dado que todas las asignaturas de estos dos niveles de la ense\u00f1anza suponen un acercamiento a los saberes que brindan las diversas l\u00edneas te\u00f3ricas de la psicolog\u00eda. Del mismo modo la aplicaci\u00f3n de sus saberes al conocimiento, detecci\u00f3n y abordaje de problemas psicosociales es un aporte fundamental para el asesoramiento de docentes, alumnos y directivos en instituciones educativas.<\/p>\n\n\n\n<p>&nbsp;&nbsp;&nbsp;&nbsp; En los \u00faltimos a\u00f1os la Psicolog\u00eda ha tomado conciencia de que no puede analizar la problem\u00e1tica de la subjetividad como algo cerrado o encapsulado en la propia historia y por ello los diversos paradigmas que la conforman est\u00e1n introduciendo reflexiones acerca de la subjetividad en relaci\u00f3n a las instituciones y a la comunidad.<\/p>\n\n\n\n<p>&nbsp;&nbsp;&nbsp;&nbsp; La formaci\u00f3n implica el conocimiento y la comprensi\u00f3n de la diversidad paradigm\u00e1tica de respuestas a los problemas que presenta la subjetividad en el mundo actual. En relaci\u00f3n con su ense\u00f1anza los egresados podr\u00e1n abordar la investigaci\u00f3n educativa desde la perspectiva de las problem\u00e1ticas individuales y sociales.<\/p>\n\n\n\n<p><\/p>\n\n\n\n<p><a rel=\"noreferrer noopener\" href=\"https:\/\/ies1-caba.infd.edu.ar\/sitio\/plan-de-estudio-del-profesorado-en-psicologia\/\" data-type=\"URL\" data-id=\"https:\/\/ies1-caba.infd.edu.ar\/sitio\/plan-de-estudio-del-profesorado-en-psicologia\/\" target=\"_blank\">Plan de estudio<\/a><\/p>\n\n\n\n<div style=\"border: 2px solid #10314e; border-radius: 8px; padding: 15px; background-color: #f9fbfc; margin: 20px 0;\">\n  <h4 style=\"color: #e1752d; margin-top: 0; font-size: 1.1em;\">Graduados de Psicopedagog\u00eda<\/h4>\n  <p>\n    Quienes posean t\u00edtulo de <strong>Psicopedagog\u00eda<\/strong> podr\u00e1n completar el <strong>Profesorado de Psicolog\u00eda<\/strong> cursando las asignaturas que est\u00e9n marcadas con un asterisco \n    (<strong style=\"color:#e1752d;\">*<\/strong>).\n  <\/p>\n  <p>\n    En el caso de las asignaturas con doble asterisco \n    (<strong style=\"color:#e1752d;\">**<\/strong>), deber\u00e1n elegir solo una, dentro de las que aparecen, que se considerar\u00e1 como <strong>optativa<\/strong>.\n  <\/p>\n<\/div>\n\n\n\n<p>Los graduados de&nbsp; Psicopedagog\u00eda pueden completar este profesorado cursando las materias que tienen un asterisco (*)<\/p>\n\n\n\n<figure class=\"wp-block-table is-style-stripes\"><table><tbody><tr><td><strong>PROGRAMAS<\/strong><\/td><td><a rel=\"noreferrer noopener\" href=\"https:\/\/ies1-caba.infd.edu.ar\/sitio\/wp-content\/uploads\/2025\/07\/Programa-2025-Psicologia.pdf\" data-type=\"URL\" data-id=\"https:\/\/ies1-caba.infd.edu.ar\/sitio\/wp-content\/uploads\/2025\/07\/Programa-2025-Psicologia.pdf\" target=\"_blank\">Programas 2025<\/a><br><a rel=\"noreferrer noopener\" href=\"https:\/\/docs.google.com\/document\/d\/1PL0zoag70_AOI_v8ICtl3Fs9kw-DLjnV8GyC1npM7mE\/edit?tab=t.0\" target=\"_blank\">Programas 2024<br><\/a><a href=\"https:\/\/docs.google.com\/document\/d\/19QdXx5uqnknZIAeD4nGrIvc2Hs-xf2xLInrMRgAEwQQ\/edit?tab=t.0\">Programas 2023<\/a><br><a href=\"https:\/\/ies1-caba.infd.edu.ar\/sitio\/wp-content\/uploads\/2026\/03\/correlativas.pdf\" data-type=\"URL\" data-id=\"https:\/\/ies1-caba.infd.edu.ar\/sitio\/wp-content\/uploads\/2026\/03\/correlativas.pdf\" target=\"_blank\" rel=\"noreferrer noopener\">Correlatividades<\/a><\/td><\/tr><\/tbody><\/table><\/figure>\n\n\n\n<div class=\"wp-block-cover alignfull\" style=\"min-height:197px\"><span aria-hidden=\"true\" class=\"wp-block-cover__background has-background-dim-0 has-background-dim\"><\/span><img decoding=\"async\" loading=\"lazy\" width=\"1100\" height=\"185\" class=\"wp-block-cover__image-background wp-image-13666\" alt=\"\" src=\"https:\/\/ies1-caba.infd.edu.ar\/sitio\/wp-content\/uploads\/2025\/03\/bannerinf-2.png\" data-object-fit=\"cover\" srcset=\"https:\/\/ies1-caba.infd.edu.ar\/sitio\/wp-content\/uploads\/2025\/03\/bannerinf-2.png 1100w, https:\/\/ies1-caba.infd.edu.ar\/sitio\/wp-content\/uploads\/2025\/03\/bannerinf-2-1000x168.png 1000w, https:\/\/ies1-caba.infd.edu.ar\/sitio\/wp-content\/uploads\/2025\/03\/bannerinf-2-768x129.png 768w\" sizes=\"(max-width: 1100px) 100vw, 1100px\" \/><div class=\"wp-block-cover__inner-container\">\n<div class=\"wp-block-group alignfull has-background-color is-layout-constrained\" style=\"margin-top:0;margin-bottom:0;padding-top:var(--wp--preset--spacing--40);padding-right:var(--wp--preset--spacing--30);padding-bottom:var(--wp--preset--spacing--40);padding-left:var(--wp--preset--spacing--30)\"><div class=\"wp-block-group__inner-container\">\n<p class=\"has-text-align-center\"><a href=\"https:\/\/ies1-caba.infd.edu.ar\/sitio\/wp-admin\/post.php?post=12571&amp;action=edit#site-title-pseudo-link\">IES N\u00b01 \u00abDra. Alicia Moreau de Justo\u00bb<\/a><\/p>\n\n\n\n<p class=\"has-text-align-center has-small-font-size\"><strong> Av. C\u00f3rdoba 2016, CABA&nbsp;<br><a href=\"iesamjusto@bue.edu.ar\">iesamjusto@bue.edu.ar<\/a> <\/strong><\/p>\n\n\n\n<p class=\"has-text-align-center\">Educaci\u00f3n P\u00fablica y Gratuita <\/p>\n<\/div><\/div>\n<\/div><\/div>\n","protected":false},"excerpt":{"rendered":"<p>NIVEL MEDIO Y SUPERIOR T\u00edtulo: Profesor\/a en Psicolog\u00eda Fundamentaci\u00f3n &nbsp;&nbsp;&nbsp;&nbsp; La Psicolog\u00eda implica un aporte conceptual que facilita el desarrollo de saberes y pr\u00e1cticas adecuadas a los problemas propios del sujeto del nivel medio y superior, dado que todas las asignaturas de estos dos niveles de la ense\u00f1anza suponen un acercamiento a los saberes que &#8230; <a title=\"Profesorado en Psicolog\u00eda\" class=\"read-more\" href=\"https:\/\/ies1-caba.infd.edu.ar\/sitio\/profesorado-en-psicologia-3\/\" aria-label=\"More on Profesorado en Psicolog\u00eda\">[+]<\/a><\/p>\n","protected":false},"author":11700,"featured_media":0,"parent":0,"menu_order":0,"comment_status":"closed","ping_status":"closed","template":"","meta":[],"acf":[],"_links":{"self":[{"href":"https:\/\/ies1-caba.infd.edu.ar\/sitio\/wp-json\/wp\/v2\/pages\/13328"}],"collection":[{"href":"https:\/\/ies1-caba.infd.edu.ar\/sitio\/wp-json\/wp\/v2\/pages"}],"about":[{"href":"https:\/\/ies1-caba.infd.edu.ar\/sitio\/wp-json\/wp\/v2\/types\/page"}],"author":[{"embeddable":true,"href":"https:\/\/ies1-caba.infd.edu.ar\/sitio\/wp-json\/wp\/v2\/users\/11700"}],"replies":[{"embeddable":true,"href":"https:\/\/ies1-caba.infd.edu.ar\/sitio\/wp-json\/wp\/v2\/comments?post=13328"}],"version-history":[{"count":10,"href":"https:\/\/ies1-caba.infd.edu.ar\/sitio\/wp-json\/wp\/v2\/pages\/13328\/revisions"}],"predecessor-version":[{"id":16221,"href":"https:\/\/ies1-caba.infd.edu.ar\/sitio\/wp-json\/wp\/v2\/pages\/13328\/revisions\/16221"}],"wp:attachment":[{"href":"https:\/\/ies1-caba.infd.edu.ar\/sitio\/wp-json\/wp\/v2\/media?parent=13328"}],"curies":[{"name":"wp","href":"https:\/\/api.w.org\/{rel}","templated":true}]}}