{"id":13326,"date":"2025-02-18T12:10:43","date_gmt":"2025-02-18T15:10:43","guid":{"rendered":"https:\/\/ies1-caba.infd.edu.ar\/sitio\/?page_id=13326"},"modified":"2025-07-15T21:45:50","modified_gmt":"2025-07-16T00:45:50","slug":"profesorado-en-matematica-3","status":"publish","type":"page","link":"https:\/\/ies1-caba.infd.edu.ar\/sitio\/profesorado-en-matematica-3\/","title":{"rendered":"Profesorado en Matem\u00e1tica"},"content":{"rendered":"\n<style>\n\/* Ocultar \u00edconos de redes sociales *\/\n.a2a_kit,\n.a2a_button_facebook,\n.a2a_button_twitter,\n.a2a_button_whatsapp,\n.a2a_dd,\n[class*=\"a2a_button_\"] {\n  display: none !important;\n}\n<\/style>\n\n\n\n<hr class=\"wp-block-separator has-alpha-channel-opacity\"\/>\n\n\n\n<p>NIVEL MEDIO Y SUPERIOR<\/p>\n\n\n\n<ul>\n<li>Ense\u00f1anza experimental de la Ciencia Laboratorio.<\/li>\n\n\n\n<li>Club de ciencias. Talleres de construcci\u00f3n de materiales para la ense\u00f1anza de la f\u00edsica.<\/li>\n\n\n\n<li>Pr\u00e1cticas profesionalizantes.<\/li>\n\n\n\n<li>Investigaci\u00f3n educativa.<\/li>\n\n\n\n<li>Formato en ESI y tutor\u00edas.<\/li>\n<\/ul>\n\n\n\n<p><\/p>\n\n\n\n<p>M\u00e1s informaci\u00f3n: <a href=\"https:\/\/sites.google.com\/view\/matfisies1amju\/inicio\">https:\/\/sites.google.com\/view\/matfisies1amju\/inicio<\/a><\/p>\n\n\n\n<p><\/p>\n\n\n\n<figure class=\"wp-block-table is-style-stripes\"><table><tbody><tr><td><strong>PROGRAMAS<\/strong><\/td><td><a href=\"https:\/\/ies1-caba.infd.edu.ar\/sitio\/wp-content\/uploads\/2025\/07\/Programa-2025-mate.pdf\" data-type=\"URL\" data-id=\"https:\/\/ies1-caba.infd.edu.ar\/sitio\/wp-content\/uploads\/2025\/07\/Programa-2025-mate.pdf\" target=\"_blank\" rel=\"noreferrer noopener\">Programas 2025<\/a><br><a rel=\"noreferrer noopener\" href=\"https:\/\/docs.google.com\/document\/d\/1PL0zoag70_AOI_v8ICtl3Fs9kw-DLjnV8GyC1npM7mE\/edit?tab=t.0\" target=\"_blank\">Programas 2024<br><\/a><a href=\"https:\/\/docs.google.com\/document\/d\/19QdXx5uqnknZIAeD4nGrIvc2Hs-xf2xLInrMRgAEwQQ\/edit?tab=t.0\">Programas 2023<\/a><\/td><\/tr><\/tbody><\/table><\/figure>\n\n\n\n<p><\/p>\n\n\n\n<div class=\"wp-block-cover alignfull\" style=\"min-height:197px\"><span aria-hidden=\"true\" class=\"wp-block-cover__background has-background-dim-0 has-background-dim\"><\/span><img decoding=\"async\" loading=\"lazy\" width=\"1100\" height=\"185\" class=\"wp-block-cover__image-background wp-image-13666\" alt=\"\" src=\"https:\/\/ies1-caba.infd.edu.ar\/sitio\/wp-content\/uploads\/2025\/03\/bannerinf-2.png\" data-object-fit=\"cover\" srcset=\"https:\/\/ies1-caba.infd.edu.ar\/sitio\/wp-content\/uploads\/2025\/03\/bannerinf-2.png 1100w, https:\/\/ies1-caba.infd.edu.ar\/sitio\/wp-content\/uploads\/2025\/03\/bannerinf-2-1000x168.png 1000w, https:\/\/ies1-caba.infd.edu.ar\/sitio\/wp-content\/uploads\/2025\/03\/bannerinf-2-768x129.png 768w\" sizes=\"(max-width: 1100px) 100vw, 1100px\" \/><div class=\"wp-block-cover__inner-container\">\n<div class=\"wp-block-group alignfull has-background-color is-layout-constrained\" style=\"margin-top:0;margin-bottom:0;padding-top:var(--wp--preset--spacing--40);padding-right:var(--wp--preset--spacing--30);padding-bottom:var(--wp--preset--spacing--40);padding-left:var(--wp--preset--spacing--30)\"><div class=\"wp-block-group__inner-container\">\n<p class=\"has-text-align-center\"><a href=\"https:\/\/ies1-caba.infd.edu.ar\/sitio\/wp-admin\/post.php?post=12571&amp;action=edit#site-title-pseudo-link\">IES N\u00b01 \u00abDra. Alicia Moreau de Justo\u00bb<\/a><\/p>\n\n\n\n<p class=\"has-text-align-center has-small-font-size\"><strong> Av. C\u00f3rdoba 2016, CABA&nbsp;<br><a href=\"iesamjusto@bue.edu.ar\">iesamjusto@bue.edu.ar<\/a> <\/strong><\/p>\n\n\n\n<p class=\"has-text-align-center\">Educaci\u00f3n P\u00fablica y Gratuita <\/p>\n<\/div><\/div>\n<\/div><\/div>\n","protected":false},"excerpt":{"rendered":"<p>NIVEL MEDIO Y SUPERIOR M\u00e1s informaci\u00f3n: https:\/\/sites.google.com\/view\/matfisies1amju\/inicio PROGRAMAS Programas 2025Programas 2024Programas 2023<\/p>\n","protected":false},"author":11700,"featured_media":0,"parent":0,"menu_order":0,"comment_status":"closed","ping_status":"closed","template":"","meta":[],"acf":[],"_links":{"self":[{"href":"https:\/\/ies1-caba.infd.edu.ar\/sitio\/wp-json\/wp\/v2\/pages\/13326"}],"collection":[{"href":"https:\/\/ies1-caba.infd.edu.ar\/sitio\/wp-json\/wp\/v2\/pages"}],"about":[{"href":"https:\/\/ies1-caba.infd.edu.ar\/sitio\/wp-json\/wp\/v2\/types\/page"}],"author":[{"embeddable":true,"href":"https:\/\/ies1-caba.infd.edu.ar\/sitio\/wp-json\/wp\/v2\/users\/11700"}],"replies":[{"embeddable":true,"href":"https:\/\/ies1-caba.infd.edu.ar\/sitio\/wp-json\/wp\/v2\/comments?post=13326"}],"version-history":[{"count":10,"href":"https:\/\/ies1-caba.infd.edu.ar\/sitio\/wp-json\/wp\/v2\/pages\/13326\/revisions"}],"predecessor-version":[{"id":15291,"href":"https:\/\/ies1-caba.infd.edu.ar\/sitio\/wp-json\/wp\/v2\/pages\/13326\/revisions\/15291"}],"wp:attachment":[{"href":"https:\/\/ies1-caba.infd.edu.ar\/sitio\/wp-json\/wp\/v2\/media?parent=13326"}],"curies":[{"name":"wp","href":"https:\/\/api.w.org\/{rel}","templated":true}]}}