{"id":13320,"date":"2025-02-18T12:09:00","date_gmt":"2025-02-18T15:09:00","guid":{"rendered":"https:\/\/ies1-caba.infd.edu.ar\/sitio\/?page_id=13320"},"modified":"2026-03-30T12:08:36","modified_gmt":"2026-03-30T15:08:36","slug":"profesorado-en-filosofia-3","status":"publish","type":"page","link":"https:\/\/ies1-caba.infd.edu.ar\/sitio\/profesorado-en-filosofia-3\/","title":{"rendered":"Profesorado en Filosof\u00eda"},"content":{"rendered":"\n<style> \/* Ocultar \u00edconos de redes sociales *\/ .a2a_kit, .a2a_button_facebook, .a2a_button_twitter, .a2a_button_whatsapp, .a2a_dd, [class*=\"a2a_button_\"] { display: none !important; } <\/style>\n\n\n\n<hr class=\"wp-block-separator has-alpha-channel-opacity\"\/>\n\n\n\n<p>NIVEL MEDIO Y SUPERIOR<\/p>\n\n\n\n<ul>\n<li>T\u00edtulo: Profesor\/a en Filosof\u00eda<\/li>\n\n\n\n<li>Investigaci\u00f3n de formas de aplicaci\u00f3n de la gram\u00e1tica en la escuela. Investigaci\u00f3n en literatura sobre problem\u00e1ticas de g\u00e9nero.<\/li>\n\n\n\n<li>Aula virtual.<\/li>\n\n\n\n<li>Formaci\u00f3n en educaci\u00f3n formal y no formal.<\/li>\n\n\n\n<li>80% de las materias, talleres y seminarios cuatrimestrales.<\/li>\n<\/ul>\n\n\n\n<p><strong>Fundamentaci\u00f3n<\/strong><\/p>\n\n\n\n<p>La formaci\u00f3n docente de esta especialidad abarca el planteo de&nbsp; diversos problemas abordados por variadas l\u00edneas de pensamiento, las que constituyen los supuestos b\u00e1sicos de todos los paradigmas educativos y disciplinares que se desarrollan en la ense\u00f1anza media y superior en el \u00e1rea espec\u00edfica.<\/p>\n\n\n\n<p>Desde hace varias d\u00e9cadas buena parte de la Filosof\u00eda ha delineado sus investigaciones hacia la reflexi\u00f3n respecto de las Ciencias Sociales, la Historia y la Ling\u00fc\u00edstica. Todo ello ha comportado el cuestionamiento acerca del sujeto, no s\u00f3lo del sujeto de conocimiento, sino del sujeto como constituido y constituyente de dispositivos sociales, entre ellos la escuela.<\/p>\n\n\n\n<p>Las pol\u00e9micas de la Filosof\u00eda contempor\u00e1nea est\u00e1n alimentando desde transformaciones en el campo de la criminolog\u00eda hasta el de la econom\u00eda, pasando por la salud y la educaci\u00f3n. Por otra parte, en la vida cotidiana cada vez m\u00e1s los sujetos requieren de interrogantes y respuestas a nivel filos\u00f3fico. Es que el mundo atraviesa&nbsp; una fuerte mutaci\u00f3n hist\u00f3rica y se ha transformado en ilegible para la mayor\u00eda de las subjetividades que lo transitan. La Filosof\u00eda es una fuente de reflexiones en ese sentido.<\/p>\n\n\n\n<p><\/p>\n\n\n\n<p><a rel=\"noreferrer noopener\" href=\"https:\/\/ies1-caba.infd.edu.ar\/sitio\/plan-de-estudio-del-profesorado-en-filosofia\/\" data-type=\"URL\" data-id=\"https:\/\/ies1-caba.infd.edu.ar\/sitio\/plan-de-estudio-del-profesorado-en-filosofia\/\" target=\"_blank\">Plan de estudio<\/a><\/p>\n\n\n\n<p><\/p>\n\n\n\n<figure class=\"wp-block-table is-style-stripes\"><table><tbody><tr><td><strong>PROGRAMAS<\/strong><\/td><td><a rel=\"noreferrer noopener\" href=\"https:\/\/ies1-caba.infd.edu.ar\/sitio\/wp-content\/uploads\/2025\/07\/Programa-2025-filo.pdf\" data-type=\"URL\" data-id=\"https:\/\/ies1-caba.infd.edu.ar\/sitio\/wp-content\/uploads\/2025\/07\/Programa-2025-filo.pdf\" target=\"_blank\">Programas 2025<\/a><br><a rel=\"noreferrer noopener\" href=\"https:\/\/docs.google.com\/document\/d\/1PL0zoag70_AOI_v8ICtl3Fs9kw-DLjnV8GyC1npM7mE\/edit?tab=t.0\" target=\"_blank\">Programas 2024<\/a><br><a href=\"https:\/\/ies1-caba.infd.edu.ar\/sitio\/wp-content\/uploads\/2026\/03\/2023-CORRELATIVIDADES_DE_FILOSOFIA.pdf\" data-type=\"URL\" data-id=\"https:\/\/ies1-caba.infd.edu.ar\/sitio\/wp-content\/uploads\/2026\/03\/2023-CORRELATIVIDADES_DE_FILOSOFIA.pdf\" target=\"_blank\" rel=\"noreferrer noopener\">Correlatividades PDF<\/a><br><\/td><\/tr><\/tbody><\/table><\/figure>\n\n\n\n<p><\/p>\n\n\n\n<div class=\"wp-block-cover alignfull\" style=\"min-height:197px\"><span aria-hidden=\"true\" class=\"wp-block-cover__background has-background-dim-0 has-background-dim\"><\/span><img decoding=\"async\" loading=\"lazy\" width=\"1100\" height=\"185\" class=\"wp-block-cover__image-background wp-image-13666\" alt=\"\" src=\"https:\/\/ies1-caba.infd.edu.ar\/sitio\/wp-content\/uploads\/2025\/03\/bannerinf-2.png\" data-object-fit=\"cover\" srcset=\"https:\/\/ies1-caba.infd.edu.ar\/sitio\/wp-content\/uploads\/2025\/03\/bannerinf-2.png 1100w, https:\/\/ies1-caba.infd.edu.ar\/sitio\/wp-content\/uploads\/2025\/03\/bannerinf-2-1000x168.png 1000w, https:\/\/ies1-caba.infd.edu.ar\/sitio\/wp-content\/uploads\/2025\/03\/bannerinf-2-768x129.png 768w\" sizes=\"(max-width: 1100px) 100vw, 1100px\" \/><div class=\"wp-block-cover__inner-container\">\n<div class=\"wp-block-group alignfull has-background-color is-layout-constrained\" style=\"margin-top:0;margin-bottom:0;padding-top:var(--wp--preset--spacing--40);padding-right:var(--wp--preset--spacing--30);padding-bottom:var(--wp--preset--spacing--40);padding-left:var(--wp--preset--spacing--30)\"><div class=\"wp-block-group__inner-container\">\n<p class=\"has-text-align-center\"><a href=\"https:\/\/ies1-caba.infd.edu.ar\/sitio\/wp-admin\/post.php?post=12571&amp;action=edit#site-title-pseudo-link\">IES N\u00b01 \u00abDra. Alicia Moreau de Justo\u00bb<\/a><\/p>\n\n\n\n<p class=\"has-text-align-center has-small-font-size\"><strong> Av. C\u00f3rdoba 2016, CABA&nbsp;<br><a href=\"iesamjusto@bue.edu.ar\">iesamjusto@bue.edu.ar<\/a> <\/strong><\/p>\n\n\n\n<p class=\"has-text-align-center\">Educaci\u00f3n P\u00fablica y Gratuita <\/p>\n<\/div><\/div>\n<\/div><\/div>\n","protected":false},"excerpt":{"rendered":"<p>NIVEL MEDIO Y SUPERIOR Fundamentaci\u00f3n La formaci\u00f3n docente de esta especialidad abarca el planteo de&nbsp; diversos problemas abordados por variadas l\u00edneas de pensamiento, las que constituyen los supuestos b\u00e1sicos de todos los paradigmas educativos y disciplinares que se desarrollan en la ense\u00f1anza media y superior en el \u00e1rea espec\u00edfica. Desde hace varias d\u00e9cadas buena parte &#8230; <a title=\"Profesorado en Filosof\u00eda\" class=\"read-more\" href=\"https:\/\/ies1-caba.infd.edu.ar\/sitio\/profesorado-en-filosofia-3\/\" aria-label=\"More on Profesorado en Filosof\u00eda\">[+]<\/a><\/p>\n","protected":false},"author":11700,"featured_media":0,"parent":0,"menu_order":0,"comment_status":"closed","ping_status":"closed","template":"","meta":[],"acf":[],"_links":{"self":[{"href":"https:\/\/ies1-caba.infd.edu.ar\/sitio\/wp-json\/wp\/v2\/pages\/13320"}],"collection":[{"href":"https:\/\/ies1-caba.infd.edu.ar\/sitio\/wp-json\/wp\/v2\/pages"}],"about":[{"href":"https:\/\/ies1-caba.infd.edu.ar\/sitio\/wp-json\/wp\/v2\/types\/page"}],"author":[{"embeddable":true,"href":"https:\/\/ies1-caba.infd.edu.ar\/sitio\/wp-json\/wp\/v2\/users\/11700"}],"replies":[{"embeddable":true,"href":"https:\/\/ies1-caba.infd.edu.ar\/sitio\/wp-json\/wp\/v2\/comments?post=13320"}],"version-history":[{"count":17,"href":"https:\/\/ies1-caba.infd.edu.ar\/sitio\/wp-json\/wp\/v2\/pages\/13320\/revisions"}],"predecessor-version":[{"id":16244,"href":"https:\/\/ies1-caba.infd.edu.ar\/sitio\/wp-json\/wp\/v2\/pages\/13320\/revisions\/16244"}],"wp:attachment":[{"href":"https:\/\/ies1-caba.infd.edu.ar\/sitio\/wp-json\/wp\/v2\/media?parent=13320"}],"curies":[{"name":"wp","href":"https:\/\/api.w.org\/{rel}","templated":true}]}}