{"id":13318,"date":"2025-02-18T12:08:32","date_gmt":"2025-02-18T15:08:32","guid":{"rendered":"https:\/\/ies1-caba.infd.edu.ar\/sitio\/?page_id=13318"},"modified":"2025-08-07T21:05:47","modified_gmt":"2025-08-08T00:05:47","slug":"carrera-de-psicopedagogia","status":"publish","type":"page","link":"https:\/\/ies1-caba.infd.edu.ar\/sitio\/carrera-de-psicopedagogia\/","title":{"rendered":"Carrera de Psicopedagog\u00eda"},"content":{"rendered":"\n<style> \/* Ocultar \u00edconos de redes sociales *\/ .a2a_kit, .a2a_button_facebook, .a2a_button_twitter, .a2a_button_whatsapp, .a2a_dd, [class*=\"a2a_button_\"] { display: none !important; } <\/style>\n\n\n\n<script>\n  document.addEventListener(\"DOMContentLoaded\", function() {\n    var redes = document.querySelectorAll(\".sharedaddy, .sd-content, .sd-social, .sd-sharing-enabled, .sd-button\");\n    redes.forEach(function(el) {\n      el.style.display = \"none\";\n    });\n  });\n<\/script>\n\n\n\n<hr class=\"wp-block-separator has-alpha-channel-opacity\"\/>\n\n\n\n<p><\/p>\n\n\n\n<ul>\n<li>\u00danica oferta gratuita y estatal.<\/li>\n\n\n\n<li>Duraci\u00f3n 4 a\u00f1os.<\/li>\n\n\n\n<li>Turno Ma\u00f1ana y Turno Vespertino<\/li>\n<\/ul>\n\n\n\n<p><\/p>\n\n\n\n<p>La propuesta curricular vigente fue actualizada teniendo en cuenta la complejidad de las intervenciones psicopedag\u00f3gicas, los nuevos desaf\u00edos y debates en el campo de los aprendizajes y del aprender que necesita asumir el profesional y sus campos de incumbencias.<\/p>\n\n\n\n<p><\/p>\n\n\n\n<p><br><a rel=\"noreferrer noopener\" href=\"https:\/\/ies1-caba.infd.edu.ar\/sitio\/plan-de-estudio-carrera-de-psicopedagogia\/\" data-type=\"URL\" data-id=\"https:\/\/ies1-caba.infd.edu.ar\/sitio\/plan-de-estudio-carrera-de-psicopedagogia\/\" target=\"_blank\">Plan de estudio<\/a><br><a rel=\"noreferrer noopener\" href=\"https:\/\/ies1-caba.infd.edu.ar\/sitio\/wp-content\/uploads\/2025\/04\/Plan_aprobado_Psicopedagogia.jpg\" data-type=\"URL\" data-id=\"https:\/\/ies1-caba.infd.edu.ar\/sitio\/wp-content\/uploads\/2025\/04\/Plan_aprobado_Psicopedagogia.jpg\" target=\"_blank\">Plan de Correlatividades vigentes 2025<br><\/a><a rel=\"noreferrer noopener\" href=\"https:\/\/ies1-caba.infd.edu.ar\/sitio\/carrera-de-psicopedagogia-2\/upload\/PLAN_DE_TRANSICION_CORREGIDO.pdf\" data-type=\"URL\" data-id=\"https:\/\/ies1-caba.infd.edu.ar\/sitio\/carrera-de-psicopedagogia-2\/upload\/PLAN_DE_TRANSICION_CORREGIDO.pdf\" target=\"_blank\">Plan de transici\u00f3n corregido<br><\/a><a rel=\"noreferrer noopener\" href=\"https:\/\/ies1-caba.infd.edu.ar\/sitio\/historia-de-la-carrera-de-psicopedagogia\/\" data-type=\"URL\" data-id=\"https:\/\/ies1-caba.infd.edu.ar\/sitio\/historia-de-la-carrera-de-psicopedagogia\/\" target=\"_blank\">Historia de la carrera<\/a><br><a rel=\"noreferrer noopener\" href=\"https:\/\/sites.google.com\/view\/practicaspspies\" data-type=\"URL\" data-id=\"https:\/\/sites.google.com\/view\/practicaspspies\" target=\"_blank\">\u00c1rea de pr\u00e1cticas en Psicopedagog\u00eda<\/a><\/p>\n\n\n\n<p><\/p>\n\n\n\n<div class=\"wp-block-group is-layout-constrained\"><div class=\"wp-block-group__inner-container\">\n<figure class=\"wp-block-table is-style-stripes\"><table><tbody><tr><td class=\"has-text-align-center\" data-align=\"center\"><strong>PROGRAMAS<\/strong><\/td><td><strong>PROGRAMAS<\/strong><br><a href=\"https:\/\/ies1-caba.infd.edu.ar\/sitio\/wp-content\/uploads\/2025\/07\/Programa-2025-Psicopedagogia-2.pdf\" data-type=\"URL\" data-id=\"https:\/\/ies1-caba.infd.edu.ar\/sitio\/wp-content\/uploads\/2025\/07\/Programa-2025-Psicopedagogia-2.pdf\" target=\"_blank\" rel=\"noreferrer noopener\">Programas 2025<\/a><br><a rel=\"noreferrer noopener\" href=\"https:\/\/docs.google.com\/document\/d\/1PL0zoag70_AOI_v8ICtl3Fs9kw-DLjnV8GyC1npM7mE\/edit?tab=t.0\" data-type=\"URL\" data-id=\"https:\/\/docs.google.com\/document\/d\/1PL0zoag70_AOI_v8ICtl3Fs9kw-DLjnV8GyC1npM7mE\/edit?tab=t.0\" target=\"_blank\">Programas 2024<br><\/a><a href=\"https:\/\/docs.google.com\/document\/d\/19QdXx5uqnknZIAeD4nGrIvc2Hs-xf2xLInrMRgAEwQQ\/edit?tab=t.0\" data-type=\"URL\" data-id=\"https:\/\/docs.google.com\/document\/d\/19QdXx5uqnknZIAeD4nGrIvc2Hs-xf2xLInrMRgAEwQQ\/edit?tab=t.0\">Programas 2023<\/a><\/td><\/tr><\/tbody><\/table><\/figure>\n<\/div><\/div>\n\n\n\n<div style=\"height:100px\" aria-hidden=\"true\" class=\"wp-block-spacer\"><\/div>\n\n\n\n<div class=\"wp-block-cover alignfull\" style=\"min-height:197px\"><span aria-hidden=\"true\" class=\"wp-block-cover__background has-background-dim-0 has-background-dim\"><\/span><img decoding=\"async\" loading=\"lazy\" width=\"1100\" height=\"185\" class=\"wp-block-cover__image-background wp-image-13666\" alt=\"\" src=\"https:\/\/ies1-caba.infd.edu.ar\/sitio\/wp-content\/uploads\/2025\/03\/bannerinf-2.png\" data-object-fit=\"cover\" srcset=\"https:\/\/ies1-caba.infd.edu.ar\/sitio\/wp-content\/uploads\/2025\/03\/bannerinf-2.png 1100w, https:\/\/ies1-caba.infd.edu.ar\/sitio\/wp-content\/uploads\/2025\/03\/bannerinf-2-1000x168.png 1000w, https:\/\/ies1-caba.infd.edu.ar\/sitio\/wp-content\/uploads\/2025\/03\/bannerinf-2-768x129.png 768w\" sizes=\"(max-width: 1100px) 100vw, 1100px\" \/><div class=\"wp-block-cover__inner-container\">\n<div class=\"wp-block-group alignfull has-background-color is-layout-constrained\" style=\"margin-top:0;margin-bottom:0;padding-top:var(--wp--preset--spacing--40);padding-right:var(--wp--preset--spacing--30);padding-bottom:var(--wp--preset--spacing--40);padding-left:var(--wp--preset--spacing--30)\"><div class=\"wp-block-group__inner-container\">\n<p class=\"has-text-align-center\"><a href=\"https:\/\/ies1-caba.infd.edu.ar\/sitio\/wp-admin\/post.php?post=12571&amp;action=edit#site-title-pseudo-link\">IES N\u00b01 \u00abDra. Alicia Moreau de Justo\u00bb<\/a><\/p>\n\n\n\n<p class=\"has-text-align-center has-small-font-size\"><strong> Av. C\u00f3rdoba 2016, CABA&nbsp;<br><a href=\"iesamjusto@bue.edu.ar\">iesamjusto@bue.edu.ar<\/a> <\/strong><\/p>\n\n\n\n<p class=\"has-text-align-center\">Educaci\u00f3n P\u00fablica y Gratuita <\/p>\n<\/div><\/div>\n<\/div><\/div>\n","protected":false},"excerpt":{"rendered":"<p>La propuesta curricular vigente fue actualizada teniendo en cuenta la complejidad de las intervenciones psicopedag\u00f3gicas, los nuevos desaf\u00edos y debates en el campo de los aprendizajes y del aprender que necesita asumir el profesional y sus campos de incumbencias. Plan de estudioPlan de Correlatividades vigentes 2025Plan de transici\u00f3n corregidoHistoria de la carrera\u00c1rea de pr\u00e1cticas en &#8230; <a title=\"Carrera de Psicopedagog\u00eda\" class=\"read-more\" href=\"https:\/\/ies1-caba.infd.edu.ar\/sitio\/carrera-de-psicopedagogia\/\" aria-label=\"More on Carrera de Psicopedagog\u00eda\">[+]<\/a><\/p>\n","protected":false},"author":11700,"featured_media":0,"parent":0,"menu_order":0,"comment_status":"closed","ping_status":"closed","template":"","meta":[],"acf":[],"_links":{"self":[{"href":"https:\/\/ies1-caba.infd.edu.ar\/sitio\/wp-json\/wp\/v2\/pages\/13318"}],"collection":[{"href":"https:\/\/ies1-caba.infd.edu.ar\/sitio\/wp-json\/wp\/v2\/pages"}],"about":[{"href":"https:\/\/ies1-caba.infd.edu.ar\/sitio\/wp-json\/wp\/v2\/types\/page"}],"author":[{"embeddable":true,"href":"https:\/\/ies1-caba.infd.edu.ar\/sitio\/wp-json\/wp\/v2\/users\/11700"}],"replies":[{"embeddable":true,"href":"https:\/\/ies1-caba.infd.edu.ar\/sitio\/wp-json\/wp\/v2\/comments?post=13318"}],"version-history":[{"count":19,"href":"https:\/\/ies1-caba.infd.edu.ar\/sitio\/wp-json\/wp\/v2\/pages\/13318\/revisions"}],"predecessor-version":[{"id":15380,"href":"https:\/\/ies1-caba.infd.edu.ar\/sitio\/wp-json\/wp\/v2\/pages\/13318\/revisions\/15380"}],"wp:attachment":[{"href":"https:\/\/ies1-caba.infd.edu.ar\/sitio\/wp-json\/wp\/v2\/media?parent=13318"}],"curies":[{"name":"wp","href":"https:\/\/api.w.org\/{rel}","templated":true}]}}