{"id":13310,"date":"2025-02-18T12:06:17","date_gmt":"2025-02-18T15:06:17","guid":{"rendered":"https:\/\/ies1-caba.infd.edu.ar\/sitio\/?page_id=13310"},"modified":"2026-03-11T18:41:10","modified_gmt":"2026-03-11T21:41:10","slug":"datos-institucionales-2","status":"publish","type":"page","link":"https:\/\/ies1-caba.infd.edu.ar\/sitio\/datos-institucionales-2\/","title":{"rendered":"Datos Institucionales"},"content":{"rendered":"\n<style> \/* Ocultar \u00edconos de redes sociales *\/ .a2a_kit, .a2a_button_facebook, .a2a_button_twitter, .a2a_button_whatsapp, .a2a_dd, [class*=\"a2a_button_\"] { display: none !important; } <\/style>\n\n\n\n<hr class=\"wp-block-separator has-alpha-channel-opacity\"\/>\n\n\n\n<h5 class=\"wp-block-heading\">Instituto de ense\u00f1anza superior <strong>N.\u00b0 1 \u00abDra. Alicia Moreau de Justo\u00bb<br><\/strong><\/h5>\n\n\n\n<p><br><strong>Rectorado<br><\/strong>Prof. Camilo Taboada Novillo<br>Mail: iesamjusto_rectorado@bue.edu.ar<br><br><br><strong><strong>Vicerrectorado<\/strong><br><\/strong>Prof. Claudio Conforti<br>Mail: iesamjusto_vicerrectorado@bue.edu.ar<br><br><br><strong>Regencia<\/strong><br>Prof. Blanca E \u00c1lvarez\u00a0<br>Mail: iesamjusto.regencia@bue.edu.ar<br><br><br><strong>Secretaria<br><\/strong>Prof. Cecilia Balmaceda<br>Horarios de atenci\u00f3n e informes: Lunes a viernes de 9 a 12 hs y 18.30 a 21 h<br>Mail: iesamjusto@bue.edu.ar<br>Tel\u00e9fono: 4373-3731<br>Tel\u00e9fonos-Fax: 4371-0167 y 4374-4068<br>Direcci\u00f3n: Av.C\u00f3rdoba 2016 CABA CP 1120AAP<br><br><br><strong>Departamento de alumnos<br><\/strong>Horarios de atenci\u00f3n e informes: Lunes a Viernes de 9 a 12 h y 18.30 a 20:30 h<br><br>&#8211; <strong>Matem\u00e1tica, F\u00edsica y Campo de la Formaci\u00f3n General (CFG)<\/strong><br>Responsable t\u00e9cnico administrativo: prof. Gabriela Versiglia.<br>Mail: matyfis.ies1@gmail.com<br><br>&#8211; <strong>Filosof\u00eda y Psicolog\u00eda<\/strong><br>Responsable t\u00e9cnico administrativo: prof. Ramiro Arroyo Allende<br>Mail: filoypsico_ies1@yahoo.com.ar<br><br><strong>&#8211; Letras<\/strong><br>Responsable t\u00e9cnico administrativo: prof. Daniel Serra<br>Mail: letras_ies1@yahoo.com.ar<br><br><strong>&#8211; Historia<\/strong><br>Responsable t\u00e9cnico administrativo: prof. Pablo Perotti<br>Mail: historia_ies1@yahoo.com.ar<br><br><strong>&#8211; Psicopedagog\u00eda<\/strong><br>Responsable t\u00e9cnico administrativo: profesoras Miriam V\u00e1zquez, Mariano Lavizzari,<br>Julieta Summo y Mariana Greco<br>Mail: psicopedagogia_ies1@yahoo.com.ar<br><\/p>\n\n\n\n<p><strong>Asociaci\u00f3n cooperadora<br><\/strong>cooperadora.ies1de1@bue.edu.ar<br><br><br><\/p>\n\n\n\n<div style=\"height:100px\" aria-hidden=\"true\" class=\"wp-block-spacer\"><\/div>\n\n\n\n<div class=\"wp-block-cover alignfull\" style=\"min-height:197px\"><span aria-hidden=\"true\" class=\"wp-block-cover__background has-background-dim-0 has-background-dim\"><\/span><img decoding=\"async\" loading=\"lazy\" width=\"1100\" height=\"185\" class=\"wp-block-cover__image-background wp-image-13666\" alt=\"\" src=\"https:\/\/ies1-caba.infd.edu.ar\/sitio\/wp-content\/uploads\/2025\/03\/bannerinf-2.png\" data-object-fit=\"cover\" srcset=\"https:\/\/ies1-caba.infd.edu.ar\/sitio\/wp-content\/uploads\/2025\/03\/bannerinf-2.png 1100w, https:\/\/ies1-caba.infd.edu.ar\/sitio\/wp-content\/uploads\/2025\/03\/bannerinf-2-1000x168.png 1000w, https:\/\/ies1-caba.infd.edu.ar\/sitio\/wp-content\/uploads\/2025\/03\/bannerinf-2-768x129.png 768w\" sizes=\"(max-width: 1100px) 100vw, 1100px\" \/><div class=\"wp-block-cover__inner-container\">\n<div class=\"wp-block-group alignfull has-background-color is-layout-constrained\" style=\"margin-top:0;margin-bottom:0;padding-top:var(--wp--preset--spacing--40);padding-right:var(--wp--preset--spacing--30);padding-bottom:var(--wp--preset--spacing--40);padding-left:var(--wp--preset--spacing--30)\"><div class=\"wp-block-group__inner-container\">\n<p class=\"has-text-align-center\"><a href=\"https:\/\/ies1-caba.infd.edu.ar\/sitio\/wp-admin\/post.php?post=12571&amp;action=edit#site-title-pseudo-link\">IES N\u00b01 \u00abDra. Alicia Moreau de Justo\u00bb<\/a><\/p>\n\n\n\n<p class=\"has-text-align-center has-small-font-size\"><strong> Av. C\u00f3rdoba 2016, CABA&nbsp;<br><a href=\"iesamjusto@bue.edu.ar\">iesamjusto@bue.edu.ar<\/a> <\/strong><\/p>\n\n\n\n<p class=\"has-text-align-center\">Educaci\u00f3n P\u00fablica y Gratuita <\/p>\n<\/div><\/div>\n<\/div><\/div>\n","protected":false},"excerpt":{"rendered":"<p>Instituto de ense\u00f1anza superior N.\u00b0 1 \u00abDra. Alicia Moreau de Justo\u00bb RectoradoProf. Camilo Taboada NovilloMail: iesamjusto_rectorado@bue.edu.ar VicerrectoradoProf. Claudio ConfortiMail: iesamjusto_vicerrectorado@bue.edu.ar RegenciaProf. Blanca E \u00c1lvarez\u00a0Mail: iesamjusto.regencia@bue.edu.ar SecretariaProf. Cecilia BalmacedaHorarios de atenci\u00f3n e informes: Lunes a viernes de 9 a 12 hs y 18.30 a 21 hMail: iesamjusto@bue.edu.arTel\u00e9fono: 4373-3731Tel\u00e9fonos-Fax: 4371-0167 y 4374-4068Direcci\u00f3n: Av.C\u00f3rdoba 2016 CABA CP 1120AAP &#8230; <a title=\"Datos Institucionales\" class=\"read-more\" href=\"https:\/\/ies1-caba.infd.edu.ar\/sitio\/datos-institucionales-2\/\" aria-label=\"More on Datos Institucionales\">[+]<\/a><\/p>\n","protected":false},"author":11700,"featured_media":0,"parent":0,"menu_order":0,"comment_status":"closed","ping_status":"closed","template":"","meta":[],"acf":[],"_links":{"self":[{"href":"https:\/\/ies1-caba.infd.edu.ar\/sitio\/wp-json\/wp\/v2\/pages\/13310"}],"collection":[{"href":"https:\/\/ies1-caba.infd.edu.ar\/sitio\/wp-json\/wp\/v2\/pages"}],"about":[{"href":"https:\/\/ies1-caba.infd.edu.ar\/sitio\/wp-json\/wp\/v2\/types\/page"}],"author":[{"embeddable":true,"href":"https:\/\/ies1-caba.infd.edu.ar\/sitio\/wp-json\/wp\/v2\/users\/11700"}],"replies":[{"embeddable":true,"href":"https:\/\/ies1-caba.infd.edu.ar\/sitio\/wp-json\/wp\/v2\/comments?post=13310"}],"version-history":[{"count":16,"href":"https:\/\/ies1-caba.infd.edu.ar\/sitio\/wp-json\/wp\/v2\/pages\/13310\/revisions"}],"predecessor-version":[{"id":16204,"href":"https:\/\/ies1-caba.infd.edu.ar\/sitio\/wp-json\/wp\/v2\/pages\/13310\/revisions\/16204"}],"wp:attachment":[{"href":"https:\/\/ies1-caba.infd.edu.ar\/sitio\/wp-json\/wp\/v2\/media?parent=13310"}],"curies":[{"name":"wp","href":"https:\/\/api.w.org\/{rel}","templated":true}]}}