{"id":13306,"date":"2025-02-18T12:04:01","date_gmt":"2025-02-18T15:04:01","guid":{"rendered":"https:\/\/ies1-caba.infd.edu.ar\/sitio\/?page_id=13306"},"modified":"2025-10-02T19:18:36","modified_gmt":"2025-10-02T22:18:36","slug":"coordinadores-y-directores-2","status":"publish","type":"page","link":"https:\/\/ies1-caba.infd.edu.ar\/sitio\/coordinadores-y-directores-2\/","title":{"rendered":"Direcci\u00f3n de Carrera y Coordinaciones"},"content":{"rendered":"\n<style> \/* Ocultar \u00edconos de redes sociales *\/ .a2a_kit, .a2a_button_facebook, .a2a_button_twitter, .a2a_button_whatsapp, .a2a_dd, [class*=\"a2a_button_\"] { display: none !important; } <\/style>\n\n\n\n<hr class=\"wp-block-separator has-alpha-channel-opacity\"\/>\n\n\n\n<div style=\"height:21px\" aria-hidden=\"true\" class=\"wp-block-spacer\"><\/div>\n\n\n\n<h2 class=\"wp-block-heading\"><strong>Profesorado de Educaci\u00f3n Superior en Psicolog\u00eda&nbsp;<\/strong><\/h2>\n\n\n\n<p><strong>Prof. Angela Mench\u00f3n<\/strong> \u2013 Coordinaci\u00f3n del Campo de la Pr\u00e1ctica Profesional&nbsp;de Psicolog\u00eda y Filosof\u00eda<br>Mail: <a href=\"mailto:angelamenchon@gmail.com\">angelamenchon@gmail.com<\/a>&nbsp;<br><br><strong>Campo de Formaci\u00f3n General<br>Prof. Fernanda Ramas<\/strong>&nbsp;\u2013 Coordinadora del Campo de Formaci\u00f3n General <br>Mail:&nbsp;<a href=\"mailto: cformaciongeneral.ies1@gmail.com\">cformaciongeneral.ies1@gmail.com<\/a>&nbsp;<br><br><strong>Campo de Formaci\u00f3n Espec\u00edfica<\/strong><br><strong>Prof. Stela Maris Cao<\/strong> \u2013 Coordinadora <br>Mail:&nbsp;<a href=\"mailto: stella.psico.cfe@gmail.com\">stella.psico.cfe@gmail.com<\/a><\/p>\n\n\n\n<p><\/p>\n\n\n\n<hr class=\"wp-block-separator has-alpha-channel-opacity is-style-dots\"\/>\n\n\n\n<div style=\"height:21px\" aria-hidden=\"true\" class=\"wp-block-spacer\"><\/div>\n\n\n\n<p><\/p>\n\n\n\n<p><\/p>\n\n\n\n<h2 class=\"wp-block-heading\"><strong>Profesorado de Educaci\u00f3n Superior en Filosof\u00eda&nbsp;<\/strong><\/h2>\n\n\n\n<p><strong>Prof. Claudio Conforti&nbsp;\u2013 <\/strong>Coordinaci\u00f3n del Campo de Formaci\u00f3n Espec\u00edfica<br>Mail: <a href=\"mailto:conforti.claudio@gmail.com\">conforti.claudio@gmail.com<\/a>;<a href=\"mailto:claudio.conforti@bue.edu.ar\"> claudio.conforti@bue.edu.ar<\/a>&nbsp;<\/p>\n\n\n\n<p><strong>Prof. Angela Mench\u00f3n<\/strong> <strong>\u2013<\/strong> Coordinaci\u00f3n del Campo de la Pr\u00e1ctica Profesional de Psicolog\u00eda y Filosof\u00eda<br>Mail: <a href=\"mailto:angelamenchon@gmail.com\">angelamenchon@gmail.com<\/a>&nbsp;<\/p>\n\n\n\n<p><strong>Campo de Formaci\u00f3n General<br>Prof. Fernanda Ramas<\/strong>&nbsp;\u2013 Coordinadora del Campo de Formaci\u00f3n General <br>Mail:&nbsp;<a href=\"mailto: cformaciongeneral.ies1@gmail.com\">cformaciongeneral.ies1@gmail.com<\/a><\/p>\n\n\n\n<p><\/p>\n\n\n\n<hr class=\"wp-block-separator has-alpha-channel-opacity is-style-dots\"\/>\n\n\n\n<p><\/p>\n\n\n\n<h2 class=\"wp-block-heading\"><br>Profesorado de Educaci\u00f3n Superior en Matem\u00e1tica <br>y Profesorado de Educaci\u00f3n Superior en F\u00edsica<\/h2>\n\n\n\n<p><strong>Prof. Jorge Vasquez Lopez<\/strong> \u2013 Coordinaci\u00f3n del Campo de Formaci\u00f3n Espec\u00edfica Coordinaci\u00f3n del Campo de la Pr\u00e1ctica Profesional <br><strong>Prof. Mar\u00eda Elena Staib <\/strong><br>Mail: <a href=\"mailto:coordinadoresmatyfis@gmail.com\">coordinadoresmatyfis@gmail.com<\/a> <br><br><strong>Campo de Formaci\u00f3n General <br>Prof. Fernanda Ramas<\/strong> \u2013 Coordinadora del Campo de Formaci\u00f3n General <br>Mail: <a href=\"mailto:cformaciongeneral.ies1@gmail.com\">cformaciongeneral.ies1@gmail.com<\/a> <\/p>\n\n\n\n<p><\/p>\n\n\n\n<hr class=\"wp-block-separator has-alpha-channel-opacity is-style-dots\"\/>\n\n\n\n<div style=\"height:21px\" aria-hidden=\"true\" class=\"wp-block-spacer\"><\/div>\n\n\n\n<p><\/p>\n\n\n\n<h2 class=\"wp-block-heading\"><strong>Profesorado de Educaci\u00f3n Superior en Historia<\/strong><br><\/h2>\n\n\n\n<p><strong>Claudia Freidenraij\u00a0<\/strong>\u2013 Coordinaci\u00f3n del Campo de Formaci\u00f3n Espec\u00edfica<br>Mail:<a href=\"cristian.redi@bue.edu.ar\" data-type=\"URL\" data-id=\"cristian.redi@bue.edu.ar\"> <\/a><a rel=\"noreferrer noopener\" href=\"mailto:claudia.freidenraij@bue.edu.ar\" target=\"_blank\">claudia.freidenraij@bue.edu.ar<\/a><br><br><strong>Prof. Ceferino Bavasso<\/strong> \u2013 Coordinaci\u00f3n del Campo de la Pr\u00e1ctica Profesional\u00a0<br>Mail: <a href=\"mailto:historiacoordinacion.cpp@gmail.com\">historiacoordinacion.cpp@gmail.com<\/a>\u00a0<br><br><strong>Campo de Formaci\u00f3n General<br>Prof. Fernanda Ramas<\/strong>\u00a0\u2013 Coordinadora del Campo de Formaci\u00f3n General  <br>Mail:\u00a0<a href=\"mailto: cformaciongeneral.ies1@gmail.com\">cformaciongeneral.ies1@gmail.com<\/a><\/p>\n\n\n\n<p><\/p>\n\n\n\n<hr class=\"wp-block-separator has-alpha-channel-opacity is-style-dots\"\/>\n\n\n\n<div style=\"height:21px\" aria-hidden=\"true\" class=\"wp-block-spacer\"><\/div>\n\n\n\n<h2 class=\"wp-block-heading\"><strong>Profesorado de Educaci\u00f3n Superior en Lengua y Literatura&nbsp;<\/strong><\/h2>\n\n\n\n<p><strong>Campo de Formaci\u00f3n Espec\u00edfica<br><\/strong>Prof. Andr\u00e9s Olaizola \u2013 Coordinador del Campo de Formaci\u00f3n Espec\u00edfica<br>Mail: <a href=\"mailto:andres.olaizola@bue.ed.ar\">andres.olaizola@bue.edu.ar<\/a><\/p>\n\n\n\n<p><strong>Prof. Romina Colussi<\/strong> \u2013 Coordinadora de las Pr\u00e1cticas<br>Mail: <a href=\"mailto:romina.colussi@bue.edu.ar\" data-type=\"mailto\" data-id=\"mailto:romina.colussi@bue.edu.ar\">romina.colussi@bue.edu.ar<\/a> <br><br><strong>Campo de Formaci\u00f3n General<br>Prof. Fernanda Ramas<\/strong>&nbsp;\u2013 Coordinadora del Campo de Formaci\u00f3n General<br>Mail:&nbsp;<a href=\"mailto: cformaciongeneral.ies1@gmail.com\">cformaciongeneral.ies1@gmail.com<\/a><\/p>\n\n\n\n<p><\/p>\n\n\n\n<hr class=\"wp-block-separator has-alpha-channel-opacity is-style-dots\"\/>\n\n\n\n<div style=\"height:21px\" aria-hidden=\"true\" class=\"wp-block-spacer\"><\/div>\n\n\n\n<h2 class=\"wp-block-heading\"><strong>Tecnicatura en Psicopedagog\u00eda&nbsp;<\/strong><\/h2>\n\n\n\n<p><strong>Prof. M\u00f3nica Amato\u00a0<\/strong>\u2013 Directora de la Carrera\u00a0<br>Mail: <a rel=\"noreferrer noopener\" href=\"mailto:monica.amato@bue.edu.ar\" target=\"_blank\">monica.amato@bue.edu.ar<\/a><br><br><strong>Prof. Micaela Iturrioz<\/strong> \u2013 Coordinadora de las Pr\u00e1cticas Profesionalizantes<br>Mail: <a href=\"mailto:c.practicaspsicopedagogiaies1@gmail.com\" data-type=\"mailto\" data-id=\"mailto:c.practicaspsicopedagogiaies1@gmail.com\">c.practicaspsicopedagogiaies1@gmail.com<\/a><br><\/p>\n\n\n\n<p><\/p>\n\n\n\n<hr class=\"wp-block-separator has-alpha-channel-opacity is-style-dots\"\/>\n\n\n\n<div style=\"height:100px\" aria-hidden=\"true\" class=\"wp-block-spacer\"><\/div>\n\n\n\n<div class=\"wp-block-cover alignfull\" style=\"min-height:197px\"><span aria-hidden=\"true\" class=\"wp-block-cover__background has-background-dim-0 has-background-dim\"><\/span><img decoding=\"async\" loading=\"lazy\" width=\"1100\" height=\"185\" class=\"wp-block-cover__image-background wp-image-13666\" alt=\"\" src=\"https:\/\/ies1-caba.infd.edu.ar\/sitio\/wp-content\/uploads\/2025\/03\/bannerinf-2.png\" data-object-fit=\"cover\" srcset=\"https:\/\/ies1-caba.infd.edu.ar\/sitio\/wp-content\/uploads\/2025\/03\/bannerinf-2.png 1100w, https:\/\/ies1-caba.infd.edu.ar\/sitio\/wp-content\/uploads\/2025\/03\/bannerinf-2-1000x168.png 1000w, https:\/\/ies1-caba.infd.edu.ar\/sitio\/wp-content\/uploads\/2025\/03\/bannerinf-2-768x129.png 768w\" sizes=\"(max-width: 1100px) 100vw, 1100px\" \/><div class=\"wp-block-cover__inner-container\">\n<div class=\"wp-block-group alignfull has-background-color is-layout-constrained\" style=\"margin-top:0;margin-bottom:0;padding-top:var(--wp--preset--spacing--40);padding-right:var(--wp--preset--spacing--30);padding-bottom:var(--wp--preset--spacing--40);padding-left:var(--wp--preset--spacing--30)\"><div class=\"wp-block-group__inner-container\">\n<p class=\"has-text-align-center\"><a href=\"https:\/\/ies1-caba.infd.edu.ar\/sitio\/wp-admin\/post.php?post=12571&amp;action=edit#site-title-pseudo-link\">IES N\u00b01 \u00abDra. Alicia Moreau de Justo\u00bb<\/a><\/p>\n\n\n\n<p class=\"has-text-align-center has-small-font-size\"><strong> Av. C\u00f3rdoba 2016, CABA&nbsp;<br><a href=\"iesamjusto@bue.edu.ar\">iesamjusto@bue.edu.ar<\/a> <\/strong><\/p>\n\n\n\n<p class=\"has-text-align-center\">Educaci\u00f3n P\u00fablica y Gratuita <\/p>\n<\/div><\/div>\n<\/div><\/div>\n","protected":false},"excerpt":{"rendered":"<p>Profesorado de Educaci\u00f3n Superior en Psicolog\u00eda&nbsp; Prof. Angela Mench\u00f3n \u2013 Coordinaci\u00f3n del Campo de la Pr\u00e1ctica Profesional&nbsp;de Psicolog\u00eda y Filosof\u00edaMail: angelamenchon@gmail.com&nbsp; Campo de Formaci\u00f3n GeneralProf. Fernanda Ramas&nbsp;\u2013 Coordinadora del Campo de Formaci\u00f3n General Mail:&nbsp;cformaciongeneral.ies1@gmail.com&nbsp; Campo de Formaci\u00f3n Espec\u00edficaProf. Stela Maris Cao \u2013 Coordinadora Mail:&nbsp;stella.psico.cfe@gmail.com Profesorado de Educaci\u00f3n Superior en Filosof\u00eda&nbsp; Prof. Claudio Conforti&nbsp;\u2013 Coordinaci\u00f3n del &#8230; <a title=\"Direcci\u00f3n de Carrera y Coordinaciones\" class=\"read-more\" href=\"https:\/\/ies1-caba.infd.edu.ar\/sitio\/coordinadores-y-directores-2\/\" aria-label=\"More on Direcci\u00f3n de Carrera y Coordinaciones\">[+]<\/a><\/p>\n","protected":false},"author":11700,"featured_media":0,"parent":0,"menu_order":0,"comment_status":"closed","ping_status":"closed","template":"","meta":[],"acf":[],"_links":{"self":[{"href":"https:\/\/ies1-caba.infd.edu.ar\/sitio\/wp-json\/wp\/v2\/pages\/13306"}],"collection":[{"href":"https:\/\/ies1-caba.infd.edu.ar\/sitio\/wp-json\/wp\/v2\/pages"}],"about":[{"href":"https:\/\/ies1-caba.infd.edu.ar\/sitio\/wp-json\/wp\/v2\/types\/page"}],"author":[{"embeddable":true,"href":"https:\/\/ies1-caba.infd.edu.ar\/sitio\/wp-json\/wp\/v2\/users\/11700"}],"replies":[{"embeddable":true,"href":"https:\/\/ies1-caba.infd.edu.ar\/sitio\/wp-json\/wp\/v2\/comments?post=13306"}],"version-history":[{"count":28,"href":"https:\/\/ies1-caba.infd.edu.ar\/sitio\/wp-json\/wp\/v2\/pages\/13306\/revisions"}],"predecessor-version":[{"id":15751,"href":"https:\/\/ies1-caba.infd.edu.ar\/sitio\/wp-json\/wp\/v2\/pages\/13306\/revisions\/15751"}],"wp:attachment":[{"href":"https:\/\/ies1-caba.infd.edu.ar\/sitio\/wp-json\/wp\/v2\/media?parent=13306"}],"curies":[{"name":"wp","href":"https:\/\/api.w.org\/{rel}","templated":true}]}}