{"id":13302,"date":"2025-02-18T12:02:27","date_gmt":"2025-02-18T15:02:27","guid":{"rendered":"https:\/\/ies1-caba.infd.edu.ar\/sitio\/?page_id=13302"},"modified":"2025-05-26T21:32:26","modified_gmt":"2025-05-27T00:32:26","slug":"resoluciones","status":"publish","type":"page","link":"https:\/\/ies1-caba.infd.edu.ar\/sitio\/resoluciones\/","title":{"rendered":"Resoluciones"},"content":{"rendered":"\n<style> \/* Ocultar \u00edconos de redes sociales *\/ .a2a_kit, .a2a_button_facebook, .a2a_button_twitter, .a2a_button_whatsapp, .a2a_dd, [class*=\"a2a_button_\"] { display: none !important; } <\/style>\n\n\n\n<hr class=\"wp-block-separator has-alpha-channel-opacity\"\/>\n\n\n\n\n\n<p>Resoluciones del Consejo Directivo<\/p>\n\n\n\n<figure class=\"wp-block-table\"><table><tbody><tr><td><strong>Buenos Aires, 21 de mayo de 2024<\/strong><br>Considerando:<br>El texto del Proyecto de Ley Bases en el Senado<br>El inminente tratamiento del Proyecto de Ley Bases en el Senado<br>Que es de p\u00fablico conocimiento que esta ley es una reforma integral del Estado, degradando el mismo a su m\u00ednima expresi\u00f3n y le otorga facultades extraordinarias al presidente Javier Milei<br>Que la reforma laboral y previsional presentada atrasa las legislaciones vigentes poniendo en peligro miles de puestos de trabajo en el sector p\u00fablico y privado, y vulnera principalmente los derechos de las mujeres, afectando a un gran n\u00famero de estudiantes de nuestra instituci\u00f3n<br>Que la ley en su conjunto es un ataque a las condiciones de vida de las mayor\u00edas que se encuentran sumergidas en una de las peores crisis econ\u00f3mico sociales de la historia argentina<br>Que como instituto de formaci\u00f3n docente es necesario la difusi\u00f3n del contenido y sus posibles consecuencias ante la aprobaci\u00f3n de la ley y la necesidad de favorecer una movilizaci\u00f3n masiva de toda la comunidad educativa para el d\u00eda que se trate.<br>El consejo directivo resuelve:<br>Art. 1: acompa\u00f1ar a la convocatoria a movilizar el d\u00eda que se concrete el tratamiento en el senado de la Ley Bases<br>Art. 2 El d\u00eda que se trate la ley no se computara la falta, para que los estudiantes que quieran puedan movilizar<br>Art. 3: Reg\u00edstrese, comun\u00edquese y cumplido, arch\u00edvese.<\/td><\/tr><\/tbody><\/table><\/figure>\n\n\n\n<div class=\"wp-block-cover alignfull\" style=\"min-height:197px\"><span aria-hidden=\"true\" class=\"wp-block-cover__background has-background-dim-0 has-background-dim\"><\/span><img decoding=\"async\" loading=\"lazy\" width=\"1100\" height=\"185\" class=\"wp-block-cover__image-background wp-image-13666\" alt=\"\" src=\"https:\/\/ies1-caba.infd.edu.ar\/sitio\/wp-content\/uploads\/2025\/03\/bannerinf-2.png\" data-object-fit=\"cover\" srcset=\"https:\/\/ies1-caba.infd.edu.ar\/sitio\/wp-content\/uploads\/2025\/03\/bannerinf-2.png 1100w, https:\/\/ies1-caba.infd.edu.ar\/sitio\/wp-content\/uploads\/2025\/03\/bannerinf-2-1000x168.png 1000w, https:\/\/ies1-caba.infd.edu.ar\/sitio\/wp-content\/uploads\/2025\/03\/bannerinf-2-768x129.png 768w\" sizes=\"(max-width: 1100px) 100vw, 1100px\" \/><div class=\"wp-block-cover__inner-container\">\n<div class=\"wp-block-group alignfull has-background-color is-layout-constrained\" style=\"margin-top:0;margin-bottom:0;padding-top:var(--wp--preset--spacing--40);padding-right:var(--wp--preset--spacing--30);padding-bottom:var(--wp--preset--spacing--40);padding-left:var(--wp--preset--spacing--30)\"><div class=\"wp-block-group__inner-container\">\n<p class=\"has-text-align-center\"><a href=\"https:\/\/ies1-caba.infd.edu.ar\/sitio\/wp-admin\/post.php?post=12571&amp;action=edit#site-title-pseudo-link\">IES N\u00b01 \u00abDra. Alicia Moreau de Justo\u00bb<\/a><\/p>\n\n\n\n<p class=\"has-text-align-center has-small-font-size\"><strong> Av. C\u00f3rdoba 2016, CABA&nbsp;<br><a href=\"iesamjusto@bue.edu.ar\">iesamjusto@bue.edu.ar<\/a> <\/strong><\/p>\n\n\n\n<p class=\"has-text-align-center\">Educaci\u00f3n P\u00fablica y Gratuita <\/p>\n<\/div><\/div>\n<\/div><\/div>\n","protected":false},"excerpt":{"rendered":"<p>Resoluciones del Consejo Directivo Buenos Aires, 21 de mayo de 2024Considerando:El texto del Proyecto de Ley Bases en el SenadoEl inminente tratamiento del Proyecto de Ley Bases en el SenadoQue es de p\u00fablico conocimiento que esta ley es una reforma integral del Estado, degradando el mismo a su m\u00ednima expresi\u00f3n y le otorga facultades extraordinarias &#8230; <a title=\"Resoluciones\" class=\"read-more\" href=\"https:\/\/ies1-caba.infd.edu.ar\/sitio\/resoluciones\/\" aria-label=\"More on Resoluciones\">[+]<\/a><\/p>\n","protected":false},"author":11700,"featured_media":0,"parent":0,"menu_order":0,"comment_status":"closed","ping_status":"closed","template":"","meta":[],"acf":[],"_links":{"self":[{"href":"https:\/\/ies1-caba.infd.edu.ar\/sitio\/wp-json\/wp\/v2\/pages\/13302"}],"collection":[{"href":"https:\/\/ies1-caba.infd.edu.ar\/sitio\/wp-json\/wp\/v2\/pages"}],"about":[{"href":"https:\/\/ies1-caba.infd.edu.ar\/sitio\/wp-json\/wp\/v2\/types\/page"}],"author":[{"embeddable":true,"href":"https:\/\/ies1-caba.infd.edu.ar\/sitio\/wp-json\/wp\/v2\/users\/11700"}],"replies":[{"embeddable":true,"href":"https:\/\/ies1-caba.infd.edu.ar\/sitio\/wp-json\/wp\/v2\/comments?post=13302"}],"version-history":[{"count":4,"href":"https:\/\/ies1-caba.infd.edu.ar\/sitio\/wp-json\/wp\/v2\/pages\/13302\/revisions"}],"predecessor-version":[{"id":14978,"href":"https:\/\/ies1-caba.infd.edu.ar\/sitio\/wp-json\/wp\/v2\/pages\/13302\/revisions\/14978"}],"wp:attachment":[{"href":"https:\/\/ies1-caba.infd.edu.ar\/sitio\/wp-json\/wp\/v2\/media?parent=13302"}],"curies":[{"name":"wp","href":"https:\/\/api.w.org\/{rel}","templated":true}]}}