{"id":13298,"date":"2025-02-18T12:01:04","date_gmt":"2025-02-18T15:01:04","guid":{"rendered":"https:\/\/ies1-caba.infd.edu.ar\/sitio\/?page_id=13298"},"modified":"2026-02-12T21:22:18","modified_gmt":"2026-02-13T00:22:18","slug":"conformacion","status":"publish","type":"page","link":"https:\/\/ies1-caba.infd.edu.ar\/sitio\/conformacion\/","title":{"rendered":"Conformaci\u00f3n del Consejo Directivo"},"content":{"rendered":"\n<hr class=\"wp-block-separator has-alpha-channel-opacity\"\/>\n\n\n\n<p><\/p>\n\n\n\n<style> \/* Ocultar \u00edconos de redes sociales *\/ .a2a_kit, .a2a_button_facebook, .a2a_button_twitter, .a2a_button_whatsapp, .a2a_dd, [class*=\"a2a_button_\"] { display: none !important; } <\/style>\n\n\n\n<p class=\"has-text-align-right\">Actualizaci\u00f3n 2025<\/p>\n\n\n\n<p><\/p>\n\n\n\n<p><em>Consejo Directivo<\/em><\/p>\n\n\n\n<p>De acuerdo a nuestro Reglamento Org\u00e1nico Institucional:<\/p>\n\n\n\n<p>Art\u00edculo 19\u00b0:&nbsp;<br><strong>Consejo Directivo<\/strong>. El Consejo Directivo es un \u00f3rgano colegiado en el que est\u00e1n representados los distintos claustros, con capacidad para deliberar y resolver en los \u00e1mbitos de su competencia.<\/p>\n\n\n\n<p>Art\u00edculo 20\u00b0:<br><strong>Integraci\u00f3n<\/strong><strong>&nbsp;del Consejo Directivo.&nbsp;<\/strong>El Consejo Directivo est\u00e1 integrado por profesores, estudiantes, graduados y representantes del personal docente que cumple funciones t\u00e9cnico-administrativas. Lo componen 6 (seis) miembros del claustro de profesores que representen a las distintas carreras, 6 (seis) miembros del claustro de estudiantes que representen a las distintas carreras, 2 (dos) representantes del claustro de graduados del Instituto y 1 (un) representante del personal docente que cumple funciones t\u00e9cnico-administrativas.<\/p>\n\n\n\n<p>El cargo de consejero es electivo, a t\u00e9rmino y su desempe\u00f1o es \u201cad-honorem\u201d.<\/p>\n\n\n\n<p>El\/la Rector\/a preside las sesiones del Consejo y tiene voto s\u00f3lo en caso de empate. Los\/las Vicerrectores\/as pueden participar de las reuniones, con voz pero sin voto, salvo que les corresponda por reemplazo del Rector\/a.<\/p>\n\n\n\n<div style=\"height:25px\" aria-hidden=\"true\" class=\"wp-block-spacer\"><\/div>\n\n\n\n<p><strong>Lxs consejerxs electxs en las elecciones de 2025 son:<\/strong><\/p>\n\n\n\n<p><\/p>\n\n\n\n<p><strong><u>Claustro de profesores (6 consejerxs&nbsp;en total):<\/u><\/strong><\/p>\n\n\n\n<p><strong>Lista 3 (3 consejerxs):<\/strong><\/p>\n\n\n\n<p>Titulares:&nbsp;Stella Maris Cao &#8211; Mar\u00eda Cecilia Monti \u2013 Marcos Thisted<\/p>\n\n\n\n<p>Suplentes:&nbsp;Fernando Pares \u2013 Hern\u00e1n L\u00f3pez Pi\u00f1eyro \u2013 Diego Santos<\/p>\n\n\n\n<div style=\"height:25px\" aria-hidden=\"true\" class=\"wp-block-spacer\"><\/div>\n\n\n\n<p><strong>Lista 10 (3 consejerxs):<\/strong><\/p>\n\n\n\n<p>Titulares:&nbsp;Daniela Garc\u00eda \u2013 B\u00e1rbara Aguer \u2013 Esteban Chiaradia<\/p>\n\n\n\n<p>Suplentes:&nbsp;Ramiro Manduca \u2013 Camila Cerra \u2013 Sebasti\u00e1n Croxatto<\/p>\n\n\n\n<div style=\"height:25px\" aria-hidden=\"true\" class=\"wp-block-spacer\"><\/div>\n\n\n\n<p><strong><u>Por el claustro graduadxs&nbsp;(2 consejerXs en total):<\/u><\/strong><\/p>\n\n\n\n<p><strong>Lista 22 (2 consejerxs)<\/strong><\/p>\n\n\n\n<p>Titulares:&nbsp;Mar\u00eda Rinaldi &#8211; Mariano Uriona<\/p>\n\n\n\n<p>Suplentes:&nbsp;Tamara Montenegro \u2013 Dolores Garc\u00eda<\/p>\n\n\n\n<div style=\"height:25px\" aria-hidden=\"true\" class=\"wp-block-spacer\"><\/div>\n\n\n\n<p><strong><u>Por el claustro estudiantes (6 consejerxs en total):<\/u><\/strong><\/p>\n\n\n\n<p><strong>Lista 9 (3 consejerxs):<\/strong><\/p>\n\n\n\n<p>Titulares:&nbsp;Sof\u00eda Scala \u2013 Thiago Morales \u2013 Daniela S\u00e1nchez Capalbo<\/p>\n\n\n\n<p>Suplentes:&nbsp;Karen Gauto \u2013 Aleida Vargas \u2013 Dante Bareiro<\/p>\n\n\n\n<div style=\"height:25px\" aria-hidden=\"true\" class=\"wp-block-spacer\"><\/div>\n\n\n\n<p><strong>Lista 17 (2 consejerxs)<\/strong><\/p>\n\n\n\n<p>Titulares:&nbsp;Juan Aira de la Vega \u2013 Sof\u00eda Villa<\/p>\n\n\n\n<p>Suplentes:&nbsp;Linda Lara \u2013 Roc\u00edo Kusnier<\/p>\n\n\n\n<div style=\"height:25px\" aria-hidden=\"true\" class=\"wp-block-spacer\"><\/div>\n\n\n\n<p><strong>Lista 14 (1 consejerx)<\/strong><\/p>\n\n\n\n<p>Titulares:&nbsp;Leonel Garc\u00eda<\/p>\n\n\n\n<p>Suplentes:&nbsp;Pablo Tiseira<\/p>\n\n\n\n<div style=\"height:25px\" aria-hidden=\"true\" class=\"wp-block-spacer\"><\/div>\n\n\n\n<p><strong>Por el claustro t\u00e9cnico-administrativo (1 consejerx en total):<\/strong><\/p>\n\n\n\n<p><strong>Lista 1 (1 consejerx)<\/strong><\/p>\n\n\n\n<p>Titulares:&nbsp;Nara Jaitin<\/p>\n\n\n\n<p>Suplentes:&nbsp;Mariana Greco<\/p>\n\n\n\n<div style=\"height:100px\" aria-hidden=\"true\" class=\"wp-block-spacer\"><\/div>\n\n\n\n<div class=\"wp-block-cover alignfull\" style=\"min-height:197px\"><span aria-hidden=\"true\" class=\"wp-block-cover__background has-background-dim-0 has-background-dim\"><\/span><img decoding=\"async\" loading=\"lazy\" width=\"1100\" height=\"185\" class=\"wp-block-cover__image-background wp-image-13666\" alt=\"\" src=\"https:\/\/ies1-caba.infd.edu.ar\/sitio\/wp-content\/uploads\/2025\/03\/bannerinf-2.png\" data-object-fit=\"cover\" srcset=\"https:\/\/ies1-caba.infd.edu.ar\/sitio\/wp-content\/uploads\/2025\/03\/bannerinf-2.png 1100w, https:\/\/ies1-caba.infd.edu.ar\/sitio\/wp-content\/uploads\/2025\/03\/bannerinf-2-1000x168.png 1000w, https:\/\/ies1-caba.infd.edu.ar\/sitio\/wp-content\/uploads\/2025\/03\/bannerinf-2-768x129.png 768w\" sizes=\"(max-width: 1100px) 100vw, 1100px\" \/><div class=\"wp-block-cover__inner-container\">\n<div class=\"wp-block-group alignfull has-background-color is-layout-constrained\" style=\"margin-top:0;margin-bottom:0;padding-top:var(--wp--preset--spacing--40);padding-right:var(--wp--preset--spacing--30);padding-bottom:var(--wp--preset--spacing--40);padding-left:var(--wp--preset--spacing--30)\"><div class=\"wp-block-group__inner-container\">\n<p class=\"has-text-align-center\"><a href=\"https:\/\/ies1-caba.infd.edu.ar\/sitio\/wp-admin\/post.php?post=12571&amp;action=edit#site-title-pseudo-link\">IES N\u00b01 \u00abDra. Alicia Moreau de Justo\u00bb<\/a><\/p>\n\n\n\n<p class=\"has-text-align-center has-small-font-size\"><strong> Av. C\u00f3rdoba 2016, CABA&nbsp;<br><a href=\"iesamjusto@bue.edu.ar\">iesamjusto@bue.edu.ar<\/a> <\/strong><\/p>\n\n\n\n<p class=\"has-text-align-center\">Educaci\u00f3n P\u00fablica y Gratuita <\/p>\n<\/div><\/div>\n<\/div><\/div>\n","protected":false},"excerpt":{"rendered":"<p>Actualizaci\u00f3n 2025 Consejo Directivo De acuerdo a nuestro Reglamento Org\u00e1nico Institucional: Art\u00edculo 19\u00b0:&nbsp;Consejo Directivo. El Consejo Directivo es un \u00f3rgano colegiado en el que est\u00e1n representados los distintos claustros, con capacidad para deliberar y resolver en los \u00e1mbitos de su competencia. Art\u00edculo 20\u00b0:Integraci\u00f3n&nbsp;del Consejo Directivo.&nbsp;El Consejo Directivo est\u00e1 integrado por profesores, estudiantes, graduados y representantes &#8230; <a title=\"Conformaci\u00f3n del Consejo Directivo\" class=\"read-more\" href=\"https:\/\/ies1-caba.infd.edu.ar\/sitio\/conformacion\/\" aria-label=\"More on Conformaci\u00f3n del Consejo Directivo\">[+]<\/a><\/p>\n","protected":false},"author":11700,"featured_media":0,"parent":0,"menu_order":0,"comment_status":"closed","ping_status":"closed","template":"","meta":[],"acf":[],"_links":{"self":[{"href":"https:\/\/ies1-caba.infd.edu.ar\/sitio\/wp-json\/wp\/v2\/pages\/13298"}],"collection":[{"href":"https:\/\/ies1-caba.infd.edu.ar\/sitio\/wp-json\/wp\/v2\/pages"}],"about":[{"href":"https:\/\/ies1-caba.infd.edu.ar\/sitio\/wp-json\/wp\/v2\/types\/page"}],"author":[{"embeddable":true,"href":"https:\/\/ies1-caba.infd.edu.ar\/sitio\/wp-json\/wp\/v2\/users\/11700"}],"replies":[{"embeddable":true,"href":"https:\/\/ies1-caba.infd.edu.ar\/sitio\/wp-json\/wp\/v2\/comments?post=13298"}],"version-history":[{"count":9,"href":"https:\/\/ies1-caba.infd.edu.ar\/sitio\/wp-json\/wp\/v2\/pages\/13298\/revisions"}],"predecessor-version":[{"id":15759,"href":"https:\/\/ies1-caba.infd.edu.ar\/sitio\/wp-json\/wp\/v2\/pages\/13298\/revisions\/15759"}],"wp:attachment":[{"href":"https:\/\/ies1-caba.infd.edu.ar\/sitio\/wp-json\/wp\/v2\/media?parent=13298"}],"curies":[{"name":"wp","href":"https:\/\/api.w.org\/{rel}","templated":true}]}}