{"id":12866,"date":"2024-11-25T20:41:23","date_gmt":"2024-11-25T23:41:23","guid":{"rendered":"https:\/\/ies1-caba.infd.edu.ar\/sitio\/?page_id=12866"},"modified":"2024-11-25T20:41:24","modified_gmt":"2024-11-25T23:41:24","slug":"junta-departamental-del-profesorado-de-educacion-superior-en-lengua-y-literatura-rechazo-al-pedido-de-intervencion","status":"publish","type":"page","link":"https:\/\/ies1-caba.infd.edu.ar\/sitio\/junta-departamental-del-profesorado-de-educacion-superior-en-lengua-y-literatura-rechazo-al-pedido-de-intervencion\/","title":{"rendered":"JUNTA DEPARTAMENTAL DEL PROFESORADO DE EDUCACI\u00d3N SUPERIOR EN LENGUA Y LITERATURA RECHAZO AL PEDIDO DE INTERVENCI\u00d3N"},"content":{"rendered":"\n<p><style> .footer { position: fixed; left: 0; bottom: 0; width: 100%; background-color: #3399ff; color: white; text-align: center; }<\/style><\/p>\n<div style=\"border: 1px solid black; background: #ae9e9e; width: 250px; padding: 20px;\"><button class=\"boton3Dfondazos\" style=\"position: relative; left: 4%; height: 8%; color: white;\" type=\"text\">Volver a pronunciamientos<\/button><\/div>\n<div style=\"color: black; font-weight: bold; border: 1px solid black; padding: 15px;\">&#8211;Ciudad Aut\u00f3noma de Buenos Aires, 21 de noviembre de 2024<p>&nbsp;<\/p>\n<p>En el d\u00eda de ayer, la Junta Departamental del Profesorado de Educaci\u00f3n Superior en\nLengua y Literatura del IES No 1 \u201cDra. Alicia Moreau de Justo\u201d tom\u00f3 conocimiento del\npedido de intervenci\u00f3n ante el Ministerio de Educaci\u00f3n de la Ciudad Aut\u00f3noma de Buenos\nAires. En la reuni\u00f3n de la Junta Departamental del d\u00eda de la fecha, se trat\u00f3 el tema y\ncoincidimos en expresar nuestro m\u00e1s profundo rechazo a cualquier intento de socavar la\nautonom\u00eda institucional del IES No 1 \u201cDra. Alicia Moreau de Justo\u201d.\nAnte problem\u00e1ticas acad\u00e9micas e institucionales, el IES No 1 \u201cDra. Alicia Moreau de\nJusto\u201d dispone de canales de comunicaci\u00f3n e instancias de di\u00e1logo internas tendientes a\npoder acercar a las partes implicadas. Un pedido de intervenci\u00f3n lejos est\u00e1 de ser la v\u00eda\nindicada para resolver dichas problem\u00e1ticas, al contrario, pone en riesgo el funcionamiento\nde la instituci\u00f3n y afecta a la comunidad educativa en su conjunto.\nA su vez, subrayamos que las actas de las reuniones del Consejo Directivo deben\nestar disponibles en tiempo y forma para que la comunidad del IES No 1 y el p\u00fablico en\ngeneral puedan poseer toda la informaci\u00f3n necesaria con respecto a la cuesti\u00f3n que suscit\u00f3\nel pedido de intervenci\u00f3n y al funcionamiento en general de la instituci\u00f3n.<\/p>\n\n<\/div>\n<div class=\"footer\">2024 &#8211; Laboratorio de F\u00edsica e Inform\u00e1tica IES N\u00ba 1 &#8211; Correo electr\u00f3nico: <a href=\"mailto: laboratorio.ies1amju@bue.edu.ar\">laboratorio.ies1amju@bue.edu.ar <\/a><\/div>\n<p><script> let slideIndex = 1; showSlides(slideIndex); function plusSlides(n) { showSlides(slideIndex += n); } function currentSlide(n) { showSlides(slideIndex = n); } function showSlides(n) { let i;  let slides = document.getElementsByClassName(\"mySlides\"); let dots = document.getElementsByClassName(\"dot\"); if (n > slides.length) {slideIndex = 1} if (n < 1) {slideIndex = slides.length} for (i = 0; i < slides.length; i++) { slides[i].style.display = \"none\"; } for (i = 0; i < dots.length; i++) { dots[i].className = dots[i].className.replace(\" active\", \"\"); } slides[slideIndex-1].style.display = \"none\";  dots[slideIndex-1].className += \" active\"; } <\/script><br><!-- <script> let indiceDiapo = 0;  muestraDiapo(); function muestraDiapo() { let i; let slides = document.getElementsByClassName(\"mySlides\"); let dots = document.getElementsByClassName(\"dot\"); for (i = 0; i < slides.length; i++) { slides[i].style.display = \"none\"; } indiceDiapo++; if (indiceDiapo > slides.length) {indiceDiapo = 1} for (i = 0; i < dots.length; i++) { dots[i].className = dots[i].className.replace(\" active\", \"\"); } slides[indiceDiapo-1].style.display = \"block\"; dots[indiceDiapo-1].className += \" active\"; setTimeout(muestraDiapo, 3000); }<\/script> --><br><script>function cierraNuevaHora1() { window.location.href = \"https:\/\/ies1-caba.infd.edu.ar\/sitio\/pronunciamientos-ies1-2023\/\"; } <\/script><br><script>document.getElementsByClassName(\"lista\")[0].style.display = \"none\"<\/script><br><script>document.getElementsByClassName(\"lista\")[1].style.display = \"none\"<\/script><br><script>document.getElementsByClassName(\"lista\")[2].style.display = \"none\"<\/script><br><script>document.getElementsByClassName(\"grid-container grid-parent\")[0].style.display = \"none\"<\/script><br><script>document.getElementsByClassName(\"grid-container grid-parent\")[1].style.display = \"none\"<\/script><br><script>document.getElementsByClassName(\"grid-container grid-parent\")[2].style.display = \"none\"<\/script> --&gt;<br><script>document.getElementsByClassName(\"noticias_redinfod\")[0].style.display = \"none\"<\/script><br><script>document.getElementsByClassName(\"noticias_redinfod\")[1].style.display = \"none\"<\/script><br><script>document.getElementsByClassName(\"noticias_redinfod\")[2].style.display = \"none\"<\/script><br><!-- <script>document.getElementsByClassName(\"grid-container grid-parent\")[3].style.display = \"none\"<\/script>\n<script>document.getElementsByClassName(\"grid-container grid-parent\")[5].style.display = \"none\"<\/script> --><br><script> let slideIndex = 1; showSlides(slideIndex); function plusSlides(n) { showSlides(slideIndex += n); } function currentSlide(n) { showSlides(slideIndex = n); } function showSlides(n) { let i;  let slides = document.getElementsByClassName(\"mySlides\"); let dots = document.getElementsByClassName(\"dot\"); if (n > slides.length) {slideIndex = 1} if (n < 1) {slideIndex = slides.length} for (i = 0; i < slides.length; i++) { slides[i].style.display = \"none\"; } for (i = 0; i < dots.length; i++) { dots[i].className = dots[i].className.replace(\" active\", \"\"); } slides[slideIndex-1].style.display = \"none\";  dots[slideIndex-1].className += \" active\"; } <\/script><br><script> let indiceDiapo = 0;  muestraDiapo(); function muestraDiapo() { let i; let slides = document.getElementsByClassName(\"mySlides\"); let dots = document.getElementsByClassName(\"dot\"); for (i = 0; i < slides.length; i++) { slides[i].style.display = \"none\"; } indiceDiapo++; if (indiceDiapo > slides.length) {indiceDiapo = 1} for (i = 0; i < dots.length; i++) { dots[i].className = dots[i].className.replace(\" active\", \"\"); } slides[indiceDiapo-1].style.display = \"block\"; dots[indiceDiapo-1].className += \" active\"; setTimeout(muestraDiapo, 3000); }<\/script><\/p>\n<p><script>document.getElementsByClassName(\"lista\")[0].style.display = \"none\"<\/script><br><script>document.getElementsByClassName(\"lista\")[1].style.display = \"none\"<\/script><br><script>document.getElementsByClassName(\"lista\")[2].style.display = \"none\"<\/script><br><!-- <script>document.getElementsByClassName(\"grid-container grid-parent\")[0].style.display = \"none\"<\/script>\n<script>document.getElementsByClassName(\"grid-container grid-parent\")[1].style.display = \"none\"<\/script>\n<script>document.getElementsByClassName(\"grid-container grid-parent\")[2].style.display = \"none\"<\/script> --><br><script>document.getElementsByClassName(\"noticias_redinfod\")[0].style.display = \"none\"<\/script><br><script>document.getElementsByClassName(\"noticias_redinfod\")[1].style.display = \"none\"<\/script><br><script>document.getElementsByClassName(\"noticias_redinfod\")[2].style.display = \"none\"<\/script><br><!-- <script>document.getElementsByClassName(\"grid-container grid-parent\")[3].style.display = \"none\"<\/script>\n<script>document.getElementsByClassName(\"grid-container grid-parent\")[5].style.display = \"none\"<\/script>\n\n--><\/p>\n","protected":false},"excerpt":{"rendered":"<p>Volver a pronunciamientos &#8211;Ciudad Aut\u00f3noma de Buenos Aires, 21 de noviembre de 2024 &nbsp; En el d\u00eda de ayer, la Junta Departamental del Profesorado de Educaci\u00f3n Superior en Lengua y Literatura del IES No 1 \u201cDra. Alicia Moreau de Justo\u201d tom\u00f3 conocimiento del pedido de intervenci\u00f3n ante el Ministerio de Educaci\u00f3n de la Ciudad Aut\u00f3noma &#8230; <a title=\"JUNTA DEPARTAMENTAL DEL PROFESORADO DE EDUCACI\u00d3N SUPERIOR EN LENGUA Y LITERATURA RECHAZO AL PEDIDO DE INTERVENCI\u00d3N\" class=\"read-more\" href=\"https:\/\/ies1-caba.infd.edu.ar\/sitio\/junta-departamental-del-profesorado-de-educacion-superior-en-lengua-y-literatura-rechazo-al-pedido-de-intervencion\/\" aria-label=\"More on JUNTA DEPARTAMENTAL DEL PROFESORADO DE EDUCACI\u00d3N SUPERIOR EN LENGUA Y LITERATURA RECHAZO AL PEDIDO DE INTERVENCI\u00d3N\">[+]<\/a><\/p>\n","protected":false},"author":11700,"featured_media":0,"parent":0,"menu_order":0,"comment_status":"closed","ping_status":"closed","template":"","meta":[],"acf":[],"_links":{"self":[{"href":"https:\/\/ies1-caba.infd.edu.ar\/sitio\/wp-json\/wp\/v2\/pages\/12866"}],"collection":[{"href":"https:\/\/ies1-caba.infd.edu.ar\/sitio\/wp-json\/wp\/v2\/pages"}],"about":[{"href":"https:\/\/ies1-caba.infd.edu.ar\/sitio\/wp-json\/wp\/v2\/types\/page"}],"author":[{"embeddable":true,"href":"https:\/\/ies1-caba.infd.edu.ar\/sitio\/wp-json\/wp\/v2\/users\/11700"}],"replies":[{"embeddable":true,"href":"https:\/\/ies1-caba.infd.edu.ar\/sitio\/wp-json\/wp\/v2\/comments?post=12866"}],"version-history":[{"count":1,"href":"https:\/\/ies1-caba.infd.edu.ar\/sitio\/wp-json\/wp\/v2\/pages\/12866\/revisions"}],"predecessor-version":[{"id":12867,"href":"https:\/\/ies1-caba.infd.edu.ar\/sitio\/wp-json\/wp\/v2\/pages\/12866\/revisions\/12867"}],"wp:attachment":[{"href":"https:\/\/ies1-caba.infd.edu.ar\/sitio\/wp-json\/wp\/v2\/media?parent=12866"}],"curies":[{"name":"wp","href":"https:\/\/api.w.org\/{rel}","templated":true}]}}