{"id":12861,"date":"2024-11-25T20:35:53","date_gmt":"2024-11-25T23:35:53","guid":{"rendered":"https:\/\/ies1-caba.infd.edu.ar\/sitio\/?page_id=12861"},"modified":"2024-11-25T20:35:54","modified_gmt":"2024-11-25T23:35:54","slug":"junta-departamental-del-profesorado-superior-en-filosofia-rechazo-al-pedido-de-intervencion","status":"publish","type":"page","link":"https:\/\/ies1-caba.infd.edu.ar\/sitio\/junta-departamental-del-profesorado-superior-en-filosofia-rechazo-al-pedido-de-intervencion\/","title":{"rendered":"JUNTA DEPARTAMENTAL DEL PROFESORADO SUPERIOR EN FILOSOF\u00cdA RECHAZO AL PEDIDO DE INTERVENCI\u00d3N"},"content":{"rendered":"\n<p><\/p>\n\n\n\n<p><style> .footer { position: fixed; left: 0; bottom: 0; width: 100%; background-color: #3399ff; color: white; text-align: center; }<\/style><\/p>\n<div style=\"border: 1px solid black; background: #ae9e9e; width: 250px; padding: 20px;\"><button class=\"boton3Dfondazos\" style=\"position: relative; left: 4%; height: 8%; color: white;\" type=\"text\">Volver a pronunciamientos<\/button><\/div>\n<div style=\"color: black; font-weight: bold; border: 1px solid black; padding: 15px;\">&#8211;Buenos Aires 22 de noviembre de 2024\n<p>&nbsp;<\/p>\n<p>PRONUNCIAMIENTO DE JUNTA DEPARTAMENTAL DEL PROFESORADO SUPERIOR EN FILOSOF\u00cdA<p>\n<p>De nuestra mayor consideraci\u00f3n, \n\nSeg\u00fan se nos ha informado recientemente, un miembro de la comunidad acad\u00e9mica del IES Nro. 1 ha elevado al Ministerio de Educaci\u00f3n de la Ciudad una nota formal para que la autoridad ministerial proceda a la intervenci\u00f3n de esta instituci\u00f3n. La Junta Departamental del Profesorado de Educaci\u00f3n Superior en Filosof\u00eda quiere dejar en claro aqu\u00ed su posici\u00f3n respecto de esta situaci\u00f3n, para la que no se encuentran precedentes en la historia de nuestra instituci\u00f3n.  \n\nEn la medida en que consideramos que en la educaci\u00f3n p\u00fablica reside uno de los pilares fundamentales de nuestra sociedad, y que la autonom\u00eda de sus instituciones educativas es esencial para garantizar la libertad de pensamiento, consideramos que la intervenci\u00f3n en una instituci\u00f3n educativa socava inevitablemente los principios de la vida democr\u00e1tica de dicha instituci\u00f3n y puede, por ello mismo, tener consecuencias irreparables para la calidad de la educaci\u00f3n y la formaci\u00f3n de sus estudiantes. Sin autonom\u00eda educativa es imposible garantizar una formaci\u00f3n imparcial y libre de influencias pol\u00edticas o ideol\u00f3gicas. Habida cuenta de esto, la Junta Departamental de Filosof\u00eda ha decidido hacer p\u00fablico su m\u00e1s en\u00e9rgico repudio a esta extempor\u00e1nea solicitud de intervenci\u00f3n, y a cualquier otra eventual medida que atente directa o indirectamente contra nuestra autonom\u00eda educativa.  \n\nPor otra parte, una somera lectura de la \u201cfundamentaci\u00f3n\u201d del pedido de intervenci\u00f3n elevado al Ministerio permite colegir que su autor ha elegido como modus \u201cprobandi\u201d el escarnio y la calumnia carente de pruebas de quienes han dirigido o dirigen como autoridades nuestra instituci\u00f3n. Hacemos p\u00fablico tambi\u00e9n nuestro rechazo de este modo deshonroso y antidemocr\u00e1tico de afectar el honor de quienes, m\u00e1s all\u00e1 de fungir eventualmente como autoridades, tambi\u00e9n son respetados colegas de nuestra casa de estudios. Al respecto, consideramos que el IES Nro. 1 cuenta con mecanismos e instancias suficientes (siempre perfeccionables) para evaluar democr\u00e1ticamente el accionar de sus autoridades. Dada la situaci\u00f3n conflictiva a la que se ha arribado, consideramos que debe ser prioridad de todxs los actores de la comunidad educativa velar por su cumplimiento y extremar los recaudos para que este tipo de situaciones no desborde los marcos institucionales previstos.  \n\nPor lo tanto, repudiamos el pedido de intervenci\u00f3n y exigimos que se respete la autonom\u00eda del IES 1 Dra. Alicia Moreau de Justo.  \n<\/p>\n<p>Atentamente, \nJunta Departamental del Profesorado Superior en Filosof\u00eda  \nCoordinaci\u00f3n del CFPP de Filosof\u00eda y Psicolog\u00eda  \n<\/p>\n<\/div>\n<div class=\"footer\">2024 &#8211; Laboratorio de F\u00edsica e Inform\u00e1tica IES N\u00ba 1 &#8211; Correo electr\u00f3nico: <a href=\"mailto: laboratorio.ies1amju@bue.edu.ar\">laboratorio.ies1amju@bue.edu.ar <\/a><\/div>\n<p><script> let slideIndex = 1; showSlides(slideIndex); function plusSlides(n) { showSlides(slideIndex += n); } function currentSlide(n) { showSlides(slideIndex = n); } function showSlides(n) { let i;  let slides = document.getElementsByClassName(\"mySlides\"); let dots = document.getElementsByClassName(\"dot\"); if (n > slides.length) {slideIndex = 1} if (n < 1) {slideIndex = slides.length} for (i = 0; i < slides.length; i++) { slides[i].style.display = \"none\"; } for (i = 0; i < dots.length; i++) { dots[i].className = dots[i].className.replace(\" active\", \"\"); } slides[slideIndex-1].style.display = \"none\";  dots[slideIndex-1].className += \" active\"; } <\/script><br><!-- <script> let indiceDiapo = 0;  muestraDiapo(); function muestraDiapo() { let i; let slides = document.getElementsByClassName(\"mySlides\"); let dots = document.getElementsByClassName(\"dot\"); for (i = 0; i < slides.length; i++) { slides[i].style.display = \"none\"; } indiceDiapo++; if (indiceDiapo > slides.length) {indiceDiapo = 1} for (i = 0; i < dots.length; i++) { dots[i].className = dots[i].className.replace(\" active\", \"\"); } slides[indiceDiapo-1].style.display = \"block\"; dots[indiceDiapo-1].className += \" active\"; setTimeout(muestraDiapo, 3000); }<\/script> --><br><script>function cierraNuevaHora1() { window.location.href = \"https:\/\/ies1-caba.infd.edu.ar\/sitio\/pronunciamientos-ies1-2023\/\"; } <\/script><br><script>document.getElementsByClassName(\"lista\")[0].style.display = \"none\"<\/script><br><script>document.getElementsByClassName(\"lista\")[1].style.display = \"none\"<\/script><br><script>document.getElementsByClassName(\"lista\")[2].style.display = \"none\"<\/script><br><script>document.getElementsByClassName(\"grid-container grid-parent\")[0].style.display = \"none\"<\/script><br><script>document.getElementsByClassName(\"grid-container grid-parent\")[1].style.display = \"none\"<\/script><br><script>document.getElementsByClassName(\"grid-container grid-parent\")[2].style.display = \"none\"<\/script> --&gt;<br><script>document.getElementsByClassName(\"noticias_redinfod\")[0].style.display = \"none\"<\/script><br><script>document.getElementsByClassName(\"noticias_redinfod\")[1].style.display = \"none\"<\/script><br><script>document.getElementsByClassName(\"noticias_redinfod\")[2].style.display = \"none\"<\/script><br><!-- <script>document.getElementsByClassName(\"grid-container grid-parent\")[3].style.display = \"none\"<\/script>\n<script>document.getElementsByClassName(\"grid-container grid-parent\")[5].style.display = \"none\"<\/script> --><br><script> let slideIndex = 1; showSlides(slideIndex); function plusSlides(n) { showSlides(slideIndex += n); } function currentSlide(n) { showSlides(slideIndex = n); } function showSlides(n) { let i;  let slides = document.getElementsByClassName(\"mySlides\"); let dots = document.getElementsByClassName(\"dot\"); if (n > slides.length) {slideIndex = 1} if (n < 1) {slideIndex = slides.length} for (i = 0; i < slides.length; i++) { slides[i].style.display = \"none\"; } for (i = 0; i < dots.length; i++) { dots[i].className = dots[i].className.replace(\" active\", \"\"); } slides[slideIndex-1].style.display = \"none\";  dots[slideIndex-1].className += \" active\"; } <\/script><br><script> let indiceDiapo = 0;  muestraDiapo(); function muestraDiapo() { let i; let slides = document.getElementsByClassName(\"mySlides\"); let dots = document.getElementsByClassName(\"dot\"); for (i = 0; i < slides.length; i++) { slides[i].style.display = \"none\"; } indiceDiapo++; if (indiceDiapo > slides.length) {indiceDiapo = 1} for (i = 0; i < dots.length; i++) { dots[i].className = dots[i].className.replace(\" active\", \"\"); } slides[indiceDiapo-1].style.display = \"block\"; dots[indiceDiapo-1].className += \" active\"; setTimeout(muestraDiapo, 3000); }<\/script><\/p>\n<p><script>document.getElementsByClassName(\"lista\")[0].style.display = \"none\"<\/script><br><script>document.getElementsByClassName(\"lista\")[1].style.display = \"none\"<\/script><br><script>document.getElementsByClassName(\"lista\")[2].style.display = \"none\"<\/script><br><!-- <script>document.getElementsByClassName(\"grid-container grid-parent\")[0].style.display = \"none\"<\/script>\n<script>document.getElementsByClassName(\"grid-container grid-parent\")[1].style.display = \"none\"<\/script>\n<script>document.getElementsByClassName(\"grid-container grid-parent\")[2].style.display = \"none\"<\/script> --><br><script>document.getElementsByClassName(\"noticias_redinfod\")[0].style.display = \"none\"<\/script><br><script>document.getElementsByClassName(\"noticias_redinfod\")[1].style.display = \"none\"<\/script><br><script>document.getElementsByClassName(\"noticias_redinfod\")[2].style.display = \"none\"<\/script><br><!-- <script>document.getElementsByClassName(\"grid-container grid-parent\")[3].style.display = \"none\"<\/script>\n<script>document.getElementsByClassName(\"grid-container grid-parent\")[5].style.display = \"none\"<\/script>\n\n--><\/p>\n","protected":false},"excerpt":{"rendered":"<p>Volver a pronunciamientos &#8211;Buenos Aires 22 de noviembre de 2024 &nbsp; PRONUNCIAMIENTO DE JUNTA DEPARTAMENTAL DEL PROFESORADO SUPERIOR EN FILOSOF\u00cdA De nuestra mayor consideraci\u00f3n, Seg\u00fan se nos ha informado recientemente, un miembro de la comunidad acad\u00e9mica del IES Nro. 1 ha elevado al Ministerio de Educaci\u00f3n de la Ciudad una nota formal para que la &#8230; <a title=\"JUNTA DEPARTAMENTAL DEL PROFESORADO SUPERIOR EN FILOSOF\u00cdA RECHAZO AL PEDIDO DE INTERVENCI\u00d3N\" class=\"read-more\" href=\"https:\/\/ies1-caba.infd.edu.ar\/sitio\/junta-departamental-del-profesorado-superior-en-filosofia-rechazo-al-pedido-de-intervencion\/\" aria-label=\"More on JUNTA DEPARTAMENTAL DEL PROFESORADO SUPERIOR EN FILOSOF\u00cdA RECHAZO AL PEDIDO DE INTERVENCI\u00d3N\">[+]<\/a><\/p>\n","protected":false},"author":11700,"featured_media":0,"parent":0,"menu_order":0,"comment_status":"closed","ping_status":"closed","template":"","meta":[],"acf":[],"_links":{"self":[{"href":"https:\/\/ies1-caba.infd.edu.ar\/sitio\/wp-json\/wp\/v2\/pages\/12861"}],"collection":[{"href":"https:\/\/ies1-caba.infd.edu.ar\/sitio\/wp-json\/wp\/v2\/pages"}],"about":[{"href":"https:\/\/ies1-caba.infd.edu.ar\/sitio\/wp-json\/wp\/v2\/types\/page"}],"author":[{"embeddable":true,"href":"https:\/\/ies1-caba.infd.edu.ar\/sitio\/wp-json\/wp\/v2\/users\/11700"}],"replies":[{"embeddable":true,"href":"https:\/\/ies1-caba.infd.edu.ar\/sitio\/wp-json\/wp\/v2\/comments?post=12861"}],"version-history":[{"count":3,"href":"https:\/\/ies1-caba.infd.edu.ar\/sitio\/wp-json\/wp\/v2\/pages\/12861\/revisions"}],"predecessor-version":[{"id":12864,"href":"https:\/\/ies1-caba.infd.edu.ar\/sitio\/wp-json\/wp\/v2\/pages\/12861\/revisions\/12864"}],"wp:attachment":[{"href":"https:\/\/ies1-caba.infd.edu.ar\/sitio\/wp-json\/wp\/v2\/media?parent=12861"}],"curies":[{"name":"wp","href":"https:\/\/api.w.org\/{rel}","templated":true}]}}