{"id":12834,"date":"2024-11-22T13:30:15","date_gmt":"2024-11-22T16:30:15","guid":{"rendered":"https:\/\/ies1-caba.infd.edu.ar\/sitio\/?page_id=12834"},"modified":"2024-11-22T13:35:31","modified_gmt":"2024-11-22T16:35:31","slug":"pronunciamiento-2024-junta-de-psicopedagogia-rechazo-al-pedido-de-intervencion","status":"publish","type":"page","link":"https:\/\/ies1-caba.infd.edu.ar\/sitio\/pronunciamiento-2024-junta-de-psicopedagogia-rechazo-al-pedido-de-intervencion\/","title":{"rendered":"Pronunciamiento 2024 &#8211; JUNTA DE PSICOPEDAGOGIA RECHAZO AL PEDIDO DE INTERVENCI\u00d3N"},"content":{"rendered":"\n<p><style> .footer { position: fixed; left: 0; bottom: 0; width: 100%; background-color: #3399ff; color: white; text-align: center; }<\/style><\/p>\n<div style=\"border: 1px solid black; background: #ae9e9e; width: 250px; padding: 20px;\"><button class=\"boton3Dfondazos\" style=\"position: relative; left: 4%; height: 8%; color: white;\" type=\"text\">Volver a pronunciamientos<\/button><\/div>\n<div style=\"color: black; font-weight: bold; border: 1px solid black; padding: 15px;\">&#8211;CABA, 21 de Noviembre 2024\n<p>&nbsp;<\/p>\n<p>PRONUNCIAMIENTO DE LA JUNTA DE PSICOPEDAGOGIA<p>\n<p>La Junta Departamental de Psicopedagog\u00eda del IES N\u00ba 1 \u00abDra. Alicia Moreau de Justo\u00bb se reuni\u00f3, al recibir informaci\u00f3n desde el rectorado, sobre un pedido presentado por un estudiante ante el Ministerio de Educaci\u00f3n de la Ciudad Aut\u00f3noma de Buenos Aires, donde se solicita la intervenci\u00f3n del Instituto. Siendo esta una instancia que compromete nuestro funcionamiento institucional.\nNuestra instituci\u00f3n cuenta con mecanismos establecidos para resolver cuestiones acad\u00e9micas e institucionales, incluyendo las Juntas Departamentales. Como representantes de la junta, reafirmamos nuestro compromiso con el di\u00e1logo y nuestro deseo de seguir trabajando por la carrera y la instituci\u00f3n. \nPor lo tanto, solicitamos al Rectorado que contin\u00fae comunicando de manera oportuna y se diagramen mayores canales institucionales de accesibilidad a las actas del Consejo Directivo para continuar garantizando la transparencia institucional. De esta manera favorecer la participaci\u00f3n en la vida democr\u00e1tica institucional de toda la comunidad de Alicia.\nPor tanto, entendemos que el pedido de intervenci\u00f3n pone en peligro los espacios de participaci\u00f3n democr\u00e1tica de la instituci\u00f3n que durante tantos a\u00f1os se han defendido y fortalecido dando sentido de pertenencia institucional a toda la comunidad.\nDe manera unanimidad, la JUNTA DE PSICOPEDAGOG\u00cdA, expresa su profundo rechazo a cualquier medida que comprometa nuestra participaci\u00f3n democr\u00e1tica institucional.\n<\/p>\n<p>Junta de Psicopedagog\u00eda\t\t\t\nClaustro docente\nClaustro alumnos\n<\/p>\n<\/div>\n<div class=\"footer\">2024 &#8211; Laboratorio de F\u00edsica e Inform\u00e1tica IES N\u00ba 1 &#8211; Correo electr\u00f3nico: <a href=\"mailto: laboratorio.ies1amju@bue.edu.ar\">laboratorio.ies1amju@bue.edu.ar <\/a><\/div>\n<p><script> let slideIndex = 1; showSlides(slideIndex); function plusSlides(n) { showSlides(slideIndex += n); } function currentSlide(n) { showSlides(slideIndex = n); } function showSlides(n) { let i;  let slides = document.getElementsByClassName(\"mySlides\"); let dots = document.getElementsByClassName(\"dot\"); if (n > slides.length) {slideIndex = 1} if (n < 1) {slideIndex = slides.length} for (i = 0; i < slides.length; i++) { slides[i].style.display = \"none\"; } for (i = 0; i < dots.length; i++) { dots[i].className = dots[i].className.replace(\" active\", \"\"); } slides[slideIndex-1].style.display = \"none\";  dots[slideIndex-1].className += \" active\"; } <\/script><br><!-- <script> let indiceDiapo = 0;  muestraDiapo(); function muestraDiapo() { let i; let slides = document.getElementsByClassName(\"mySlides\"); let dots = document.getElementsByClassName(\"dot\"); for (i = 0; i < slides.length; i++) { slides[i].style.display = \"none\"; } indiceDiapo++; if (indiceDiapo > slides.length) {indiceDiapo = 1} for (i = 0; i < dots.length; i++) { dots[i].className = dots[i].className.replace(\" active\", \"\"); } slides[indiceDiapo-1].style.display = \"block\"; dots[indiceDiapo-1].className += \" active\"; setTimeout(muestraDiapo, 3000); }<\/script> --><br><script>function cierraNuevaHora1() { window.location.href = \"https:\/\/ies1-caba.infd.edu.ar\/sitio\/pronunciamientos-ies1-2023\/\"; } <\/script><br><script>document.getElementsByClassName(\"lista\")[0].style.display = \"none\"<\/script><br><script>document.getElementsByClassName(\"lista\")[1].style.display = \"none\"<\/script><br><script>document.getElementsByClassName(\"lista\")[2].style.display = \"none\"<\/script><br><script>document.getElementsByClassName(\"grid-container grid-parent\")[0].style.display = \"none\"<\/script><br><script>document.getElementsByClassName(\"grid-container grid-parent\")[1].style.display = \"none\"<\/script><br><script>document.getElementsByClassName(\"grid-container grid-parent\")[2].style.display = \"none\"<\/script> --&gt;<br><script>document.getElementsByClassName(\"noticias_redinfod\")[0].style.display = \"none\"<\/script><br><script>document.getElementsByClassName(\"noticias_redinfod\")[1].style.display = \"none\"<\/script><br><script>document.getElementsByClassName(\"noticias_redinfod\")[2].style.display = \"none\"<\/script><br><!-- <script>document.getElementsByClassName(\"grid-container grid-parent\")[3].style.display = \"none\"<\/script>\n<script>document.getElementsByClassName(\"grid-container grid-parent\")[5].style.display = \"none\"<\/script> --><br><script> let slideIndex = 1; showSlides(slideIndex); function plusSlides(n) { showSlides(slideIndex += n); } function currentSlide(n) { showSlides(slideIndex = n); } function showSlides(n) { let i;  let slides = document.getElementsByClassName(\"mySlides\"); let dots = document.getElementsByClassName(\"dot\"); if (n > slides.length) {slideIndex = 1} if (n < 1) {slideIndex = slides.length} for (i = 0; i < slides.length; i++) { slides[i].style.display = \"none\"; } for (i = 0; i < dots.length; i++) { dots[i].className = dots[i].className.replace(\" active\", \"\"); } slides[slideIndex-1].style.display = \"none\";  dots[slideIndex-1].className += \" active\"; } <\/script><br><script> let indiceDiapo = 0;  muestraDiapo(); function muestraDiapo() { let i; let slides = document.getElementsByClassName(\"mySlides\"); let dots = document.getElementsByClassName(\"dot\"); for (i = 0; i < slides.length; i++) { slides[i].style.display = \"none\"; } indiceDiapo++; if (indiceDiapo > slides.length) {indiceDiapo = 1} for (i = 0; i < dots.length; i++) { dots[i].className = dots[i].className.replace(\" active\", \"\"); } slides[indiceDiapo-1].style.display = \"block\"; dots[indiceDiapo-1].className += \" active\"; setTimeout(muestraDiapo, 3000); }<\/script><\/p>\n<p><script>document.getElementsByClassName(\"lista\")[0].style.display = \"none\"<\/script><br><script>document.getElementsByClassName(\"lista\")[1].style.display = \"none\"<\/script><br><script>document.getElementsByClassName(\"lista\")[2].style.display = \"none\"<\/script><br><!-- <script>document.getElementsByClassName(\"grid-container grid-parent\")[0].style.display = \"none\"<\/script>\n<script>document.getElementsByClassName(\"grid-container grid-parent\")[1].style.display = \"none\"<\/script>\n<script>document.getElementsByClassName(\"grid-container grid-parent\")[2].style.display = \"none\"<\/script> --><br><script>document.getElementsByClassName(\"noticias_redinfod\")[0].style.display = \"none\"<\/script><br><script>document.getElementsByClassName(\"noticias_redinfod\")[1].style.display = \"none\"<\/script><br><script>document.getElementsByClassName(\"noticias_redinfod\")[2].style.display = \"none\"<\/script><br><!-- <script>document.getElementsByClassName(\"grid-container grid-parent\")[3].style.display = \"none\"<\/script>\n<script>document.getElementsByClassName(\"grid-container grid-parent\")[5].style.display = \"none\"<\/script>\n\n--><\/p>\n","protected":false},"excerpt":{"rendered":"<p>Volver a pronunciamientos &#8211;CABA, 21 de Noviembre 2024 &nbsp; PRONUNCIAMIENTO DE LA JUNTA DE PSICOPEDAGOGIA La Junta Departamental de Psicopedagog\u00eda del IES N\u00ba 1 \u00abDra. Alicia Moreau de Justo\u00bb se reuni\u00f3, al recibir informaci\u00f3n desde el rectorado, sobre un pedido presentado por un estudiante ante el Ministerio de Educaci\u00f3n de la Ciudad Aut\u00f3noma de Buenos &#8230; <a title=\"Pronunciamiento 2024 &#8211; JUNTA DE PSICOPEDAGOGIA RECHAZO AL PEDIDO DE INTERVENCI\u00d3N\" class=\"read-more\" href=\"https:\/\/ies1-caba.infd.edu.ar\/sitio\/pronunciamiento-2024-junta-de-psicopedagogia-rechazo-al-pedido-de-intervencion\/\" aria-label=\"More on Pronunciamiento 2024 &#8211; JUNTA DE PSICOPEDAGOGIA RECHAZO AL PEDIDO DE INTERVENCI\u00d3N\">[+]<\/a><\/p>\n","protected":false},"author":11700,"featured_media":0,"parent":0,"menu_order":0,"comment_status":"closed","ping_status":"closed","template":"","meta":[],"acf":[],"_links":{"self":[{"href":"https:\/\/ies1-caba.infd.edu.ar\/sitio\/wp-json\/wp\/v2\/pages\/12834"}],"collection":[{"href":"https:\/\/ies1-caba.infd.edu.ar\/sitio\/wp-json\/wp\/v2\/pages"}],"about":[{"href":"https:\/\/ies1-caba.infd.edu.ar\/sitio\/wp-json\/wp\/v2\/types\/page"}],"author":[{"embeddable":true,"href":"https:\/\/ies1-caba.infd.edu.ar\/sitio\/wp-json\/wp\/v2\/users\/11700"}],"replies":[{"embeddable":true,"href":"https:\/\/ies1-caba.infd.edu.ar\/sitio\/wp-json\/wp\/v2\/comments?post=12834"}],"version-history":[{"count":7,"href":"https:\/\/ies1-caba.infd.edu.ar\/sitio\/wp-json\/wp\/v2\/pages\/12834\/revisions"}],"predecessor-version":[{"id":12847,"href":"https:\/\/ies1-caba.infd.edu.ar\/sitio\/wp-json\/wp\/v2\/pages\/12834\/revisions\/12847"}],"wp:attachment":[{"href":"https:\/\/ies1-caba.infd.edu.ar\/sitio\/wp-json\/wp\/v2\/media?parent=12834"}],"curies":[{"name":"wp","href":"https:\/\/api.w.org\/{rel}","templated":true}]}}