{"id":12571,"date":"2024-10-01T13:27:58","date_gmt":"2024-10-01T16:27:58","guid":{"rendered":"https:\/\/ies1-caba.infd.edu.ar\/sitio\/?page_id=12571"},"modified":"2026-02-23T19:00:54","modified_gmt":"2026-02-23T22:00:54","slug":"inicio_2024","status":"publish","type":"page","link":"https:\/\/ies1-caba.infd.edu.ar\/sitio\/inicio_2024\/","title":{"rendered":""},"content":{"rendered":"\n<!DOCTYPE html>\n<html lang=\"es\">\n<head>\n    <meta charset=\"UTF-8\">\n    <meta name=\"viewport\" content=\"width=device-width, initial-scale=1.0\">\n    <title>IES N.\u00b0 1 Alicia Moreau de Justo<\/title>\n\n<style>\n        :root {\n            --color-primario: #004467;\n            --color-secundario: #fa6400;\n            --color-terciario: #d5eced;\n            --color-fondo: #FFFFFF;\n        }\n\n        * {\n            box-sizing: border-box;\n        }\n\n        body {\n            font-family: 'Helvetica', sans-serif;\n            margin: 0;\n        }\n\n        #page {\n            background-color: var(--color-fondo);\n        }\n\n        #site-navigation {\n            background: var(--color-secundario);\n        }\n\n        .a2a_kit .a2a_kit_size_22 .a2a_follow.addtoany_list {\n            display: none !important;\n        }\n\n        .header, .footer {\n            text-align: center;\n        }\n\n        .footer {\n            position: fixed;\n            left: 0;\n            bottom: 0;\n            width: 100%;\n            background-color: var(--color-fondo);\n            color: white;\n        }\n\n        .primera_seccion {\n            width: 80%;      \n            margin: 20 auto;\n            box-sizing: border-box; \n            padding: 0 10px;  \n            display: flex;\n            margin-bottom: 3vw;\n            gap: 1vw;\n            background-color: var(--color-fondo);\n        }\n\n        .horizontal-menu {\n            border: 1px solid var(--color-terciario);\n            border-radius: 5px;\n            background-color: var(--color-primario);\n            font-family: 'Roboto', sans-serif;\n            font-size: 14px;\n            color: #e6f6fa;\n            padding: 1vw;\n            display: flex;\n            flex-direction: column;\n            gap: 1.2vw;\n        }\n\n        .horizontal-menu a {\n            display: flex;\n            flex-direction: column;\n            text-decoration: none;\n            color: #e1e8ec;\n            margin: 0 15px;\n            transition: color 0.3s;\n        }\n\n        .horizontal-menu a:hover,\n        .horizontal-menu a.active {\n            color: #3097e6;\n            background-color: #D3E1FF;\n            font-weight: bold;\n        }\n\n\n.container-menu{\n  padding: 20px;\n  width: 100%;   \n  white-space: nowrap;\n}\n\n.card-propio{\n\n  background-color: #1E2B32;\n  border-radius: 10px 10px;\n  width: 100%;   \n  white-space: nowrap;\n  }\n\n.encabezado-botonera{\n  border-radius: 10px 10px 0px 0px;\n  padding: 5px;\n  \n  background-color: #2A3942;\n  align-content: left;\n  align-items: left;\n  text-align: left;\n}\n\n.encabezado-botonera h3{\n  margin-left: 0rem;\n  margin-bottom: 0rem;\n  text-align: center;\n}\n\nh3{\n  color: #FFFFFF;\n  font-family: 'Roboto', sans-serif;\n  margin-left: 1rem;\n}\n\n.iconM{\n  font-size: 18px;\n  margin-left: 170px;\n  color: #2f89fc;\n}\n\n.icon{\n  margin-right: 8px;\n}\n\n.body li{\n  transition: 1s all;\n  font-family: 'Roboto', sans-serif;\n  font-size: 18px;\n  padding: 5px;\n  margin-left: 0px;\n  margin-top: 0px;\n  white-space: nowrap\n  padding-bottom: 10px;\n  padding-top: 10px;\n  color: #fff;\n  list-style: none;\n  display: block;\n  border-top-right-radius: 10px 10px;\n  border-bottom-right-radius: 10px 10px;\n}\n\n.body a{\n    text-decoration: none;\n}\n\n.body li:hover{\n  transition: 0.5s all;\n  color: #2A3942;\n  background-color: #E1752D;\n  border-radius: 10px;\n  cursor: pointer;\n  margin-left: 0px;\n  padding-left: 20px;\n}\n\n.body > li{\n  float: left;\n}\n\n.body ul{\n  margin-left: 0rem;\n  padding-left: 1rem;\n}\n\n.body li ul{\n  background: #1E2B32;\n  margin-left: 8em;\n  margin-top: -38px;\n  display: none;\n  position: absolute;\n  border-radius: 15px;\n  z-index: 10;\n  \n}\n\n.body li:hover > ul{\n  display: block;\n  cursor: pointer;\n}\n\n\n        .gallery {\n            background-color: var(--color-terciario);\n            display: inline-block;\n            margin-bottom: 0;\n            border: 0 solid #ccc;\n            height: 23vw;\n        }\n\n        .gallery img {\n            height: 100%;\n        }\n\n        .gallery .desc {\n            padding: 15px;\n            text-align: center;\n        }\n\n        .mySlides {\n            display: none;\n        }\n\n        .site-main .gallery {\n            margin-bottom: 0;\n        }\n           .addtoany_share_save_container {\n            margin: 0;\n        }\n\n        .slideshow-container {\n            max-width: 800px;\n            position: relative;\n            margin: auto;\n        }\n\n        .carousel-inner {\n            width: 100%;\n        }\n\n        .calendario {\n            border-left: solid 3px var(--color-secundario);\n            padding-left: 1%;\n        }\n\n        .calendario h1 {\n            font-family: Verdana, Geneva, Tahoma, sans-serif;\n            font-size: 1.5rem;\n            font-weight: bold;\n            color: #2c3e50;\n        }\n\n        .calendario h2 {\n            font-family: Verdana, Geneva, Tahoma, sans-serif;\n            font-size: 18px;\n            font-weight: 400;\n            padding-left: 40px;\n            padding-top: 20px;\n        }\n\n        .calendario h2:hover {\n            color: rgb(107, 140, 169);\n        }\n\n        .calendario h4 {\n            font-size: 14px;\n            font-weight: 200;\n            font-family: sans-serif;\n            color: #808080;\n            padding-left: 40px;\n        }\n\n        .container-menu {\n            padding: 50px;\n        }\n\n        .card-propio {\n            background-color: #1E2B32;\n            border-radius: 10px;\n        }\n\n        .iconM {\n            font-size: 18px;\n            margin-left: 170px;\n            color: #2f89fc;\n        }\n\n        .body li {\n            transition: 1s all;\n            font-family: 'Roboto', sans-serif;\n            font-size: 18px;\n            padding: 5px;\n            margin-left: 0;\n            margin-top: 0;\n            padding-bottom: 10px;\n            padding-top: 10px;\n            color: #fff;\n            list-style: none;\n            display: block;\n            border-radius: 10px;\n        }\n\n        .body li:hover {\n            transition: 0.5s all;\n            color: #2A3942;\n            background-color: var(--color-secundario);\n            cursor: pointer;\n        }\n\n        .body li ul {\n            background: #1E2B32;\n            margin-left: 8em;\n            margin-top: -38px;\n            display: none;\n            position: absolute;\n            border-radius: 15px;\n            z-index: 10;\n        }\n\n        .body li:hover > ul {\n            display: block;\n        }\n\n        .recordatorio {\n            border: solid 3px var(--color-secundario);\n            border-radius: 10px;\n            padding: 15px;\n            background-color: white;\n        }\n\n        .caja3 {\n            position: absolute;\n            height: 100%;\n            display: flex;\n            justify-content: center;\n            align-items: center;\n            pointer-events: none;\n        }\n\n        .texto {\n            font-size: 24px;\n            color: white;\n            font-weight: bold;\n        }\n\n    <\/style>\n<\/head>\n<body>\n\n    <!-- Tu contenido HTML aqu\u00ed -->\n\n    <!-- Scripts JS -->\n    <script src=\"https:\/\/code.jquery.com\/jquery-3.6.0.min.js\" integrity=\"sha384-vtXRMe3mGCbOeY7l30aIg8H9p3GdeSe4IFlP6G8JMa7o7lXvnz3GFKzPxzJdPfGK\" crossorigin=\"anonymous\"><\/script>\n    <script src=\"https:\/\/cdn.jsdelivr.net\/npm\/bootstrap@5.3.3\/dist\/js\/bootstrap.bundle.min.js\" integrity=\"sha384-YvpcrYf0tY3lHB60NNkmXc5s9fDVZLESaAA55NDzOxhy9GkcIdslK1eN7N6jIeHz\" crossorigin=\"anonymous\"><\/script>\n\n    <script>\n        \/\/ Funci\u00f3n gen\u00e9rica para abrir ventanas\n        function abreVentana(url) {\n            window.open(url, '_blank', 'toolbar=yes,scrollbars=yes,resizable=yes,top=30,left=500,width=990,height=1100');\n        }\n\n        function abreNuevaSeleca() {\n            abreVentana('https:\/\/docs.google.com\/document\/d\/13pSCIHs0EQgfjZneyEz9GlkzgaSc-Hem\/edit?usp=sharing&ouid=115059821712839359301&rtpof=true&sd=true');\n        }\n\n        function abreBajasAlicia() {\n            abreVentana('https:\/\/drive.google.com\/drive\/folders\/1W-MdXSIwFNwgRwul7NrMH2S1Ic_JgAr-?usp=share_link');\n        }\n\n        $(document).ready(function () {\n                      \n            \/\/ Limpieza de elementos innecesarios\n            $(\".a2a_kit\").css(\"display\", \"none\");\n        });\n    <\/script>\n<\/body>\n<\/html>\n\n\n\n<hr class=\"wp-block-separator has-text-color has-base-3-color has-alpha-channel-opacity has-base-3-background-color has-background\"\/>\n\n\n\n<div class=\"wp-block-group alignfull is-layout-constrained\"><div class=\"wp-block-group__inner-container\">\n<div class=\"wp-block-group is-content-justification-center is-layout-flex wp-container-1\">\n<!--Botonera de la izquierda con recursos-->\n<div class=\"container primera_seccion\">\n    <div class=\"col-sm-12 col-md-2\">\n        <div class=\"card-propio\">\n          <div class=\"encabezado-botonera\">\n            <h3>Accesos<\/h3>\n          <\/div>\n          <div class=\"body\">\n            <ul>\n              <a href=\"https:\/\/ies1-caba.infd.edu.ar\/aula\/escritorio.cgi\"><li><i class=\"fas fa-user icon\"><\/i> Campus Virtual<\/li><\/a>\n              <a href=\"https:\/\/guarani-autogestionfdocente.bue.edu.ar\/\"><li><i class=\"fas fa-underline icon\"><\/i> SIU Guaran\u00ed<\/li><\/a>\n              <a href=\"https:\/\/ies1-caba.infd.edu.ar\/sitio\/wp-content\/uploads\/2025\/12\/Calendario-Academico-2026.pdf\"><li><i class=\"fas fa-table icon\"><\/i> Calendario acad\u00e9mico<\/li><\/a>\n              <a href=\"https:\/\/ies1-caba.infd.edu.ar\/sitio\/wp-content\/uploads\/2025\/12\/Calendario-Academico-2026.pdf\"><li><i class=\"fas fa-boxes icon\"><\/i> Horarios<\/li><\/a>\n<a href=\"https:\/\/ies1-caba.infd.edu.ar\/sitio\/actividades-2\/\"><li><i class=\"fas fa-home\"><\/i> Actividades<\/li><\/a>\n              <a href=\"https:\/\/ies1-caba.infd.edu.ar\/sitio\/inscripciones\/\"><li><i class=\"fas fa-map-marker-alt\"><\/i> Inscripci\u00f3n 2026<\/li><\/a>\n<a href=\"https:\/\/ies1-caba.infd.edu.ar\/sitio\/pronunciamientos-2\/\"><li><i class=\"fas fa-globe\"><\/i> Pronunciamientos<\/li><\/a>\n            <\/ul>\n          <\/div>\n        <\/div>\n      <\/div>\n\n\n\n<div class=\"alignnormal\"><div id=\"metaslider-id-2205\" style=\"width: 100%; margin: 0 auto;\" class=\"ml-slider-3-33-0 metaslider metaslider-flex metaslider-2205 ml-slider ms-theme-blend nav-hidden\" role=\"region\" aria-roledescription=\"Slideshow\" aria-label=\"Slideshow\">\n    <div id=\"metaslider_container_2205\">\n        <div id=\"metaslider_2205\" class=\"flexslider\">\n            <ul aria-live=\"polite\" class=\"slides\">\n                <li style=\"display: block; width: 100%;\" class=\"slide-16264 ms-image\" aria-roledescription=\"slide\" aria-label=\"slide-16264\"><a href=\"https:\/\/ies1-caba.infd.edu.ar\/sitio\/boleto-estudiantil-2\/\" target=\"_blank\"><img width=\"910\" height=\"382\" src=\"https:\/\/ies1-caba.infd.edu.ar\/sitio\/wp-content\/uploads\/2026\/04\/Boleto-Educativo-web.png\" class=\"slider-2205 slide-16264\" alt=\"\" decoding=\"async\" loading=\"lazy\" rel=\"\" title=\"Boleto Educativo web\" srcset=\"https:\/\/ies1-caba.infd.edu.ar\/sitio\/wp-content\/uploads\/2026\/04\/Boleto-Educativo-web.png 910w, https:\/\/ies1-caba.infd.edu.ar\/sitio\/wp-content\/uploads\/2026\/04\/Boleto-Educativo-web-768x322.png 768w\" sizes=\"(max-width: 910px) 100vw, 910px\" \/><\/a><\/li>\n                <li style=\"display: none; width: 100%;\" class=\"slide-16303 ms-image\" aria-roledescription=\"slide\" aria-label=\"slide-16303\"><img width=\"910\" height=\"382\" src=\"https:\/\/ies1-caba.infd.edu.ar\/sitio\/wp-content\/uploads\/2026\/04\/memoria.png\" class=\"slider-2205 slide-16303\" alt=\"\" decoding=\"async\" loading=\"lazy\" rel=\"\" title=\"memoria\" srcset=\"https:\/\/ies1-caba.infd.edu.ar\/sitio\/wp-content\/uploads\/2026\/04\/memoria.png 910w, https:\/\/ies1-caba.infd.edu.ar\/sitio\/wp-content\/uploads\/2026\/04\/memoria-768x322.png 768w\" sizes=\"(max-width: 910px) 100vw, 910px\" \/><\/li>\n                <li style=\"display: none; width: 100%;\" class=\"slide-16318 ms-image\" aria-roledescription=\"slide\" aria-label=\"slide-16318\"><img width=\"910\" height=\"385\" src=\"https:\/\/ies1-caba.infd.edu.ar\/sitio\/wp-content\/uploads\/2026\/04\/Evaluacion.png\" class=\"slider-2205 slide-16318\" alt=\"\" decoding=\"async\" loading=\"lazy\" rel=\"\" title=\"Evaluaci\u00f3n\" srcset=\"https:\/\/ies1-caba.infd.edu.ar\/sitio\/wp-content\/uploads\/2026\/04\/Evaluacion.png 910w, https:\/\/ies1-caba.infd.edu.ar\/sitio\/wp-content\/uploads\/2026\/04\/Evaluacion-768x325.png 768w\" sizes=\"(max-width: 910px) 100vw, 910px\" \/><\/li>\n                <li style=\"display: none; width: 100%;\" class=\"slide-13860 ms-image\" aria-roledescription=\"slide\" aria-label=\"slide-13860\"><img width=\"1998\" height=\"839\" src=\"https:\/\/ies1-caba.infd.edu.ar\/sitio\/wp-content\/uploads\/2025\/04\/institucionalIES.jpg\" class=\"slider-2205 slide-13860\" alt=\"\" decoding=\"async\" loading=\"lazy\" rel=\"\" title=\"institucionalIES\" srcset=\"https:\/\/ies1-caba.infd.edu.ar\/sitio\/wp-content\/uploads\/2025\/04\/institucionalIES.jpg 1998w, https:\/\/ies1-caba.infd.edu.ar\/sitio\/wp-content\/uploads\/2025\/04\/institucionalIES-1000x420.jpg 1000w, https:\/\/ies1-caba.infd.edu.ar\/sitio\/wp-content\/uploads\/2025\/04\/institucionalIES-1900x798.jpg 1900w, https:\/\/ies1-caba.infd.edu.ar\/sitio\/wp-content\/uploads\/2025\/04\/institucionalIES-768x322.jpg 768w, https:\/\/ies1-caba.infd.edu.ar\/sitio\/wp-content\/uploads\/2025\/04\/institucionalIES-1536x645.jpg 1536w\" sizes=\"(max-width: 1998px) 100vw, 1998px\" \/><\/li>\n                <li style=\"display: none; width: 100%;\" class=\"slide-16312 ms-image\" aria-roledescription=\"slide\" aria-label=\"slide-16312\"><img width=\"910\" height=\"382\" src=\"https:\/\/ies1-caba.infd.edu.ar\/sitio\/wp-content\/uploads\/2026\/04\/MESAS-DE-EXAMEN-MAYO.jpg\" class=\"slider-2205 slide-16312\" alt=\"\" decoding=\"async\" loading=\"lazy\" rel=\"\" title=\"MESAS DE EXAMEN MAYO\" srcset=\"https:\/\/ies1-caba.infd.edu.ar\/sitio\/wp-content\/uploads\/2026\/04\/MESAS-DE-EXAMEN-MAYO.jpg 910w, https:\/\/ies1-caba.infd.edu.ar\/sitio\/wp-content\/uploads\/2026\/04\/MESAS-DE-EXAMEN-MAYO-768x322.jpg 768w\" sizes=\"(max-width: 910px) 100vw, 910px\" \/><\/li>\n                <li style=\"display: none; width: 100%;\" class=\"slide-16315 ms-image\" aria-roledescription=\"slide\" aria-label=\"slide-16315\"><img width=\"910\" height=\"382\" src=\"https:\/\/ies1-caba.infd.edu.ar\/sitio\/wp-content\/uploads\/2026\/04\/Cuerpos-que-cuentan.png\" class=\"slider-2205 slide-16315\" alt=\"\" decoding=\"async\" loading=\"lazy\" rel=\"\" title=\"Cuerpos que cuentan\" srcset=\"https:\/\/ies1-caba.infd.edu.ar\/sitio\/wp-content\/uploads\/2026\/04\/Cuerpos-que-cuentan.png 910w, https:\/\/ies1-caba.infd.edu.ar\/sitio\/wp-content\/uploads\/2026\/04\/Cuerpos-que-cuentan-768x322.png 768w\" sizes=\"(max-width: 910px) 100vw, 910px\" \/><\/li>\n                <li style=\"display: none; width: 100%;\" class=\"slide-16279 ms-image\" aria-roledescription=\"slide\" aria-label=\"slide-16279\"><a href=\"https:\/\/forms.gle\/j344tkYPkFxr1zUL8\" target=\"_blank\"><img width=\"910\" height=\"382\" src=\"https:\/\/ies1-caba.infd.edu.ar\/sitio\/wp-content\/uploads\/2026\/04\/movimientos-populares.png\" class=\"slider-2205 slide-16279\" alt=\"\" decoding=\"async\" loading=\"lazy\" rel=\"\" title=\"movimientos populares\" srcset=\"https:\/\/ies1-caba.infd.edu.ar\/sitio\/wp-content\/uploads\/2026\/04\/movimientos-populares.png 910w, https:\/\/ies1-caba.infd.edu.ar\/sitio\/wp-content\/uploads\/2026\/04\/movimientos-populares-768x322.png 768w\" sizes=\"(max-width: 910px) 100vw, 910px\" \/><\/a><\/li>\n                <li style=\"display: none; width: 100%;\" class=\"slide-16152 ms-image\" aria-roledescription=\"slide\" aria-label=\"slide-16152\"><a href=\"https:\/\/ies1-caba.infd.edu.ar\/sitio\/licencias\/\" target=\"_blank\"><img width=\"910\" height=\"382\" src=\"https:\/\/ies1-caba.infd.edu.ar\/sitio\/wp-content\/uploads\/2026\/03\/licencias.png\" class=\"slider-2205 slide-16152\" alt=\"\" decoding=\"async\" loading=\"lazy\" rel=\"\" title=\"licencias\" srcset=\"https:\/\/ies1-caba.infd.edu.ar\/sitio\/wp-content\/uploads\/2026\/03\/licencias.png 910w, https:\/\/ies1-caba.infd.edu.ar\/sitio\/wp-content\/uploads\/2026\/03\/licencias-768x322.png 768w\" sizes=\"(max-width: 910px) 100vw, 910px\" \/><\/a><\/li>\n                <li style=\"display: none; width: 100%;\" class=\"slide-15386 ms-image\" aria-roledescription=\"slide\" aria-label=\"slide-15386\"><a href=\"https:\/\/docs.google.com\/forms\/d\/e\/1FAIpQLSe9ZDN5jKKtAM00RIdhzRcA-bGfPbLKbFuTQXvXy11DwoSOYw\/viewform?usp=sharing&amp;ouid=110550932706965992477\" target=\"_blank\"><img width=\"910\" height=\"382\" src=\"https:\/\/ies1-caba.infd.edu.ar\/sitio\/wp-content\/uploads\/2025\/03\/Formulario.png\" class=\"slider-2205 slide-15386\" alt=\"\" decoding=\"async\" loading=\"lazy\" rel=\"\" title=\"Formulario\" srcset=\"https:\/\/ies1-caba.infd.edu.ar\/sitio\/wp-content\/uploads\/2025\/03\/Formulario.png 910w, https:\/\/ies1-caba.infd.edu.ar\/sitio\/wp-content\/uploads\/2025\/03\/Formulario-768x322.png 768w\" sizes=\"(max-width: 910px) 100vw, 910px\" \/><\/a><\/li>\n                <li style=\"display: none; width: 100%;\" class=\"slide-13867 ms-image\" aria-roledescription=\"slide\" aria-label=\"slide-13867\"><img width=\"680\" height=\"285\" src=\"https:\/\/ies1-caba.infd.edu.ar\/sitio\/wp-content\/uploads\/2025\/05\/carrousel-alicia9.png\" class=\"slider-2205 slide-13867\" alt=\"\" decoding=\"async\" loading=\"lazy\" rel=\"\" title=\"carrousel-alicia9\" \/><\/li>\n            <\/ul>\n        <\/div>\n        \n    <\/div>\n<\/div><\/div>\n<\/div>\n<\/div><\/div>\n\n\n\n<div class=\"wp-block-group is-layout-constrained\"><div class=\"wp-block-group__inner-container\">\n<h2 class=\"wp-block-heading has-text-align-center has-accent-color has-text-color\">             <\/h2>\n\n\n\n<div style=\"height:16px\" aria-hidden=\"true\" class=\"wp-block-spacer\"><\/div>\n<\/div><\/div>\n\n\n\n<!--Noticias importantes-->\n\n<div class=\"container primera_seccion\">\n  \n  <div class=\"container col-30 col-md-30 recordatorio\">\n    <h1>Recordatorio<\/h1> \n    <p style=\"font-size: 18px;\"> <strong>CURSO DE INGRESO 2026: <\/strong><\/h2>2 al 6 de marzo<\/h2><\/p> \n<P><\/strong><\/p>\n  <p style=\"font-size: 18px;\"> <strong>INSCRIPCI\u00d3N A MATERIAS 2026: <\/strong><\/h2>9 al 11 de marzo<\/h2><\/p> \n  <\/div>\n\n<!--Calendario-->\n  <div class=\"container col-12 col-md-4 calendario align-left color-adaptable\">\n    <h1>Pr\u00f3ximos eventos<\/h1>\n    <h2>Desarrollo del Primer Cuatrimestre<\/h2>            \n    <h4> <i class=\"bi bi-calendar3\"><\/i> 16 de marzo 2026 | <i class=\"bi bi-geo-alt\"><\/i> Comunidad educativa<\/h4>\n    <\/div>\n<\/div>\n\n\n\n<div style=\"background-color: #ffffff; color: #e1752d; border: 4px solid #e1752d; text-align: center; padding: 20px 30px; border-radius: 15px; max-width: 400px; margin: 40px auto; font-family: sans-serif; box-shadow: 3px 3px 10px rgba(0, 0, 0, 0.05);\">\n  <h2 style=\"margin: 0; font-size: 1.8rem; font-weight: bold;\">COMUNIDAD<\/h2>\n<\/div>\n\n\n\n<style>\n  .grilla-recuadros {\n    display: grid;\n    grid-template-columns: repeat(auto-fit, minmax(240px, 1fr));\n    gap: 20px;\n    max-width: 1200px;\n    margin: 40px auto;\n    padding: 20px;\n  }\n\n  .recuadro-link {\n    border: 1px solid #e1752d;\n    border-radius: 15px;\n    overflow: hidden;\n    background-color: #fff;\n    box-shadow: 5px 5px 15px rgba(0, 0, 0, 0.1);\n    text-align: center;\n    color: inherit;\n    display: flex;\n    flex-direction: column;\n    justify-content: space-between;\n    padding: 20px;\n    text-decoration: none;\n    transition: transform 0.2s ease;\n  }\n\n  .recuadro-link:hover {\n    transform: scale(1.02);\n  }\n\n  .recuadro-link img {\n    width: 100%;\n    height: 180px;\n    object-fit: cover;\n    display: block;\n  }\n\n  .recuadro-link p {\n    padding: 15px;\n    font-size: 1rem;\n    line-height: 1.4;\n    flex-grow: 1;\n  }\n\n  .boton-naranja {\n    background-color: #e1752d;\n    color: white;\n    padding: 10px 15px;\n    margin: 0 15px 15px;\n    border: none;\n    border-radius: 8px;\n    font-size: 0.95rem;\n    cursor: pointer;\n    transition: background-color 0.3s ease;\n    text-decoration: none;\n    display: inline-block;\n  }\n\n  .boton-naranja:hover {\n    background-color: #cc5c15;\n  }\n}\n\/* Ocultar \u00edconos de redes sociales *\/\n.a2a_kit,\n.a2a_button_facebook,\n.a2a_button_twitter,\n.a2a_button_whatsapp,\n.a2a_dd,\n[class*=\"a2a_button_\"] {\n  display: none !important;\n}\n<\/style>\n\n\n\n<div class=\"grilla-recuadros\">\n  <div class=\"recuadro-link\">\n    <img decoding=\"async\" src=\"https:\/\/ies1-caba.infd.edu.ar\/sitio\/wp-content\/uploads\/2025\/09\/biblio-3.jpg\" alt=\"Imagen 1\">\n   <p>La biblioteca <strong> \u00abDra. Alicia Moreau de Justo\u00bb <\/strong>\nse encuentra en la planta baja del Instituto. Su colecci\u00f3n est\u00e1 compuesta por m\u00e1s de 10.000 \u00edtems que datan del siglo XIX hasta la actualidad. Se destacan libros, monograf\u00edas, publicaciones peri\u00f3dicas, test psicol\u00f3gicos y materiales did\u00e1cticos. <strong>Las tem\u00e1ticas que abarca est\u00e1n referidas a los profesorados y carreras de la instituci\u00f3n, as\u00ed como cl\u00e1sicos de la literatura. <\/strong>\n<\/p>  <a href=\"http:\/\/10.120.0.225:8081\/\" class=\"boton-naranja\" target=\"_blank\" rel=\"noopener\">Biblioteca<\/a>  \n  <\/div>\n\n  <div class=\"recuadro-link\">\n    <img decoding=\"async\" src=\"https:\/\/ies1-caba.infd.edu.ar\/sitio\/wp-content\/uploads\/2026\/02\/Netbook.png\">\n    <p> <strong>Pr\u00e9stamo de Netbooks a domicilio<\/strong>. Para acceder al pr\u00e9stamo son requisitos excluyentes:\ntener m\u00ednimo 1 a\u00f1o de cursada completados en la carrera correspondiente, ser alumno\/a regular de la instituci\u00f3n y \nestar cursando al menos 1 materia en el cuatrimestre que se solicita la netbook.<br>  <\/p>\n   <a href=\"https:\/\/ies1-caba.infd.edu.ar\/sitio\/\" class=\"boton-naranja\" target=\"_blank\" rel=\"noopener\">Netbooks<\/a>\n  <\/div>\n\n  <div class=\"recuadro-link\">\n    <img decoding=\"async\" src=\"https:\/\/ies1-caba.infd.edu.ar\/sitio\/wp-content\/uploads\/2025\/04\/Copy-of-Base-para-Carrousel-910-x-382-px.png\" alt=\"Imagen 3\">\n    <p>\u00bfTodav\u00eda no est\u00e1s en el <strong>Campus Virtual<\/strong>?\n\u00bfTen\u00e9s dudas, consultas o necesit\u00e1s acceder a las <strong>aulas virtuales<\/strong>?\nSi necesit\u00e1s resolver alguna consulta relacionada, complet\u00e1 el siguiente formulario con tus datos.\n\u00a1As\u00ed podemos ayudarte m\u00e1s r\u00e1pido!\n<\/p>\n    <a href=\"https:\/\/forms.gle\/bVZQEXLUp2mpgozb7\" class=\"boton-naranja\" target=\"_blank\" rel=\"noopener\">Formulario<\/a>\n  <\/div>\n\n  <div class=\"recuadro-link\">\n    <img decoding=\"async\" src=\"https:\/\/ies1-caba.infd.edu.ar\/sitio\/wp-content\/uploads\/2025\/04\/2-instagram.jpg\" alt=\"Imagen 4\">\n    <p>Les invitamos a ser parte de nuestro espacio en <strong>Instagram<\/strong> donde compartimos: novedades, fechas importantes, actividades acad\u00e9micas, eventos, charlas, recursos y contenido de inter\u00e9s.\n\n\u00a1Sumate para estar al d\u00eda con todo lo que pasa en nuestro Instituto!<\/p>\n    <a href=\"https:\/\/www.instagram.com\/ies1.alicia\/\" class=\"boton-naranja\" target=\"_blank\" rel=\"noopener\">Instagram<\/a>\n  <\/div>\n<\/div>\n\n\n\n<div class=\"wp-block-cover alignfull\" style=\"min-height:197px\"><span aria-hidden=\"true\" class=\"wp-block-cover__background has-background-dim-0 has-background-dim\"><\/span><img decoding=\"async\" loading=\"lazy\" width=\"1100\" height=\"185\" class=\"wp-block-cover__image-background wp-image-13666\" alt=\"\" src=\"https:\/\/ies1-caba.infd.edu.ar\/sitio\/wp-content\/uploads\/2025\/03\/bannerinf-2.png\" data-object-fit=\"cover\" srcset=\"https:\/\/ies1-caba.infd.edu.ar\/sitio\/wp-content\/uploads\/2025\/03\/bannerinf-2.png 1100w, https:\/\/ies1-caba.infd.edu.ar\/sitio\/wp-content\/uploads\/2025\/03\/bannerinf-2-1000x168.png 1000w, https:\/\/ies1-caba.infd.edu.ar\/sitio\/wp-content\/uploads\/2025\/03\/bannerinf-2-768x129.png 768w\" sizes=\"(max-width: 1100px) 100vw, 1100px\" \/><div class=\"wp-block-cover__inner-container\">\n<div class=\"wp-block-group alignfull has-background-color is-layout-constrained\" style=\"margin-top:0;margin-bottom:0;padding-top:var(--wp--preset--spacing--40);padding-right:var(--wp--preset--spacing--30);padding-bottom:var(--wp--preset--spacing--40);padding-left:var(--wp--preset--spacing--30)\"><div class=\"wp-block-group__inner-container\">\n<p class=\"has-text-align-center\"><a href=\"https:\/\/ies1-caba.infd.edu.ar\/sitio\/wp-admin\/post.php?post=12571&amp;action=edit#site-title-pseudo-link\">IES N\u00b01 \u00abDra. Alicia Moreau de Justo\u00bb<\/a><\/p>\n\n\n\n<p class=\"has-text-align-center has-small-font-size\"><strong> Av. C\u00f3rdoba 2016, CABA&nbsp;<br><a href=\"iesamjusto@bue.edu.ar\">iesamjusto@bue.edu.ar<\/a> <\/strong><\/p>\n\n\n\n<p class=\"has-text-align-center\">Educaci\u00f3n P\u00fablica y Gratuita <\/p>\n<\/div><\/div>\n<\/div><\/div>\n\n\n\n<p><\/p>\n","protected":false},"excerpt":{"rendered":"<p>IES N.\u00b0 1 Alicia Moreau de Justo Accesos Campus Virtual SIU Guaran\u00ed Calendario acad\u00e9mico Horarios Actividades Inscripci\u00f3n 2026 Pronunciamientos Recordatorio CURSO DE INGRESO 2026: 2 al 6 de marzo INSCRIPCI\u00d3N A MATERIAS 2026: 9 al 11 de marzo Pr\u00f3ximos eventos Desarrollo del Primer Cuatrimestre 16 de marzo 2026 | Comunidad educativa COMUNIDAD La biblioteca \u00abDra. &#8230; <a title=\"\" class=\"read-more\" href=\"https:\/\/ies1-caba.infd.edu.ar\/sitio\/inicio_2024\/\" aria-label=\"More on \">[+]<\/a><\/p>\n","protected":false},"author":11700,"featured_media":0,"parent":0,"menu_order":0,"comment_status":"closed","ping_status":"closed","template":"","meta":[],"acf":[],"_links":{"self":[{"href":"https:\/\/ies1-caba.infd.edu.ar\/sitio\/wp-json\/wp\/v2\/pages\/12571"}],"collection":[{"href":"https:\/\/ies1-caba.infd.edu.ar\/sitio\/wp-json\/wp\/v2\/pages"}],"about":[{"href":"https:\/\/ies1-caba.infd.edu.ar\/sitio\/wp-json\/wp\/v2\/types\/page"}],"author":[{"embeddable":true,"href":"https:\/\/ies1-caba.infd.edu.ar\/sitio\/wp-json\/wp\/v2\/users\/11700"}],"replies":[{"embeddable":true,"href":"https:\/\/ies1-caba.infd.edu.ar\/sitio\/wp-json\/wp\/v2\/comments?post=12571"}],"version-history":[{"count":341,"href":"https:\/\/ies1-caba.infd.edu.ar\/sitio\/wp-json\/wp\/v2\/pages\/12571\/revisions"}],"predecessor-version":[{"id":16093,"href":"https:\/\/ies1-caba.infd.edu.ar\/sitio\/wp-json\/wp\/v2\/pages\/12571\/revisions\/16093"}],"wp:attachment":[{"href":"https:\/\/ies1-caba.infd.edu.ar\/sitio\/wp-json\/wp\/v2\/media?parent=12571"}],"curies":[{"name":"wp","href":"https:\/\/api.w.org\/{rel}","templated":true}]}}